{"id":252655,"date":"2016-06-20T07:50:14","date_gmt":"2016-06-20T04:50:14","guid":{"rendered":"https:\/\/www.stiilne.ee\/tinklarastis\/"},"modified":"2026-04-08T14:24:15","modified_gmt":"2026-04-08T11:24:15","slug":"tinklarastis","status":"publish","type":"page","link":"https:\/\/tellimused.stiilne.ee\/lt\/tinklarastis\/","title":{"rendered":"Tinklara\u0161tis"},"content":{"rendered":"\t\t<div data-elementor-type=\"wp-page\" data-elementor-id=\"252655\" class=\"elementor elementor-252655 elementor-12444\" data-elementor-post-type=\"page\">\n\t\t\t\t<div class=\"elementor-element elementor-element-a0e4e55 e-flex e-con-boxed e-con e-parent\" data-id=\"a0e4e55\" data-element_type=\"container\" data-e-type=\"container\">\r\n\t\t\t\t\t<div class=\"e-con-inner\">\r\n\t\t\t\t<div class=\"elementor-element elementor-element-f636550 elementor-widget__width-inherit elementor-widget elementor-widget-porto_posts_grid\" data-id=\"f636550\" data-element_type=\"widget\" data-e-type=\"widget\" data-settings=\"{&quot;spacing&quot;:{&quot;unit&quot;:&quot;px&quot;,&quot;size&quot;:&quot;&quot;,&quot;sizes&quot;:[]}}\" data-widget_type=\"porto_posts_grid.default\">\n\t\t\t\t\t<div class=\"porto-posts-grid porto-posts-grid-d751713988987e9331980363e24189ce blog-grid porto-ajax-load load-ajax porto-bloga0mn\" data-post_type=\"post\" data-ajax_load_options=\"{&quot;shortcode&quot;:&quot;porto_posts_grid&quot;,&quot;builder_id&quot;:&quot;262366&quot;,&quot;post_type&quot;:&quot;post&quot;,&quot;count&quot;:9,&quot;spacing&quot;:{&quot;unit&quot;:&quot;px&quot;,&quot;size&quot;:&quot;&quot;,&quot;sizes&quot;:[]},&quot;columns&quot;:&quot;3&quot;,&quot;columns_tablet&quot;:&quot;2&quot;,&quot;columns_mobile&quot;:&quot;1&quot;,&quot;pagination_style&quot;:&quot;ajax&quot;,&quot;el_class&quot;:&quot;blog-grid&quot;}\"><style scope=\"scope\">.page-wrapper .porto-gb-0d68711fdb0bab10ccf0f5a55a2ac452{margin-left:55px;}.page-wrapper .porto-gb-6e54d97ef300e9edcbbb93b4a4d3e6f3{margin-bottom:7px;}.page-wrapper .porto-gb-6e54d97ef300e9edcbbb93b4a4d3e6f3,.porto-gb-6e54d97ef300e9edcbbb93b4a4d3e6f3 p{font-size:1.2em;--porto-fs:1.2em;font-weight:700;line-height:1.3;--porto-lh:1.3;color:var(--porto-primary-color)}.porto-gb-a07eb060432c0104183be5144bfbad7b,.porto-gb-a07eb060432c0104183be5144bfbad7b p{line-height:24px;--porto-lh:24px;}.page-wrapper .porto-gb-f3b16d93069497c792511c39ebba72bd{border-width:0px 0px 0px 0px;padding:0px 0px 0px 0px;}.page-wrapper .porto-gb-f3b16d93069497c792511c39ebba72bd:hover{background-color:rgba(0,0,0,0);color:var(--porto-primary-color);}.page-wrapper .porto-gb-f3b16d93069497c792511c39ebba72bd{font-size:.9em;--porto-fs:.9em;font-weight:600;line-height:24px;--porto-lh:24px;color:#222529}.porto-btn-sp-5px i {margin-left:5px;}<\/style><div class=\"posts-wrap posts-container has-ccols ccols-xl-3 ccols-sm-2 ccols-1 has-ccols-spacing\" style=\"\"><div class=\"porto-tb-item post post-274706 type-post status-publish format-standard hentry category-tinklarastis\"><article class=\"porto-section cs-post-1 p-0\">\n\n\n<div class=\"porto-section p-0 mb-2 porto-gb-0d68711fdb0bab10ccf0f5a55a2ac452\">\n<h4 class=\"porto-heading porto-gb-6e54d97ef300e9edcbbb93b4a4d3e6f3 post-title\" style=\"\"><a aria-label=\"Post Title\" href=\"https:\/\/tellimused.stiilne.ee\/lt\/tinklarastis\/kaip-nustatyti-ar-rankine-yra-naturalios-odos-ir-kaip-tinkamai-priziureti-odine-rankine\/\">Kaip nustatyti, ar rankin\u0117 yra nat\u016bralios odos, ir kaip tinkamai pri\u017ei\u016br\u0117ti odin\u0119 rankin\u0119?<\/a><\/h4>\n\n<div class=\"tb-content blog-text-short porto-gb-a07eb060432c0104183be5144bfbad7b\">\nNat\u016bralios odos rankin\u0117s yra populiarios tarp moter\u0173, nes jos yra stilingos, patvarios ir kartu nesenstan\u010dios. Ta\u010diau klientai da\u017enai klausia, kaip jie gali b\u016bti tikri, kad rankin\u0117 yra tikra oda?...<\/div>\n\n<a class=\"btn btn-lg btn-dark btn-modern porto-btn-sp-5px readmore-button porto-gb-f3b16d93069497c792511c39ebba72bd\" href=\"https:\/\/tellimused.stiilne.ee\/lt\/tinklarastis\/kaip-nustatyti-ar-rankine-yra-naturalios-odos-ir-kaip-tinkamai-priziureti-odine-rankine\/\"><span>Loe edasi<\/span><\/a>\n<\/div>\n<\/article>\n\n\n<p class=\"blog-cell\"><\/p>\n<\/div><\/div>\t\t<input type=\"hidden\" class=\"shortcode-id\" value=\"a0mn\"\/>\r\n\t\t<\/div>\t\t\t\t<\/div>\n\t\t\t\t\t<\/div>\n\t\t\t\t<\/div>\n\t\t\t\t<\/div>\n\t\t","protected":false},"excerpt":{"rendered":"<p>Kaip nustatyti, ar rankin\u0117 yra nat\u016bralios odos, ir kaip tinkamai pri\u017ei\u016br\u0117ti odin\u0119 rankin\u0119? Nat\u016bralios odos rankin\u0117s yra populiarios tarp moter\u0173, nes jos yra stilingos, patvarios ir kartu nesenstan\u010dios. Ta\u010diau klientai da\u017enai klausia, kaip jie gali b\u016bti tikri, kad rankin\u0117 yra tikra oda?&#8230; Loe edasi<\/p>\n","protected":false},"author":2,"featured_media":0,"parent":0,"menu_order":0,"comment_status":"closed","ping_status":"closed","template":"","meta":{"_acf_changed":false,"footnotes":""},"class_list":["post-252655","page","type-page","status-publish","hentry"],"acf":[],"_links":{"self":[{"href":"https:\/\/tellimused.stiilne.ee\/lt\/wp-json\/wp\/v2\/pages\/252655","targetHints":{"allow":["GET"]}}],"collection":[{"href":"https:\/\/tellimused.stiilne.ee\/lt\/wp-json\/wp\/v2\/pages"}],"about":[{"href":"https:\/\/tellimused.stiilne.ee\/lt\/wp-json\/wp\/v2\/types\/page"}],"author":[{"embeddable":true,"href":"https:\/\/tellimused.stiilne.ee\/lt\/wp-json\/wp\/v2\/users\/2"}],"replies":[{"embeddable":true,"href":"https:\/\/tellimused.stiilne.ee\/lt\/wp-json\/wp\/v2\/comments?post=252655"}],"version-history":[{"count":8,"href":"https:\/\/tellimused.stiilne.ee\/lt\/wp-json\/wp\/v2\/pages\/252655\/revisions"}],"predecessor-version":[{"id":274740,"href":"https:\/\/tellimused.stiilne.ee\/lt\/wp-json\/wp\/v2\/pages\/252655\/revisions\/274740"}],"wp:attachment":[{"href":"https:\/\/tellimused.stiilne.ee\/lt\/wp-json\/wp\/v2\/media?parent=252655"}],"curies":[{"name":"wp","href":"https:\/\/api.w.org\/{rel}","templated":true}]}}