{"id":252660,"date":"2016-06-14T06:15:58","date_gmt":"2016-06-14T03:15:58","guid":{"rendered":"https:\/\/www.stiilne.ee\/susisiekite-su\/"},"modified":"2026-04-02T14:02:38","modified_gmt":"2026-04-02T11:02:38","slug":"susisiekite-su","status":"publish","type":"page","link":"https:\/\/tellimused.stiilne.ee\/lt\/susisiekite-su\/","title":{"rendered":"Susisiekite su"},"content":{"rendered":"\t\t<div data-elementor-type=\"wp-page\" data-elementor-id=\"252660\" class=\"elementor elementor-252660 elementor-12442\" data-elementor-post-type=\"page\">\n\t\t\t\t\t\t<section class=\"porto-full-no-gap elementor-section elementor-top-section elementor-element elementor-element-1ca1f20 elementor-section-full_width p-b elementor-section-height-default elementor-section-height-default\" data-id=\"1ca1f20\" data-element_type=\"section\" data-e-type=\"section\">\r\n\t\t\r\n\t\t\t\t\t\t\t<div class=\"elementor-container elementor-column-gap-no\">\r\n\t\t\t\t\t\t\t\t\t\t\t<div class=\"elementor-column elementor-col-100 elementor-top-column elementor-element elementor-element-711188c\" data-id=\"711188c\" data-element_type=\"column\" data-e-type=\"column\">\r\n\t\t\t\t\t<div class=\"elementor-widget-wrap elementor-element-populated\">\r\n\t\t\t\t\t\t\t\t<div class=\"elementor-element elementor-element-43bf5c5 elementor-widget elementor-widget-google_maps\" data-id=\"43bf5c5\" data-element_type=\"widget\" data-e-type=\"widget\" data-widget_type=\"google_maps.default\">\n\t\t\t\t\t\t\t<div class=\"elementor-custom-embed\">\n\t\t\t<iframe loading=\"lazy\"\n\t\t\t\t\tsrc=\"https:\/\/maps.google.com\/maps?q=Kanarbiku%20tee%2015%2F3%2C%20J%C3%A4rvek%C3%BCla%2C%2075304%20Harju%20maakond&#038;t=m&#038;z=15&#038;output=embed&#038;iwloc=near\"\n\t\t\t\t\ttitle=\"Kanarbiku tee 15\/3, J\u00e4rvek\u00fcla, 75304 Harju maakond\"\n\t\t\t\t\taria-label=\"Kanarbiku tee 15\/3, J\u00e4rvek\u00fcla, 75304 Harju maakond\"\n\t\t\t><\/iframe>\n\t\t<\/div>\n\t\t\t\t\t\t<\/div>\n\t\t\t\t\t<\/div>\r\n\t\t\t\t<\/div>\r\n\t\t\t\t\t<\/div>\r\n\t\t\t\t<\/section>\r\n\t\t<div class=\"elementor-element elementor-element-0bc6209 e-grid e-con-boxed e-con e-parent\" data-id=\"0bc6209\" data-element_type=\"container\" data-e-type=\"container\">\r\n\t\t\t\t\t<div class=\"e-con-inner\">\r\n\t\t<div class=\"elementor-element elementor-element-37ae6d3 e-con-full e-flex e-con e-child\" data-id=\"37ae6d3\" data-element_type=\"container\" data-e-type=\"container\">\r\n\t\t\t\t<div class=\"elementor-element elementor-element-2462991 mb-0 heading-primary elementor-widget elementor-widget-heading\" data-id=\"2462991\" data-element_type=\"widget\" data-e-type=\"widget\" data-widget_type=\"heading.default\">\n\t\t\t\t\t<h4 class=\"elementor-heading-title elementor-size-default\">Lemon shop O\u00dc<\/h4>\t\t\t\t<\/div>\n\t\t\t\t<div class=\"elementor-element elementor-element-8761637 m-b-lg elementor-widget elementor-widget-text-editor\" data-id=\"8761637\" data-element_type=\"widget\" data-e-type=\"widget\" data-widget_type=\"text-editor.default\">\n\t\t\t\t\t\t\t\t\t<p>Reg. numeris 12514135<br>KMKR. EE221057909894<br>Banko s\u0105skaitos &#8222;Swedbank&#8221; numeris<br>EE342200221057909894<\/p>\t\t\t\t\t\t\t\t<\/div>\n\t\t\t\t<\/div>\n\t\t<div class=\"elementor-element elementor-element-80e1c50 e-con-full e-flex e-con e-child\" data-id=\"80e1c50\" data-element_type=\"container\" data-e-type=\"container\">\r\n\t\t\t\t<div class=\"elementor-element elementor-element-b85ec39 m-t heading-primary elementor-widget elementor-widget-heading\" data-id=\"b85ec39\" data-element_type=\"widget\" data-e-type=\"widget\" data-widget_type=\"heading.default\">\n\t\t\t\t\t<h4 class=\"elementor-heading-title elementor-size-default\">Reprezentacin\u0117 parduotuv\u0117 ir sand\u0117lis<\/h4>\t\t\t\t<\/div>\n\t\t\t\t<div class=\"elementor-element elementor-element-02f490f elementor-widget elementor-widget-porto_info_box\" data-id=\"02f490f\" data-element_type=\"widget\" data-e-type=\"widget\" data-widget_type=\"porto_info_box.default\">\n\t\t\t\t\t<div class=\"porto-sicon-box style_1 default-icon\"><div class=\"porto-sicon-default\"><div class=\"porto-just-icon-wrapper porto-icon circle\" style=\"\"><i class=\"fas fa-map-marker-alt\"><\/i><\/div><\/div><div class=\"porto-sicon-header\"><h3 class=\"porto-sicon-title\" style=\"\"><b>Vieta:<\/b> Kanarbiku tee 15\/3 J\u00e4rvek\u00fcla <br> 10 minut\u0117s kelio automobiliu nuo \u00dclemiste centro.<\/h3><\/div> <!-- header --><\/div><!-- porto-sicon-box -->\t\t\t\t<\/div>\n\t\t\t\t<div class=\"elementor-element elementor-element-b11bfb7 elementor-widget elementor-widget-porto_info_box\" data-id=\"b11bfb7\" data-element_type=\"widget\" data-e-type=\"widget\" data-widget_type=\"porto_info_box.default\">\n\t\t\t\t\t<div class=\"porto-sicon-box style_1 default-icon\"><div class=\"porto-sicon-default\"><div class=\"porto-just-icon-wrapper porto-icon circle\" style=\"\"><i class=\"fas fa-phone\"><\/i><\/div><\/div><div class=\"porto-sicon-header\"><h3 class=\"porto-sicon-title\" style=\"\"><b>Telefonas:<\/b> +372 51 45 245<\/h3><\/div> <!-- header --><\/div><!-- porto-sicon-box -->\t\t\t\t<\/div>\n\t\t\t\t<div class=\"elementor-element elementor-element-837ec45 elementor-widget elementor-widget-porto_info_box\" data-id=\"837ec45\" data-element_type=\"widget\" data-e-type=\"widget\" data-widget_type=\"porto_info_box.default\">\n\t\t\t\t\t<div class=\"porto-sicon-box style_1 default-icon\"><div class=\"porto-sicon-default\"><div class=\"porto-just-icon-wrapper porto-icon circle\" style=\"\"><i class=\"fas fa-envelope\"><\/i><\/div><\/div><div class=\"porto-sicon-header\"><h3 class=\"porto-sicon-title\" style=\"\"><b>El. pa\u0161tas:<\/b> info@stilinga24.com<\/h3><\/div> <!-- header --><\/div><!-- porto-sicon-box -->\t\t\t\t<\/div>\n\t\t\t\t<\/div>\n\t\t<div class=\"elementor-element elementor-element-665d945 e-con-full e-flex e-con e-child\" data-id=\"665d945\" data-element_type=\"container\" data-e-type=\"container\">\r\n\t\t\t\t<div class=\"elementor-element elementor-element-ab0c0a0 heading-primary elementor-widget elementor-widget-heading\" data-id=\"ab0c0a0\" data-element_type=\"widget\" data-e-type=\"widget\" data-widget_type=\"heading.default\">\n\t\t\t\t\t<h4 class=\"elementor-heading-title elementor-size-default\">Ar nor\u0117tum\u0117te pamatyti ar i\u0161bandyti produktus prie\u0161 juos perkant?<\/h4>\t\t\t\t<\/div>\n\t\t\t\t<div class=\"elementor-element elementor-element-5dfc9b3 m-b-lg elementor-widget elementor-widget-text-editor\" data-id=\"5dfc9b3\" data-element_type=\"widget\" data-e-type=\"widget\" data-widget_type=\"text-editor.default\">\n\t\t\t\t\t\t\t\t\t<p>M\u016bs\u0173 sand\u0117lis dirba kasdien pagal i\u0161ankstin\u012f susitarim\u0105. Skambinkite numeriu 51 45 245 arba ra\u0161ykite adresu <a href=\"mailto:info@stilinga24.com\">info@stilinga24.com<\/a>, ir mes susitarsime Jums patog\u0173 laik\u0105.<\/p>\t\t\t\t\t\t\t\t<\/div>\n\t\t\t\t<\/div>\n\t\t\t\t\t<\/div>\n\t\t\t\t<\/div>\n\t\t<div class=\"elementor-element elementor-element-5b60051 e-flex e-con-boxed e-con e-parent\" data-id=\"5b60051\" data-element_type=\"container\" data-e-type=\"container\">\r\n\t\t\t\t\t<div class=\"e-con-inner\">\r\n\t\t<div class=\"elementor-element elementor-element-f9fc6dd e-con-full e-flex e-con e-child\" data-id=\"f9fc6dd\" data-element_type=\"container\" data-e-type=\"container\">\r\n\t\t<div class=\"elementor-element elementor-element-2df2e3b e-con-full e-flex e-con e-child\" data-id=\"2df2e3b\" data-element_type=\"container\" data-e-type=\"container\">\r\n\t\t\t\t<div class=\"elementor-element elementor-element-00d874d elementor-widget elementor-widget-image\" data-id=\"00d874d\" data-element_type=\"widget\" data-e-type=\"widget\" data-widget_type=\"image.default\">\n\t\t\t\t\t\t\t\t\t\t\t\t\t\t\t<img decoding=\"async\" src=\"https:\/\/www.stiilne.ee\/wp-content\/uploads\/2025\/02\/Heleri-foto-1.png\" title=\"\" alt=\"\" loading=\"lazy\" \/>\t\t\t\t\t\t\t\t\t\t\t\t\t\t\t<\/div>\n\t\t\t\t<\/div>\n\t\t<div class=\"elementor-element elementor-element-f33e209 e-con-full e-flex e-con e-child\" data-id=\"f33e209\" data-element_type=\"container\" data-e-type=\"container\">\r\n\t\t\t\t<div class=\"elementor-element elementor-element-8a5cbc1 elementor-widget elementor-widget-text-editor\" data-id=\"8a5cbc1\" data-element_type=\"widget\" data-e-type=\"widget\" data-widget_type=\"text-editor.default\">\n\t\t\t\t\t\t\t\t\t<p><strong>Reikia pagalbos renkantis produkt\u0105 ar turite klausim\u0173 apie u\u017esakym\u0105?<br \/>Ra\u0161ykite arba skambinkite mums \u2013<\/strong>mes mielai pad\u0117sime ir atsakysime \u012f J\u016bs\u0173 klausimus.<br \/>\u012e j\u016bs\u0173 lai\u0161kus ir skambu\u010dius atsakys<br \/><strong>Heleri Otsmaa<\/strong><br \/>\ud83d\udce7 <a href=\"mailto:info@stilinga24.com\">info@stilinga24.com<\/a><br \/>\ud83d\udcde +372 51 45 245<\/p>\t\t\t\t\t\t\t\t<\/div>\n\t\t\t\t<\/div>\n\t\t\t\t<\/div>\n\t\t\t\t\t<\/div>\n\t\t\t\t<\/div>\n\t\t\t\t<\/div>\n\t\t","protected":false},"excerpt":{"rendered":"<p>Lemon shop O\u00dc Reg. numeris 12514135KMKR. EE221057909894Banko s\u0105skaitos &#8222;Swedbank&#8221; numerisEE342200221057909894 Reprezentacin\u0117 parduotuv\u0117 ir sand\u0117lis Vieta: Kanarbiku tee 15\/3 J\u00e4rvek\u00fcla 10 minut\u0117s kelio automobiliu nuo \u00dclemiste centro. Telefonas: +372 51 45 245 El. pa\u0161tas: info@stilinga24.com Ar nor\u0117tum\u0117te pamatyti ar i\u0161bandyti produktus prie\u0161 juos perkant? M\u016bs\u0173 sand\u0117lis dirba kasdien pagal i\u0161ankstin\u012f susitarim\u0105. Skambinkite numeriu 51 45 245 [&hellip;]<\/p>\n","protected":false},"author":2,"featured_media":0,"parent":0,"menu_order":0,"comment_status":"closed","ping_status":"closed","template":"","meta":{"_acf_changed":false,"footnotes":""},"class_list":["post-252660","page","type-page","status-publish","hentry"],"acf":[],"_links":{"self":[{"href":"https:\/\/tellimused.stiilne.ee\/lt\/wp-json\/wp\/v2\/pages\/252660","targetHints":{"allow":["GET"]}}],"collection":[{"href":"https:\/\/tellimused.stiilne.ee\/lt\/wp-json\/wp\/v2\/pages"}],"about":[{"href":"https:\/\/tellimused.stiilne.ee\/lt\/wp-json\/wp\/v2\/types\/page"}],"author":[{"embeddable":true,"href":"https:\/\/tellimused.stiilne.ee\/lt\/wp-json\/wp\/v2\/users\/2"}],"replies":[{"embeddable":true,"href":"https:\/\/tellimused.stiilne.ee\/lt\/wp-json\/wp\/v2\/comments?post=252660"}],"version-history":[{"count":1,"href":"https:\/\/tellimused.stiilne.ee\/lt\/wp-json\/wp\/v2\/pages\/252660\/revisions"}],"predecessor-version":[{"id":273810,"href":"https:\/\/tellimused.stiilne.ee\/lt\/wp-json\/wp\/v2\/pages\/252660\/revisions\/273810"}],"wp:attachment":[{"href":"https:\/\/tellimused.stiilne.ee\/lt\/wp-json\/wp\/v2\/media?parent=252660"}],"curies":[{"name":"wp","href":"https:\/\/api.w.org\/{rel}","templated":true}]}}