{"id":252665,"date":"2018-03-01T05:42:49","date_gmt":"2018-03-01T03:42:49","guid":{"rendered":"https:\/\/www.stiilne.ee\/apie-mus\/"},"modified":"2018-03-01T05:42:49","modified_gmt":"2018-03-01T03:42:49","slug":"apie-mus","status":"publish","type":"page","link":"https:\/\/tellimused.stiilne.ee\/lt\/apie-mus\/","title":{"rendered":"Apie mus"},"content":{"rendered":"\t\t<div data-elementor-type=\"wp-page\" data-elementor-id=\"252665\" class=\"elementor elementor-252665 elementor-12446\" data-elementor-post-type=\"page\">\n\t\t\t\t\t\t<section class=\"elementor-section elementor-top-section elementor-element elementor-element-f4de9ce m-t-n-sm m-b-lg p-b elementor-section-boxed elementor-section-height-default elementor-section-height-default\" data-id=\"f4de9ce\" data-element_type=\"section\" data-e-type=\"section\">\r\n\t\t\r\n\t\t\t\t\t\t\t<div class=\"elementor-container elementor-column-gap-default\">\r\n\t\t\t\t\t\t\t\t\t\t\t<div class=\"elementor-column elementor-col-50 elementor-top-column elementor-element elementor-element-57011be\" data-id=\"57011be\" data-element_type=\"column\" data-e-type=\"column\">\r\n\t\t\t\t\t<div class=\"elementor-widget-wrap elementor-element-populated\">\r\n\t\t\t\t\t\t\t\t<div class=\"elementor-element elementor-element-efa551c elementor-widget elementor-widget-image\" data-id=\"efa551c\" data-element_type=\"widget\" data-e-type=\"widget\" data-widget_type=\"image.default\">\n\t\t\t\t\t\t\t\t\t\t\t\t\t\t\t<img decoding=\"async\" src=\"https:\/\/www.stiilne.ee\/wp-content\/uploads\/2025\/06\/Heleri-Otsmaa-www.stiilne.ee-e-poe-looja.jpg\" title=\"\" alt=\"\" loading=\"lazy\" \/>\t\t\t\t\t\t\t\t\t\t\t\t\t\t\t<\/div>\n\t\t\t\t\t<\/div>\r\n\t\t\t\t<\/div>\r\n\t\t\t\t<div class=\"elementor-column elementor-col-50 elementor-top-column elementor-element elementor-element-596685f\" data-id=\"596685f\" data-element_type=\"column\" data-e-type=\"column\">\r\n\t\t\t\t\t<div class=\"elementor-widget-wrap elementor-element-populated\">\r\n\t\t\t\t\t\t\t\t<section class=\"elementor-section elementor-inner-section elementor-element elementor-element-99a880b elementor-section-boxed elementor-section-height-default elementor-section-height-default\" data-id=\"99a880b\" data-element_type=\"section\" data-e-type=\"section\">\r\n\t\t\r\n\t\t\t\t\t\t\t<div class=\"elementor-container elementor-column-gap-default\">\r\n\t\t\t\t\t\t\t\t\t\t\t<div class=\"elementor-column elementor-col-100 elementor-inner-column elementor-element elementor-element-bada66a\" data-id=\"bada66a\" data-element_type=\"column\" data-e-type=\"column\">\r\n\t\t\t\t\t<div class=\"elementor-widget-wrap elementor-element-populated\">\r\n\t\t\t\t\t\t\t\t<div class=\"elementor-element elementor-element-5ae6560 elementor-widget__width-initial elementor-widget-tablet__width-inherit elementor-widget elementor-widget-text-editor\" data-id=\"5ae6560\" data-element_type=\"widget\" data-e-type=\"widget\" data-widget_type=\"text-editor.default\">\n\t\t\t\t\t\t\t\t\t<p>Kiekvienas i\u0161 m\u016bs\u0173 turi aistr\u0105 &#8211; ka\u017ek\u0105, k\u0105 daro i\u0161 visos \u0161irdies ir nori b\u016bti geriausias. M\u016bs\u0173 \u0161eimoje tai yra noras teikti kokybi\u0161kus drabu\u017eius ir aksesuarus, kurie b\u016bt\u0173 stilingi, patog\u016bs ir prakti\u0161ki.<\/p><p>Jau daugiau nei 10 met\u0173 esame \u0161eimos verslas, kuriame aistra, pom\u0117gis ir darbas tapo viena visuma. Mus vienija meil\u0117 gamtai, gyv\u016bnams ir stilingam dizainui, tod\u0117l si\u016blome oro s\u0105lygoms atsparias striukes, rank\u0173 darbo &#8222;Yemi Design&#8221; drabu\u017eius ir kruop\u0161\u010diai atrinktus aksesuarus.<\/p><p>M\u016bs\u0173 prek\u0117s \u017eenklas &#8222;Yemi Design&#8221; buvo sukurtas siekiant si\u016blyti odai draugi\u0161kus, kokybi\u0161kus, gerai prigludusius ir patogius drabu\u017eius. M\u016bs\u0173 tikslas &#8211; kad kiekvienas gaminys tarnaut\u0173 ir i\u0161likt\u0173 i\u0161tisus metus &#8211; nesvarbu, ar tai b\u016bt\u0173 v\u0117sus pavasario rytas, ar vasaros \u017eygis, ar v\u0117juota rudens diena.<\/p><p>Visi &#8222;Yemi Design&#8221; gaminiai gaminami rankomis Estijoje, naudojant pa\u010di\u0173 kurtus kirpinius ir kruop\u0161\u010diai atrinktus audinius. Kiekvienas gaminys kuriamas r\u016bpestingai ir su meile \u010dia, Estijoje, ir yra 100 % rank\u0173 darbo.<\/p><p>M\u0117gstame gyv\u016bnus &#8211; m\u016bs\u0173 namuose gyvena trys laimingos j\u016br\u0173 kiaulyt\u0117s ir \u0161uo Snuffy. Laisvalaikiu da\u017enai keliaujame \u012f \u017eygius po apylinkes, m\u0117gstame futbol\u0105 ir did\u017ei\u0105j\u0105 dal\u012f vasaros praleid\u017eiame \u0160vedijoje, kuri mums yra ypatinga ir miela vieta.<\/p><p>Mums labai svarbus asmeninis po\u017ei\u016bris &#8211; norime suteikti klientams tokias paslaugas ir patirt\u012f, koki\u0173 jie tikisi.<\/p><p>Nors tai darome jau seniai, tikime, kad visada galima i\u0161mokti ka\u017eko naujo &#8211; kiekvienas klientas, kiekvienas gaminys ir kiekvienas sezonas mus ko nors vertingo i\u0161moko.<\/p><p>D\u0117kojame, kad esate su mumis &#8211; tikim\u0117s, kad \u010dia rasite tai, kas jus d\u017eiugina!<\/p><p>Heleri Otsmaa &#8211; www.stilinga24.com elektronin\u0117s parduotuv\u0117s k\u016br\u0117jas<\/p>\t\t\t\t\t\t\t\t<\/div>\n\t\t\t\t\t<\/div>\r\n\t\t\t\t<\/div>\r\n\t\t\t\t\t<\/div>\r\n\t\t\t\t<\/section>\r\n\t\t\t\t\t<\/div>\r\n\t\t\t\t<\/div>\r\n\t\t\t\t\t<\/div>\r\n\t\t\t\t<\/section>\r\n\t\t\t\t<\/div>\n\t\t","protected":false},"excerpt":{"rendered":"<p>Kiekvienas i\u0161 m\u016bs\u0173 turi aistr\u0105 &#8211; ka\u017ek\u0105, k\u0105 daro i\u0161 visos \u0161irdies ir nori b\u016bti geriausias. M\u016bs\u0173 \u0161eimoje tai yra noras teikti kokybi\u0161kus drabu\u017eius ir aksesuarus, kurie b\u016bt\u0173 stilingi, patog\u016bs ir prakti\u0161ki. Jau daugiau nei 10 met\u0173 esame \u0161eimos verslas, kuriame aistra, pom\u0117gis ir darbas tapo viena visuma. Mus vienija meil\u0117 gamtai, gyv\u016bnams ir stilingam [&hellip;]<\/p>\n","protected":false},"author":2,"featured_media":0,"parent":0,"menu_order":0,"comment_status":"closed","ping_status":"closed","template":"","meta":{"_acf_changed":false,"footnotes":""},"class_list":["post-252665","page","type-page","status-publish","hentry"],"acf":[],"_links":{"self":[{"href":"https:\/\/tellimused.stiilne.ee\/lt\/wp-json\/wp\/v2\/pages\/252665","targetHints":{"allow":["GET"]}}],"collection":[{"href":"https:\/\/tellimused.stiilne.ee\/lt\/wp-json\/wp\/v2\/pages"}],"about":[{"href":"https:\/\/tellimused.stiilne.ee\/lt\/wp-json\/wp\/v2\/types\/page"}],"author":[{"embeddable":true,"href":"https:\/\/tellimused.stiilne.ee\/lt\/wp-json\/wp\/v2\/users\/2"}],"replies":[{"embeddable":true,"href":"https:\/\/tellimused.stiilne.ee\/lt\/wp-json\/wp\/v2\/comments?post=252665"}],"version-history":[{"count":0,"href":"https:\/\/tellimused.stiilne.ee\/lt\/wp-json\/wp\/v2\/pages\/252665\/revisions"}],"wp:attachment":[{"href":"https:\/\/tellimused.stiilne.ee\/lt\/wp-json\/wp\/v2\/media?parent=252665"}],"curies":[{"name":"wp","href":"https:\/\/api.w.org\/{rel}","templated":true}]}}