{"id":262384,"date":"2026-03-12T17:51:11","date_gmt":"2026-03-12T15:51:11","guid":{"rendered":"https:\/\/tellimused.stiilne.ee\/toode\/puuvillasest-kangast-muts-must-kohe-laos\/"},"modified":"2026-04-07T11:11:05","modified_gmt":"2026-04-07T08:11:05","slug":"kepure-is-medvilninio-audinio-asilas-geles-kohe-sandelyje-kopeeri-kopeeri-kopeeri","status":"publish","type":"product","link":"https:\/\/tellimused.stiilne.ee\/lt\/produktas\/kepure-is-medvilninio-audinio-asilas-geles-kohe-sandelyje-kopeeri-kopeeri-kopeeri\/","title":{"rendered":"Kepur\u0117 i\u0161 medvilninio audinio Asilas g\u0117l\u0117s-Kohe sand\u0117lyje (kopeeri) (kopeeri) (kopeeri)"},"content":{"rendered":"<p>Kepur\u0117s med\u017eiaga yra dvigubas medvilninis audinys &#8211; 95 % medviln\u0117s ir 5 % elastano<\/p>\n<p>Kepur\u0117 yra gero storio, tod\u0117l tinka d\u0117v\u0117ti i\u0161tisus metus.<\/p>\n<p>Kepur\u0117s dydis pritaikytas vidutinei Estijos moteriai &#8211; kepur\u0117 tinka 50-57 cm galvos apim\u010diai.<\/p>\n<p>&nbsp;<\/p>\n<p>&nbsp;<\/p>\n","protected":false},"excerpt":{"rendered":"<p>Kepur\u0117s med\u017eiaga yra dvigubas medvilninis audinys &#8211; 95 % medviln\u0117s ir 5 % elastano Kepur\u0117 yra gero storio, tod\u0117l tinka d\u0117v\u0117ti i\u0161tisus metus. Kepur\u0117s dydis pritaikytas vidutinei Estijos moteriai &#8211; kepur\u0117 tinka 50-57 cm galvos apim\u010diai. &nbsp; &nbsp;<\/p>\n","protected":false},"featured_media":262385,"comment_status":"open","ping_status":"closed","template":"","meta":{"_acf_changed":false},"product_brand":[],"product_cat":[265,264],"product_tag":[],"class_list":{"0":"post-262384","1":"product","2":"type-product","3":"status-publish","4":"has-post-thumbnail","6":"product_cat-yemi-disain-kepures","7":"product_cat-kepures-pirstines-salikai","8":"product_shipping_class-tarneaeg-1-4-paeva","10":"first","11":"instock","12":"taxable","13":"shipping-taxable","14":"purchasable","15":"product-type-variable","16":"has-default-attributes","17":"add-to-wishlist-after_add_to_cart"},"acf":[],"_links":{"self":[{"href":"https:\/\/tellimused.stiilne.ee\/lt\/wp-json\/wp\/v2\/product\/262384","targetHints":{"allow":["GET"]}}],"collection":[{"href":"https:\/\/tellimused.stiilne.ee\/lt\/wp-json\/wp\/v2\/product"}],"about":[{"href":"https:\/\/tellimused.stiilne.ee\/lt\/wp-json\/wp\/v2\/types\/product"}],"replies":[{"embeddable":true,"href":"https:\/\/tellimused.stiilne.ee\/lt\/wp-json\/wp\/v2\/comments?post=262384"}],"wp:featuredmedia":[{"embeddable":true,"href":"https:\/\/tellimused.stiilne.ee\/lt\/wp-json\/wp\/v2\/media\/262385"}],"wp:attachment":[{"href":"https:\/\/tellimused.stiilne.ee\/lt\/wp-json\/wp\/v2\/media?parent=262384"}],"wp:term":[{"taxonomy":"product_brand","embeddable":true,"href":"https:\/\/tellimused.stiilne.ee\/lt\/wp-json\/wp\/v2\/product_brand?post=262384"},{"taxonomy":"product_cat","embeddable":true,"href":"https:\/\/tellimused.stiilne.ee\/lt\/wp-json\/wp\/v2\/product_cat?post=262384"},{"taxonomy":"product_tag","embeddable":true,"href":"https:\/\/tellimused.stiilne.ee\/lt\/wp-json\/wp\/v2\/product_tag?post=262384"}],"curies":[{"name":"wp","href":"https:\/\/api.w.org\/{rel}","templated":true}]}}