{"id":262484,"date":"2026-03-12T17:48:00","date_gmt":"2026-03-12T15:48:00","guid":{"rendered":"https:\/\/tellimused.stiilne.ee\/toode\/huppa-kevad-sugis-mantel-amanea-petroolrohelineilma-soojustuseta-uudis\/"},"modified":"2026-04-07T11:11:02","modified_gmt":"2026-04-07T08:11:02","slug":"huppa-pavasario-rudens-paltas-be-apsiltinimo-amanea-juodas-naujiena-5","status":"publish","type":"product","link":"https:\/\/tellimused.stiilne.ee\/lt\/produktas\/huppa-pavasario-rudens-paltas-be-apsiltinimo-amanea-juodas-naujiena-5\/","title":{"rendered":"&#8222;Huppa&#8221; pavasario-rudens paltas (be ap\u0161iltinimo) Amanea juodas &#8211; NAUJIENA"},"content":{"rendered":"<p>&nbsp;<\/p>\n<p>\u0160is vandeniui ir v\u0117jui atsparus moteri\u0161kas paltas puikiai tinka d\u0117v\u0117ti pavasar\u012f, vasar\u0105 ir ruden\u012f. Audinys pralaidus orui, lengvas ir atsparus UV spinduliams.<\/p>\n<p>Puikus paltas su moteri\u0161ku liemens kirpimu, kuris ypa\u010d tinka toms, kurios taip pat nori d\u0117v\u0117ti suknel\u0119 ir sijon\u0105.Taip pat geras pasirinkimas teatrui, koncertams ir gimtadienio vakar\u0117liams.<\/p>\n<div class=\"product__description\">\n<p>Huppa Amanea Manti charakteristikos<\/p>\n<ul>\n<li>Atsparus v\u0117jui ir vandeniui<\/li>\n<li>Gra\u017eus pj\u016bvis, i\u0161pjautas ant korpuso<\/li>\n<li>\u0160onin\u0117s ki\u0161en\u0117s su atvartu<\/li>\n<li>Reguliuojama centrin\u0117 dalis<\/li>\n<li>Dvipusis priekinis u\u017eraktas su pakabinama spyna stogo b\u0117gio vir\u0161uje<\/li>\n<li>Atspindin\u010dios detal\u0117s priekyje, nugaroje ir ant rankovi\u0173<\/li>\n<li>Reguliuojamas gaubtas<\/li>\n<li>Med\u017eiaga poliesteris<\/li>\n<li>0 gr izoliacija &#8211; oras be izoliacijos<\/li>\n<li>Kv\u0117puojamumas 7000 g\/m2<\/li>\n<li>Atsparumas vandeniui 10 000<\/li>\n<li>Rekomenduojama naudojimo temperat\u016bra nuo 5C iki 15C<\/li>\n<\/ul>\n<p>&nbsp;<\/p>\n<p>&#8222;Huppa Amanea&#8221; paltas puikiai tinka standartiniams europieti\u0161kiems dyd\u017eiams &#8211; rekomenduojame rinktis \u012fprast\u0105 numer\u012f, t. y. numer\u012f, kuriuo da\u017eniausiai d\u0117vite striukes ir paltus.<\/p>\n<p>Drabu\u017ei\u0173 XS-3XL dyd\u017eiai yra tokie<\/p>\n<p><strong>Kr\u016btin\u0117s apimtis 102 (XS), 108, 114, 120, 126, 134, 142 (3XL) cm<\/strong><\/p>\n<p>Apvalkal\u0173 ilgis 110, 111, 112, 113, 114, 114, 114, 114 cm<\/p>\n<p><strong>D\u0116MESIO!Palto dyd\u017eio ir spalvos keitimas visada NEMOKAMAS su DPD gr\u0105\u017einimo kodu.<\/strong><\/p>\n<p>&nbsp;<\/p>\n<\/div>\n<p>&nbsp;<\/p>\n","protected":false},"excerpt":{"rendered":"<p>&nbsp; \u0160is vandeniui ir v\u0117jui atsparus moteri\u0161kas paltas puikiai tinka d\u0117v\u0117ti pavasar\u012f, vasar\u0105 ir ruden\u012f. Audinys pralaidus orui, lengvas ir atsparus UV spinduliams. Puikus paltas su moteri\u0161ku liemens kirpimu, kuris ypa\u010d tinka toms, kurios taip pat nori d\u0117v\u0117ti suknel\u0119 ir sijon\u0105.Taip pat geras pasirinkimas teatrui, koncertams ir gimtadienio vakar\u0117liams. Huppa Amanea Manti charakteristikos Atsparus v\u0117jui [&hellip;]<\/p>\n","protected":false},"featured_media":262485,"comment_status":"open","ping_status":"closed","template":"","meta":{"_acf_changed":false},"product_brand":[],"product_cat":[270],"product_tag":[],"class_list":{"0":"post-262484","1":"product","2":"type-product","3":"status-publish","4":"has-post-thumbnail","6":"product_cat-pavasario-ir-rudens-striukes-bei-svarkai","7":"product_shipping_class-tarneaeg-5-15-paeva","9":"first","10":"instock","11":"sale","12":"taxable","13":"shipping-taxable","14":"purchasable","15":"product-type-variable","16":"has-default-attributes","17":"add-to-wishlist-after_add_to_cart"},"acf":[],"_links":{"self":[{"href":"https:\/\/tellimused.stiilne.ee\/lt\/wp-json\/wp\/v2\/product\/262484","targetHints":{"allow":["GET"]}}],"collection":[{"href":"https:\/\/tellimused.stiilne.ee\/lt\/wp-json\/wp\/v2\/product"}],"about":[{"href":"https:\/\/tellimused.stiilne.ee\/lt\/wp-json\/wp\/v2\/types\/product"}],"replies":[{"embeddable":true,"href":"https:\/\/tellimused.stiilne.ee\/lt\/wp-json\/wp\/v2\/comments?post=262484"}],"wp:featuredmedia":[{"embeddable":true,"href":"https:\/\/tellimused.stiilne.ee\/lt\/wp-json\/wp\/v2\/media\/262485"}],"wp:attachment":[{"href":"https:\/\/tellimused.stiilne.ee\/lt\/wp-json\/wp\/v2\/media?parent=262484"}],"wp:term":[{"taxonomy":"product_brand","embeddable":true,"href":"https:\/\/tellimused.stiilne.ee\/lt\/wp-json\/wp\/v2\/product_brand?post=262484"},{"taxonomy":"product_cat","embeddable":true,"href":"https:\/\/tellimused.stiilne.ee\/lt\/wp-json\/wp\/v2\/product_cat?post=262484"},{"taxonomy":"product_tag","embeddable":true,"href":"https:\/\/tellimused.stiilne.ee\/lt\/wp-json\/wp\/v2\/product_tag?post=262484"}],"curies":[{"name":"wp","href":"https:\/\/api.w.org\/{rel}","templated":true}]}}