{"id":262529,"date":"2026-03-12T17:46:49","date_gmt":"2026-03-12T15:46:49","guid":{"rendered":"https:\/\/tellimused.stiilne.ee\/toode\/huppa-naiste-kevad-sugis-softshell-jope-ava-tumesinine\/"},"modified":"2026-04-06T19:53:26","modified_gmt":"2026-04-06T16:53:26","slug":"huppa-naiste-kevad-sugis-softshell-jope-ava-tumesinine","status":"publish","type":"product","link":"https:\/\/tellimused.stiilne.ee\/lt\/produktas\/huppa-naiste-kevad-sugis-softshell-jope-ava-tumesinine\/","title":{"rendered":"HUPPA  naiste kevad-s\u00fcgis softshell jope Ava tumesinine-piiratud kogus"},"content":{"rendered":"<div class=\"flex max-w-full flex-col grow\">\n<div class=\"min-h-8 text-message relative flex w-full flex-col items-end gap-2 text-start break-words whitespace-normal [.text-message+&amp;]:mt-5\" dir=\"auto\" data-message-author-role=\"assistant\" data-message-id=\"184789f0-7e0c-40af-a18e-a75c786bbd18\" data-message-model-slug=\"gpt-4o\">\n<div class=\"flex w-full flex-col gap-1 empty:hidden first:pt-[3px]\">\n<div class=\"markdown prose dark:prose-invert w-full break-words light markdown-new-styling\">\n<h3 data-start=\"185\" data-end=\"266\"><strong data-start=\"189\" data-end=\"266\">Huppa naiste softshell jope Ava \u2013 kerge ja naiselik kaitse igaks hooajaks<\/strong><\/h3>\n<p data-start=\"268\" data-end=\"522\">Otsid <strong data-start=\"274\" data-end=\"325\">kerget, ilmastikukindlat ja h\u00e4sti istuvat jopet<\/strong>, mis sobiks kandmiseks kevadel, suvel ja s\u00fcgisel?<br data-start=\"375\" data-end=\"378\" \/><strong data-start=\"378\" data-end=\"413\">Huppa naiste softshell jope Ava<\/strong> \u00fchendab mugavuse, naiseliku l\u00f5ike ja praktilisuse, olles ideaalne valik nii linnat\u00e4navale kui ka loodusesse.<\/p>\n<h3 data-start=\"529\" data-end=\"574\"><strong data-start=\"533\" data-end=\"574\">Miks valida Huppa Ava softshell jope?<\/strong><\/h3>\n<p data-start=\"576\" data-end=\"1097\">\u2705 <strong data-start=\"578\" data-end=\"619\">Tuule- ja veekindel 3-kihiline kangas<\/strong> \u2013 kaitseb tuule, vihma ja niiskuse eest (veekindlus 5000 mm)<br data-start=\"680\" data-end=\"683\" \/>\u2705 <strong data-start=\"685\" data-end=\"707\">Hingavus 3000 g\/m\u00b2<\/strong> \u2013 tagab hea \u00f5huvahetuse aktiivsel liikumisel<br data-start=\"752\" data-end=\"755\" \/>\u2705 <strong data-start=\"757\" data-end=\"777\">Kerge ja painduv<\/strong> \u2013 ideaalne kandmiseks vahelduva ilmaga<br data-start=\"816\" data-end=\"819\" \/>\u2705 <strong data-start=\"821\" data-end=\"861\">Taljes l\u00f5ige ja reguleeritav v\u00f6\u00f6koht<\/strong> \u2013 r\u00f5hutab figuuri ja annab parema istuvuse<br data-start=\"904\" data-end=\"907\" \/>\u2705 <strong data-start=\"909\" data-end=\"940\">Krae sisse peidetav kapuuts<\/strong> \u2013 vajadusel kaitseb, muidu j\u00e4\u00e4b n\u00e4htamatuks<br data-start=\"984\" data-end=\"987\" \/>\u2705 <strong data-start=\"989\" data-end=\"1014\">Kahesuunaline esilukk<\/strong> \u2013 mugav ka istudes v\u00f5i s\u00f5ites<br data-start=\"1044\" data-end=\"1047\" \/>\u2705 <strong data-start=\"1049\" data-end=\"1069\">Lukuga esitaskud<\/strong> \u2013 praktilised ja turvalised<\/p>\n<h3 data-start=\"1104\" data-end=\"1134\"><strong data-start=\"1108\" data-end=\"1134\">N\u00e4htavus ja turvalisus<\/strong><\/h3>\n<ul data-start=\"1136\" data-end=\"1289\">\n<li data-start=\"1136\" data-end=\"1204\">\n<p data-start=\"1138\" data-end=\"1204\"><strong data-start=\"1138\" data-end=\"1171\">Helkurt\u00e4ppidega kaetud kangas<\/strong> \u2013 lisab n\u00e4htavust pimedal ajal<\/p>\n<\/li>\n<li data-start=\"1205\" data-end=\"1239\">\n<p data-start=\"1207\" data-end=\"1239\"><strong data-start=\"1207\" data-end=\"1225\">Helkurdetailid<\/strong> ees ja taga<\/p>\n<\/li>\n<li data-start=\"1240\" data-end=\"1289\">\n<p data-start=\"1242\" data-end=\"1289\"><strong data-start=\"1242\" data-end=\"1265\">Huppa logo varrukal<\/strong> \u2013 stiilne ja diskreetne<\/p>\n<\/li>\n<\/ul>\n<h3 data-start=\"1296\" data-end=\"1323\"><strong data-start=\"1300\" data-end=\"1323\">Materjal ja hooldus<\/strong><\/h3>\n<ul data-start=\"1325\" data-end=\"1457\">\n<li data-start=\"1325\" data-end=\"1356\">\n<p data-start=\"1327\" data-end=\"1356\"><strong data-start=\"1327\" data-end=\"1339\">Koostis:<\/strong> 100% pol\u00fcester<\/p>\n<\/li>\n<li data-start=\"1357\" data-end=\"1403\">\n<p data-start=\"1359\" data-end=\"1403\"><strong data-start=\"1359\" data-end=\"1374\">Fliisvooder<\/strong> \u2013 lisab pehmust ja soojust<\/p>\n<\/li>\n<li data-start=\"1404\" data-end=\"1431\">\n<p data-start=\"1406\" data-end=\"1431\"><strong data-start=\"1406\" data-end=\"1421\">Veekindlus:<\/strong> 5000 mm<\/p>\n<\/li>\n<li data-start=\"1432\" data-end=\"1457\">\n<p data-start=\"1434\" data-end=\"1457\"><strong data-start=\"1434\" data-end=\"1447\">Hingavus:<\/strong> 3000 g\/m\u00b2<\/p>\n<\/li>\n<\/ul>\n<h3 data-start=\"1464\" data-end=\"1491\"><strong data-start=\"1468\" data-end=\"1491\">Suurused ja sobivus<\/strong><\/h3>\n<p data-start=\"1493\" data-end=\"1641\">Huppa Ava jope vastab <strong data-start=\"1515\" data-end=\"1551\">tavap\u00e4rastele Euroopa suurustele<\/strong>.<br data-start=\"1552\" data-end=\"1555\" \/>Soovitame valida oma tavaline suurus, mida tavaliselt jopede puhul kannad.<\/p>\n<p data-start=\"1643\" data-end=\"1679\"><strong data-start=\"1643\" data-end=\"1679\">Kui kahtlete kahe suruuse vahel, siis antud mudelil soovitame valida number suurema suuruse-mudel pisut kitsama l\u00f5ikega.<\/strong><\/p>\n<p data-start=\"1643\" data-end=\"1679\"><strong data-start=\"1643\" data-end=\"1679\">Rinna\u00fcmberm\u00f5\u00f5dud suuruste kaupa<\/strong><\/p>\n<ul data-start=\"1681\" data-end=\"1867\">\n<li data-start=\"1681\" data-end=\"1700\">\n<p data-start=\"1683\" data-end=\"1700\">XS (34) \u2013 82 cm<\/p>\n<\/li>\n<li data-start=\"1701\" data-end=\"1719\">\n<p data-start=\"1703\" data-end=\"1719\">S (36) \u2013 88 cm<\/p>\n<\/li>\n<li data-start=\"1720\" data-end=\"1741\">\n<p data-start=\"1722\" data-end=\"1741\">M (38\u201340) \u2013 90 cm<\/p>\n<\/li>\n<li data-start=\"1742\" data-end=\"1764\">\n<p data-start=\"1744\" data-end=\"1764\">L (42\u201344) \u2013 102 cm<\/p>\n<\/li>\n<li data-start=\"1765\" data-end=\"1788\">\n<p data-start=\"1767\" data-end=\"1788\">XL (44\u201346) \u2013 110 cm<\/p>\n<\/li>\n<li data-start=\"1789\" data-end=\"1867\">\n<p data-start=\"1791\" data-end=\"1867\">XXL (46\u201350) \u2013 120 cm (venib pisut lisaks), puusa\u00fcmberm\u00f5\u00f5t ~131 cm, keskkoht ~116 cm<\/p>\n<\/li>\n<li data-start=\"1789\" data-end=\"1867\">\n<p data-start=\"1791\" data-end=\"1867\"><strong data-start=\"2294\" data-end=\"2377\">Suuruse vahetus on DPD vahetuskoodiga alati TASUTA<\/strong><\/p>\n<\/li>\n<\/ul>\n<h3 data-start=\"1874\" data-end=\"1901\"><strong data-start=\"1878\" data-end=\"1901\">Miks tellida meilt?<\/strong><\/h3>\n<p data-start=\"1903\" data-end=\"2105\">\u2705 Jope on <strong data-start=\"1913\" data-end=\"1933\">kohe laos olemas<\/strong> \u2013 kiire tarne 1\u20133 t\u00f6\u00f6p\u00e4eva<br data-start=\"1960\" data-end=\"1963\" \/>\u2705 <strong data-start=\"1965\" data-end=\"2016\">Tellimused enne 17:00 postitame samal t\u00f6\u00f6p\u00e4eval<\/strong><br data-start=\"2016\" data-end=\"2019\" \/>\u2705 <strong data-start=\"2294\" data-end=\"2377\">Suurus v\u00f5i v\u00e4rv ei sobi? Pole hullu! Vahetus on DPD vahetuskoodiga alati TASUTA<\/strong><br data-start=\"2377\" data-end=\"2380\" \/>\u2013 vahetada saab nii suurust, v\u00e4rvi kui ka mudelit<\/p>\n<h3 data-start=\"2112\" data-end=\"2165\"><strong data-start=\"2116\" data-end=\"2165\">Ava softshell \u2013 praktiline, kerge ja naiselik<\/strong><\/h3>\n<p data-start=\"2167\" data-end=\"2434\"><strong data-start=\"2167\" data-end=\"2195\">Huppa Ava softshell jope<\/strong> on loodud aktiivsele naisele, kes ei soovi teha j\u00e4releandmisi ei funktsionaalsuses ega v\u00e4limuses. See on ideaalne igap\u00e4evaseks kandmiseks <strong data-start=\"2334\" data-end=\"2355\">kevadest s\u00fcgiseni<\/strong> \u2013 hoiab sind kuivana, kaitseb tuule eest ja n\u00e4eb samal ajal suurep\u00e4rane v\u00e4lja.<\/p>\n<hr data-start=\"2436\" data-end=\"2439\" \/>\n<p data-start=\"2441\" data-end=\"2541\" data-is-last-node=\"\" data-is-only-node=\"\">\n<\/div>\n<\/div>\n<\/div>\n<\/div>\n<div class=\"flex min-h-[46px] justify-start\"><\/div>\n<p>&nbsp;<\/p>\n","protected":false},"excerpt":{"rendered":"<p>Huppa naiste softshell jope Ava \u2013 kerge ja naiselik kaitse igaks hooajaks Otsid kerget, ilmastikukindlat ja h\u00e4sti istuvat jopet, mis sobiks kandmiseks kevadel, suvel ja s\u00fcgisel?Huppa naiste softshell jope Ava \u00fchendab mugavuse, naiseliku l\u00f5ike ja praktilisuse, olles ideaalne valik nii linnat\u00e4navale kui ka loodusesse. Miks valida Huppa Ava softshell jope? \u2705 Tuule- ja veekindel 3-kihiline [&hellip;]<\/p>\n","protected":false},"featured_media":262530,"comment_status":"open","ping_status":"closed","template":"","meta":{"_acf_changed":false},"product_brand":[],"product_cat":[270],"product_tag":[],"class_list":{"0":"post-262529","1":"product","2":"type-product","3":"status-publish","4":"has-post-thumbnail","6":"product_cat-pavasario-ir-rudens-striukes-bei-svarkai","7":"product_shipping_class-tarneaeg-1-4-paeva","9":"first","10":"instock","11":"sale","12":"taxable","13":"shipping-taxable","14":"purchasable","15":"product-type-variable","16":"has-default-attributes","17":"add-to-wishlist-after_add_to_cart"},"acf":[],"_links":{"self":[{"href":"https:\/\/tellimused.stiilne.ee\/lt\/wp-json\/wp\/v2\/product\/262529","targetHints":{"allow":["GET"]}}],"collection":[{"href":"https:\/\/tellimused.stiilne.ee\/lt\/wp-json\/wp\/v2\/product"}],"about":[{"href":"https:\/\/tellimused.stiilne.ee\/lt\/wp-json\/wp\/v2\/types\/product"}],"replies":[{"embeddable":true,"href":"https:\/\/tellimused.stiilne.ee\/lt\/wp-json\/wp\/v2\/comments?post=262529"}],"wp:featuredmedia":[{"embeddable":true,"href":"https:\/\/tellimused.stiilne.ee\/lt\/wp-json\/wp\/v2\/media\/262530"}],"wp:attachment":[{"href":"https:\/\/tellimused.stiilne.ee\/lt\/wp-json\/wp\/v2\/media?parent=262529"}],"wp:term":[{"taxonomy":"product_brand","embeddable":true,"href":"https:\/\/tellimused.stiilne.ee\/lt\/wp-json\/wp\/v2\/product_brand?post=262529"},{"taxonomy":"product_cat","embeddable":true,"href":"https:\/\/tellimused.stiilne.ee\/lt\/wp-json\/wp\/v2\/product_cat?post=262529"},{"taxonomy":"product_tag","embeddable":true,"href":"https:\/\/tellimused.stiilne.ee\/lt\/wp-json\/wp\/v2\/product_tag?post=262529"}],"curies":[{"name":"wp","href":"https:\/\/api.w.org\/{rel}","templated":true}]}}