{"id":262582,"date":"2026-03-12T17:45:15","date_gmt":"2026-03-12T15:45:15","guid":{"rendered":"https:\/\/tellimused.stiilne.ee\/toode\/huppa-naiste-kevad-sugis-mantel-merje-petroolroheline-ilma-soojustuseta-uudis\/"},"modified":"2026-04-07T11:11:00","modified_gmt":"2026-04-07T08:11:00","slug":"huppa-pavasario-rudens-paltas-merjebe-apsiltinimo-juodas-naujas-pabaiga-gera-kaina-s-ir-l-dydziai-yra-sandelyje-kiti-dydziai-yra-sandelyje-pristatymas-iki-7-dienu-4","status":"publish","type":"product","link":"https:\/\/tellimused.stiilne.ee\/lt\/produktas\/huppa-pavasario-rudens-paltas-merjebe-apsiltinimo-juodas-naujas-pabaiga-gera-kaina-s-ir-l-dydziai-yra-sandelyje-kiti-dydziai-yra-sandelyje-pristatymas-iki-7-dienu-4\/","title":{"rendered":"Huppa Pavasario-rudens paltas Merje(be ap\u0161iltinimo), juodas &#8211; NAUJAS-pabaiga gera kaina S ir L dyd\u017eiai yra sand\u0117lyje &#8211; kiti dyd\u017eiai yra sand\u0117lyje Pristatymas iki 7 dien\u0173"},"content":{"rendered":"<p>&nbsp;<\/p>\n<p>\u0160is vandeniui ir v\u0117jui atsparus moteri\u0161kas paltas puikiai tinka d\u0117v\u0117ti pavasar\u012f, vasar\u0105 ir ruden\u012f. Audinys pralaidus orui, lengvas ir atsparus UV spinduliams.<\/p>\n<p>Puikus moteri\u0161kas liemens kirpimo paltas, ypa\u010d tinkantis toms, kurios m\u0117gsta d\u0117v\u0117ti sukneles ir sijonus.Taip pat geras pasirinkimas teatrui, koncertams ir gimtadienio vakar\u0117liams.<\/p>\n<div class=\"product__description\">\n<p>Huppa Merje manti charakteristikos<\/p>\n<ul>\n<li>Atsparus v\u0117jui ir vandeniui<\/li>\n<li>Gra\u017eus pj\u016bvis, i\u0161pjautas ant korpuso<\/li>\n<li>\u0160onin\u0117s ki\u0161en\u0117s su atvartu<\/li>\n<li>Reguliuojamas dir\u017eas per vidur\u012f k\u016bno<\/li>\n<li>Dviej\u0173 kryp\u010di\u0173 priekinis u\u017eraktas<\/li>\n<li>Atspindin\u010dios detal\u0117s priekyje ir gale<\/li>\n<li>Reguliuojamas gaubtas<\/li>\n<li>Med\u017eiaga poliesteris<\/li>\n<li>0 gr izoliacija &#8211; oras be izoliacijos<\/li>\n<li>Kv\u0117puojamumas 7000 g\/m2<\/li>\n<li>Atsparumas vandeniui 10 000<\/li>\n<li>D\u0117v\u0117kite su dir\u017eu arba be jo<\/li>\n<li>Rekomenduojama naudojimo temperat\u016bra nuo 5C iki 15C<\/li>\n<\/ul>\n<p>&nbsp;<\/p>\n<p>&#8222;Huppa Merje&#8221; paltas puikiai tinka standartiniams europieti\u0161kiems dyd\u017eiams &#8211; rekomenduojame rinktis \u012fprast\u0105 dyd\u012f.<\/p>\n<p>Drabu\u017ei\u0173 dyd\u017eiai XS-XXL yra tokie<\/p>\n<p>Kr\u016btin\u0117s apimtis 94, 100, 106, 112, 120, 128 cm<\/p>\n<p>Palto ilgis 109, 110, 111, 112, 113, 114 cm<\/p>\n<p><strong>D\u0116MESIO!Pakeisti palto dyd\u012f visada galima NEMOKAMAI su DPD gr\u0105\u017einimo kodu.<\/strong><\/p>\n<p>&#8222;Huppa Merje&#8221; palto pristatymo laikas yra kelios dienos &#8211; paltas jau yra sand\u0117lyje.<\/p>\n<\/div>\n<p>&nbsp;<\/p>\n","protected":false},"excerpt":{"rendered":"<p>&nbsp; \u0160is vandeniui ir v\u0117jui atsparus moteri\u0161kas paltas puikiai tinka d\u0117v\u0117ti pavasar\u012f, vasar\u0105 ir ruden\u012f. Audinys pralaidus orui, lengvas ir atsparus UV spinduliams. Puikus moteri\u0161kas liemens kirpimo paltas, ypa\u010d tinkantis toms, kurios m\u0117gsta d\u0117v\u0117ti sukneles ir sijonus.Taip pat geras pasirinkimas teatrui, koncertams ir gimtadienio vakar\u0117liams. Huppa Merje manti charakteristikos Atsparus v\u0117jui ir vandeniui Gra\u017eus pj\u016bvis, [&hellip;]<\/p>\n","protected":false},"featured_media":262583,"comment_status":"open","ping_status":"closed","template":"","meta":{"_acf_changed":false},"product_brand":[],"product_cat":[270],"product_tag":[],"class_list":{"0":"post-262582","1":"product","2":"type-product","3":"status-publish","4":"has-post-thumbnail","6":"product_cat-pavasario-ir-rudens-striukes-bei-svarkai","7":"product_shipping_class-tarneaeg-1-4-paeva","9":"first","10":"instock","11":"sale","12":"taxable","13":"shipping-taxable","14":"purchasable","15":"product-type-variable","16":"has-default-attributes","17":"add-to-wishlist-after_add_to_cart"},"acf":[],"_links":{"self":[{"href":"https:\/\/tellimused.stiilne.ee\/lt\/wp-json\/wp\/v2\/product\/262582","targetHints":{"allow":["GET"]}}],"collection":[{"href":"https:\/\/tellimused.stiilne.ee\/lt\/wp-json\/wp\/v2\/product"}],"about":[{"href":"https:\/\/tellimused.stiilne.ee\/lt\/wp-json\/wp\/v2\/types\/product"}],"replies":[{"embeddable":true,"href":"https:\/\/tellimused.stiilne.ee\/lt\/wp-json\/wp\/v2\/comments?post=262582"}],"wp:featuredmedia":[{"embeddable":true,"href":"https:\/\/tellimused.stiilne.ee\/lt\/wp-json\/wp\/v2\/media\/262583"}],"wp:attachment":[{"href":"https:\/\/tellimused.stiilne.ee\/lt\/wp-json\/wp\/v2\/media?parent=262582"}],"wp:term":[{"taxonomy":"product_brand","embeddable":true,"href":"https:\/\/tellimused.stiilne.ee\/lt\/wp-json\/wp\/v2\/product_brand?post=262582"},{"taxonomy":"product_cat","embeddable":true,"href":"https:\/\/tellimused.stiilne.ee\/lt\/wp-json\/wp\/v2\/product_cat?post=262582"},{"taxonomy":"product_tag","embeddable":true,"href":"https:\/\/tellimused.stiilne.ee\/lt\/wp-json\/wp\/v2\/product_tag?post=262582"}],"curies":[{"name":"wp","href":"https:\/\/api.w.org\/{rel}","templated":true}]}}