{"id":262680,"date":"2026-03-12T17:42:28","date_gmt":"2026-03-12T15:42:28","guid":{"rendered":"https:\/\/tellimused.stiilne.ee\/toode\/huppa-naiste-kevad-sugis-parka-minna-kirju-40-gr-soojustusega-uudis\/"},"modified":"2026-04-07T11:10:57","modified_gmt":"2026-04-07T08:10:57","slug":"huppa-siltesne-zalia-moteriska-rudens-ziemos-striuke-minna-100-gr-su-apsiltinimu-klientu-megstamiausias-6","status":"publish","type":"product","link":"https:\/\/tellimused.stiilne.ee\/lt\/produktas\/huppa-siltesne-zalia-moteriska-rudens-ziemos-striuke-minna-100-gr-su-apsiltinimu-klientu-megstamiausias-6\/","title":{"rendered":"HUPPA \u0161iltesn\u0117 \u017ealia moteri\u0161ka rudens-\u017eiemos striuk\u0117 Minna 100 gr su ap\u0161iltinimu-KLIENT\u0172 M\u0116GSTAMIAUSIAS"},"content":{"rendered":"<h2 data-start=\"164\" data-end=\"243\">HUPPA Minna moteri\u0161ka pereinamojo tipo striuk\u0117 &#8211; stilinga v\u0117jo ir vandens nepraleid\u017eianti striuk\u0117<\/h2>\n<p data-start=\"245\" data-end=\"548\">Jei ie\u0161kote lengvos, patogios ir tuo pat metu v\u0117jui bei vandeniui atsparios <strong data-start=\"255\" data-end=\"284\">moteri\u0161kos pavasario ir rudens palaidin\u0117s,<\/strong>&#8222;HUPPA <strong data-start=\"355\" data-end=\"370\">Minna&#8221; palaidin\u0117<\/strong> yra puikus pasirinkimas. \u0160i\u0105 stiling\u0105 moteri\u0161k\u0105 striuk\u0119 galima d\u0117v\u0117ti pavasar\u012f, ruden\u012f, taip pat \u0161iltesniais \u017eiemos m\u0117nesiais, ji apsaugos jus nuo permaining\u0173 Estijos oro s\u0105lyg\u0173 ir kartu bus prakti\u0161ka bei moteri\u0161ka.<\/p>\n<p data-start=\"550\" data-end=\"856\">100 g izoliacija ir auk\u0161tos kokyb\u0117s parka audinys i\u0161laiko \u0161ilum\u0105, ta\u010diau parka yra lengva. Reguliuojama juosmens juosta su rai\u0161teliu u\u017etikrina, kad ji puikiai tiks kiekvienai fig\u016brai. D\u0117l priekyje \u012f dvi puses atidaromo u\u017esegimo <strong data-start=\"789\" data-end=\"818\">moteri\u0161ka parka &#8222;HUPPA Minna&#8221;<\/strong> yra patogi s\u0117dint ar va\u017eiuojant.<\/p>\n<h3 data-start=\"858\" data-end=\"911\">Kod\u0117l verta rinktis HUPPA Minna moteri\u0161k\u0105 pavasario-rudens palaidin\u0119?<\/h3>\n<p data-start=\"913\" data-end=\"1529\">\u2714 <strong data-start=\"915\" data-end=\"951\">V\u0117jui ir vandeniui atspari moteri\u0161ka striuk\u0117<\/strong> &#8211; nepralaidi vandeniui iki 10 000 mm, kv\u0117puojanti iki 10 000 g\/m\u00b2<br data-start=\"996\" data-end=\"999\" \/>\u2714 <strong data-start=\"1001\" data-end=\"1029\">Lengvas ap\u0161iltinimas 100 g\/m\u00b2<\/strong> &#8211; tinka pavasar\u012f, ruden\u012f, o su \u0161iltu megztiniu &#8211; ir \u017eiemos sezonui<br data-start=\"1096\" data-end=\"1099\" \/>\u2714 <strong data-start=\"1101\" data-end=\"1133\">Vandeniui atsparios lipnios si\u016bl\u0117s<\/strong> &#8211; apsaugo nuo dr\u0117gm\u0117s aplink rankas, kaklo ir gobtuvo<br data-start=\"1189\" data-end=\"1192\" \/>\u2714 <strong data-start=\"1194\" data-end=\"1232\">Reguliuojama juosmens juosta su u\u017etrauktuku<\/strong> &#8211; pabr\u0117\u017eia moters fig\u016br\u0105 ir u\u017etikrina patog\u0173 prigludim\u0105<br data-start=\"1281\" data-end=\"1284\" \/>\u2714 <strong data-start=\"1286\" data-end=\"1314\">Dviej\u0173 kryp\u010di\u0173 u\u017esegimas priekyje<\/strong> &#8211; patogu s\u0117d\u0117ti ir va\u017eiuoti<br data-start=\"1356\" data-end=\"1359\" \/>\u2714 <strong data-start=\"1361\" data-end=\"1383\">Prakti\u0161kos ki\u0161en\u0117s<\/strong> &#8211; dvi priekin\u0117s ki\u0161en\u0117s su u\u017etrauktuku kasdieniniams daiktams<br data-start=\"1446\" data-end=\"1449\" \/>\u2714 <strong data-start=\"1451\" data-end=\"1489\">Reguliuojamos rankov\u0117s su u\u017etrauktuku<\/strong> &#8211; puikiai priglunda ir suteikia judesi\u0173 laisv\u0119.<\/p>\n<h3 data-start=\"1536\" data-end=\"1571\">Med\u017eiagos ir technin\u0117s charakteristikos<\/h3>\n<ul data-start=\"1573\" data-end=\"1702\">\n<li data-start=\"1573\" data-end=\"1599\">\n<p data-start=\"1575\" data-end=\"1599\">Vir\u0161us: 100% poliesteris<\/p>\n<\/li>\n<li data-start=\"1600\" data-end=\"1626\">\n<p data-start=\"1602\" data-end=\"1626\">Pamu\u0161alas: 100% poliesteris<\/p>\n<\/li>\n<li data-start=\"1627\" data-end=\"1650\">\n<p data-start=\"1629\" data-end=\"1650\">Lankstumas: 100 g\/m\u00b2<\/p>\n<\/li>\n<li data-start=\"1651\" data-end=\"1676\">\n<p data-start=\"1653\" data-end=\"1676\">Atsparumas vandeniui: 10 000 mm<\/p>\n<\/li>\n<li data-start=\"1677\" data-end=\"1702\">\n<p data-start=\"1679\" data-end=\"1702\">Tankis: 10 000 g\/m\u00b2<\/p>\n<\/li>\n<\/ul>\n<p data-start=\"1704\" data-end=\"1839\">Elastinga vidin\u0117 pus\u0117, kad puikiai priglust\u0173. Reguliuojamas gobtuvas ir \u0161ilti rankovi\u0173 rankogaliai u\u017etikrina maksimal\u0173 komfort\u0105 ir \u0161ilum\u0105.<\/p>\n<hr data-start=\"1841\" data-end=\"1844\" \/>\n<h3 data-start=\"1846\" data-end=\"1893\">HUPPA Minna moteri\u0161kos striuk\u0117s dyd\u017eiai ir i\u0161matavimai<\/h3>\n<p data-start=\"1895\" data-end=\"2011\">I\u0161matavimai yra paimti i\u0161 striuk\u0117s ir atitinka standartinius Europos dyd\u017eius.<\/p>\n<p data-start=\"1895\" data-end=\"2011\">Rekomenduojame u\u017esisakyti savo \u012fprast\u0105 dyd\u012f.<\/p>\n<div class=\"_tableContainer_sk2ct_1\">\n<table>\n<thead>\n<tr>\n<th align=\"center\">Dydis<\/th>\n<th align=\"center\">Kr\u016btin\u0117s apimtis (cm)<\/th>\n<th align=\"center\">Pe\u010di\u0173 plotis (cm)<\/th>\n<th align=\"center\">Striuk\u0117s ilgis priekyje (cm)<\/th>\n<th align=\"center\">Striuk\u0117s ilgis nugaroje (cm)<\/th>\n<th align=\"center\">I\u0161orinis dilbio ilgis (cm)<\/th>\n<th align=\"center\">Klub\u0173 apimtis (cm, 3XL)<\/th>\n<\/tr>\n<\/thead>\n<tbody>\n<tr>\n<td align=\"center\">XS (34)<\/td>\n<td align=\"center\">96<\/td>\n<td align=\"center\">40<\/td>\n<td align=\"center\">93<\/td>\n<td align=\"center\">96<\/td>\n<td align=\"center\">63<\/td>\n<td align=\"center\">&#8211;<\/td>\n<\/tr>\n<tr>\n<td align=\"center\">S (36)<\/td>\n<td align=\"center\">102<\/td>\n<td align=\"center\">41<\/td>\n<td align=\"center\">94,5<\/td>\n<td align=\"center\">97,5<\/td>\n<td align=\"center\">64<\/td>\n<td align=\"center\">&#8211;<\/td>\n<\/tr>\n<tr>\n<td align=\"center\">M (38-40)<\/td>\n<td align=\"center\">108<\/td>\n<td align=\"center\">42<\/td>\n<td align=\"center\">96<\/td>\n<td align=\"center\">99<\/td>\n<td align=\"center\">65<\/td>\n<td align=\"center\">&#8211;<\/td>\n<\/tr>\n<tr>\n<td align=\"center\">L (42-44)<\/td>\n<td align=\"center\">114<\/td>\n<td align=\"center\">42<\/td>\n<td align=\"center\">97<\/td>\n<td align=\"center\">100<\/td>\n<td align=\"center\">66<\/td>\n<td align=\"center\">&#8211;<\/td>\n<\/tr>\n<tr>\n<td align=\"center\">XL (44-46)<\/td>\n<td align=\"center\">122<\/td>\n<td align=\"center\">44<\/td>\n<td align=\"center\">99<\/td>\n<td align=\"center\">102<\/td>\n<td align=\"center\">67<\/td>\n<td align=\"center\">&#8211;<\/td>\n<\/tr>\n<tr>\n<td align=\"center\">XXL (46-50)<\/td>\n<td align=\"center\">130<\/td>\n<td align=\"center\">46<\/td>\n<td align=\"center\">100<\/td>\n<td align=\"center\">103<\/td>\n<td align=\"center\">68<\/td>\n<td align=\"center\">&#8211;<\/td>\n<\/tr>\n<tr>\n<td align=\"center\">3XL (50-&#8230;)<\/td>\n<td align=\"center\">134<\/td>\n<td align=\"center\">47,5<\/td>\n<td align=\"center\">102<\/td>\n<td align=\"center\">105<\/td>\n<td align=\"center\">68<\/td>\n<td align=\"center\">142<\/td>\n<\/tr>\n<\/tbody>\n<\/table>\n<\/div>\n<hr data-start=\"3361\" data-end=\"3364\" \/>\n<h3 data-start=\"3366\" data-end=\"3434\">Kod\u0117l verta u\u017esisakyti HUPPA Minna moteri\u0161k\u0105 pavasario-rudens palaidin\u0119 i\u0161 m\u016bs\u0173 el. parduotuv\u0117s?<\/h3>\n<ul data-start=\"3436\" data-end=\"3758\">\n<li data-start=\"3436\" data-end=\"3507\">\n<p data-start=\"3438\" data-end=\"3507\"><strong data-start=\"3438\" data-end=\"3479\">Parkai paprastai b\u016bna i\u0161 karto sand\u0117lyje<\/strong> &#8211; pristatomi vos per 1-4 dienas.<\/p>\n<\/li>\n<li data-start=\"3508\" data-end=\"3576\">\n<p data-start=\"3510\" data-end=\"3576\">U\u017esakymai, pateikti darbo dien\u0105 iki 17:00, bus i\u0161si\u0173sti t\u0105 pa\u010di\u0105 dien\u0105.<\/p>\n<\/li>\n<li data-start=\"3577\" data-end=\"3647\">\n<p data-start=\"3579\" data-end=\"3647\"><strong data-start=\"3582\" data-end=\"3626\">  Dyd\u017eio ir spalvos keitimas <\/strong> <strong data-start=\"3582\" data-end=\"3626\">visada NEMOKAMAS,<\/strong> jei nurodytas DPD keitimo kodas.<\/p>\n<\/li>\n<li data-start=\"3648\" data-end=\"3758\">\n<p data-start=\"3650\" data-end=\"3758\">U\u017esakymus taip pat galima pateikti telefonu <strong data-start=\"3695\" data-end=\"3708\">51 45 245<\/strong> &#8211; mok\u0117jimas pristatant \u012f siunt\u0173 automat\u0105.<\/p>\n<\/li>\n<\/ul>\n<p data-start=\"3760\" data-end=\"3991\">&#8222;HUPPA Minna&#8221; <strong data-start=\"3772\" data-end=\"3820\">v\u0117jo ir vandens nepraleid\u017eianti moteri\u0161ka pavasario-rudens striuk\u0117<\/strong> sukurta \u0160iaur\u0117s \u0161ali\u0173 s\u0105lygoms &#8211; tai funkcionali, prakti\u0161ka ir stilinga striuk\u0117, tinkama d\u0117v\u0117ti mieste, kaime, pakeliui \u012f darb\u0105 ar aktyviam laisvalaikiui.<\/p>\n<p>&nbsp;<\/p>\n","protected":false},"excerpt":{"rendered":"<p>HUPPA Minna moteri\u0161ka pereinamojo tipo striuk\u0117 &#8211; stilinga v\u0117jo ir vandens nepraleid\u017eianti striuk\u0117 Jei ie\u0161kote lengvos, patogios ir tuo pat metu v\u0117jui bei vandeniui atsparios moteri\u0161kos pavasario ir rudens palaidin\u0117s,&#8222;HUPPA Minna&#8221; palaidin\u0117 yra puikus pasirinkimas. \u0160i\u0105 stiling\u0105 moteri\u0161k\u0105 striuk\u0119 galima d\u0117v\u0117ti pavasar\u012f, ruden\u012f, taip pat \u0161iltesniais \u017eiemos m\u0117nesiais, ji apsaugos jus nuo permaining\u0173 Estijos oro [&hellip;]<\/p>\n","protected":false},"featured_media":262681,"comment_status":"open","ping_status":"closed","template":"","meta":{"_acf_changed":false},"product_brand":[],"product_cat":[270],"product_tag":[],"class_list":{"0":"post-262680","1":"product","2":"type-product","3":"status-publish","4":"has-post-thumbnail","6":"product_cat-pavasario-ir-rudens-striukes-bei-svarkai","7":"product_shipping_class-tarneaeg-5-10-paeva","9":"first","10":"instock","11":"sale","12":"taxable","13":"shipping-taxable","14":"purchasable","15":"product-type-variable","16":"has-default-attributes","17":"add-to-wishlist-after_add_to_cart"},"acf":[],"_links":{"self":[{"href":"https:\/\/tellimused.stiilne.ee\/lt\/wp-json\/wp\/v2\/product\/262680","targetHints":{"allow":["GET"]}}],"collection":[{"href":"https:\/\/tellimused.stiilne.ee\/lt\/wp-json\/wp\/v2\/product"}],"about":[{"href":"https:\/\/tellimused.stiilne.ee\/lt\/wp-json\/wp\/v2\/types\/product"}],"replies":[{"embeddable":true,"href":"https:\/\/tellimused.stiilne.ee\/lt\/wp-json\/wp\/v2\/comments?post=262680"}],"wp:featuredmedia":[{"embeddable":true,"href":"https:\/\/tellimused.stiilne.ee\/lt\/wp-json\/wp\/v2\/media\/262681"}],"wp:attachment":[{"href":"https:\/\/tellimused.stiilne.ee\/lt\/wp-json\/wp\/v2\/media?parent=262680"}],"wp:term":[{"taxonomy":"product_brand","embeddable":true,"href":"https:\/\/tellimused.stiilne.ee\/lt\/wp-json\/wp\/v2\/product_brand?post=262680"},{"taxonomy":"product_cat","embeddable":true,"href":"https:\/\/tellimused.stiilne.ee\/lt\/wp-json\/wp\/v2\/product_cat?post=262680"},{"taxonomy":"product_tag","embeddable":true,"href":"https:\/\/tellimused.stiilne.ee\/lt\/wp-json\/wp\/v2\/product_tag?post=262680"}],"curies":[{"name":"wp","href":"https:\/\/api.w.org\/{rel}","templated":true}]}}