{"id":262699,"date":"2026-03-12T17:42:06","date_gmt":"2026-03-12T15:42:06","guid":{"rendered":"https:\/\/tellimused.stiilne.ee\/toode\/100-puuvillasest-longast-soe-naiste-kampsun-valge-suurusele-m-l-kohe-laos\/"},"modified":"2026-04-07T11:10:56","modified_gmt":"2026-04-07T08:10:56","slug":"100-medvilnes-siulu-siltas-moteriskas-megztinis-baltos-spalvos-dydis-m-l-dabar-turime-stoke","status":"publish","type":"product","link":"https:\/\/tellimused.stiilne.ee\/lt\/produktas\/100-medvilnes-siulu-siltas-moteriskas-megztinis-baltos-spalvos-dydis-m-l-dabar-turime-stoke\/","title":{"rendered":"100 % medviln\u0117s si\u016bl\u0173 \u0161iltas moteri\u0161kas megztinis, baltos spalvos, dydis M\/L \u2013 DABAR TURIME STOKE"},"content":{"rendered":"<div class=\"relative basis-auto flex-col -mb-(--composer-overlap-px) [--composer-overlap-px:28px] grow flex\">\n<div class=\"flex flex-col text-sm pb-25\">\n<article class=\"text-token-text-primary w-full focus:outline-none [--shadow-height:45px] has-data-writing-block:pointer-events-none has-data-writing-block:-mt-(--shadow-height) has-data-writing-block:pt-(--shadow-height) [&amp;:has([data-writing-block])&gt;*]:pointer-events-auto [content-visibility:auto] supports-[content-visibility:auto]:[contain-intrinsic-size:auto_100lvh] scroll-mt-[calc(var(--header-height)+min(200px,max(70px,20svh)))]\" dir=\"auto\" tabindex=\"-1\" data-turn-id=\"request-WEB:b0dd4c17-3dfe-4939-83b4-ec00abd9250d-0\" data-testid=\"conversation-turn-2\" data-scroll-anchor=\"true\" data-turn=\"assistant\">\n<div class=\"text-base my-auto mx-auto pb-10 [--thread-content-margin:--spacing(4)] @w-sm\/main:[--thread-content-margin:--spacing(6)] @w-lg\/main:[--thread-content-margin:--spacing(16)] px-(--thread-content-margin)\">\n<div class=\"[--thread-content-max-width:40rem] @w-lg\/main:[--thread-content-max-width:48rem] mx-auto max-w-(--thread-content-max-width) flex-1 group\/turn-messages focus-visible:outline-hidden relative flex w-full min-w-0 flex-col agent-turn\" tabindex=\"-1\">\n<div class=\"flex max-w-full flex-col grow\">\n<div class=\"min-h-8 text-message relative flex w-full flex-col items-end gap-2 text-start break-words whitespace-normal [.text-message+&amp;]:mt-1\" dir=\"auto\" data-message-author-role=\"assistant\" data-message-id=\"2d59ca75-1947-484c-b0f8-f6635b2004ea\" data-message-model-slug=\"gpt-5-2\">\n<div class=\"flex w-full flex-col gap-1 empty:hidden first:pt-[1px]\">\n<div class=\"markdown prose dark:prose-invert w-full wrap-break-word light markdown-new-styling\">\n<p>Moteri\u0161kas \u0161iltas medvilninis megztinis M\/L \u2013 100 % medviln\u0117, kv\u0117puojantis ir odai draugi\u0161kas<\/p>\n<p>\u0160is klasikinio kirpimo \u0161iltas moteri\u0161kas megztinis pagamintas i\u0161 100 % medviln\u0117s si\u016bl\u0173 ir tinka d\u0117v\u0117ti ruden\u012f, \u017eiem\u0105 ir pavasar\u012f. D\u0117l nesenstan\u010dio dizaino megztin\u012f galima derinti tiek su keln\u0117mis, tiek su sijonais \u2013 tai puikus pasirinkimas darbui, namams ir laisvalaikiui.<\/p>\n<p>Kod\u0117l verta rinktis medvilnin\u012f megztin\u012f?<\/p>\n<p>\u2714 100 % medviln\u0117 \u2013 odai draugi\u0161ka ir mink\u0161ta med\u017eiaga<\/p>\n<p>\u2714 Kv\u0117puojanti med\u017eiaga, nesukelianti prakaitavimo<\/p>\n<p>\u2714 Tinka jautriai odai<\/p>\n<p>\u2714 Patogus ir \u0161iltas, ta\u010diau lengvas<\/p>\n<p>\u2714 Neatsiranda nemalonaus statinio elektros kr\u016bvio<\/p>\n<p>\u2714 Tinkamai pri\u017ei\u016brimas, nesusivelia<\/p>\n<p>\u2714 Klasikinis kirpimas, kuris niekada nei\u0161eina i\u0161 mados<\/p>\n<p>Informacija apie dyd\u012f:<\/p>\n<p>NB! Gamintojas nurodo dyd\u012f XL, bet faktinis dydis atitinka M\/L.<\/p>\n<p>\u0160is patogus ir \u0161iltas moteri\u0161kas medvilninis megztinis yra idealus pasirinkimas, jei ie\u0161kote prakti\u0161ko, odai draugi\u0161ko ir universalaus drabu\u017eio kasdieniam ne\u0161iojimui.<\/p>\n<\/div>\n<\/div>\n<\/div>\n<\/div>\n<\/div>\n<\/div>\n<\/article>\n<\/div>\n<\/div>\n","protected":false},"excerpt":{"rendered":"<p>Moteri\u0161kas \u0161iltas medvilninis megztinis M\/L \u2013 100 % medviln\u0117, kv\u0117puojantis ir odai draugi\u0161kas \u0160is klasikinio kirpimo \u0161iltas moteri\u0161kas megztinis pagamintas i\u0161 100 % medviln\u0117s si\u016bl\u0173 ir tinka d\u0117v\u0117ti ruden\u012f, \u017eiem\u0105 ir pavasar\u012f. D\u0117l nesenstan\u010dio dizaino megztin\u012f galima derinti tiek su keln\u0117mis, tiek su sijonais \u2013 tai puikus pasirinkimas darbui, namams ir laisvalaikiui. Kod\u0117l verta rinktis [&hellip;]<\/p>\n","protected":false},"featured_media":262700,"comment_status":"closed","ping_status":"closed","template":"","meta":{"_acf_changed":false},"product_brand":[],"product_cat":[295],"product_tag":[],"class_list":{"0":"post-262699","1":"product","2":"type-product","3":"status-publish","4":"has-post-thumbnail","6":"product_cat-moteriski-megztiniai-marskineliai","8":"first","9":"instock","10":"sale","11":"taxable","12":"shipping-taxable","13":"purchasable","14":"product-type-variable","15":"has-default-attributes","16":"add-to-wishlist-after_add_to_cart"},"acf":[],"_links":{"self":[{"href":"https:\/\/tellimused.stiilne.ee\/lt\/wp-json\/wp\/v2\/product\/262699","targetHints":{"allow":["GET"]}}],"collection":[{"href":"https:\/\/tellimused.stiilne.ee\/lt\/wp-json\/wp\/v2\/product"}],"about":[{"href":"https:\/\/tellimused.stiilne.ee\/lt\/wp-json\/wp\/v2\/types\/product"}],"replies":[{"embeddable":true,"href":"https:\/\/tellimused.stiilne.ee\/lt\/wp-json\/wp\/v2\/comments?post=262699"}],"wp:featuredmedia":[{"embeddable":true,"href":"https:\/\/tellimused.stiilne.ee\/lt\/wp-json\/wp\/v2\/media\/262700"}],"wp:attachment":[{"href":"https:\/\/tellimused.stiilne.ee\/lt\/wp-json\/wp\/v2\/media?parent=262699"}],"wp:term":[{"taxonomy":"product_brand","embeddable":true,"href":"https:\/\/tellimused.stiilne.ee\/lt\/wp-json\/wp\/v2\/product_brand?post=262699"},{"taxonomy":"product_cat","embeddable":true,"href":"https:\/\/tellimused.stiilne.ee\/lt\/wp-json\/wp\/v2\/product_cat?post=262699"},{"taxonomy":"product_tag","embeddable":true,"href":"https:\/\/tellimused.stiilne.ee\/lt\/wp-json\/wp\/v2\/product_tag?post=262699"}],"curies":[{"name":"wp","href":"https:\/\/api.w.org\/{rel}","templated":true}]}}