{"id":262719,"date":"2026-03-12T17:38:08","date_gmt":"2026-03-12T15:38:08","guid":{"rendered":"https:\/\/tellimused.stiilne.ee\/toode\/huppa-naiste-talvemantel-eira-sinise-kirju300-gr-soojustusega-kohe-laos-l-ja-xxl-viimased\/"},"modified":"2026-04-07T11:06:16","modified_gmt":"2026-04-07T08:06:16","slug":"huppa-moteriskas-zieminis-paltas-eira-blue-multicoloured300-gr-izoliacija-neveikia-sandelyje-auksta-kaina","status":"publish","type":"product","link":"https:\/\/tellimused.stiilne.ee\/lt\/produktas\/huppa-moteriskas-zieminis-paltas-eira-blue-multicoloured300-gr-izoliacija-neveikia-sandelyje-auksta-kaina\/","title":{"rendered":"Huppa moteri\u0161kas \u017eieminis paltas Eira blue multicoloured(300 gr izoliacija)-neveikia sand\u0117lyje-auk\u0161ta kaina"},"content":{"rendered":"<h1>&#8222;Huppa Eira&#8221; ilgas moteri\u0161kas \u017eieminis paltas &#8211; \u0161iltas, atsparus vandeniui ir v\u0117jui<\/h1>\n<h2>Ilgas ir patogus moteri\u0161kas \u017eieminis paltas esti\u0161kai \u017eiemai<\/h2>\n<p>&#8222;<strong>Huppa Eira&#8221; ilgas moteri\u0161kas \u017eieminis paltas<\/strong> skirtas moterims, kurios nori maksimalios \u0161ilumos, apsaugos ir komforto \u0161altuoju met\u0173 laiku. D\u0117l ilgo kirpimo paltas i\u0161laiko \u0161ilum\u0105 k\u016bnui ir kojoms ir puikiai tinka kasdieniam ne\u0161iojimui \u012f darb\u0105, mieste, pasivaik\u0161\u010diojimams ir \u017eiemos pramogoms. <\/p>\n<h2>Funkcijos<\/h2>\n<p>&#8211; <strong>Neper\u0161lampanti ir kv\u0117puojanti<\/strong> &#8211; nelaidi vandeniui iki 5 000 mm, kv\u0117puojanti iki 5 000 g\/m\u00b2\/24 val., BIONIC-FINISH\u00aeECO vanden\u012f ir purv\u0105 atstumianti apdaila.<br \/>\n&#8211; <strong>Neperpu\u010diamas v\u0117jas<\/strong> &#8211; apsaugo nuo \u0161alto v\u0117jo ir dr\u0117gno oro<br \/>\n&#8211; <strong>Rekomenduojama d\u0117v\u0117jimo temperat\u016bra <\/strong> <strong>nuo -5\u00b0C iki -30\u00b0C<\/strong><br \/>\n&#8211; <strong>\u0160ilta ir patogu<\/strong> &#8211; ilgas kirpimas i\u0161laiko \u0161ilum\u0105 ir ant k\u016bno, ir ant koj\u0173.<br \/>\n&#8211; <strong>\u0160onin\u0117s ventiliacijos angos po paltu<\/strong> &#8211; leid\u017eia paltui pl\u0117stis ir patogiau jud\u0117ti.<br \/>\n&#8211; <strong>Dviej\u0173 kryp\u010di\u0173 priekinis u\u017eraktas<\/strong> &#8211; patogiau jud\u0117ti ir s\u0117d\u0117ti<br \/>\n&#8211; <strong>Fiksuojamas ir reguliuojamas gobtuvas<\/strong> &#8211; papildoma apsauga nuo v\u0117jo ir sniego<br \/>\n&#8211; <strong>Reguliuojamas rai\u0161telis ties juosmeniu,<\/strong> kad geriau priglust\u0173 ir <strong>nugaroje<\/strong> b\u016bt\u0173 moteri\u0161kesnis siluetas.<br \/>\n&#8211; Prakti\u0161kos ir \u0161iltos <strong>priekin\u0117s ki\u0161en\u0117s su pasl\u0117ptais u\u017etrauktukais<\/strong><br \/>\n&#8211; <strong>Vidin\u0117 u\u017etrauktuku u\u017esegama priekin\u0117 ki\u0161en\u0117<\/strong> &#8211; saugi vieta vertingiems daiktams<br \/>\n&#8211; <strong>Pailgintos rankovi\u0173 briaunos<\/strong> &#8211; apsaugo nuo \u0161al\u010dio<br \/>\n&#8211; <strong>Atspindin\u010dios detal\u0117s ant palto nugaros ir rankovi\u0173<\/strong> &#8211; geresniam matomumui tamsoje <\/p>\n<h2>Atsparus oro s\u0105lygoms ir pralaidus orui &#8211; patogus ilgesniam d\u0117v\u0117jimui<\/h2>\n<p>Paltas pasi\u016btas i\u0161 patvaraus techninio audinio su vanden\u012f ir purv\u0105 atstumian\u010dia <strong>BIONIC-FINISH\u00aeECO<\/strong> apdaila. Tai u\u017etikrina, kad paltas atlaikyt\u0173 liet\u0173, \u0161lapdrib\u0105 ir v\u0117j\u0105, kartu i\u0161laikydamas ger\u0105 pralaidum\u0105 orui. <\/p>\n<ul data-spread=\"false\">\n<li><strong>Atsparumas vandeniui <\/strong>5 000 mm<\/li>\n<li><strong>Kv\u0117puojamumas<\/strong> 5 000 g\/m\u00b2\/24 val.<\/li>\n<li><strong>V\u0117jui atsparus i\u0161orinis audinys<\/strong><\/li>\n<\/ul>\n<p>Rezultatas? Jausit\u0117s \u0161iltai ir sausai net ir permainingomis Estijos \u017eiemos oro s\u0105lygomis. <\/p>\n<h2>Med\u017eiagos ir izoliacija<\/h2>\n<ul data-spread=\"false\">\n<li><strong>Vir\u0161utinis audinys:<\/strong> 100 % perdirbtas poliesteris<\/li>\n<li><strong>Pamu\u0161alas <\/strong>100 % poliamidas<\/li>\n<li><strong>D\u017eersio vilna, <\/strong> 100 % poliesteris<\/li>\n<li><strong>\u0160iltinimas<\/strong> 300 g medvilnin\u0117s vatos &#8211; idealus ir pakankamas Estijos \u017eiemoms.<\/li>\n<\/ul>\n<div contenteditable=\"false\">\n<hr>\n<\/div>\n<h2>Gamintojo rekomenduojama d\u0117v\u0117jimo temperat\u016bra<\/h2>\n<p><strong>Nuo -5 \u00b0C iki -30 \u00b0C<\/strong><\/p>\n<p>Puikiai tinka Estijos \u017eiemoms &#8211; v\u0117juotas, dr\u0117gnas ir \u0161altas oras n\u0117ra problema.<\/p>\n<h2>Rekomenduojamas dydis<\/h2>\n<p>Rekomenduojame rinktis <strong>\u012fprast\u0105 palto ar striuk\u0117s dyd\u012f &#8211;<\/strong> &#8222;Huppa&#8221; dyd\u017eiai nurodyti pagal Europos dyd\u017ei\u0173 lentel\u0119.<br \/>\nPavyzdys: jei paprastai ne\u0161iojate M dyd\u017eio drabu\u017eius, rinkit\u0117s M dyd\u017eio &#8222;Huppa Eira&#8221; palt\u0105.<\/p>\n<div contenteditable=\"false\">\n<hr>\n<\/div>\n<h2>Matmen\u0173 lentel\u0117 (cm)<\/h2>\n<table width=\"832\">\n<tbody>\n<tr>\n<th>Dydis<\/th>\n<th>XS<\/th>\n<th>S<\/th>\n<th>M<\/th>\n<th>L<\/th>\n<th>XL<\/th>\n<th>XXL<\/th>\n<th>3XL<\/th>\n<\/tr>\n<tr>\n<td>Kr\u016btin\u0117s l\u0105stos apimtis<\/td>\n<td>104<\/td>\n<td>110<\/td>\n<td>116<\/td>\n<td>122<\/td>\n<td>130<\/td>\n<td>138<\/td>\n<td>146<\/td>\n<\/tr>\n<tr>\n<td>Klub\u0173 apimtis<\/td>\n<td>108<\/td>\n<td>114<\/td>\n<td>120<\/td>\n<td>126<\/td>\n<td>134<\/td>\n<td>142<\/td>\n<td>150<\/td>\n<\/tr>\n<tr>\n<td>Dir\u017eo apimtis<\/td>\n<td>104<\/td>\n<td>110<\/td>\n<td>116<\/td>\n<td>122<\/td>\n<td>130<\/td>\n<td>138<\/td>\n<td>146<\/td>\n<\/tr>\n<tr>\n<td>Visi Aeys<\/td>\n<td>120<\/td>\n<td>126<\/td>\n<td>132<\/td>\n<td>138<\/td>\n<td>146<\/td>\n<td>154<\/td>\n<td>162<\/td>\n<\/tr>\n<tr>\n<td>Pe\u010di\u0173 plotis<\/td>\n<td>40.5<\/td>\n<td>42<\/td>\n<td>43.5<\/td>\n<td>45<\/td>\n<td>47<\/td>\n<td>49<\/td>\n<td>51<\/td>\n<\/tr>\n<tr>\n<td>Rankovi\u0173 ilgis<\/td>\n<td>69<\/td>\n<td>70<\/td>\n<td>71<\/td>\n<td>72<\/td>\n<td>73<\/td>\n<td>74<\/td>\n<td>75<\/td>\n<\/tr>\n<tr>\n<td>Apvalkal\u0173 ilgis<\/td>\n<td>111<\/td>\n<td>112<\/td>\n<td>113<\/td>\n<td>114<\/td>\n<td>115<\/td>\n<td>116<\/td>\n<td>117<\/td>\n<\/tr>\n<\/tbody>\n<\/table>\n<div contenteditable=\"false\">\n<hr>\n<\/div>\n<h2>Be r\u016bpes\u010di\u0173 keiskite dyd\u012f arba spalv\u0105<\/h2>\n<p>Jei paltas netinka pagal dyd\u012f ar spalv\u0105,  <strong>viskas gerai<\/strong><br \/>\n<strong>Produkto keitimas visada NEMOKAMAS<\/strong> &#8211; su DPD gr\u0105\u017einimo kodu.<\/p>\n<div contenteditable=\"false\">\n<hr>\n<\/div>\n<h2>Lankstus mok\u0117jimas &#8211; ESTO mok\u0117jimas dalimis<\/h2>\n<p><strong>ESTO \u012fmokos<\/strong> &#8211; patogiai mok\u0117kite <strong>3 lygiomis dalimis<\/strong><br \/>\nPirmoji \u012fmoka  <strong>kito m\u0117nesio 15 d. <\/strong><br \/>\n<strong>Greitai<\/strong> gausite savo palt\u0105<\/p>\n<div contenteditable=\"false\">\n<hr>\n<\/div>\n<h2>Da\u017enai u\u017eduodami klausimai (DUK)<\/h2>\n<h3>Ar paltas tikrai atsparus vandeniui?<\/h3>\n<p>Taip. Atsparus vandeniui iki 5 000 mm ir BIONIC-FINISH\u00aeECO apdaila, apsauganti nuo lietaus, sniego ir purvo. <\/p>\n<h3>Ar \u0161is paltas tinka labai \u0161altam orui?<\/h3>\n<p>Taip. Rekomenduojama d\u0117v\u0117jimo temperat\u016bra yra nuo -5 \u00b0C iki -30 \u00b0C. <\/p>\n<h3>Ar paltas sunkus, ar lengvas?<\/h3>\n<p>Nepaisant storos izoliacijos, paltas yra patogus ir gerai subalansuotas &#8211; n\u0117ra sunkus d\u0117v\u0117ti.<\/p>\n<h3>Ar tinka kasdieniam d\u0117v\u0117jimui?<\/h3>\n<p>Absoliu\u010diai. Paltas skirtas kasdieniam naudojimui: darbui, miestui ir pasivaik\u0161\u010diojimams. <\/p>\n<h3>Kas atsitinka, jei u\u017esakytas dydis netinka?<\/h3>\n<p>Joki\u0173 problem\u0173 &#8211; su &#8222;DPD&#8221; gr\u0105\u017einimo kodu dyd\u017eio ir spalvos pakeitimas visada nemokamas.<\/p>\n<h3>Ar paltas jau yra sand\u0117lyje?<\/h3>\n<p>Taip, sand\u0117lyje esantys dyd\u017eiai ir spalvos greitai i\u0161siun\u010diami \u012f siunt\u0173 ma\u0161in\u0105.<\/p>\n<div contenteditable=\"false\">\n<hr>\n<\/div>\n<p><strong>&#8222;Huppa Eira&#8221; moteri\u0161kas ilgas \u017eieminis paltas<\/strong><\/p>\n<p>&#8222;Huppa&#8221; moteri\u0161kas \u017eieminis paltas &#8222;Eira&#8221; puikiai tinka Estijos \u017eiemai, kai orai v\u0117juoti, dr\u0117gni ir permainingi. Jis su\u0161ildo esant minusinei temperat\u016brai ir apsaugo nuo lietaus ir \u0161lapdribos, tod\u0117l visada b\u016bsite \u0161ilti ir sausi, kad ir koks b\u016bt\u0173 oras.<\/p>\n","protected":false},"excerpt":{"rendered":"<p>&#8222;Huppa Eira&#8221; ilgas moteri\u0161kas \u017eieminis paltas &#8211; \u0161iltas, atsparus vandeniui ir v\u0117jui Ilgas ir patogus moteri\u0161kas \u017eieminis paltas esti\u0161kai \u017eiemai &#8222;Huppa Eira&#8221; ilgas moteri\u0161kas \u017eieminis paltas skirtas moterims, kurios nori maksimalios \u0161ilumos, apsaugos ir komforto \u0161altuoju met\u0173 laiku. D\u0117l ilgo kirpimo paltas i\u0161laiko \u0161ilum\u0105 k\u016bnui ir kojoms ir puikiai tinka kasdieniam ne\u0161iojimui \u012f darb\u0105, mieste, [&hellip;]<\/p>\n","protected":false},"featured_media":262720,"comment_status":"closed","ping_status":"closed","template":"","meta":{"_acf_changed":false},"product_brand":[],"product_cat":[300,302,301],"product_tag":[],"class_list":{"0":"post-262719","1":"product","2":"type-product","3":"status-publish","4":"has-post-thumbnail","6":"product_cat-zieminiai-paltiniai","7":"product_cat-uncategorized","8":"product_cat-zieminiai-paltukai-iki-60","9":"product_shipping_class-tarneaeg-1-4-paeva","11":"first","12":"instock","13":"sale","14":"taxable","15":"shipping-taxable","16":"purchasable","17":"product-type-variable","18":"has-default-attributes","19":"add-to-wishlist-after_add_to_cart"},"acf":[],"_links":{"self":[{"href":"https:\/\/tellimused.stiilne.ee\/lt\/wp-json\/wp\/v2\/product\/262719","targetHints":{"allow":["GET"]}}],"collection":[{"href":"https:\/\/tellimused.stiilne.ee\/lt\/wp-json\/wp\/v2\/product"}],"about":[{"href":"https:\/\/tellimused.stiilne.ee\/lt\/wp-json\/wp\/v2\/types\/product"}],"replies":[{"embeddable":true,"href":"https:\/\/tellimused.stiilne.ee\/lt\/wp-json\/wp\/v2\/comments?post=262719"}],"wp:featuredmedia":[{"embeddable":true,"href":"https:\/\/tellimused.stiilne.ee\/lt\/wp-json\/wp\/v2\/media\/262720"}],"wp:attachment":[{"href":"https:\/\/tellimused.stiilne.ee\/lt\/wp-json\/wp\/v2\/media?parent=262719"}],"wp:term":[{"taxonomy":"product_brand","embeddable":true,"href":"https:\/\/tellimused.stiilne.ee\/lt\/wp-json\/wp\/v2\/product_brand?post=262719"},{"taxonomy":"product_cat","embeddable":true,"href":"https:\/\/tellimused.stiilne.ee\/lt\/wp-json\/wp\/v2\/product_cat?post=262719"},{"taxonomy":"product_tag","embeddable":true,"href":"https:\/\/tellimused.stiilne.ee\/lt\/wp-json\/wp\/v2\/product_tag?post=262719"}],"curies":[{"name":"wp","href":"https:\/\/api.w.org\/{rel}","templated":true}]}}