{"id":262817,"date":"2026-03-12T17:34:07","date_gmt":"2026-03-12T15:34:07","guid":{"rendered":"https:\/\/tellimused.stiilne.ee\/toode\/huppa-meeste-talveparka-werner-2-must-200gr-soojustus-kohe-laos\/"},"modified":"2026-04-07T11:06:16","modified_gmt":"2026-04-07T08:06:16","slug":"huppa-vyriska-ziemine-striuke-werner-2-juoda-200gr-apsiltinimas-nera-naudojimo","status":"publish","type":"product","link":"https:\/\/tellimused.stiilne.ee\/lt\/produktas\/huppa-vyriska-ziemine-striuke-werner-2-juoda-200gr-apsiltinimas-nera-naudojimo\/","title":{"rendered":"Huppa vyri\u0161ka \u017eiemin\u0117 striuk\u0117 Werner 2 juoda (200gr ap\u0161iltinimas) &#8211; N\u0116RA NAUDOJIMO"},"content":{"rendered":"<p>Vyri\u0161ka vandeniui ir v\u0117jui atspari \u017eiemin\u0117 striuk\u0117 su 200 g izoliacija. \u0160i parka sujungia \u0161ilum\u0105, funkcionalum\u0105 ir modern\u0173 dizain\u0105. Kr\u016btin\u0117s ki\u0161en\u0117s u\u017esegamos u\u017etrauktukais, o priekyje yra ki\u0161en\u0117s su magnetiniais u\u017etrauktukais. Kapi\u0161onas su nuimamu dirbtinio kailio apdaru suteikia universalumo ir lengvos prie\u017ei\u016bros. Audinyje taip pat yra \u0161vies\u0105 atspindin\u010di\u0173 detali\u0173, kad b\u016bt\u0173 geriau matomas tamsoje.<\/p>\n","protected":false},"excerpt":{"rendered":"<p>Vyri\u0161ka vandeniui ir v\u0117jui atspari \u017eiemin\u0117 striuk\u0117 su 200 g izoliacija. \u0160i parka sujungia \u0161ilum\u0105, funkcionalum\u0105 ir modern\u0173 dizain\u0105. Kr\u016btin\u0117s ki\u0161en\u0117s u\u017esegamos u\u017etrauktukais, o priekyje yra ki\u0161en\u0117s su magnetiniais u\u017etrauktukais. Kapi\u0161onas su nuimamu dirbtinio kailio apdaru suteikia universalumo ir lengvos prie\u017ei\u016bros. Audinyje taip pat yra \u0161vies\u0105 atspindin\u010di\u0173 detali\u0173, kad b\u016bt\u0173 geriau matomas tamsoje.<\/p>\n","protected":false},"featured_media":262818,"comment_status":"closed","ping_status":"closed","template":"","meta":{"_acf_changed":false},"product_brand":[],"product_cat":[304],"product_tag":[],"class_list":{"0":"post-262817","1":"product","2":"type-product","3":"status-publish","4":"has-post-thumbnail","6":"product_cat-huppa-vyriski-ir-berniuku-ziemos-striukes","7":"product_shipping_class-tarneaeg-1-4-paeva","9":"first","10":"instock","11":"sale","12":"taxable","13":"shipping-taxable","14":"purchasable","15":"product-type-variable","16":"has-default-attributes","17":"add-to-wishlist-after_add_to_cart"},"acf":[],"_links":{"self":[{"href":"https:\/\/tellimused.stiilne.ee\/lt\/wp-json\/wp\/v2\/product\/262817","targetHints":{"allow":["GET"]}}],"collection":[{"href":"https:\/\/tellimused.stiilne.ee\/lt\/wp-json\/wp\/v2\/product"}],"about":[{"href":"https:\/\/tellimused.stiilne.ee\/lt\/wp-json\/wp\/v2\/types\/product"}],"replies":[{"embeddable":true,"href":"https:\/\/tellimused.stiilne.ee\/lt\/wp-json\/wp\/v2\/comments?post=262817"}],"wp:featuredmedia":[{"embeddable":true,"href":"https:\/\/tellimused.stiilne.ee\/lt\/wp-json\/wp\/v2\/media\/262818"}],"wp:attachment":[{"href":"https:\/\/tellimused.stiilne.ee\/lt\/wp-json\/wp\/v2\/media?parent=262817"}],"wp:term":[{"taxonomy":"product_brand","embeddable":true,"href":"https:\/\/tellimused.stiilne.ee\/lt\/wp-json\/wp\/v2\/product_brand?post=262817"},{"taxonomy":"product_cat","embeddable":true,"href":"https:\/\/tellimused.stiilne.ee\/lt\/wp-json\/wp\/v2\/product_cat?post=262817"},{"taxonomy":"product_tag","embeddable":true,"href":"https:\/\/tellimused.stiilne.ee\/lt\/wp-json\/wp\/v2\/product_tag?post=262817"}],"curies":[{"name":"wp","href":"https:\/\/api.w.org\/{rel}","templated":true}]}}