{"id":262825,"date":"2026-03-12T17:33:42","date_gmt":"2026-03-12T15:33:42","guid":{"rendered":"https:\/\/tellimused.stiilne.ee\/toode\/live-in-style-unisex-naturaalnahast-must-kosmeetikakott-kohe-laos-hea-hind\/"},"modified":"2026-04-07T11:06:17","modified_gmt":"2026-04-07T08:06:17","slug":"live-in-style-unisex-naturalios-juodos-odos-kosmetine-turime-sandelyje-auksta-kaina","status":"publish","type":"product","link":"https:\/\/tellimused.stiilne.ee\/lt\/produktas\/live-in-style-unisex-naturalios-juodos-odos-kosmetine-turime-sandelyje-auksta-kaina\/","title":{"rendered":"Live In Style unisex nat\u016bralios juodos odos kosmetin\u0117-turime sand\u0117lyje-auk\u0161ta kaina"},"content":{"rendered":"<p>Gaminio med\u017eiaga nat\u016brali oda<\/p>\n<p>Patogi ki\u0161en\u0117l\u0117 i\u0161or\u0117je, kuri u\u017esegama u\u017eraktu<\/p>\n<p>Gaminio matmenys 20x10x9 cm<\/p>\n<p>Plotis 20 cm, gylis 10 cm, auk\u0161tis 9 cm<\/p>\n<p>Gaminys yra sand\u0117lyje &#8211; pristatymas per kelias dienas.<\/p>\n","protected":false},"excerpt":{"rendered":"<p>Gaminio med\u017eiaga nat\u016brali oda Patogi ki\u0161en\u0117l\u0117 i\u0161or\u0117je, kuri u\u017esegama u\u017eraktu Gaminio matmenys 20x10x9 cm Plotis 20 cm, gylis 10 cm, auk\u0161tis 9 cm Gaminys yra sand\u0117lyje &#8211; pristatymas per kelias dienas.<\/p>\n","protected":false},"featured_media":262826,"comment_status":"closed","ping_status":"closed","template":"","meta":{"_acf_changed":false},"product_brand":[],"product_cat":[316],"product_tag":[],"class_list":{"0":"post-262825","1":"product","2":"type-product","3":"status-publish","4":"has-post-thumbnail","6":"product_cat-dovanos-vyrams","8":"first","9":"instock","10":"sale","11":"taxable","12":"shipping-taxable","13":"purchasable","14":"product-type-variable","15":"has-default-attributes","16":"add-to-wishlist-after_add_to_cart"},"acf":[],"_links":{"self":[{"href":"https:\/\/tellimused.stiilne.ee\/lt\/wp-json\/wp\/v2\/product\/262825","targetHints":{"allow":["GET"]}}],"collection":[{"href":"https:\/\/tellimused.stiilne.ee\/lt\/wp-json\/wp\/v2\/product"}],"about":[{"href":"https:\/\/tellimused.stiilne.ee\/lt\/wp-json\/wp\/v2\/types\/product"}],"replies":[{"embeddable":true,"href":"https:\/\/tellimused.stiilne.ee\/lt\/wp-json\/wp\/v2\/comments?post=262825"}],"wp:featuredmedia":[{"embeddable":true,"href":"https:\/\/tellimused.stiilne.ee\/lt\/wp-json\/wp\/v2\/media\/262826"}],"wp:attachment":[{"href":"https:\/\/tellimused.stiilne.ee\/lt\/wp-json\/wp\/v2\/media?parent=262825"}],"wp:term":[{"taxonomy":"product_brand","embeddable":true,"href":"https:\/\/tellimused.stiilne.ee\/lt\/wp-json\/wp\/v2\/product_brand?post=262825"},{"taxonomy":"product_cat","embeddable":true,"href":"https:\/\/tellimused.stiilne.ee\/lt\/wp-json\/wp\/v2\/product_cat?post=262825"},{"taxonomy":"product_tag","embeddable":true,"href":"https:\/\/tellimused.stiilne.ee\/lt\/wp-json\/wp\/v2\/product_tag?post=262825"}],"curies":[{"name":"wp","href":"https:\/\/api.w.org\/{rel}","templated":true}]}}