{"id":262830,"date":"2026-03-12T17:32:13","date_gmt":"2026-03-12T15:32:13","guid":{"rendered":"https:\/\/tellimused.stiilne.ee\/toode\/live-in-style-naturaalnahast-meeste-kaarditasku-must-kohe-laos-super-hind\/"},"modified":"2026-04-07T11:06:20","modified_gmt":"2026-04-07T08:06:20","slug":"live-in-style-natural-leather-vyriska-kisenine-kortele-juodos-spalvos-kazkada-pasirupinusios-kainos","status":"publish","type":"product","link":"https:\/\/tellimused.stiilne.ee\/lt\/produktas\/live-in-style-natural-leather-vyriska-kisenine-kortele-juodos-spalvos-kazkada-pasirupinusios-kainos\/","title":{"rendered":"Live In Style NATURAL LEATHER vyri\u0161ka ki\u0161enin\u0117 kortel\u0117 juodos spalvos &#8211; KA\u017dKADA PASIR\u016aPINUSIOS KAINOS"},"content":{"rendered":"<h2 data-start=\"151\" data-end=\"242\"><strong data-start=\"154\" data-end=\"242\">Minimalistin\u0117, eleganti\u0161ka ir patogi vyri\u0161ka nat\u016bralios odos ki\u0161enin\u0117 kortel\u0117 kasdienai  \u2728<\/strong><\/h2>\n<p data-start=\"244\" data-end=\"514\">\u0160i <strong data-start=\"270\" data-end=\"300\">nat\u016bralios odos ki\u0161en\u0117<\/strong>, sukurta \u0161iuolaikiniam vyrui, yra puikus pasirinkimas, jei m\u0117gstate ne\u0161iotis tik b\u016btiniausius daiktus. Minimalistinio ir plono dizaino ki\u0161en\u0117l\u0117je saugiai laikysite <strong data-start=\"424\" data-end=\"462\">banko korteles, asmens tapatyb\u0117s kortel\u0119 ir vairuotojo pa\u017eym\u0117jim\u0105<\/strong>, o ki\u0161en\u0117je bus maksimaliai patogu. <\/p>\n<hr data-start=\"516\" data-end=\"519\">\n<h2 data-start=\"521\" data-end=\"577\"><strong data-start=\"524\" data-end=\"577\">Auk\u0161\u010diausios kokyb\u0117s nat\u016brali oda &#8211; patvari ir prabangi  <\/strong><\/h2>\n<p data-start=\"579\" data-end=\"813\">Korteli\u0173 pinigin\u0117 pagaminta <strong data-start=\"606\" data-end=\"643\">i\u0161 auk\u0161tos kokyb\u0117s nat\u016bralios odos,<\/strong> kuri atlaikys kasdien\u012f naudojim\u0105 ir laikui b\u0117gant taps mink\u0161tesn\u0117 ir stilingesn\u0117. Oda suteikia gaminiui i\u0161skirtin\u0119 i\u0161vaizd\u0105 ir \u0161iuolaiki\u0161k\u0105, laikui nepavald\u017ei\u0105 mading\u0105 i\u0161vaizd\u0105. <\/p>\n<hr data-start=\"815\" data-end=\"818\">\n<h2 data-start=\"820\" data-end=\"882\"><strong data-start=\"823\" data-end=\"882\">Plonas, lengvas ir prakti\u0161kas &#8211; viskas, ko reikia, vienoje vietoje  <\/strong><\/h2>\n<ul data-start=\"884\" data-end=\"1080\">\n<li data-start=\"884\" data-end=\"906\">\n<p data-start=\"886\" data-end=\"906\">Keli korteli\u0173 lizdai<\/p>\n<\/li>\n<li data-start=\"907\" data-end=\"956\">\n<p data-start=\"909\" data-end=\"956\">Greita prieiga prie da\u017eniausiai naudojam\u0173 korteli\u0173<\/p>\n<\/li>\n<li data-start=\"957\" data-end=\"1042\">\n<p data-start=\"959\" data-end=\"1042\">Puikiai telpa kelni\u0173 ki\u0161en\u0117je, kostiumo ki\u0161en\u0117je arba nedideliame rankiniame krep\u0161yje.<\/p>\n<\/li>\n<li data-start=\"1043\" data-end=\"1080\">\n<p data-start=\"1045\" data-end=\"1080\">Nesitraukia ir nepraranda formos<\/p>\n<\/li>\n<\/ul>\n<p data-start=\"1082\" data-end=\"1236\">\u0160i <strong data-start=\"1086\" data-end=\"1108\">vyri\u0161ka korteli\u0173 pinigin\u0117<\/strong> idealiai tinka tiems, kurie nenori ne\u0161iotis dideli\u0173 pinigini\u0173, bet kuriems reikia saugaus ir stilingo b\u016bdo kortel\u0117ms laikyti.<\/p>\n<hr data-start=\"1238\" data-end=\"1241\">\n<h2 data-start=\"1243\" data-end=\"1290\"><strong data-start=\"1246\" data-end=\"1290\">Turime sand\u0117lyje &#8211; greitas pristatymas per kelias dienas  <\/strong><\/h2>\n<p data-start=\"1292\" data-end=\"1498\">Kortel\u0117s ki\u0161en\u0117 <strong data-start=\"1307\" data-end=\"1324\">i\u0161 karto yra sand\u0117lyje<\/strong>, tod\u0117l j\u0105 galite patogiai gauti vos per <strong data-start=\"1374\" data-end=\"1390\">kelias dienas<\/strong>. Puikus pasirinkimas, jei jums reikia greitos dovanos arba norite sen\u0105 pinigin\u0119 pakeisti modernesniu variantu. <\/p>\n<hr data-start=\"1500\" data-end=\"1503\">\n<h2 data-start=\"1505\" data-end=\"1557\"><strong data-start=\"1508\" data-end=\"1557\">Tiksli ir apgalvota dovana kiekvienam vyrui  <\/strong><\/h2>\n<p data-start=\"1559\" data-end=\"1622\">Minimalistin\u0117 korteli\u0173 pinigin\u0117 yra puiki dovana&#8230;<\/p>\n<ul data-start=\"1624\" data-end=\"1669\">\n<li data-start=\"1624\" data-end=\"1634\">\n<p data-start=\"1626\" data-end=\"1634\">vyrams<\/p>\n<\/li>\n<li data-start=\"1635\" data-end=\"1645\">\n<p data-start=\"1637\" data-end=\"1645\">s\u016bnui<\/p>\n<\/li>\n<li data-start=\"1646\" data-end=\"1655\">\n<p data-start=\"1648\" data-end=\"1655\">isale<\/p>\n<\/li>\n<li data-start=\"1656\" data-end=\"1669\">\n<p data-start=\"1658\" data-end=\"1669\">senelis<\/p>\n<\/li>\n<\/ul>\n<p data-start=\"1671\" data-end=\"1829\">Nesvarbu, ar tai b\u016bt\u0173 <strong data-start=\"1680\" data-end=\"1734\">Kal\u0117dos, gimtadienis, T\u0117vo diena, ar bet kokia kita ypatinga proga<\/strong>, nat\u016bralios odos korteli\u0173 pinigin\u0117 &#8211; prakti\u0161ka ir nesenstanti dovana kasdieniam naudojimui.<\/p>\n<hr data-start=\"1831\" data-end=\"1834\">\n<h3 data-start=\"1836\" data-end=\"1894\"><strong data-start=\"1840\" data-end=\"1894\">Kod\u0117l verta rinktis \u0161i\u0105 vyri\u0161k\u0105 nat\u016bralios odos ki\u0161enin\u0119 kortel\u0119?<\/strong><\/h3>\n<p data-start=\"1896\" data-end=\"2086\">\u2714 Minimalistinis ir plonas dizainas<br data-start=\"1927\" data-end=\"1930\">\u2714 Auk\u0161tos kokyb\u0117s nat\u016brali oda<br data-start=\"1956\" data-end=\"1959\">\u2714 Talpina visas svarbias korteles<br data-start=\"1990\" data-end=\"1993\">\u2714 Patogus kasdieniam ne\u0161iojimui<br data-start=\"2024\" data-end=\"2027\">\u2714 Puikiai tinka kaip dovana<br data-start=\"2057\" data-end=\"2060\">\u2714 Greitas pristatymas tiesiai i\u0161 sand\u0117lio<\/p>\n","protected":false},"excerpt":{"rendered":"<p>Minimalistin\u0117, eleganti\u0161ka ir patogi vyri\u0161ka nat\u016bralios odos ki\u0161enin\u0117 kortel\u0117 kasdienai \u2728 \u0160i nat\u016bralios odos ki\u0161en\u0117, sukurta \u0161iuolaikiniam vyrui, yra puikus pasirinkimas, jei m\u0117gstate ne\u0161iotis tik b\u016btiniausius daiktus. Minimalistinio ir plono dizaino ki\u0161en\u0117l\u0117je saugiai laikysite banko korteles, asmens tapatyb\u0117s kortel\u0119 ir vairuotojo pa\u017eym\u0117jim\u0105, o ki\u0161en\u0117je bus maksimaliai patogu. Auk\u0161\u010diausios kokyb\u0117s nat\u016brali oda &#8211; patvari ir prabangi [&hellip;]<\/p>\n","protected":false},"featured_media":262831,"comment_status":"closed","ping_status":"closed","template":"","meta":{"_acf_changed":false},"product_brand":[],"product_cat":[316],"product_tag":[],"class_list":{"0":"post-262830","1":"product","2":"type-product","3":"status-publish","4":"has-post-thumbnail","6":"product_cat-dovanos-vyrams","8":"first","9":"instock","10":"sale","11":"taxable","12":"shipping-taxable","13":"purchasable","14":"product-type-variable","15":"has-default-attributes","16":"add-to-wishlist-after_add_to_cart"},"acf":[],"_links":{"self":[{"href":"https:\/\/tellimused.stiilne.ee\/lt\/wp-json\/wp\/v2\/product\/262830","targetHints":{"allow":["GET"]}}],"collection":[{"href":"https:\/\/tellimused.stiilne.ee\/lt\/wp-json\/wp\/v2\/product"}],"about":[{"href":"https:\/\/tellimused.stiilne.ee\/lt\/wp-json\/wp\/v2\/types\/product"}],"replies":[{"embeddable":true,"href":"https:\/\/tellimused.stiilne.ee\/lt\/wp-json\/wp\/v2\/comments?post=262830"}],"wp:featuredmedia":[{"embeddable":true,"href":"https:\/\/tellimused.stiilne.ee\/lt\/wp-json\/wp\/v2\/media\/262831"}],"wp:attachment":[{"href":"https:\/\/tellimused.stiilne.ee\/lt\/wp-json\/wp\/v2\/media?parent=262830"}],"wp:term":[{"taxonomy":"product_brand","embeddable":true,"href":"https:\/\/tellimused.stiilne.ee\/lt\/wp-json\/wp\/v2\/product_brand?post=262830"},{"taxonomy":"product_cat","embeddable":true,"href":"https:\/\/tellimused.stiilne.ee\/lt\/wp-json\/wp\/v2\/product_cat?post=262830"},{"taxonomy":"product_tag","embeddable":true,"href":"https:\/\/tellimused.stiilne.ee\/lt\/wp-json\/wp\/v2\/product_tag?post=262830"}],"curies":[{"name":"wp","href":"https:\/\/api.w.org\/{rel}","templated":true}]}}