{"id":262833,"date":"2026-03-12T17:31:47","date_gmt":"2026-03-12T15:31:47","guid":{"rendered":"https:\/\/tellimused.stiilne.ee\/toode\/live-in-style-naturaalnahast-meeste-rahakott-pruun-kohe-laos-super-hind\/"},"modified":"2026-04-07T11:06:20","modified_gmt":"2026-04-07T08:06:20","slug":"live-in-style-naturalios-odos-vyriska-rudos-spalvos-pinigine-naudojama-super-hind","status":"publish","type":"product","link":"https:\/\/tellimused.stiilne.ee\/lt\/produktas\/live-in-style-naturalios-odos-vyriska-rudos-spalvos-pinigine-naudojama-super-hind\/","title":{"rendered":"Live In Style Nat\u016bralios odos vyri\u0161ka rudos spalvos pinigin\u0117 &#8211; NAUDOJAMA &#8211; SUPER KAINA"},"content":{"rendered":"<h2 data-start=\"661\" data-end=\"712\"><strong data-start=\"664\" data-end=\"712\">Auk\u0161tos kokyb\u0117s nat\u016brali oda &#8211; nesenstantis pasirinkimas  <\/strong><\/h2>\n<p data-start=\"714\" data-end=\"984\">Pinigin\u0117 pagaminta i\u0161 <strong data-start=\"738\" data-end=\"775\">auk\u0161tos kokyb\u0117s nat\u016bralios odos,<\/strong> kuri puikiai atlaikys kasdien\u012f naudojim\u0105 ir laikui b\u0117gant tik gra\u017e\u0117s. Mink\u0161ta ir prabangi oda suteikia piniginei eleganti\u0161k\u0105 i\u0161vaizd\u0105 ir leid\u017eia j\u0105 patogiai naudoti tiek kelni\u0173 ki\u0161en\u0117je, tiek rankin\u0117je.<\/p>\n<hr data-start=\"986\" data-end=\"989\" \/>\n<h2 data-start=\"991\" data-end=\"1028\"><strong data-start=\"994\" data-end=\"1028\">Viskas, ko reikia, visada su jumis  <\/strong><\/h2>\n<ul data-start=\"1030\" data-end=\"1216\">\n<li data-start=\"1030\" data-end=\"1063\">\n<p data-start=\"1032\" data-end=\"1063\">Atskiros ki\u0161en\u0117s banko kortel\u0117ms<\/p>\n<\/li>\n<li data-start=\"1064\" data-end=\"1100\">\n<p data-start=\"1066\" data-end=\"1100\">Monet\u0173 ki\u0161en\u0117l\u0117 su saugiu u\u017esegimu<\/p>\n<\/li>\n<li data-start=\"1101\" data-end=\"1152\">\n<p data-start=\"1103\" data-end=\"1152\">Pinig\u0173 ki\u0161en\u0117s, kuriose galima laikyti ir didesnius kuponus<\/p>\n<\/li>\n<li data-start=\"1153\" data-end=\"1216\">\n<p data-start=\"1155\" data-end=\"1216\">Kompakti\u0161kas dydis &#8211; puikiai tinka kasdieniam naudojimui<\/p>\n<\/li>\n<\/ul>\n<p data-start=\"1218\" data-end=\"1304\">\u0160i <strong data-start=\"1222\" data-end=\"1241\">vyri\u0161ka pinigin\u0117<\/strong> yra prakti\u0161kas pasirinkimas darbui, kelion\u0117ms ir kasdieniam apsipirkimui.<\/p>\n<hr data-start=\"1306\" data-end=\"1309\" \/>\n<h2 data-start=\"1311\" data-end=\"1353\"><strong data-start=\"1314\" data-end=\"1353\">Greitas pristatymas &#8211; prek\u0117 yra sand\u0117lyje  <\/strong><\/h2>\n<p data-start=\"1355\" data-end=\"1541\">Pinigin\u0117 <strong data-start=\"1367\" data-end=\"1387\">yra sand\u0117lyje<\/strong>, tod\u0117l \u012f j\u016bs\u0173 pasirinkt\u0105 siunt\u0173 automat\u0105 ji bus pristatyta vos per <strong data-start=\"1432\" data-end=\"1449\">kelias dienas.<\/strong> Puikiai tinka, jei jums reikia dovanos paskutin\u0119 minut\u0119 arba norite i\u0161 karto prad\u0117ti naudoti nauj\u0105j\u0105 pinigin\u0119.<\/p>\n<hr data-start=\"1543\" data-end=\"1546\" \/>\n<h2 data-start=\"1548\" data-end=\"1602\"><strong data-start=\"1551\" data-end=\"1602\">Puiki dovana vyrui bet kuri\u0105 ypating\u0105 dien\u0105  <\/strong><\/h2>\n<p data-start=\"1604\" data-end=\"1696\">Kokybi\u0161ka <strong data-start=\"1616\" data-end=\"1635\">odin\u0117 pinigin\u0117<\/strong> &#8211; dovana, kuri visada yra pirmoje vietoje. Puikiai tinka<\/p>\n<ul data-start=\"1698\" data-end=\"1743\">\n<li data-start=\"1698\" data-end=\"1708\">\n<p data-start=\"1700\" data-end=\"1708\">vyrams<\/p>\n<\/li>\n<li data-start=\"1709\" data-end=\"1719\">\n<p data-start=\"1711\" data-end=\"1719\">s\u016bnui<\/p>\n<\/li>\n<li data-start=\"1720\" data-end=\"1729\">\n<p data-start=\"1722\" data-end=\"1729\">isale<\/p>\n<\/li>\n<li data-start=\"1730\" data-end=\"1743\">\n<p data-start=\"1732\" data-end=\"1743\">senelis<\/p>\n<\/li>\n<\/ul>\n<p data-start=\"1745\" data-end=\"1857\">Nesvarbu, ar tai b\u016bt\u0173 <strong data-start=\"1758\" data-end=\"1812\">Kal\u0117dos, gimtadienis, T\u0117vo diena, ar bet kokia kita ypatinga proga<\/strong>, \u0161i pinigin\u0117 &#8211; pasitik\u0117jimo vertas ir eleganti\u0161kas pasirinkimas.<\/p>\n<hr data-start=\"1859\" data-end=\"1862\" \/>\n<h3 data-start=\"1864\" data-end=\"1919\"><strong data-start=\"1868\" data-end=\"1919\">Kod\u0117l verta rinktis \u0161i\u0105 vyri\u0161k\u0105 nat\u016bralios odos pinigin\u0119?<\/strong><\/h3>\n<p data-start=\"1921\" data-end=\"2104\">\u2714 Nesenstantis ir eleganti\u0161kas dizainas<br data-start=\"1948\" data-end=\"1951\" \/>\u2714 Auk\u0161tos kokyb\u0117s nat\u016brali oda<br data-start=\"1980\" data-end=\"1983\" \/>\u2714 Talpina visus b\u016btiniausius daiktus<br data-start=\"2005\" data-end=\"2008\" \/>\u2714 Kompakti\u0161kas ir patogus naudoti<br data-start=\"2037\" data-end=\"2040\" \/>\u2714 Greitas pristatymas tiesiai i\u0161 sand\u0117lio<br data-start=\"2064\" data-end=\"2067\" \/>\u2714 Puiki dovana bet kuriam vyrui<\/p>\n","protected":false},"excerpt":{"rendered":"<p>Auk\u0161tos kokyb\u0117s nat\u016brali oda &#8211; nesenstantis pasirinkimas Pinigin\u0117 pagaminta i\u0161 auk\u0161tos kokyb\u0117s nat\u016bralios odos, kuri puikiai atlaikys kasdien\u012f naudojim\u0105 ir laikui b\u0117gant tik gra\u017e\u0117s. Mink\u0161ta ir prabangi oda suteikia piniginei eleganti\u0161k\u0105 i\u0161vaizd\u0105 ir leid\u017eia j\u0105 patogiai naudoti tiek kelni\u0173 ki\u0161en\u0117je, tiek rankin\u0117je. Viskas, ko reikia, visada su jumis Atskiros ki\u0161en\u0117s banko kortel\u0117ms Monet\u0173 ki\u0161en\u0117l\u0117 su [&hellip;]<\/p>\n","protected":false},"featured_media":262834,"comment_status":"closed","ping_status":"closed","template":"","meta":{"_acf_changed":false},"product_brand":[],"product_cat":[316],"product_tag":[],"class_list":{"0":"post-262833","1":"product","2":"type-product","3":"status-publish","4":"has-post-thumbnail","6":"product_cat-dovanos-vyrams","8":"first","9":"instock","10":"sale","11":"taxable","12":"shipping-taxable","13":"purchasable","14":"product-type-variable","15":"has-default-attributes","16":"add-to-wishlist-after_add_to_cart"},"acf":[],"_links":{"self":[{"href":"https:\/\/tellimused.stiilne.ee\/lt\/wp-json\/wp\/v2\/product\/262833","targetHints":{"allow":["GET"]}}],"collection":[{"href":"https:\/\/tellimused.stiilne.ee\/lt\/wp-json\/wp\/v2\/product"}],"about":[{"href":"https:\/\/tellimused.stiilne.ee\/lt\/wp-json\/wp\/v2\/types\/product"}],"replies":[{"embeddable":true,"href":"https:\/\/tellimused.stiilne.ee\/lt\/wp-json\/wp\/v2\/comments?post=262833"}],"wp:featuredmedia":[{"embeddable":true,"href":"https:\/\/tellimused.stiilne.ee\/lt\/wp-json\/wp\/v2\/media\/262834"}],"wp:attachment":[{"href":"https:\/\/tellimused.stiilne.ee\/lt\/wp-json\/wp\/v2\/media?parent=262833"}],"wp:term":[{"taxonomy":"product_brand","embeddable":true,"href":"https:\/\/tellimused.stiilne.ee\/lt\/wp-json\/wp\/v2\/product_brand?post=262833"},{"taxonomy":"product_cat","embeddable":true,"href":"https:\/\/tellimused.stiilne.ee\/lt\/wp-json\/wp\/v2\/product_cat?post=262833"},{"taxonomy":"product_tag","embeddable":true,"href":"https:\/\/tellimused.stiilne.ee\/lt\/wp-json\/wp\/v2\/product_tag?post=262833"}],"curies":[{"name":"wp","href":"https:\/\/api.w.org\/{rel}","templated":true}]}}