{"id":262848,"date":"2026-03-12T17:28:32","date_gmt":"2026-03-12T15:28:32","guid":{"rendered":"https:\/\/tellimused.stiilne.ee\/toode\/stiilne-must-taskutega-pusakleit-kirjud-suled-uudis-suurus-m38-40-kohe-laos-teised-suurused-tellimisel\/"},"modified":"2026-04-07T11:06:20","modified_gmt":"2026-04-07T08:06:20","slug":"stilinga-juoda-palaidine-suknele-su-kisenemis-siuvinetos-plunksnos-udated-dydis-m38-40-netrukus-pasirodys-sandelyje-kiti-dydziai-pagal-pageidavima","status":"publish","type":"product","link":"https:\/\/tellimused.stiilne.ee\/lt\/produktas\/stilinga-juoda-palaidine-suknele-su-kisenemis-siuvinetos-plunksnos-udated-dydis-m38-40-netrukus-pasirodys-sandelyje-kiti-dydziai-pagal-pageidavima\/","title":{"rendered":"Stilinga juoda palaidin\u0117 suknel\u0117 su ki\u0161en\u0117mis Siuvin\u0117tos plunksnos-UDATED- dydis M(38-40)-netrukus pasirodys sand\u0117lyje- kiti dyd\u017eiai pagal pageidavim\u0105"},"content":{"rendered":"<h3 data-start=\"275\" data-end=\"331\"><strong data-start=\"279\" data-end=\"331\">Patogi ir odai draugi\u0161ka megztin\u0117 suknel\u0117 kiekvienai dienai  <\/strong><\/h3>\n<p data-start=\"332\" data-end=\"686\">&#8222;Yemi Design&#8221; palaidin\u0117s suknel\u0117 pasi\u016bta i\u0161 mink\u0161to ir orui laidaus medvilninio audinio, tod\u0117l yra viena patogiausi\u0173 sukneli\u0173 kasdieniam d\u0117v\u0117jimui. Palaidin\u0117s suknel\u0117 puikiai tinka darbui, laisvalaikiui ar tiesiog poilsiui namuose. Suknel\u0117 turi patogias ki\u0161enes ir patog\u0173 ilg\u012f, dengiant\u012f daugumos moter\u0173 kelius &#8211; jauskit\u0117s moteri\u0161kai ir patogiai i\u0161tisus metus. \u2744\ufe0f \u2600\ufe0f    <\/p>\n<hr data-start=\"688\" data-end=\"691\">\n<h3 data-start=\"693\" data-end=\"734\"><strong data-start=\"697\" data-end=\"734\">Med\u017eiaga &#8211; \u0161ilta, mink\u0161ta ir elastinga  <\/strong><\/h3>\n<p data-start=\"735\" data-end=\"923\">Palaidin\u0117s audinys <strong data-start=\"754\" data-end=\"782\">95 % medviln\u0117, 5 % elastanas<\/strong><br data-start=\"782\" data-end=\"785\">Audinys yra elastingas, mink\u0161tas ir patogus, tod\u0117l net ir \u0161altuoju met\u0173 laiku i\u0161lieka \u0161iltas. \u017diem\u0105 tereikia prid\u0117ti \u0161iltas p\u0117dkelnes ir j\u016bs\u0173 apranga paruo\u0161ta! <\/p>\n<hr data-start=\"925\" data-end=\"928\">\n<h3 data-start=\"930\" data-end=\"985\"><strong data-start=\"934\" data-end=\"985\">Sukurta ir rankomis pagaminta Estijoje  <\/strong><\/h3>\n<p data-start=\"986\" data-end=\"1135\">Visos &#8222;Yemi Design&#8221; palaidini\u0173 suknel\u0117s ir palaidin\u0117s yra <strong data-start=\"1027\" data-end=\"1043\">100 % rank\u0173 darbo<\/strong> Estijoje. Kiekviena suknel\u0117 pagaminta kruop\u0161\u010diai ir su meile, tod\u0117l jos kokyb\u0117 i\u0161lieka. <\/p>\n<hr data-start=\"1137\" data-end=\"1140\">\n<h3 data-start=\"1142\" data-end=\"1161\">Yemi Design megztini\u0173 sukneli\u0173 matavimo lentel\u0117<\/h3>\n<table>\n<thead>\n<tr>\n<th align=\"center\">Dydis<\/th>\n<th align=\"center\">Kr\u016btin\u0117s apimtis (cm)<\/th>\n<th align=\"center\">Klub\u0173 apimtis (cm)<\/th>\n<th align=\"center\">Nugaros ilgis su juosmeniu (cm)<\/th>\n<th align=\"center\">Rankov\u0117s ilgis su rankogaliu (cm)<\/th>\n<\/tr>\n<\/thead>\n<tbody>\n<tr>\n<td align=\"center\"><strong>XS(<\/strong>34)<\/td>\n<td align=\"center\"><strong>87.0<\/strong><\/td>\n<td align=\"center\"><strong>93.48<\/strong><\/td>\n<td align=\"center\"><strong>96.22<\/strong><\/td>\n<td align=\"center\"><strong>58.88<\/strong><\/td>\n<\/tr>\n<tr>\n<td align=\"center\"><strong>S(<\/strong>36)<\/td>\n<td align=\"center\"><strong>93.0<\/strong><\/td>\n<td align=\"center\"><strong>99.48<\/strong><\/td>\n<td align=\"center\"><strong>97.72<\/strong><\/td>\n<td align=\"center\"><strong>60.38<\/strong><\/td>\n<\/tr>\n<tr>\n<td align=\"center\"><strong>M(<\/strong>38-40)<\/td>\n<td align=\"center\"><strong>99.0<\/strong><\/td>\n<td align=\"center\"><strong>105.48<\/strong><\/td>\n<td align=\"center\"><strong>99.22<\/strong><\/td>\n<td align=\"center\"><strong>61.88<\/strong><\/td>\n<\/tr>\n<tr>\n<td align=\"center\"><strong>L(<\/strong>42-44)<\/td>\n<td align=\"center\"><strong>105.0<\/strong><\/td>\n<td align=\"center\"><strong>111.48<\/strong><\/td>\n<td align=\"center\"><strong>100.72<\/strong><\/td>\n<td align=\"center\"><strong>63.38<\/strong><\/td>\n<\/tr>\n<tr>\n<td align=\"center\"><strong>XL(<\/strong>44-46)<\/td>\n<td align=\"center\"><strong>111.0<\/strong><\/td>\n<td align=\"center\"><strong>117.48<\/strong><\/td>\n<td align=\"center\"><strong>102.22<\/strong><\/td>\n<td align=\"center\"><strong>64.88<\/strong><\/td>\n<\/tr>\n<tr>\n<td align=\"center\"><strong>2XL (<\/strong>46-50)<\/td>\n<td align=\"center\"><strong>117.0<\/strong><\/td>\n<td align=\"center\"><strong>123.48<\/strong><\/td>\n<td align=\"center\"><strong>103.72<\/strong><\/td>\n<td align=\"center\"><strong>65.88<\/strong><\/td>\n<\/tr>\n<tr>\n<td align=\"center\"><strong>3XL (<\/strong>50+)<\/td>\n<td align=\"center\"><strong>123.0<\/strong><\/td>\n<td align=\"center\"><strong>129.48<\/strong><\/td>\n<td align=\"center\"><strong>105.22<\/strong><\/td>\n<td align=\"center\"><strong>66.88<\/strong><\/td>\n<\/tr>\n<\/tbody>\n<\/table>\n<h3 data-start=\"1142\" data-end=\"1161\"><strong data-start=\"1146\" data-end=\"1161\">Pristatymo laikas  <\/strong><\/h3>\n<ul data-start=\"1162\" data-end=\"1331\">\n<li data-start=\"1162\" data-end=\"1246\">\n<p data-start=\"1164\" data-end=\"1246\"><strong data-start=\"1164\" data-end=\"1188\">Dyd\u017eiai yra sand\u0117lyje<\/strong> &#8211; paprastai pasiekia siunt\u0173 ma\u0161in\u0105 per kelias dienas.<\/p>\n<\/li>\n<li data-start=\"1247\" data-end=\"1331\">\n<p data-start=\"1249\" data-end=\"1331\"><strong data-start=\"1249\" data-end=\"1272\">Dyd\u017eiai pagal u\u017esakym\u0105<\/strong> &#8211; pristatomi per 15 dien\u0173 (paprastai per savait\u0119).<\/p>\n<\/li>\n<\/ul>\n<p>&nbsp;<\/p>\n<p>&nbsp;<\/p>\n","protected":false},"excerpt":{"rendered":"<p>Patogi ir odai draugi\u0161ka megztin\u0117 suknel\u0117 kiekvienai dienai &#8222;Yemi Design&#8221; palaidin\u0117s suknel\u0117 pasi\u016bta i\u0161 mink\u0161to ir orui laidaus medvilninio audinio, tod\u0117l yra viena patogiausi\u0173 sukneli\u0173 kasdieniam d\u0117v\u0117jimui. Palaidin\u0117s suknel\u0117 puikiai tinka darbui, laisvalaikiui ar tiesiog poilsiui namuose. Suknel\u0117 turi patogias ki\u0161enes ir patog\u0173 ilg\u012f, dengiant\u012f daugumos moter\u0173 kelius &#8211; jauskit\u0117s moteri\u0161kai ir patogiai i\u0161tisus metus. [&hellip;]<\/p>\n","protected":false},"featured_media":262849,"comment_status":"open","ping_status":"closed","template":"","meta":{"_acf_changed":false},"product_brand":[],"product_cat":[299],"product_tag":[],"class_list":{"0":"post-262848","1":"product","2":"type-product","3":"status-publish","4":"has-post-thumbnail","6":"product_cat-yemi-disain-sukneles","7":"product_shipping_class-tarneaeg-5-15-paeva","9":"first","10":"instock","11":"sale","12":"taxable","13":"shipping-taxable","14":"purchasable","15":"product-type-variable","16":"has-default-attributes","17":"add-to-wishlist-after_add_to_cart"},"acf":[],"_links":{"self":[{"href":"https:\/\/tellimused.stiilne.ee\/lt\/wp-json\/wp\/v2\/product\/262848","targetHints":{"allow":["GET"]}}],"collection":[{"href":"https:\/\/tellimused.stiilne.ee\/lt\/wp-json\/wp\/v2\/product"}],"about":[{"href":"https:\/\/tellimused.stiilne.ee\/lt\/wp-json\/wp\/v2\/types\/product"}],"replies":[{"embeddable":true,"href":"https:\/\/tellimused.stiilne.ee\/lt\/wp-json\/wp\/v2\/comments?post=262848"}],"wp:featuredmedia":[{"embeddable":true,"href":"https:\/\/tellimused.stiilne.ee\/lt\/wp-json\/wp\/v2\/media\/262849"}],"wp:attachment":[{"href":"https:\/\/tellimused.stiilne.ee\/lt\/wp-json\/wp\/v2\/media?parent=262848"}],"wp:term":[{"taxonomy":"product_brand","embeddable":true,"href":"https:\/\/tellimused.stiilne.ee\/lt\/wp-json\/wp\/v2\/product_brand?post=262848"},{"taxonomy":"product_cat","embeddable":true,"href":"https:\/\/tellimused.stiilne.ee\/lt\/wp-json\/wp\/v2\/product_cat?post=262848"},{"taxonomy":"product_tag","embeddable":true,"href":"https:\/\/tellimused.stiilne.ee\/lt\/wp-json\/wp\/v2\/product_tag?post=262848"}],"curies":[{"name":"wp","href":"https:\/\/api.w.org\/{rel}","templated":true}]}}