{"id":262857,"date":"2026-03-12T17:25:34","date_gmt":"2026-03-12T15:25:34","guid":{"rendered":"https:\/\/tellimused.stiilne.ee\/toode\/kinkepakk-tervix-kuunal-ja-salvid-eesti-toode\/"},"modified":"2026-04-07T11:06:20","modified_gmt":"2026-04-07T08:06:20","slug":"tervix-zvakes-ir-tepalai-estoniskas-produktas","status":"publish","type":"product","link":"https:\/\/tellimused.stiilne.ee\/lt\/produktas\/tervix-zvakes-ir-tepalai-estoniskas-produktas\/","title":{"rendered":"&#8222;Tervix&#8221; \u017evak\u0117s ir tepalai-estoni\u0161kas produktas"},"content":{"rendered":"<h2 data-path-to-node=\"2\">Kinkepakk &#8222;\u017dvak\u0117s ir druskos&#8221;<\/h2>\n<p data-path-to-node=\"3\">Ie\u0161kote <b>apgalvotos ir jaukios kal\u0117din\u0117s dovanos<\/b> arba <b>atpalaiduojan\u010dios gimtadienio dovanos<\/b>? <b>Dovan\u0173 rinkinys &#8222;\u017dvak\u0117 ir tepalas&#8221;<\/b> &#8211; <b>puiki dovan\u0173 id\u0117ja<\/b> visiems, kurie m\u0117gsta <b>nat\u016bralius produktus<\/b> ir <b>jaukum\u0105 \u0161altuoju met\u0173 laiku.<\/b> Tai <b>gra\u017ei ir naudinga dovana<\/b> j\u016bs\u0173 <b>mylimam \u017emogui<\/b>, teikianti ir <b>param\u0105 sveikatai,<\/b> ir <b>jausming\u0105 malonum\u0105<\/b>! <\/p>\n<h3 data-path-to-node=\"4\">  \u017diemos apsauga ir sveikata &#8211; Estijos amatai<\/h3>\n<p data-path-to-node=\"5\">Rinkin\u012f sudaro <b>Estijoje pagaminti<\/b> &#8222;Tervix&#8221; <b>rank\u0173 darbo<\/b> produktai, kurie yra b\u016btini <b>\u0161altuoju met\u0173 laiku &#8211; i\u0161 viso 4 produktai.<\/b><\/p>\n<ul data-path-to-node=\"6\">\n<li>\n<p data-path-to-node=\"6,0,0\"><b>Nosies tepalas <\/b> <b>Nat\u016brali<\/b> nosies gleivin\u0117s apsaugos ir <b>imunin\u0117s sistemos palaikymo<\/b> <b>priemon\u0117<\/b>.<\/p>\n<\/li>\n<li>\n<p data-path-to-node=\"6,1,0\"><b>L\u016bp\u0173 sviestas <\/b> Apsaugo l\u016bpas nuo \u0161al\u010dio, v\u0117jo ir sausumo &#8211; tai <b>b\u016btina \u017eiemos kosmetikos priemon\u0117<\/b>.<\/p>\n<\/li>\n<li>\n<p data-path-to-node=\"6,2,0\"><b>\u0160altalanki\u0173 milteliai<\/b> <b>Nat\u016bralus supermaistas<\/b> ir <b>vitamino C \u0161altinis<\/b>, padedantis <b>stiprinti atsparum\u0105<\/b>.<\/p>\n<\/li>\n<\/ul>\n<h3 data-path-to-node=\"7\">  Atpalaiduojanti raps\u0173 va\u0161ko \u017evak\u0117<\/h3>\n<p data-path-to-node=\"8\">Rinkinyje taip pat yra <b>raps\u0173 va\u0161ko \u017evak\u0117, kvepianti eteriniais aliejais<\/b>, kad j\u016bs\u0173 namuose b\u016bt\u0173 <b>jauku ir \u0161ilta<\/b>. Puikiai tinka <b>kal\u0117dinei atmosferai<\/b> sukurti arba tiesiog <b>atsipalaiduoti<\/b>. Dovanokite <b>\u0161vies\u0105<\/b> ir <b>ger\u0105 savijaut\u0105<\/b> kartu!  <\/p>\n","protected":false},"excerpt":{"rendered":"<p>Kinkepakk &#8222;\u017dvak\u0117s ir druskos&#8221; Ie\u0161kote apgalvotos ir jaukios kal\u0117din\u0117s dovanos arba atpalaiduojan\u010dios gimtadienio dovanos? Dovan\u0173 rinkinys &#8222;\u017dvak\u0117 ir tepalas&#8221; &#8211; puiki dovan\u0173 id\u0117ja visiems, kurie m\u0117gsta nat\u016bralius produktus ir jaukum\u0105 \u0161altuoju met\u0173 laiku. Tai gra\u017ei ir naudinga dovana j\u016bs\u0173 mylimam \u017emogui, teikianti ir param\u0105 sveikatai, ir jausming\u0105 malonum\u0105! \u017diemos apsauga ir sveikata &#8211; Estijos amatai [&hellip;]<\/p>\n","protected":false},"featured_media":262858,"comment_status":"closed","ping_status":"closed","template":"","meta":{"_acf_changed":false},"product_brand":[],"product_cat":[319],"product_tag":[],"class_list":{"0":"post-262857","1":"product","2":"type-product","3":"status-publish","4":"has-post-thumbnail","6":"product_cat-dovanos-moterims","8":"first","9":"instock","10":"taxable","11":"shipping-taxable","12":"purchasable","13":"product-type-simple","14":"add-to-wishlist-after_add_to_cart"},"acf":[],"_links":{"self":[{"href":"https:\/\/tellimused.stiilne.ee\/lt\/wp-json\/wp\/v2\/product\/262857","targetHints":{"allow":["GET"]}}],"collection":[{"href":"https:\/\/tellimused.stiilne.ee\/lt\/wp-json\/wp\/v2\/product"}],"about":[{"href":"https:\/\/tellimused.stiilne.ee\/lt\/wp-json\/wp\/v2\/types\/product"}],"replies":[{"embeddable":true,"href":"https:\/\/tellimused.stiilne.ee\/lt\/wp-json\/wp\/v2\/comments?post=262857"}],"wp:featuredmedia":[{"embeddable":true,"href":"https:\/\/tellimused.stiilne.ee\/lt\/wp-json\/wp\/v2\/media\/262858"}],"wp:attachment":[{"href":"https:\/\/tellimused.stiilne.ee\/lt\/wp-json\/wp\/v2\/media?parent=262857"}],"wp:term":[{"taxonomy":"product_brand","embeddable":true,"href":"https:\/\/tellimused.stiilne.ee\/lt\/wp-json\/wp\/v2\/product_brand?post=262857"},{"taxonomy":"product_cat","embeddable":true,"href":"https:\/\/tellimused.stiilne.ee\/lt\/wp-json\/wp\/v2\/product_cat?post=262857"},{"taxonomy":"product_tag","embeddable":true,"href":"https:\/\/tellimused.stiilne.ee\/lt\/wp-json\/wp\/v2\/product_tag?post=262857"}],"curies":[{"name":"wp","href":"https:\/\/api.w.org\/{rel}","templated":true}]}}