{"id":262859,"date":"2026-03-12T17:25:34","date_gmt":"2026-03-12T15:25:34","guid":{"rendered":"https:\/\/tellimused.stiilne.ee\/toode\/kinkepakk-tervix-suurele-loodussobrale-eesti-toode\/"},"modified":"2026-04-07T11:06:20","modified_gmt":"2026-04-07T08:06:20","slug":"kinkkepakk-tervix-big-nature-friend-estijos-produktas","status":"publish","type":"product","link":"https:\/\/tellimused.stiilne.ee\/lt\/produktas\/kinkkepakk-tervix-big-nature-friend-estijos-produktas\/","title":{"rendered":"Dovan\u0173 paketas Tervix Big Nature Friend-Estijos produktas"},"content":{"rendered":"<h2 data-path-to-node=\"2\">&#8222;Did\u017eiajam gamtos myl\u0117tojui&#8221; pakuot\u0117<\/h2>\n<p data-path-to-node=\"3\">Ie\u0161kote<b> brangiausios ir r\u016bpestingiausios kal\u0117din\u0117s dovanos<\/b>? <b>Dovan\u0173 rinkinys &#8222;Didysis gamtos myl\u0117tojas&#8221;<\/b> &#8211; tai <b>did\u017eiausias &#8222;Tervix&#8221;<\/b> rinkini\u0173 <b>pasirinkimas<\/b>, si\u016blantis <b>gamtos gali\u0105<\/b> ir <b>nuostabius skonio potyrius<\/b>! Tai <b>i\u0161skirtin\u0117 ir gra\u017ei dovana<\/b> j\u016bs\u0173 <b>mylimiausiam \u017emogui<\/b> &#8211; <b>puiki dovanos id\u0117ja<\/b> <b>Kal\u0117d\u0173<\/b>, <b>gimtadienio<\/b> ar <b>\u012fmon\u0117s dovanos<\/b> <b>proga<\/b>.<\/p>\n<h3 data-path-to-node=\"4\">  &#8222;Viskas \u012fskai\u010diuota&#8221; sveikata ir gurmani\u0161kumas &#8211; Estijos rankdarbiai<\/h3>\n<p data-path-to-node=\"5\">\u012e \u0161\u012f <b>prabang\u0173 dovan\u0173 rinkin\u012f<\/b> \u012feina beveik visi &#8222;Tervix&#8221; <b>rank\u0173 darbo<\/b> gaminiai. Tai <b>puiki dovana<\/b> <b>ir<\/b> <b>sveikuoliui<\/b>, <b>ir gurmanui<\/b>.<\/p>\n<h4 data-path-to-node=\"6\">  S <b>veikatos produktai ir nat\u016brali prie\u017ei\u016bra<\/b><\/h4>\n<ul data-path-to-node=\"7\">\n<li>\n<p data-path-to-node=\"7,0,0\"><b>Agrast\u0173 tepalas (20 g) <\/b> Klasikin\u0117 <b>per\u0161alimo<\/b> priemon\u0117 nuo kosulio ir slogos<\/p>\n<\/li>\n<li>\n<p data-path-to-node=\"7,1,0\"><b>Gerkl\u0117s pur\u0161kalas, Ryk\u0161ten\u0117, L\u016bp\u0173 balzamas, \u0160altalanki\u0173 druskos <\/b> Nepakei\u010diamos <b>nat\u016bralios<\/b> \u017eiemos <b>priemon\u0117s<\/b>.<\/p>\n<\/li>\n<li>\n<p data-path-to-node=\"7,2,0\"><b>Maisto papildai <\/b> <b>\u0160altalanki\u0173 aliejus (100ml)<\/b> &#8211; odos ir gleivini\u0173 atstatymo priemon\u0117<\/p>\n<\/li>\n<li>\n<p data-path-to-node=\"7,2,0\"><b>\u0160altalanki\u0173 milteliai<\/b> &#8211; galingas <b>vitamino C \u0161altinis<\/b><\/p>\n<\/li>\n<\/ul>\n<h4 data-path-to-node=\"8\">  <b>Gervuog\u0117s ir supermaisto produktai<\/b><\/h4>\n<ul data-path-to-node=\"9\">\n<li>\n<p data-path-to-node=\"9,0,0\"><b>Obuoli\u0173 \u017eel\u0117<\/b><\/p>\n<\/li>\n<li>\n<p data-path-to-node=\"9,0,0\"><b>Krab\u0173 obuoliai nep<\/b><\/p>\n<\/li>\n<li>\n<p data-path-to-node=\"9,1,0\"><b>Egl\u0117s sirupas (125 g) <\/b> <b>Sveikas<\/b> mi\u0161ko skonio <b>saldiklis<\/b>.<\/p>\n<\/li>\n<li>\n<p data-path-to-node=\"9,2,0\"><b>Obuoli\u0173 sidro actas<\/b> Populiarus <b>nat\u016bralus maisto papildas<\/b> vir\u0161kinimui palaikyti<\/p>\n<\/li>\n<\/ul>\n<h4 data-path-to-node=\"10\"> \ufe0f <b>Hubane Atmosfera<\/b>:<\/h4>\n<ul data-path-to-node=\"11\">\n<li>\n<p data-path-to-node=\"11,0,0\"><b>Eteriniai aliejai Kanolos va\u0161ko \u017evak\u0117 <\/b> Suteikia <b>komforto<\/b> ir <b>atsipalaidavimo<\/b>.<\/p>\n<\/li>\n<\/ul>\n<h3 data-path-to-node=\"12\">  Did\u017eiausia vert\u0117, did\u017eiausia sveikata<\/h3>\n<p data-path-to-node=\"13\">Tai <b>geriausias pasirinkimas,<\/b> jei norite padovanoti <b>maksimali\u0105 prie\u017ei\u016br\u0105<\/b>.<\/p>\n<p data-path-to-node=\"13\">Rinkinys yra puikus:<\/p>\n<ul data-path-to-node=\"14\">\n<li>\n<p data-path-to-node=\"14,0,0\"><b>Prabangios verslo dovanos<\/b><\/p>\n<\/li>\n<li>\n<p data-path-to-node=\"14,1,0\"><b>Dovanos t\u0117vams<\/b> arba <b>visai \u0161eimai<\/b><\/p>\n<\/li>\n<li>\n<p data-path-to-node=\"14,2,0\"><b>Dovan\u0173 id\u0117ja Estijos gamtos myl\u0117tojui<\/b><\/p>\n<\/li>\n<\/ul>\n","protected":false},"excerpt":{"rendered":"<p>&#8222;Did\u017eiajam gamtos myl\u0117tojui&#8221; pakuot\u0117 Ie\u0161kote brangiausios ir r\u016bpestingiausios kal\u0117din\u0117s dovanos? Dovan\u0173 rinkinys &#8222;Didysis gamtos myl\u0117tojas&#8221; &#8211; tai did\u017eiausias &#8222;Tervix&#8221; rinkini\u0173 pasirinkimas, si\u016blantis gamtos gali\u0105 ir nuostabius skonio potyrius! Tai i\u0161skirtin\u0117 ir gra\u017ei dovana j\u016bs\u0173 mylimiausiam \u017emogui &#8211; puiki dovanos id\u0117ja Kal\u0117d\u0173, gimtadienio ar \u012fmon\u0117s dovanos proga. &#8222;Viskas \u012fskai\u010diuota&#8221; sveikata ir gurmani\u0161kumas &#8211; Estijos rankdarbiai \u012e [&hellip;]<\/p>\n","protected":false},"featured_media":262860,"comment_status":"closed","ping_status":"closed","template":"","meta":{"_acf_changed":false},"product_brand":[],"product_cat":[319],"product_tag":[],"class_list":{"0":"post-262859","1":"product","2":"type-product","3":"status-publish","4":"has-post-thumbnail","6":"product_cat-dovanos-moterims","8":"first","9":"instock","10":"taxable","11":"shipping-taxable","12":"purchasable","13":"product-type-simple","14":"add-to-wishlist-after_add_to_cart"},"acf":[],"_links":{"self":[{"href":"https:\/\/tellimused.stiilne.ee\/lt\/wp-json\/wp\/v2\/product\/262859","targetHints":{"allow":["GET"]}}],"collection":[{"href":"https:\/\/tellimused.stiilne.ee\/lt\/wp-json\/wp\/v2\/product"}],"about":[{"href":"https:\/\/tellimused.stiilne.ee\/lt\/wp-json\/wp\/v2\/types\/product"}],"replies":[{"embeddable":true,"href":"https:\/\/tellimused.stiilne.ee\/lt\/wp-json\/wp\/v2\/comments?post=262859"}],"wp:featuredmedia":[{"embeddable":true,"href":"https:\/\/tellimused.stiilne.ee\/lt\/wp-json\/wp\/v2\/media\/262860"}],"wp:attachment":[{"href":"https:\/\/tellimused.stiilne.ee\/lt\/wp-json\/wp\/v2\/media?parent=262859"}],"wp:term":[{"taxonomy":"product_brand","embeddable":true,"href":"https:\/\/tellimused.stiilne.ee\/lt\/wp-json\/wp\/v2\/product_brand?post=262859"},{"taxonomy":"product_cat","embeddable":true,"href":"https:\/\/tellimused.stiilne.ee\/lt\/wp-json\/wp\/v2\/product_cat?post=262859"},{"taxonomy":"product_tag","embeddable":true,"href":"https:\/\/tellimused.stiilne.ee\/lt\/wp-json\/wp\/v2\/product_tag?post=262859"}],"curies":[{"name":"wp","href":"https:\/\/api.w.org\/{rel}","templated":true}]}}