{"id":262873,"date":"2026-03-12T17:23:31","date_gmt":"2026-03-12T15:23:31","guid":{"rendered":"https:\/\/tellimused.stiilne.ee\/toode\/kinkepakk-tervix-gurmee-kuunlaga-kohe-laos-eesti-toode-klientide-lemmik\/"},"modified":"2026-04-07T11:06:21","modified_gmt":"2026-04-07T08:06:21","slug":"gherkin-pack-tervix-ghermee-candle-now-in-stock-estonian-product-client-list","status":"publish","type":"product","link":"https:\/\/tellimused.stiilne.ee\/lt\/produktas\/gherkin-pack-tervix-ghermee-candle-now-in-stock-estonian-product-client-list\/","title":{"rendered":"Agurk\u0117li\u0173 pakuot\u0117 \u201eTervix Ghermee\u201c \u017evak\u0117 \u2013 JAU TURIME SAND\u0116LYJE \u2013 Esti\u0161kas produktas \u2013 KLIENT\u0172 S\u0104RA\u0160AS"},"content":{"rendered":"<h2 data-path-to-node=\"2\">  Gurmani\u0161ka kal\u0117din\u0117 dovana &#8211; nat\u016brali &#8222;Tervix Choice&#8221; ir eterini\u0173 aliej\u0173 \u017evak\u0117.<\/h2>\n<p data-path-to-node=\"3\">Ie\u0161kote <b>puikios kal\u0117din\u0117s dovanos<\/b> ar nat\u016bralaus<b> gimtadienio skan\u0117sto<\/b> savo <b>mylimam \u017emogui<\/b>?<\/p>\n<p data-path-to-node=\"3\"><b>I\u0161skirtin\u0117 dovan\u0173 d\u0117\u017eut\u0117 &#8222;Gurmanas su \u017evake&#8221;<\/b> &#8211; <b>puiki dovan\u0173 id\u0117ja<\/b> kiekvienam gurman\u0173 ir geros savijautos m\u0117g\u0117jui. \u0160is <b>rank\u0173 darbo<\/b> rinkinys suteikia <b>nuostab\u0173 skonio potyr\u012f<\/b> ir <b>jauk\u0173 atsipalaidavim\u0105<\/b> &#8211; tai <b>\u012fsimintina dovana<\/b>.<\/p>\n<h3 data-path-to-node=\"4\">  Kas yra specialioje pakuot\u0117je?<\/h3>\n<p data-path-to-node=\"5\">\u0160iame nat\u016braliame<b> dovan\u0173 rinkinyje<\/b> yra <b>geriausi &#8222;Tervix&#8221; gurmani\u0161ki produktai,<\/b> pagaminti <b>i\u0161 grynos Estijos gamtos &#8211; i\u0161 viso 4 produktai.<\/b><\/p>\n<ul data-path-to-node=\"6\">\n<li>\n<p data-path-to-node=\"6,0,0\"><b>Obuoli\u0173 sidro uogien\u0117 <\/b>\u0160vie\u017eias, vitamino C turtingas skonis &#8211; <b>puiki dovana<\/b> draugui, besir\u016bpinan\u010diam savo sveikata.<\/p>\n<\/li>\n<li>\n<p data-path-to-node=\"6,1,0\"><b>\u0160altalanki\u0173 garsty\u010dios <\/b> Unikalus a\u0161triai r\u016bg\u0161tus gard\u0117sis m\u0117sos ir s\u016brio patiekalams.<\/p>\n<\/li>\n<li>\n<p data-path-to-node=\"6,2,0\"><b>Egl\u0117s sirupas (125 ml) <\/b>Saldus mi\u0161ko skonio sirupas, puikiai tinkantis arbatai, desertams ar virintam vynui. Populiarus<b> produktas Kal\u0117d\u0173 stalui!<\/b><\/p>\n<\/li>\n<\/ul>\n<h3 data-path-to-node=\"7\">+ Jauki raps\u0173 va\u0161ko \u017evak\u0117<\/h3>\n<p data-path-to-node=\"8\">Rinkinyje yra ne tik aromat\u0173, bet ir <b>raps\u0173 va\u0161ko \u017evak\u0117, kvepianti eteriniais aliejais<\/b>, kuri sukuria <b>jauki\u0105<\/b> <b>kal\u0117din\u0119<\/b> <b>atmosfer\u0105<\/b>.<\/p>\n<p data-path-to-node=\"8\">Yra sand\u0117lyje &#8211; pristatymo laikas 1-4 dienos.<\/p>\n","protected":false},"excerpt":{"rendered":"<p>Gurmani\u0161ka kal\u0117din\u0117 dovana &#8211; nat\u016brali &#8222;Tervix Choice&#8221; ir eterini\u0173 aliej\u0173 \u017evak\u0117. Ie\u0161kote puikios kal\u0117din\u0117s dovanos ar nat\u016bralaus gimtadienio skan\u0117sto savo mylimam \u017emogui? I\u0161skirtin\u0117 dovan\u0173 d\u0117\u017eut\u0117 &#8222;Gurmanas su \u017evake&#8221; &#8211; puiki dovan\u0173 id\u0117ja kiekvienam gurman\u0173 ir geros savijautos m\u0117g\u0117jui. \u0160is rank\u0173 darbo rinkinys suteikia nuostab\u0173 skonio potyr\u012f ir jauk\u0173 atsipalaidavim\u0105 &#8211; tai \u012fsimintina dovana. Kas yra [&hellip;]<\/p>\n","protected":false},"featured_media":262874,"comment_status":"closed","ping_status":"closed","template":"","meta":{"_acf_changed":false},"product_brand":[],"product_cat":[319,302],"product_tag":[],"class_list":{"0":"post-262873","1":"product","2":"type-product","3":"status-publish","4":"has-post-thumbnail","6":"product_cat-dovanos-moterims","7":"product_cat-uncategorized","9":"first","10":"instock","11":"taxable","12":"shipping-taxable","13":"purchasable","14":"product-type-simple","15":"add-to-wishlist-after_add_to_cart"},"acf":[],"_links":{"self":[{"href":"https:\/\/tellimused.stiilne.ee\/lt\/wp-json\/wp\/v2\/product\/262873","targetHints":{"allow":["GET"]}}],"collection":[{"href":"https:\/\/tellimused.stiilne.ee\/lt\/wp-json\/wp\/v2\/product"}],"about":[{"href":"https:\/\/tellimused.stiilne.ee\/lt\/wp-json\/wp\/v2\/types\/product"}],"replies":[{"embeddable":true,"href":"https:\/\/tellimused.stiilne.ee\/lt\/wp-json\/wp\/v2\/comments?post=262873"}],"wp:featuredmedia":[{"embeddable":true,"href":"https:\/\/tellimused.stiilne.ee\/lt\/wp-json\/wp\/v2\/media\/262874"}],"wp:attachment":[{"href":"https:\/\/tellimused.stiilne.ee\/lt\/wp-json\/wp\/v2\/media?parent=262873"}],"wp:term":[{"taxonomy":"product_brand","embeddable":true,"href":"https:\/\/tellimused.stiilne.ee\/lt\/wp-json\/wp\/v2\/product_brand?post=262873"},{"taxonomy":"product_cat","embeddable":true,"href":"https:\/\/tellimused.stiilne.ee\/lt\/wp-json\/wp\/v2\/product_cat?post=262873"},{"taxonomy":"product_tag","embeddable":true,"href":"https:\/\/tellimused.stiilne.ee\/lt\/wp-json\/wp\/v2\/product_tag?post=262873"}],"curies":[{"name":"wp","href":"https:\/\/api.w.org\/{rel}","templated":true}]}}