{"id":262875,"date":"2026-03-12T17:23:31","date_gmt":"2026-03-12T15:23:31","guid":{"rendered":"https:\/\/tellimused.stiilne.ee\/toode\/kinkepakk-tervix-astelpajusobrale-eesti-toode\/"},"modified":"2026-04-07T11:06:21","modified_gmt":"2026-04-07T08:06:21","slug":"dovanu-pakuote-tervix-granatu-draugas-estijos-produktas","status":"publish","type":"product","link":"https:\/\/tellimused.stiilne.ee\/lt\/produktas\/dovanu-pakuote-tervix-granatu-draugas-estijos-produktas\/","title":{"rendered":"Dovan\u0173 pakuot\u0117 &#8222;Tervix&#8221; Granat\u0173 draugas-Estijos produktas"},"content":{"rendered":"<h2 data-path-to-node=\"2\">  \u0160altalanki\u0173 dovan\u0173 rinkinys Tai vitamino C bomba \u0161altalanki\u0173 m\u0117g\u0117jams!<\/h2>\n<p data-path-to-node=\"3\">Ie\u0161kote <b>sveikos kal\u0117din\u0117s dovanos<\/b> ar <b>naudingos gimtadienio<\/b> dovanos? <b>&#8222;Granat\u0173 myl\u0117tojo<\/b> dovan\u0173 pakuot\u0117 <b>&#8222;<\/b> &#8211; <b>puiki dovanos id\u0117ja<\/b> visiems, kurie vertina <b>vitamino C turting\u0105<\/b> <b>esti\u0161k\u0105 supermaist\u0105<\/b>! \u0160i <b>apgalvota ir gra\u017ei dovana<\/b> yra <b>puikus pasirinkimas<\/b> j\u016bs\u0173 <b>mylimam \u017emogui<\/b> &#8211; nesvarbu, ar art\u0117ja <b>Kal\u0117dos<\/b>, ar <b>ypatingas jubiliejus<\/b>. <\/p>\n<h3 data-path-to-node=\"4\">Vertingas geriausi\u0173 \u0161altalanki\u0173 pasirinkimas<\/h3>\n<p data-path-to-node=\"5\"><b>I\u0161skirtinis<\/b> \u0161altalankiams skirtas<b>dovan\u0173 rinkinys<\/b>. Visus produktus &#8222;Tervix&#8221; <b>rankomis gamina Estijoje,<\/b> naudodama tik geriausias ir <b>gryniausias<\/b> \u017ealiavas. \u0160i <b>gurmani\u0161ka dovana<\/b> si\u016blo gard\u0173 b\u016bd\u0105 palaikyti <b>imunin\u0119 sistem\u0105<\/b> ir m\u0117gautis <b>sveikais skan\u0117stais<\/b>.  <\/p>\n<ul data-path-to-node=\"6\">\n<li>\n<p data-path-to-node=\"6,0,0\"><b>\u0160altalanki\u0173 milteliai (vitaminas C)<\/b> Liofilizuoti milteliai, <b>supermaistas<\/b> kokteiliams, jogurtui ar ko\u0161ei.<\/p>\n<\/li>\n<li>\n<p data-path-to-node=\"6,1,0\"><b>Obuoli\u0173 \u017eel\u0117 <\/b>\u0160vie\u017ei ir vitamin\u0173 kupini sald\u016bs papildai &#8211; puikiai tinka <b>Kal\u0117d\u0173 vakarienei arba ant blyn\u0173 \/ jogurto<\/b>.<\/p>\n<\/li>\n<li>\n<p data-path-to-node=\"6,2,0\"><b>\u0160altalanki\u0173 garsty\u010dios<\/b> Unikalus ir a\u0161trus priedas prie m\u0117sos, s\u016brio ar salot\u0173. <b>M\u0117gstamiausia est\u0173 dar\u017eov\u0117!<\/b><\/p>\n<\/li>\n<\/ul>\n<h3 data-path-to-node=\"7\"> \ufe0f Kod\u0117l verta rinktis \u0161i\u0105 dovan\u0173 pakuot\u0119?<\/h3>\n<p data-path-to-node=\"8\">\u0160is <b>skanus ir naudingas<\/b> \u0161altalanki\u0173 produkt\u0173 <b>pasirinkimas<\/b> puikiai tinka.<\/p>\n<ol start=\"1\" data-path-to-node=\"9\">\n<li>\n<p data-path-to-node=\"9,0,0\"><b>Kal\u0117din\u0117 dovana vyrams ir moterims <\/b>Sveikata visada yra geriausia dovana<\/p>\n<\/li>\n<li>\n<p data-path-to-node=\"9,1,0\"><b>\u012emon\u0117s dovana <\/b> Unikali <b>esti\u0161ka dovana<\/b> partneriams ar darbuotojams<\/p>\n<\/li>\n<li>\n<p data-path-to-node=\"9,2,0\"><b>R\u016bpestinga staigmena <\/b> Norint parodyti <b>mylimam \u017emogui<\/b>, kad jums r\u016bpi jo <b>gerov\u0117<\/b>.<\/p>\n<\/li>\n<\/ol>\n<blockquote data-path-to-node=\"10\">\n<p data-path-to-node=\"10,0\">Dovan\u0173 rinkiniai pristatomi per 1-4 dienas.<\/p>\n<\/blockquote>\n","protected":false},"excerpt":{"rendered":"<p>\u0160altalanki\u0173 dovan\u0173 rinkinys Tai vitamino C bomba \u0161altalanki\u0173 m\u0117g\u0117jams! Ie\u0161kote sveikos kal\u0117din\u0117s dovanos ar naudingos gimtadienio dovanos? &#8222;Granat\u0173 myl\u0117tojo dovan\u0173 pakuot\u0117 &#8222; &#8211; puiki dovanos id\u0117ja visiems, kurie vertina vitamino C turting\u0105 esti\u0161k\u0105 supermaist\u0105! \u0160i apgalvota ir gra\u017ei dovana yra puikus pasirinkimas j\u016bs\u0173 mylimam \u017emogui &#8211; nesvarbu, ar art\u0117ja Kal\u0117dos, ar ypatingas jubiliejus. Vertingas geriausi\u0173 [&hellip;]<\/p>\n","protected":false},"featured_media":262876,"comment_status":"closed","ping_status":"closed","template":"","meta":{"_acf_changed":false},"product_brand":[],"product_cat":[319],"product_tag":[],"class_list":{"0":"post-262875","1":"product","2":"type-product","3":"status-publish","4":"has-post-thumbnail","6":"product_cat-dovanos-moterims","8":"first","9":"instock","10":"taxable","11":"shipping-taxable","12":"purchasable","13":"product-type-simple","14":"add-to-wishlist-after_add_to_cart"},"acf":[],"_links":{"self":[{"href":"https:\/\/tellimused.stiilne.ee\/lt\/wp-json\/wp\/v2\/product\/262875","targetHints":{"allow":["GET"]}}],"collection":[{"href":"https:\/\/tellimused.stiilne.ee\/lt\/wp-json\/wp\/v2\/product"}],"about":[{"href":"https:\/\/tellimused.stiilne.ee\/lt\/wp-json\/wp\/v2\/types\/product"}],"replies":[{"embeddable":true,"href":"https:\/\/tellimused.stiilne.ee\/lt\/wp-json\/wp\/v2\/comments?post=262875"}],"wp:featuredmedia":[{"embeddable":true,"href":"https:\/\/tellimused.stiilne.ee\/lt\/wp-json\/wp\/v2\/media\/262876"}],"wp:attachment":[{"href":"https:\/\/tellimused.stiilne.ee\/lt\/wp-json\/wp\/v2\/media?parent=262875"}],"wp:term":[{"taxonomy":"product_brand","embeddable":true,"href":"https:\/\/tellimused.stiilne.ee\/lt\/wp-json\/wp\/v2\/product_brand?post=262875"},{"taxonomy":"product_cat","embeddable":true,"href":"https:\/\/tellimused.stiilne.ee\/lt\/wp-json\/wp\/v2\/product_cat?post=262875"},{"taxonomy":"product_tag","embeddable":true,"href":"https:\/\/tellimused.stiilne.ee\/lt\/wp-json\/wp\/v2\/product_tag?post=262875"}],"curies":[{"name":"wp","href":"https:\/\/api.w.org\/{rel}","templated":true}]}}