{"id":262877,"date":"2026-03-12T17:23:31","date_gmt":"2026-03-12T15:23:31","guid":{"rendered":"https:\/\/tellimused.stiilne.ee\/toode\/kinkepakk-tervix-salvid-ja-gurmee-eesti-toode\/"},"modified":"2026-04-07T11:06:21","modified_gmt":"2026-04-07T08:06:21","slug":"dovanu-pakuote-tervix-tepalai-ir-gurmee-eesti-produktas","status":"publish","type":"product","link":"https:\/\/tellimused.stiilne.ee\/lt\/produktas\/dovanu-pakuote-tervix-tepalai-ir-gurmee-eesti-produktas\/","title":{"rendered":"Dovan\u0173 pakuot\u0117 &#8222;Tervix&#8221; tepalai ir &#8222;Gurmee-Eesti&#8221; produktas"},"content":{"rendered":"<h2 data-path-to-node=\"2\">&#8222;Tepalai ir agurkai&#8221; dovan\u0173 pakuot\u0117 &#8211; sveika dovana \u0161altuoju met\u0173 laiku<\/h2>\n<p data-path-to-node=\"3\">Ie\u0161kote <b>apgalvotos kal\u0117din\u0117s dovanos,<\/b> kuri suteikt\u0173 ne tik <b>sveik\u0173<\/b> produkt\u0173, bet ir <b>skonio \u012fsp\u016bd\u017ei\u0173<\/b>?<\/p>\n<p data-path-to-node=\"3\"><b>Prabangus dovan\u0173 rinkinys &#8222;Tepalai ir agurkai&#8221;<\/b> &#8211; <b>puiki dovan\u0173 id\u0117ja<\/b> tiems, kurie vertina <b>nat\u016bralius produktus<\/b> ir <b>est\u0173 rankdarbius<\/b>. Tai <b>gra\u017ei ir naudinga dovana<\/b> <b>artimam \u017emogui<\/b> &#8211; puikus pasirinkimas <b>Kal\u0117d\u0173<\/b>, <b>gimtadienio<\/b> ar bet kurios kitos <b>ypatingos progos proga.<\/b> <\/p>\n<h3 data-path-to-node=\"4\">  Nat\u016bralios druskos<\/h3>\n<p data-path-to-node=\"5\">\u017diem\u0105 reikia ypatingos prie\u017ei\u016bros! Rinkinyje yra keturi &#8222;Tervix&#8221; <b>rank\u0173 darbo produktai,<\/b> padedantys <b>palaikyti imunitet\u0105<\/b> ir apsaugoti od\u0105. <\/p>\n<ul data-path-to-node=\"6\">\n<li>\n<p data-path-to-node=\"6,0,0\"><b>Nosies tepalas <\/b> <b>Nat\u016brali priemon\u0117,<\/b> padedanti i\u0161vengti per\u0161alimo ir slogos.<\/p>\n<\/li>\n<li>\n<p data-path-to-node=\"6,1,0\"><b>Agrast\u0173 tepalas (20 g) <\/b>Klasikin\u0117 <b>liaudies medicinos<\/b> priemon\u0117 nuo kosulio ir gerkl\u0117s skausmo.<\/p>\n<\/li>\n<li>\n<p data-path-to-node=\"6,2,0\"><b>L\u016bp\u0173 balzamas<\/b> L\u016bpoms apsaugoti nuo \u0161al\u010dio ir v\u0117jo &#8211; naudingas <b>\u017eiemos produktas<\/b><\/p>\n<\/li>\n<li>\n<p data-path-to-node=\"6,3,0\"><b>\u0160altalanki\u0173 losjonas <\/b> Praturtintas vitaminais, kurie atkuria ir dr\u0117kina od\u0105.<\/p>\n<\/li>\n<\/ul>\n<h3 data-path-to-node=\"7\">  Vitamin\u0173 turtingi skan\u0117stai (Ghermee)<\/h3>\n<p data-path-to-node=\"8\">Be geros savijautos, \u0161iame rinkinyje rasite geriausi\u0173 <b>esti\u0161k\u0173 gurmani\u0161k\u0173<\/b> skan\u0117st\u0173, kuriuose <b>gausu vitamin\u0173<\/b> ir kurie puikiai tinka <b>Kal\u0117d\u0173 stalui<\/b>:<\/p>\n<ul data-path-to-node=\"9\">\n<li>\n<p data-path-to-node=\"9,0,0\"><b>\u0160altalanki\u0173 milteliai <\/b> <b>Supermaisto<\/b> vitamino C \u0161altinis &#8211; \u012fmai\u0161ykite \u012f ko\u0161\u0119 ar kokteilius<\/p>\n<\/li>\n<li>\n<p data-path-to-node=\"9,1,0\"><b>Obuoli\u0173 \u017eel\u0117 <\/b> \u0160vie\u017eias ir saldus skan\u0117stas<\/p>\n<\/li>\n<li>\n<p data-path-to-node=\"9,2,0\"><b>\u0160altalanki\u0173 garsty\u010dios <\/b> Unikalus a\u0161trus priedas prie m\u0117sos ar s\u016brio.<\/p>\n<\/li>\n<li>\n<p data-path-to-node=\"9,3,0\"><b>Egl\u0117s sirupas (125 g) <\/b>Laukinio skonio sirupas, skirtas virintam vynui ir arbatai.<\/p>\n<\/li>\n<\/ul>\n","protected":false},"excerpt":{"rendered":"<p>&#8222;Tepalai ir agurkai&#8221; dovan\u0173 pakuot\u0117 &#8211; sveika dovana \u0161altuoju met\u0173 laiku Ie\u0161kote apgalvotos kal\u0117din\u0117s dovanos, kuri suteikt\u0173 ne tik sveik\u0173 produkt\u0173, bet ir skonio \u012fsp\u016bd\u017ei\u0173? Prabangus dovan\u0173 rinkinys &#8222;Tepalai ir agurkai&#8221; &#8211; puiki dovan\u0173 id\u0117ja tiems, kurie vertina nat\u016bralius produktus ir est\u0173 rankdarbius. Tai gra\u017ei ir naudinga dovana artimam \u017emogui &#8211; puikus pasirinkimas Kal\u0117d\u0173, gimtadienio [&hellip;]<\/p>\n","protected":false},"featured_media":262878,"comment_status":"closed","ping_status":"closed","template":"","meta":{"_acf_changed":false},"product_brand":[],"product_cat":[319],"product_tag":[],"class_list":{"0":"post-262877","1":"product","2":"type-product","3":"status-publish","4":"has-post-thumbnail","6":"product_cat-dovanos-moterims","8":"first","9":"instock","10":"taxable","11":"shipping-taxable","12":"purchasable","13":"product-type-simple","14":"add-to-wishlist-after_add_to_cart"},"acf":[],"_links":{"self":[{"href":"https:\/\/tellimused.stiilne.ee\/lt\/wp-json\/wp\/v2\/product\/262877","targetHints":{"allow":["GET"]}}],"collection":[{"href":"https:\/\/tellimused.stiilne.ee\/lt\/wp-json\/wp\/v2\/product"}],"about":[{"href":"https:\/\/tellimused.stiilne.ee\/lt\/wp-json\/wp\/v2\/types\/product"}],"replies":[{"embeddable":true,"href":"https:\/\/tellimused.stiilne.ee\/lt\/wp-json\/wp\/v2\/comments?post=262877"}],"wp:featuredmedia":[{"embeddable":true,"href":"https:\/\/tellimused.stiilne.ee\/lt\/wp-json\/wp\/v2\/media\/262878"}],"wp:attachment":[{"href":"https:\/\/tellimused.stiilne.ee\/lt\/wp-json\/wp\/v2\/media?parent=262877"}],"wp:term":[{"taxonomy":"product_brand","embeddable":true,"href":"https:\/\/tellimused.stiilne.ee\/lt\/wp-json\/wp\/v2\/product_brand?post=262877"},{"taxonomy":"product_cat","embeddable":true,"href":"https:\/\/tellimused.stiilne.ee\/lt\/wp-json\/wp\/v2\/product_cat?post=262877"},{"taxonomy":"product_tag","embeddable":true,"href":"https:\/\/tellimused.stiilne.ee\/lt\/wp-json\/wp\/v2\/product_tag?post=262877"}],"curies":[{"name":"wp","href":"https:\/\/api.w.org\/{rel}","templated":true}]}}