{"id":262879,"date":"2026-03-12T17:23:31","date_gmt":"2026-03-12T15:23:31","guid":{"rendered":"https:\/\/tellimused.stiilne.ee\/toode\/kinkepakk-tervix-kuusk-ja-tervis-eesti-toode\/"},"modified":"2026-04-07T11:06:22","modified_gmt":"2026-04-07T08:06:22","slug":"tervix-spruce-pakuote-ir-health-eesti-produktas","status":"publish","type":"product","link":"https:\/\/tellimused.stiilne.ee\/lt\/produktas\/tervix-spruce-pakuote-ir-health-eesti-produktas\/","title":{"rendered":"&#8222;Tervix Spruce&#8221; pakuot\u0117 ir &#8222;Health-Eesti&#8221; produktas"},"content":{"rendered":"<h2 data-path-to-node=\"2\">  Kinkkepakk Raganos ir sveikata &#8211; nat\u016bralus imunin\u0117s sistemos ramstis<\/h2>\n<p data-path-to-node=\"3\">Ie\u0161kote <b>r\u016bpestingos ir sveikos dovanos<\/b>, kuri <b>nat\u016braliai pad\u0117t\u0173<\/b> \u0161altuoju met\u0173 laiku? <b>Dovan\u0173 paketas &#8222;Egl\u0117 ir sveikata&#8221;<\/b> &#8211; <b>puikus pasirinkimas<\/b> visiems, kurie vertina savo <b>gerov\u0119<\/b> ir nori <b>sustiprinti imunin\u0119 sistem\u0105<\/b>. \u0160i <b>gra\u017ei ir naudinga dovana<\/b> skirta j\u016bs\u0173 <b>mylimiausiam \u017emogui<\/b> &#8211; <b>puiki dovanos id\u0117ja<\/b> <b>Kal\u0117d\u0173<\/b>, <b>gimtadienio<\/b> proga ar tiesiog <b>norint parodyti, kad jums r\u016bpi<\/b>!<\/p>\n<h3 data-path-to-node=\"4\">  Sveikat\u0105 palaikantis est\u0173 rankdarbi\u0173 pasirinkimas<\/h3>\n<p data-path-to-node=\"5\">Parinkome <b>&#8222;Tervix&#8221; rank\u0173 darbo<\/b> produktus, kurie sujungia <b>mi\u0161ko gali\u0105<\/b> ir <b>vitamin\u0173 turtingum\u0105<\/b>, kad sukurtume \u0161\u012f <b>verting\u0105 rinkin\u012f<\/b>.<\/p>\n<ul data-path-to-node=\"6\">\n<li>\n<p data-path-to-node=\"6,0,0\"><b>Gerkl\u0117s pur\u0161kalas<\/b> <b>Nat\u016brali priemon\u0117<\/b> nuo gerkl\u0117s dirginimo ir per\u0161alimo. <b>B\u016btinas<\/b> kiekvienos <b>\u017eiemos pirmosios pagalbos vaistin\u0117l\u0117s<\/b> <b>elementas<\/b>!<\/p>\n<\/li>\n<li>\n<p data-path-to-node=\"6,1,0\"><b>Nosies tepalas <\/b> Padeda apsaugoti nosies gleivin\u0119 nuo <b>virus\u0173<\/b> ir i\u0161saus\u0117jimo &#8211; tikras <b>sveikatos gelb\u0117tojas<\/b><\/p>\n<\/li>\n<li>\n<p data-path-to-node=\"6,2,0\"><b>\u0160altalanki\u0173 milteliai <\/b> <b>Naminis supermaistas,<\/b> kuris yra <b>vitamino C \u0161altinis<\/b> ir vis\u0105 \u017eiem\u0105 palaiko <b>imunin\u0119 sistem\u0105<\/b>.<\/p>\n<\/li>\n<li>\n<p data-path-to-node=\"6,3,0\"><b>Egl\u0117s sirupas (125 ml)<\/b> <b>Gurmani\u0161ka<\/b> laukinio skonio <b>arbata<\/b>, padedanti mal\u0161inti kosul\u012f ir puikiai tinkanti <b>kal\u0117dinei arbatai<\/b> ar <b>virintam vynui<\/b>.<\/p>\n<\/li>\n<\/ul>\n<p data-path-to-node=\"8\">Dovanokite <b>sveikat\u0105<\/b> ir <b>nat\u016brali\u0105 apsaug\u0105<\/b>!<\/p>\n","protected":false},"excerpt":{"rendered":"<p>Kinkkepakk Raganos ir sveikata &#8211; nat\u016bralus imunin\u0117s sistemos ramstis Ie\u0161kote r\u016bpestingos ir sveikos dovanos, kuri nat\u016braliai pad\u0117t\u0173 \u0161altuoju met\u0173 laiku? Dovan\u0173 paketas &#8222;Egl\u0117 ir sveikata&#8221; &#8211; puikus pasirinkimas visiems, kurie vertina savo gerov\u0119 ir nori sustiprinti imunin\u0119 sistem\u0105. \u0160i gra\u017ei ir naudinga dovana skirta j\u016bs\u0173 mylimiausiam \u017emogui &#8211; puiki dovanos id\u0117ja Kal\u0117d\u0173, gimtadienio proga ar [&hellip;]<\/p>\n","protected":false},"featured_media":262880,"comment_status":"closed","ping_status":"closed","template":"","meta":{"_acf_changed":false},"product_brand":[],"product_cat":[319],"product_tag":[],"class_list":{"0":"post-262879","1":"product","2":"type-product","3":"status-publish","4":"has-post-thumbnail","6":"product_cat-dovanos-moterims","8":"first","9":"instock","10":"taxable","11":"shipping-taxable","12":"purchasable","13":"product-type-simple","14":"add-to-wishlist-after_add_to_cart"},"acf":[],"_links":{"self":[{"href":"https:\/\/tellimused.stiilne.ee\/lt\/wp-json\/wp\/v2\/product\/262879","targetHints":{"allow":["GET"]}}],"collection":[{"href":"https:\/\/tellimused.stiilne.ee\/lt\/wp-json\/wp\/v2\/product"}],"about":[{"href":"https:\/\/tellimused.stiilne.ee\/lt\/wp-json\/wp\/v2\/types\/product"}],"replies":[{"embeddable":true,"href":"https:\/\/tellimused.stiilne.ee\/lt\/wp-json\/wp\/v2\/comments?post=262879"}],"wp:featuredmedia":[{"embeddable":true,"href":"https:\/\/tellimused.stiilne.ee\/lt\/wp-json\/wp\/v2\/media\/262880"}],"wp:attachment":[{"href":"https:\/\/tellimused.stiilne.ee\/lt\/wp-json\/wp\/v2\/media?parent=262879"}],"wp:term":[{"taxonomy":"product_brand","embeddable":true,"href":"https:\/\/tellimused.stiilne.ee\/lt\/wp-json\/wp\/v2\/product_brand?post=262879"},{"taxonomy":"product_cat","embeddable":true,"href":"https:\/\/tellimused.stiilne.ee\/lt\/wp-json\/wp\/v2\/product_cat?post=262879"},{"taxonomy":"product_tag","embeddable":true,"href":"https:\/\/tellimused.stiilne.ee\/lt\/wp-json\/wp\/v2\/product_tag?post=262879"}],"curies":[{"name":"wp","href":"https:\/\/api.w.org\/{rel}","templated":true}]}}