{"id":262881,"date":"2026-03-12T17:23:31","date_gmt":"2026-03-12T15:23:31","guid":{"rendered":"https:\/\/tellimused.stiilne.ee\/toode\/kinkepakk-tervix-looduslik-kingitus-eesti-toode\/"},"modified":"2026-04-07T11:06:19","modified_gmt":"2026-04-07T08:06:19","slug":"dovanu-dezute-tervix-naturali-dovana-estoniskas-produktas","status":"publish","type":"product","link":"https:\/\/tellimused.stiilne.ee\/lt\/produktas\/dovanu-dezute-tervix-naturali-dovana-estoniskas-produktas\/","title":{"rendered":"Dovan\u0173 d\u0117\u017eut\u0117 &#8222;Tervix&#8221; Nat\u016brali dovana-estoni\u0161kas produktas"},"content":{"rendered":"<h2 data-path-to-node=\"2\">  &#8222;Tervixi Craftsman&#8221; rank\u0173 darbo nat\u016brali\u0173 dovan\u0173 ir geros savijautos \u017evaki\u0173 rinkinys<\/h2>\n<p data-path-to-node=\"3\">Ie\u0161kote <b>nuo\u0161ird\u017eios<\/b>, <b>nat\u016bralios<\/b> ir <b>sveikos kal\u0117din\u0117s dovanos<\/b>? <b>Rinkinys &#8222;Nat\u016brali dovana&#8221;<\/b> &#8211; <b>puikus pasirinkimas<\/b> tiems, kurie vertina <b>gryn\u0105 esti\u0161k\u0105 meistri\u0161kum\u0105<\/b> ir <b>sveik\u0105 gyvenimo b\u016bd\u0105<\/b>. Tai <b>apgalvota ir gra\u017ei dovana<\/b> j\u016bs\u0173 <b>artimam \u017emogui<\/b> &#8211; <b>puiki dovanos id\u0117ja<\/b> <b>Kal\u0117d\u0173<\/b> ar <b>gimtadienio<\/b> <b>proga<\/b>! <\/p>\n<h3 data-path-to-node=\"4\">  Gerov\u0117 ir sveikata &#8211; nat\u016bralios priemon\u0117s<\/h3>\n<p data-path-to-node=\"5\">\u012e \u0161\u012f <b>i\u0161skirtin\u012f rinkin\u012f<\/b> kruop\u0161\u010diai atrinkome <b>geriausius<\/b>&#8222;Tervix&#8221; <b>sveikatinimo produktus (i\u0161 viso 8 produktus), kurie<\/b> suteiks palengv\u0117jim\u0105 ir param\u0105 \u0161altuoju met\u0173 laiku. Visi produktai <b>pagaminti rankomis Estijoje<\/b>  <\/p>\n<ul data-path-to-node=\"6\">\n<li>\n<p data-path-to-node=\"6,0,0\"><b>Gerkl\u0117s pur\u0161kalas &#8211;<\/b> <b>nat\u016bralus produktas,<\/b> skirtas gerkl\u0117s dirginimui ir per\u0161alimui mal\u0161inti.<\/p>\n<\/li>\n<li>\n<p data-path-to-node=\"6,1,0\"><b>Nosies tepalas &#8211; saugo<\/b>nosies gleivin\u0119 ir <b>palaiko imunin\u0119 sistem\u0105<\/b>.<\/p>\n<\/li>\n<li>\n<p data-path-to-node=\"6,2,0\"><b>Agrast\u0173 tepalas (20 g) &#8211;<\/b> tradicin\u0117 <b>liaudies medicinos<\/b> priemon\u0117 kv\u0117pavimo takams palaikyti.<\/p>\n<\/li>\n<li>\n<p data-path-to-node=\"6,3,0\"><b>L\u016bp\u0173 blakstienos &#8211;<\/b> nat\u016brali apsauga nuo \u0161al\u010dio ir v\u0117jo.<\/p>\n<\/li>\n<li>\n<p data-path-to-node=\"6,4,0\"><b>Medaus bi\u010di\u0173 tepalas &#8211;<\/b> bi\u010di\u0173 produkt\u0173 gali\u0105 turintis odos prie\u017ei\u016bros produktas.<\/p>\n<\/li>\n<li>\n<p data-path-to-node=\"6,5,0\"><b>\u0160altalanki\u0173 milteliai <\/b>&#8211; Estijos<b>supermaistas<\/b> &#8211; <b>vitamino C bomba<\/b> imunitetui stiprinti &#8211; sveikas priedas prie ko\u0161i\u0173, kokteili\u0173, jogurto ar pyrago.<\/p>\n<\/li>\n<li>\n<p data-path-to-node=\"6,6,0\"><b>Egl\u0117s sirupas (125 ml) &#8211;<\/b> saldus mi\u0161ko skonio <b>sveikatinimo<\/b> produktas.<\/p>\n<\/li>\n<\/ul>\n<h3 data-path-to-node=\"7\">  +raps\u0173 va\u0161ko \u017evak\u0117, kuri sukuria autenti\u0161kumo poj\u016bt\u012f<\/h3>\n<p data-path-to-node=\"8\">Rinkinyje taip pat yra <b>raps\u0173 va\u0161ko \u017evak\u0117, kvepianti eteriniais aliejais<\/b>, kuri sukuria <b>jauki\u0105 atmosfer\u0105<\/b> ir \u012fne\u0161a <b>kal\u0117din\u0117s nuotaikos<\/b> \u012f kambar\u012f.<\/p>\n<p data-path-to-node=\"8\">Rinkin\u012f galima \u012fsigyti dabar &#8211; pristatymo laikas 1-4 dienos.<\/p>\n","protected":false},"excerpt":{"rendered":"<p>&#8222;Tervixi Craftsman&#8221; rank\u0173 darbo nat\u016brali\u0173 dovan\u0173 ir geros savijautos \u017evaki\u0173 rinkinys Ie\u0161kote nuo\u0161ird\u017eios, nat\u016bralios ir sveikos kal\u0117din\u0117s dovanos? Rinkinys &#8222;Nat\u016brali dovana&#8221; &#8211; puikus pasirinkimas tiems, kurie vertina gryn\u0105 esti\u0161k\u0105 meistri\u0161kum\u0105 ir sveik\u0105 gyvenimo b\u016bd\u0105. Tai apgalvota ir gra\u017ei dovana j\u016bs\u0173 artimam \u017emogui &#8211; puiki dovanos id\u0117ja Kal\u0117d\u0173 ar gimtadienio proga! Gerov\u0117 ir sveikata &#8211; nat\u016bralios [&hellip;]<\/p>\n","protected":false},"featured_media":262882,"comment_status":"closed","ping_status":"closed","template":"","meta":{"_acf_changed":false},"product_brand":[],"product_cat":[319],"product_tag":[],"class_list":{"0":"post-262881","1":"product","2":"type-product","3":"status-publish","4":"has-post-thumbnail","6":"product_cat-dovanos-moterims","8":"first","9":"instock","10":"taxable","11":"shipping-taxable","12":"purchasable","13":"product-type-simple","14":"add-to-wishlist-after_add_to_cart"},"acf":[],"_links":{"self":[{"href":"https:\/\/tellimused.stiilne.ee\/lt\/wp-json\/wp\/v2\/product\/262881","targetHints":{"allow":["GET"]}}],"collection":[{"href":"https:\/\/tellimused.stiilne.ee\/lt\/wp-json\/wp\/v2\/product"}],"about":[{"href":"https:\/\/tellimused.stiilne.ee\/lt\/wp-json\/wp\/v2\/types\/product"}],"replies":[{"embeddable":true,"href":"https:\/\/tellimused.stiilne.ee\/lt\/wp-json\/wp\/v2\/comments?post=262881"}],"wp:featuredmedia":[{"embeddable":true,"href":"https:\/\/tellimused.stiilne.ee\/lt\/wp-json\/wp\/v2\/media\/262882"}],"wp:attachment":[{"href":"https:\/\/tellimused.stiilne.ee\/lt\/wp-json\/wp\/v2\/media?parent=262881"}],"wp:term":[{"taxonomy":"product_brand","embeddable":true,"href":"https:\/\/tellimused.stiilne.ee\/lt\/wp-json\/wp\/v2\/product_brand?post=262881"},{"taxonomy":"product_cat","embeddable":true,"href":"https:\/\/tellimused.stiilne.ee\/lt\/wp-json\/wp\/v2\/product_cat?post=262881"},{"taxonomy":"product_tag","embeddable":true,"href":"https:\/\/tellimused.stiilne.ee\/lt\/wp-json\/wp\/v2\/product_tag?post=262881"}],"curies":[{"name":"wp","href":"https:\/\/api.w.org\/{rel}","templated":true}]}}