{"id":262883,"date":"2026-03-12T17:23:31","date_gmt":"2026-03-12T15:23:31","guid":{"rendered":"https:\/\/tellimused.stiilne.ee\/toode\/kinkepakk-tervix-suurele-astelpajusobrale\/"},"modified":"2026-04-07T11:06:20","modified_gmt":"2026-04-07T08:06:20","slug":"tervix-big-apple-buddy-dovanu-pakuote","status":"publish","type":"product","link":"https:\/\/tellimused.stiilne.ee\/lt\/produktas\/tervix-big-apple-buddy-dovanu-pakuote\/","title":{"rendered":"&#8222;Tervix Big Apple Buddy&#8221; dovan\u0173 pakuot\u0117"},"content":{"rendered":"<h2 data-path-to-node=\"2\">  Dovan\u0173 pakuot\u0117 &#8222;Big Apple Buddy&#8221; &#8211; galingas vitamino C \u0161altinis \u0160altinis<\/h2>\n<p data-path-to-node=\"3\">Ie\u0161kote <b>ypa\u010d vertingos<\/b> ir <b>sveikos kal\u0117din\u0117s dovanos<\/b>? <b>Dovan\u0173 d\u0117\u017eut\u0117 &#8222;Didysis \u0161altalanki\u0173 myl\u0117tojas&#8221;<\/b> &#8211; <b>puiki dovan\u0173 id\u0117ja<\/b> visiems \u0161altalanki\u0173 gerb\u0117jams ir tiems, kurie nori <b>sustiprinti<\/b> savo <b>imunin\u0119 sistem\u0105<\/b>! \u0160i <b>apgalvota ir gra\u017ei dovana<\/b> yra <b>puikus pasirinkimas<\/b> j\u016bs\u0173 <b>mylimam \u017emogui<\/b> &#8211; nesvarbu, ar tai b\u016bt\u0173 <b>Kal\u0117dos<\/b>, ar <b>gimtadienis<\/b>, ar bet kokia kita <b>ypatinga proga.<\/b><\/p>\n<h3 data-path-to-node=\"4\">Geriausi \u0161altalankiai vienoje prabangioje pakuot\u0117je &#8211; po 5 produktus<\/h3>\n<p data-path-to-node=\"5\">\u0160\u012f <b>didel\u012f ir prabang\u0173 dovan\u0173 rinkin\u012f<\/b> sudaro <b>&#8222;Tervix&#8221; rank\u0173 darbo<\/b> \u0161altalanki\u0173 ir <b>Estijoje gaminami<\/b> sveikatingumo produktai, kurie u\u017etikrina tiek vidin\u0119, tiek i\u0161orin\u0119 gerov\u0119:<\/p>\n<ul data-path-to-node=\"6\">\n<li>\n<p data-path-to-node=\"6,0,0\"><b>\u0160altalanki\u0173 aliejus (100 ml) <\/b> Tikras <b>supermaistas<\/b> ir <b>vitamin\u0173 bomba<\/b>, garsus odos ir gleivini\u0173 atstatymo priemon\u0117. <b>Labai paklausus produktas<\/b> \u017eiem\u0105!<\/p>\n<\/li>\n<li>\n<p data-path-to-node=\"6,1,0\"><b>\u0160altalanki\u0173 milteliai <\/b> Liofilizacijos b\u016bdu i\u0161d\u017eiovinti, <b>vitamino C turtingi<\/b> milteliai, skirti kasdieniam <b>imuniteto stiprinimui<\/b>.<\/p>\n<\/li>\n<li>\n<p data-path-to-node=\"6,2,0\"><b>Gerkl\u0117s pur\u0161kalas <\/b> <b>Nat\u016brali priemon\u0117<\/b> gerkl\u0117s dirginimo ir per\u0161alimo lig\u0173 profilaktikai.<\/p>\n<\/li>\n<li>\n<p data-path-to-node=\"6,3,0\"><b>Obuoli\u0173 \u017eel\u0117<\/b> \u0160vie\u017eias ir saldus skan\u0117stas, puikiai tinkantis <b>gurman\u0173 karaliams<\/b>.<\/p>\n<\/li>\n<li>\n<p data-path-to-node=\"6,4,0\"><b>\u0160altalanki\u0173 garsty\u010dios<\/b> Nepakartojamas skonis su m\u0117sa, \u017euvimi ar s\u016briu.<\/p>\n<\/li>\n<\/ul>\n<h3 data-path-to-node=\"7\">  \u0160altalankis &#8211; sveikatos ir gyvybingumo simbolis<\/h3>\n<p data-path-to-node=\"8\">Dovanokite <b>sveikat\u0105 ir vitaminus<\/b>! \u0160altalankiai, \u017einomi d\u0117l <b>didelio vitamino C<\/b> kiekio, yra <b>geriausias nat\u016bralus<\/b> \u0161altojo sezono <b>maisto papildas<\/b>. \u0160i <b>esti\u0161ka dovana<\/b> yra unikali ir rodo gil\u0173 r\u016bpest\u012f.  <\/p>\n<p data-start=\"125\" data-end=\"296\"><strong data-start=\"125\" data-end=\"168\">\u0160altalankiai &#8211; nat\u016brali vitamin\u0173 bomba!<\/strong>  <br data-start=\"168\" data-end=\"171\">\u0160altalankis &#8211; viena i\u0161 daugiausiai maisting\u0173j\u0173 med\u017eiag\u0173 turin\u010di\u0173 uog\u0173, naudojama imunitetui stiprinti ir bendrai sveikatai palaikyti.<\/p>\n<p data-start=\"298\" data-end=\"938\"><strong data-start=\"298\" data-end=\"325\">Pagrindiniai privalumai<\/strong><br data-start=\"325\" data-end=\"328\">\u2714 <strong data-start=\"330\" data-end=\"353\">Stiprina imunitet\u0105<\/strong> &#8211; labai turtingas vitamino C ir karotinoid\u0173 \u0161altinis, tod\u0117l padeda organizmui geriau atsispirti per\u0161alimo ir virusin\u0117ms ligoms.<br data-start=\"475\" data-end=\"478\">\u2714 <strong data-start=\"480\" data-end=\"503\">Galingas antioksidantas<\/strong> &#8211; bioflavonoidai apsaugo l\u0105steles nuo laisv\u0173j\u0173 radikal\u0173 ir palaiko nat\u016brali\u0105 organizmo apsaug\u0105.<br data-start=\"607\" data-end=\"610\">\u2714 <strong data-start=\"612\" data-end=\"633\">Draugi\u0161kas \u0161ird\u017eiai<\/strong> &#8211; padeda i\u0161laikyti cholesterolio pusiausvyr\u0105 ir palaiko kraujagysli\u0173 elastingum\u0105.<br data-start=\"703\" data-end=\"706\">\u2714 <strong data-start=\"708\" data-end=\"724\">Palaiko od\u0105<\/strong> &#8211; \u0161altalanki\u0173 aliejus yra nat\u016brali priemon\u0117, padedanti pri\u017ei\u016br\u0117ti sudirgusi\u0105, saus\u0105 ar pa\u017eeist\u0105 od\u0105 (tinka ir nudegus saul\u0117je).<br data-start=\"841\" data-end=\"844\">\u2714 <strong data-start=\"846\" data-end=\"869\">Palaiko vir\u0161kinim\u0105<\/strong> &#8211; padeda palengvinti vir\u0161kinimo sutrikimus ir palaiko gleivin\u0117s atsistatym\u0105.<\/p>\n<p data-start=\"940\" data-end=\"1059\">\u0160altalankiai yra tikras supermaistas, kuris suteikia energijos, palaiko ir maitina organizm\u0105.<\/p>\n","protected":false},"excerpt":{"rendered":"<p>Dovan\u0173 pakuot\u0117 &#8222;Big Apple Buddy&#8221; &#8211; galingas vitamino C \u0161altinis \u0160altinis Ie\u0161kote ypa\u010d vertingos ir sveikos kal\u0117din\u0117s dovanos? Dovan\u0173 d\u0117\u017eut\u0117 &#8222;Didysis \u0161altalanki\u0173 myl\u0117tojas&#8221; &#8211; puiki dovan\u0173 id\u0117ja visiems \u0161altalanki\u0173 gerb\u0117jams ir tiems, kurie nori sustiprinti savo imunin\u0119 sistem\u0105! \u0160i apgalvota ir gra\u017ei dovana yra puikus pasirinkimas j\u016bs\u0173 mylimam \u017emogui &#8211; nesvarbu, ar tai b\u016bt\u0173 Kal\u0117dos, [&hellip;]<\/p>\n","protected":false},"featured_media":262884,"comment_status":"closed","ping_status":"closed","template":"","meta":{"_acf_changed":false},"product_brand":[],"product_cat":[319],"product_tag":[],"class_list":{"0":"post-262883","1":"product","2":"type-product","3":"status-publish","4":"has-post-thumbnail","6":"product_cat-dovanos-moterims","8":"first","9":"instock","10":"taxable","11":"shipping-taxable","12":"purchasable","13":"product-type-simple","14":"add-to-wishlist-after_add_to_cart"},"acf":[],"_links":{"self":[{"href":"https:\/\/tellimused.stiilne.ee\/lt\/wp-json\/wp\/v2\/product\/262883","targetHints":{"allow":["GET"]}}],"collection":[{"href":"https:\/\/tellimused.stiilne.ee\/lt\/wp-json\/wp\/v2\/product"}],"about":[{"href":"https:\/\/tellimused.stiilne.ee\/lt\/wp-json\/wp\/v2\/types\/product"}],"replies":[{"embeddable":true,"href":"https:\/\/tellimused.stiilne.ee\/lt\/wp-json\/wp\/v2\/comments?post=262883"}],"wp:featuredmedia":[{"embeddable":true,"href":"https:\/\/tellimused.stiilne.ee\/lt\/wp-json\/wp\/v2\/media\/262884"}],"wp:attachment":[{"href":"https:\/\/tellimused.stiilne.ee\/lt\/wp-json\/wp\/v2\/media?parent=262883"}],"wp:term":[{"taxonomy":"product_brand","embeddable":true,"href":"https:\/\/tellimused.stiilne.ee\/lt\/wp-json\/wp\/v2\/product_brand?post=262883"},{"taxonomy":"product_cat","embeddable":true,"href":"https:\/\/tellimused.stiilne.ee\/lt\/wp-json\/wp\/v2\/product_cat?post=262883"},{"taxonomy":"product_tag","embeddable":true,"href":"https:\/\/tellimused.stiilne.ee\/lt\/wp-json\/wp\/v2\/product_tag?post=262883"}],"curies":[{"name":"wp","href":"https:\/\/api.w.org\/{rel}","templated":true}]}}