{"id":263008,"date":"2026-03-12T17:14:17","date_gmt":"2026-03-12T15:14:17","guid":{"rendered":"https:\/\/tellimused.stiilne.ee\/toode\/behmo-eesti-kasitoo-meriino-peapael-helehall-naistele-ja-tudrukutele-uudis-kohe-laos\/"},"modified":"2026-04-07T11:06:33","modified_gmt":"2026-04-07T08:06:33","slug":"behmo-estijos-ranku-darbo-merino-galvos-apdangalas-helehall-moterims-ir-mergaitems-naujas-ispardavimas","status":"publish","type":"product","link":"https:\/\/tellimused.stiilne.ee\/lt\/produktas\/behmo-estijos-ranku-darbo-merino-galvos-apdangalas-helehall-moterims-ir-mergaitems-naujas-ispardavimas\/","title":{"rendered":"BEHMO Estijos rank\u0173 darbo merino galvos apdangalas \u0160VIESIAI PILKA moterims ir mergait\u0117ms &#8211; NAUJAS I\u0160PARDAVIMAS"},"content":{"rendered":"<p data-start=\"149\" data-end=\"234\"><strong data-start=\"149\" data-end=\"232\">&#8222;BehMo&#8221; est\u0173 rank\u0173 darbo merino galvos apdangalas &#8211; \u0161iltas, mink\u0161tas ir nesenstantis palydovas v\u0117siomis dienomis.<\/strong><\/p>\n<p data-start=\"236\" data-end=\"476\">&#8222;BehMo&#8221; merino galvos apdangalas pasi\u017eymi prabangiu mink\u0161tumu ir nat\u016bralia \u0161iluma, tod\u0117l yra puikus palydovas nuo rudens iki pavasario. Rankomis Estijoje austas i\u0161 auk\u0161tos kokyb\u0117s merino vilnos, kuri <strong data-start=\"414\" data-end=\"473\">nedirgina, neskauda ir tinka labai jautriai odai<\/strong>.<\/p>\n<p data-start=\"478\" data-end=\"696\"><strong data-start=\"478\" data-end=\"501\">Dvigubo mezgimo audinys<\/strong> saugo galv\u0105 ir ausis nuo v\u0117jo ir <strong data-start=\"564\" data-end=\"587\">leid\u017eia odai kv\u0117puoti<\/strong> &#8211; puikiai tinka <strong data-start=\"603\" data-end=\"693\">vaik\u0161\u010dioti p\u0117s\u010diomis, va\u017eiuoti dvira\u010diu, leistis \u012f \u017eygius p\u0117s\u010diomis, va\u017eiuoti \u012f darb\u0105 ar d\u0117v\u0117ti kasdien.<\/strong><\/p>\n<p data-start=\"698\" data-end=\"924\"><strong data-start=\"698\" data-end=\"735\">Kod\u0117l verta rinktis &#8222;BehMo&#8221; merino galvos apdangal\u0105?<\/strong><br data-start=\"735\" data-end=\"738\" \/>&#8211; i\u0161laiko \u0161ilum\u0105 prie +5&#8230;-15 \u00b0C <br data-start=\"778\" data-end=\"781\" \/>&#8211; pralaidus orui &#8211; net ir judant neprakaituosite<br data-start=\"832\" data-end=\"835\" \/>&#8211; itin mink\u0161tas &#8211; merino vilna netrins ir neskaud\u0117s<br data-start=\"873\" data-end=\"876\" \/>&#8211; nesenstantis ir minimalistinis dizainas, tinka prie visko.<\/p>\n<p data-start=\"926\" data-end=\"1031\"><strong data-start=\"926\" data-end=\"939\">Dyd\u017eiai<\/strong><br data-start=\"939\" data-end=\"942\" \/>S &#8211; vaikams (nuo 48 cm) arba moterims su ma\u017eesne galvos apimtimi<br data-start=\"997\" data-end=\"1000\" \/>M &#8211; populiariausias dydis moterims.<\/p>\n<p data-start=\"1033\" data-end=\"1084\"><strong>Sud\u0117tis<\/strong><\/p>\n<p data-start=\"1033\" data-end=\"1084\">50 % merino &#8211; 25 % mikropluo\u0161to &#8211; 25 % akrilo<\/p>\n<p data-start=\"1086\" data-end=\"1196\">  <strong data-start=\"1089\" data-end=\"1110\">Puiki dovana<\/strong> sau, seseriai, draugui ar kolegai &#8211; prakti\u0161ka, kokybi\u0161ka ir visada naudojama.<\/p>\n<p data-start=\"393\" data-end=\"632\">Kiekvienas pirkinys padeda m\u016bs\u0173 pa\u010di\u0173 ma\u017eoms \u012fmon\u0117ms augti ir i\u0161likti stiprioms  <\/p>\n<p data-start=\"634\" data-end=\"744\">  <strong data-start=\"637\" data-end=\"662\">Atlikite savo dal\u012f<\/strong> &#8211; rinkit\u0117s kokybi\u0161k\u0105 esti\u0161k\u0105 produkt\u0105 ir jauskit\u0117s gerai \u0161irdyje  <\/p>\n","protected":false},"excerpt":{"rendered":"<p>&#8222;BehMo&#8221; est\u0173 rank\u0173 darbo merino galvos apdangalas &#8211; \u0161iltas, mink\u0161tas ir nesenstantis palydovas v\u0117siomis dienomis. &#8222;BehMo&#8221; merino galvos apdangalas pasi\u017eymi prabangiu mink\u0161tumu ir nat\u016bralia \u0161iluma, tod\u0117l yra puikus palydovas nuo rudens iki pavasario. Rankomis Estijoje austas i\u0161 auk\u0161tos kokyb\u0117s merino vilnos, kuri nedirgina, neskauda ir tinka labai jautriai odai. Dvigubo mezgimo audinys saugo galv\u0105 ir [&hellip;]<\/p>\n","protected":false},"featured_media":263009,"comment_status":"closed","ping_status":"closed","template":"","meta":{"_acf_changed":false},"product_brand":[],"product_cat":[264],"product_tag":[],"class_list":{"0":"post-263008","1":"product","2":"type-product","3":"status-publish","4":"has-post-thumbnail","6":"product_cat-kepures-pirstines-salikai","7":"product_shipping_class-tarneaeg-1-4-paeva","9":"first","10":"instock","11":"taxable","12":"shipping-taxable","13":"purchasable","14":"product-type-variable","15":"has-default-attributes","16":"add-to-wishlist-after_add_to_cart"},"acf":[],"_links":{"self":[{"href":"https:\/\/tellimused.stiilne.ee\/lt\/wp-json\/wp\/v2\/product\/263008","targetHints":{"allow":["GET"]}}],"collection":[{"href":"https:\/\/tellimused.stiilne.ee\/lt\/wp-json\/wp\/v2\/product"}],"about":[{"href":"https:\/\/tellimused.stiilne.ee\/lt\/wp-json\/wp\/v2\/types\/product"}],"replies":[{"embeddable":true,"href":"https:\/\/tellimused.stiilne.ee\/lt\/wp-json\/wp\/v2\/comments?post=263008"}],"wp:featuredmedia":[{"embeddable":true,"href":"https:\/\/tellimused.stiilne.ee\/lt\/wp-json\/wp\/v2\/media\/263009"}],"wp:attachment":[{"href":"https:\/\/tellimused.stiilne.ee\/lt\/wp-json\/wp\/v2\/media?parent=263008"}],"wp:term":[{"taxonomy":"product_brand","embeddable":true,"href":"https:\/\/tellimused.stiilne.ee\/lt\/wp-json\/wp\/v2\/product_brand?post=263008"},{"taxonomy":"product_cat","embeddable":true,"href":"https:\/\/tellimused.stiilne.ee\/lt\/wp-json\/wp\/v2\/product_cat?post=263008"},{"taxonomy":"product_tag","embeddable":true,"href":"https:\/\/tellimused.stiilne.ee\/lt\/wp-json\/wp\/v2\/product_tag?post=263008"}],"curies":[{"name":"wp","href":"https:\/\/api.w.org\/{rel}","templated":true}]}}