{"id":263065,"date":"2026-03-12T17:09:57","date_gmt":"2026-03-12T15:09:57","guid":{"rendered":"https:\/\/tellimused.stiilne.ee\/toode\/behmo-eesti-kasitoo-meriino-peapael-pruun-naistele-ja-tudrukutele-uudis-kohe-laos\/"},"modified":"2026-04-06T19:52:44","modified_gmt":"2026-04-06T16:52:44","slug":"behmo-eesti-kasitoo-meriino-peapael-pruun-naistele-ja-tudrukutele-2","status":"publish","type":"product","link":"https:\/\/tellimused.stiilne.ee\/lt\/produktas\/behmo-eesti-kasitoo-meriino-peapael-pruun-naistele-ja-tudrukutele-2\/","title":{"rendered":"BEHMO Eesti k\u00e4sit\u00f6\u00f6 meriino peapael PRUUN naistele ja t\u00fcdrukutele-UUDIS-KOHE LAOS"},"content":{"rendered":"<p data-start=\"149\" data-end=\"234\"><strong data-start=\"149\" data-end=\"232\">BehMo Eesti k\u00e4sit\u00f6\u00f6 meriino peapael \u2013 soe, pehme ja ajatu kaaslane jahedateks p\u00e4evadeks<\/strong><\/p>\n<p data-start=\"236\" data-end=\"476\">BehMo meriino peapael pakub luksuslikku pehmust ja looduslikku soojust, olles ideaalne kaaslane s\u00fcgisest kevadeni. Kootud Eestis k\u00e4sit\u00f6\u00f6na k\u00f5rgekvaliteetsest meriino\u00advillast, mis <strong data-start=\"414\" data-end=\"473\">ei k\u00f5dita, ei s\u00fcgele ja sobib ka v\u00e4ga tundlikule nahale<\/strong>.<\/p>\n<p data-start=\"478\" data-end=\"696\"><strong data-start=\"478\" data-end=\"501\">Topeltkoeline kudum<\/strong> hoiab pea ja k\u00f5rvad kindlalt tuulte eest kaitstud, samal ajal <strong data-start=\"564\" data-end=\"587\">laseb nahal hingata<\/strong> \u2013 t\u00e4iuslik nii <strong data-start=\"603\" data-end=\"693\">jalutusk\u00e4ikudeks, rattas\u00f5iduks, matkale, t\u00f6\u00f6le minekuks kui igap\u00e4evaseks kandmiseks.<\/strong><\/p>\n<p data-start=\"698\" data-end=\"924\"><strong data-start=\"698\" data-end=\"735\">Miks valida BehMo meriino peapael?<\/strong><br data-start=\"735\" data-end=\"738\" \/>\u2022 hoiab pea soojas temperatuuriga +5\u2026\u221215\u00b0C\u00a0<br data-start=\"778\" data-end=\"781\" \/>\u2022 hingav \u2013 ei aja higistama ka aktiivsel liikumisel<br data-start=\"832\" data-end=\"835\" \/>\u2022 \u00fclimalt pehme \u2013 meriinovill ei torgi ega s\u00fcgele<br data-start=\"873\" data-end=\"876\" \/>\u2022 ajatu ja minimalistlik disain, sobib k\u00f5igega<\/p>\n<p data-start=\"926\" data-end=\"1031\"><strong data-start=\"926\" data-end=\"939\">Suurused<\/strong><br data-start=\"939\" data-end=\"942\" \/>S \u2013 lastele (alates 48 cm) v\u00f5i v\u00e4iksema pea\u00fcmberm\u00f5\u00f5duga naistele<br data-start=\"997\" data-end=\"1000\" \/>M \u2013 k\u00f5ige populaarsem naiste m\u00f5\u00f5t<\/p>\n<p data-start=\"1033\" data-end=\"1084\"><strong>Koostis<\/strong><\/p>\n<p data-start=\"1033\" data-end=\"1084\">50% meriino \u00b7 25% mikrokiud \u00b7 25% akr\u00fc\u00fcl<\/p>\n<p data-start=\"1086\" data-end=\"1196\">  <strong data-start=\"1089\" data-end=\"1110\">Ideaalne kingitus<\/strong> endale, \u00f5ele, s\u00f5brale v\u00f5i t\u00f6\u00f6kaaslasele \u2013 praktiline, kvaliteetne ja alati kasutuses<\/p>\n","protected":false},"excerpt":{"rendered":"<p>BehMo Eesti k\u00e4sit\u00f6\u00f6 meriino peapael \u2013 soe, pehme ja ajatu kaaslane jahedateks p\u00e4evadeks BehMo meriino peapael pakub luksuslikku pehmust ja looduslikku soojust, olles ideaalne kaaslane s\u00fcgisest kevadeni. Kootud Eestis k\u00e4sit\u00f6\u00f6na k\u00f5rgekvaliteetsest meriino\u00advillast, mis ei k\u00f5dita, ei s\u00fcgele ja sobib ka v\u00e4ga tundlikule nahale. Topeltkoeline kudum hoiab pea ja k\u00f5rvad kindlalt tuulte eest kaitstud, samal ajal [&hellip;]<\/p>\n","protected":false},"featured_media":263066,"comment_status":"closed","ping_status":"closed","template":"","meta":{"_acf_changed":false},"product_brand":[],"product_cat":[264],"product_tag":[],"class_list":{"0":"post-263065","1":"product","2":"type-product","3":"status-publish","4":"has-post-thumbnail","6":"product_cat-kepures-pirstines-salikai","7":"product_shipping_class-tarneaeg-1-4-paeva","9":"first","10":"instock","11":"taxable","12":"shipping-taxable","13":"purchasable","14":"product-type-variable","15":"has-default-attributes","16":"add-to-wishlist-after_add_to_cart"},"acf":[],"_links":{"self":[{"href":"https:\/\/tellimused.stiilne.ee\/lt\/wp-json\/wp\/v2\/product\/263065","targetHints":{"allow":["GET"]}}],"collection":[{"href":"https:\/\/tellimused.stiilne.ee\/lt\/wp-json\/wp\/v2\/product"}],"about":[{"href":"https:\/\/tellimused.stiilne.ee\/lt\/wp-json\/wp\/v2\/types\/product"}],"replies":[{"embeddable":true,"href":"https:\/\/tellimused.stiilne.ee\/lt\/wp-json\/wp\/v2\/comments?post=263065"}],"wp:featuredmedia":[{"embeddable":true,"href":"https:\/\/tellimused.stiilne.ee\/lt\/wp-json\/wp\/v2\/media\/263066"}],"wp:attachment":[{"href":"https:\/\/tellimused.stiilne.ee\/lt\/wp-json\/wp\/v2\/media?parent=263065"}],"wp:term":[{"taxonomy":"product_brand","embeddable":true,"href":"https:\/\/tellimused.stiilne.ee\/lt\/wp-json\/wp\/v2\/product_brand?post=263065"},{"taxonomy":"product_cat","embeddable":true,"href":"https:\/\/tellimused.stiilne.ee\/lt\/wp-json\/wp\/v2\/product_cat?post=263065"},{"taxonomy":"product_tag","embeddable":true,"href":"https:\/\/tellimused.stiilne.ee\/lt\/wp-json\/wp\/v2\/product_tag?post=263065"}],"curies":[{"name":"wp","href":"https:\/\/api.w.org\/{rel}","templated":true}]}}