{"id":263108,"date":"2026-03-12T17:03:06","date_gmt":"2026-03-12T15:03:06","guid":{"rendered":"https:\/\/tellimused.stiilne.ee\/toode\/magrada-pojengi-pojengi-kehakreem-koikidele-nahatuupidele-200-ml\/"},"modified":"2026-04-07T11:06:26","modified_gmt":"2026-04-07T08:06:26","slug":"magrada-pojengi-pojengi-pojengi-odos-kremas-visu-tipu-odai-200-ml","status":"publish","type":"product","link":"https:\/\/tellimused.stiilne.ee\/lt\/produktas\/magrada-pojengi-pojengi-pojengi-odos-kremas-visu-tipu-odai-200-ml\/","title":{"rendered":"MAGRADA POJENGI POJENGI POJENGI odos kremas Vis\u0173 tip\u0173 odai 200 ml"},"content":{"rendered":"<p data-start=\"90\" data-end=\"174\"><strong data-start=\"90\" data-end=\"174\">Prabangus k\u016bno losjonas &#8211; gilus dr\u0117kinimas ir \u0161ilkinis \u0161velnumas su kiekvienu patepimu<\/strong><\/p>\n<p data-start=\"176\" data-end=\"550\">Jei j\u016bs\u0173 oda trok\u0161ta dr\u0117gm\u0117s, Pojengi k\u016bno kremas skirtas jai numal\u0161inti. Sud\u0117tyje esantys septyni augaliniai aliejai, ekologi\u0161kas svaraini\u0173 ekstraktas ir hialurono r\u016bg\u0161tis giliai ir ilgai dr\u0117kina od\u0105, padeda i\u0161laikyti jos elastingum\u0105 ir suteikia jaunatvi\u0161ko \u0161vyt\u0117jimo. \u0160velniai aksomin\u0117 tekst\u016bra greitai \u012fsigeria ir suteikia odai ne\u012ftik\u0117tino \u0161velnumo, nepalieka riebaus sluoksnio.  <\/p>\n<p data-start=\"552\" data-end=\"703\">Prabangus Pojengy ekstrakto aromatas \u0161velniai apgaubia j\u016bs\u0173 odos prie\u017ei\u016bros ritual\u0105 moteri\u0161ku para\u0161u, paversdamas \u0161i\u0105 akimirk\u0105 SPA patirtimi namuose.<\/p>\n<p data-start=\"705\" data-end=\"1011\">Kuo <strong data-start=\"705\" data-end=\"739\">ypatingas \u0161is k\u016bno kremas?<\/strong><br data-start=\"739\" data-end=\"742\">&#8211; Giliai dr\u0117kina ir sulaiko dr\u0117gm\u0119<br data-start=\"784\" data-end=\"787\">&#8211; Palaiko odos elastingum\u0105 ir l\u0105steli\u0173 atsinaujinim\u0105<br data-start=\"831\" data-end=\"834\">&#8211; Od\u0105 padaro aksominio \u0161velnumo ir \u0161ilko glotnumo<br data-start=\"880\" data-end=\"883\">&#8211; 97,88 % nat\u016brali\u0173 ingredient\u0173<br data-start=\"924\" data-end=\"927\">&#8211; Be paraben\u0173, silikono, alkoholio ir \u017eiauraus elgesio<br data-start=\"977\" data-end=\"980\" data-is-only-node=\"\">&#8211; Vegani\u0161kas ir amatinink\u0173 pagamintas.<\/p>\n<p data-start=\"1013\" data-end=\"1160\"><strong data-start=\"1013\" data-end=\"1028\">Naudojimo b\u016bdas:<\/strong><br data-start=\"1028\" data-end=\"1031\">\u0160velniais sukamaisiais judesiais tepkite ant \u0161varios odos. Tinka kasdienei prie\u017ei\u016brai, ypa\u010d po du\u0161o ar vonios ritualo. <\/p>\n","protected":false},"excerpt":{"rendered":"<p>Prabangus k\u016bno losjonas &#8211; gilus dr\u0117kinimas ir \u0161ilkinis \u0161velnumas su kiekvienu patepimu Jei j\u016bs\u0173 oda trok\u0161ta dr\u0117gm\u0117s, Pojengi k\u016bno kremas skirtas jai numal\u0161inti. Sud\u0117tyje esantys septyni augaliniai aliejai, ekologi\u0161kas svaraini\u0173 ekstraktas ir hialurono r\u016bg\u0161tis giliai ir ilgai dr\u0117kina od\u0105, padeda i\u0161laikyti jos elastingum\u0105 ir suteikia jaunatvi\u0161ko \u0161vyt\u0117jimo. \u0160velniai aksomin\u0117 tekst\u016bra greitai \u012fsigeria ir suteikia odai [&hellip;]<\/p>\n","protected":false},"featured_media":263109,"comment_status":"closed","ping_status":"closed","template":"","meta":{"_acf_changed":false},"product_brand":[],"product_cat":[331],"product_tag":[],"class_list":{"0":"post-263108","1":"product","2":"type-product","3":"status-publish","4":"has-post-thumbnail","6":"product_cat-kunui","7":"product_shipping_class-tarneaeg-1-4-paeva","9":"first","10":"instock","11":"taxable","12":"shipping-taxable","13":"purchasable","14":"product-type-simple","15":"add-to-wishlist-after_add_to_cart"},"acf":[],"_links":{"self":[{"href":"https:\/\/tellimused.stiilne.ee\/lt\/wp-json\/wp\/v2\/product\/263108","targetHints":{"allow":["GET"]}}],"collection":[{"href":"https:\/\/tellimused.stiilne.ee\/lt\/wp-json\/wp\/v2\/product"}],"about":[{"href":"https:\/\/tellimused.stiilne.ee\/lt\/wp-json\/wp\/v2\/types\/product"}],"replies":[{"embeddable":true,"href":"https:\/\/tellimused.stiilne.ee\/lt\/wp-json\/wp\/v2\/comments?post=263108"}],"wp:featuredmedia":[{"embeddable":true,"href":"https:\/\/tellimused.stiilne.ee\/lt\/wp-json\/wp\/v2\/media\/263109"}],"wp:attachment":[{"href":"https:\/\/tellimused.stiilne.ee\/lt\/wp-json\/wp\/v2\/media?parent=263108"}],"wp:term":[{"taxonomy":"product_brand","embeddable":true,"href":"https:\/\/tellimused.stiilne.ee\/lt\/wp-json\/wp\/v2\/product_brand?post=263108"},{"taxonomy":"product_cat","embeddable":true,"href":"https:\/\/tellimused.stiilne.ee\/lt\/wp-json\/wp\/v2\/product_cat?post=263108"},{"taxonomy":"product_tag","embeddable":true,"href":"https:\/\/tellimused.stiilne.ee\/lt\/wp-json\/wp\/v2\/product_tag?post=263108"}],"curies":[{"name":"wp","href":"https:\/\/api.w.org\/{rel}","templated":true}]}}