{"id":263110,"date":"2026-03-12T17:03:06","date_gmt":"2026-03-12T15:03:06","guid":{"rendered":"https:\/\/tellimused.stiilne.ee\/toode\/magrada-bubble-katepesugeel-koikidele-nahatuupidele-400-ml\/"},"modified":"2026-04-07T11:06:25","modified_gmt":"2026-04-07T08:06:25","slug":"magrada-bubble-ranku-ploviklis-skirtas-visiems-odos-tipams-400-ml","status":"publish","type":"product","link":"https:\/\/tellimused.stiilne.ee\/lt\/produktas\/magrada-bubble-ranku-ploviklis-skirtas-visiems-odos-tipams-400-ml\/","title":{"rendered":"MAGRADA BUBBLE rank\u0173 ploviklis, skirtas visiems odos tipams 400 ml"},"content":{"rendered":"<p data-start=\"94\" data-end=\"156\"><strong data-start=\"94\" data-end=\"154\">&#8222;Bubble Hand Wash&#8221; &#8211; \u0161ampano prabanga kiekviename skalbini\u0173 krep\u0161elyje<\/strong><\/p>\n<p data-start=\"158\" data-end=\"532\">Bendradarbiaujant su &#8222;Mulligaler&#8221; sukurtame i\u0161skirtiniame rank\u0173 ploviklyje &#8222;Bubble Hand Wash&#8221; derinami kerintys kokybi\u0161ko putojan\u010dio vyno aromatai ir nat\u016bral\u016bs augaliniai ekstraktai, kad j\u016bs\u0173 rankos b\u016bt\u0173 i\u0161ties lepinamos. Gipsofilos, alijo\u0161iaus, wassacacacia ir balanido ekstraktai sukuria od\u0105 glostant\u012f mi\u0161in\u012f, kuris \u0161velniai valo, atkuria dr\u0117gm\u0117s pusiausvyr\u0105 ir suteikia odai \u0161ilko \u0161velnumo. <\/p>\n<p data-start=\"534\" data-end=\"665\">Prabangus aromatas ir \u0161velnios aksomin\u0117s putos kasdien\u012f rank\u0173 plovim\u0105 paver\u010dia gundan\u010diu ritualu &#8211; tarsi \u0161ampano akimirka j\u016bs\u0173 vonios kambaryje.<\/p>\n<p data-start=\"667\" data-end=\"965\">Kuo <strong data-start=\"667\" data-end=\"697\">\u0161is produktas ypatingas?<\/strong><br data-start=\"697\" data-end=\"700\">&#8211; Dr\u0117kinantis ir \u0161velnus valiklis kasdieniam naudojimui<br data-start=\"760\" data-end=\"763\">&#8211; Prabangus \u0161ampano \u012fkv\u0117ptas aromatas<br data-start=\"805\" data-end=\"808\">&#8211; 95,33 % nat\u016brali\u0173 ingredient\u0173<br data-start=\"849\" data-end=\"852\">&#8211; Be paraben\u0173, silikono, sulfat\u0173, alkoholio ir \u017eiauraus elgesio<br data-start=\"913\" data-end=\"916\">&#8211; Vegani\u0161kas ir minimalus kruop\u0161\u010diai atrinkt\u0173 ingredient\u0173 kiekis.<\/p>\n<p data-start=\"967\" data-end=\"1071\"><strong data-start=\"967\" data-end=\"982\">Kaip naudoti:<\/strong><br data-start=\"982\" data-end=\"985\">Nedidel\u012f kiek\u012f gelio u\u017etepkite ant dr\u0117gn\u0173 rank\u0173, \u0161velniai \u012fmasa\u017euokite ir nuplaukite \u0161iltu vandeniu.<\/p>\n","protected":false},"excerpt":{"rendered":"<p>&#8222;Bubble Hand Wash&#8221; &#8211; \u0161ampano prabanga kiekviename skalbini\u0173 krep\u0161elyje Bendradarbiaujant su &#8222;Mulligaler&#8221; sukurtame i\u0161skirtiniame rank\u0173 ploviklyje &#8222;Bubble Hand Wash&#8221; derinami kerintys kokybi\u0161ko putojan\u010dio vyno aromatai ir nat\u016bral\u016bs augaliniai ekstraktai, kad j\u016bs\u0173 rankos b\u016bt\u0173 i\u0161ties lepinamos. Gipsofilos, alijo\u0161iaus, wassacacacia ir balanido ekstraktai sukuria od\u0105 glostant\u012f mi\u0161in\u012f, kuris \u0161velniai valo, atkuria dr\u0117gm\u0117s pusiausvyr\u0105 ir suteikia odai \u0161ilko [&hellip;]<\/p>\n","protected":false},"featured_media":263111,"comment_status":"closed","ping_status":"closed","template":"","meta":{"_acf_changed":false},"product_brand":[],"product_cat":[331],"product_tag":[],"class_list":{"0":"post-263110","1":"product","2":"type-product","3":"status-publish","4":"has-post-thumbnail","6":"product_cat-kunui","8":"first","9":"instock","10":"taxable","11":"shipping-taxable","12":"purchasable","13":"product-type-simple","14":"add-to-wishlist-after_add_to_cart"},"acf":[],"_links":{"self":[{"href":"https:\/\/tellimused.stiilne.ee\/lt\/wp-json\/wp\/v2\/product\/263110","targetHints":{"allow":["GET"]}}],"collection":[{"href":"https:\/\/tellimused.stiilne.ee\/lt\/wp-json\/wp\/v2\/product"}],"about":[{"href":"https:\/\/tellimused.stiilne.ee\/lt\/wp-json\/wp\/v2\/types\/product"}],"replies":[{"embeddable":true,"href":"https:\/\/tellimused.stiilne.ee\/lt\/wp-json\/wp\/v2\/comments?post=263110"}],"wp:featuredmedia":[{"embeddable":true,"href":"https:\/\/tellimused.stiilne.ee\/lt\/wp-json\/wp\/v2\/media\/263111"}],"wp:attachment":[{"href":"https:\/\/tellimused.stiilne.ee\/lt\/wp-json\/wp\/v2\/media?parent=263110"}],"wp:term":[{"taxonomy":"product_brand","embeddable":true,"href":"https:\/\/tellimused.stiilne.ee\/lt\/wp-json\/wp\/v2\/product_brand?post=263110"},{"taxonomy":"product_cat","embeddable":true,"href":"https:\/\/tellimused.stiilne.ee\/lt\/wp-json\/wp\/v2\/product_cat?post=263110"},{"taxonomy":"product_tag","embeddable":true,"href":"https:\/\/tellimused.stiilne.ee\/lt\/wp-json\/wp\/v2\/product_tag?post=263110"}],"curies":[{"name":"wp","href":"https:\/\/api.w.org\/{rel}","templated":true}]}}