{"id":263112,"date":"2026-03-12T17:01:57","date_gmt":"2026-03-12T15:01:57","guid":{"rendered":"https:\/\/tellimused.stiilne.ee\/toode\/magrada-pojengi-vannipallid-4-tk-komplektis-koikidele-nahatuupidele-125-g\/"},"modified":"2026-04-07T11:06:25","modified_gmt":"2026-04-07T08:06:25","slug":"magrada-pojengi-vonios-rutuliukai-4-vnt-visiems-odos-tipams-125-g","status":"publish","type":"product","link":"https:\/\/tellimused.stiilne.ee\/lt\/produktas\/magrada-pojengi-vonios-rutuliukai-4-vnt-visiems-odos-tipams-125-g\/","title":{"rendered":"MAGRADA POJENGI Vonios rutuliukai 4 vnt. visiems odos tipams 125 g"},"content":{"rendered":"<p data-start=\"98\" data-end=\"162\"><strong data-start=\"98\" data-end=\"162\">POJENGI VONIOS KAMUOLIUKAI<\/strong><\/p>\n<p data-start=\"164\" data-end=\"404\">M\u0117gaukit\u0117s prabangiu ir laikui nepavald\u017eiu vonios ritualu, kuris nukels jus \u012f elegancijos ir jausmingumo pasaul\u012f. Magi\u0161kai putojantys vonios rutuliukai pripildys vonios vanden\u012f \u0161velnaus aromato ir \u0161ilkinio prisilietimo, akimirksniu atpalaiduodami k\u016bn\u0105 ir prot\u0105. <\/p>\n<p data-start=\"406\" data-end=\"683\">Avokad\u0173 ir saul\u0117gr\u0105\u017e\u0173 aliejus, nat\u016brali j\u016bros druska ir vitaminas E puosel\u0117ja od\u0105, tod\u0117l po vonios ji tampa \u0161velni, sudr\u0117kinta ir aksomin\u0117. Kiekvienas vonios rutuliukas, krisdamas \u012f vanden\u012f, gausiai burbuliuoja, padengdamas vonios vanden\u012f kerin\u010dia kvap\u0173 puok\u0161te ir suteikdamas i\u0161ties karali\u0161k\u0105 SPA patirt\u012f. <\/p>\n<p data-start=\"685\" data-end=\"960\"><strong data-start=\"685\" data-end=\"722\">Kod\u0117l pojengo vonios kamuolys yra geras pasirinkimas?<\/strong><br data-start=\"722\" data-end=\"725\">&#8211; Praturtintas avokad\u0173 ir saul\u0117gr\u0105\u017e\u0173 aliejumi &#8211; maitina ir dr\u0117kina<br data-start=\"786\" data-end=\"789\">&#8211; J\u016bros druska \u0161velnina ir ramina od\u0105<br data-start=\"823\" data-end=\"826\">&#8211; Sud\u0117tyje yra vitamino E &#8211; apsaugo ir atkuria<br data-start=\"869\" data-end=\"872\">&#8211; Nat\u016bralus kvapas &#8211; jausmingas pojengas<br data-start=\"909\" data-end=\"912\">&#8211; Puiki dovanos id\u0117ja arba asmeninio malonumo ritualas.<\/p>\n<p data-start=\"962\" data-end=\"1179\"><strong data-start=\"962\" data-end=\"977\">Kaip naudoti<\/strong><br data-start=\"977\" data-end=\"980\">Kai vonia bus beveik pilna, patogiai \u012fsitaisykite vonioje ir pad\u0117kite vonios kamuol\u012f po tekan\u010diu vandeniu. Leiskite, kad dilg\u010diojimo poj\u016btis ir kvapas u\u017evaldyt\u0173 j\u016bs\u0173 poj\u016b\u010dius. \u0160velniai mai\u0161ykite vanden\u012f, kol vonios kamuolys visi\u0161kai i\u0161tirps.  <\/p>\n<p data-start=\"1181\" data-end=\"1225\"><strong data-start=\"1181\" data-end=\"1225\">Vonios kamuoliukus laikykite v\u0117sioje ir sausoje vietoje.<\/strong><\/p>\n","protected":false},"excerpt":{"rendered":"<p>POJENGI VONIOS KAMUOLIUKAI M\u0117gaukit\u0117s prabangiu ir laikui nepavald\u017eiu vonios ritualu, kuris nukels jus \u012f elegancijos ir jausmingumo pasaul\u012f. Magi\u0161kai putojantys vonios rutuliukai pripildys vonios vanden\u012f \u0161velnaus aromato ir \u0161ilkinio prisilietimo, akimirksniu atpalaiduodami k\u016bn\u0105 ir prot\u0105. Avokad\u0173 ir saul\u0117gr\u0105\u017e\u0173 aliejus, nat\u016brali j\u016bros druska ir vitaminas E puosel\u0117ja od\u0105, tod\u0117l po vonios ji tampa \u0161velni, sudr\u0117kinta ir [&hellip;]<\/p>\n","protected":false},"featured_media":263113,"comment_status":"closed","ping_status":"closed","template":"","meta":{"_acf_changed":false},"product_brand":[],"product_cat":[331],"product_tag":[],"class_list":{"0":"post-263112","1":"product","2":"type-product","3":"status-publish","4":"has-post-thumbnail","6":"product_cat-kunui","7":"product_shipping_class-tarneaeg-1-4-paeva","9":"first","10":"instock","11":"taxable","12":"shipping-taxable","13":"purchasable","14":"product-type-simple","15":"add-to-wishlist-after_add_to_cart"},"acf":[],"_links":{"self":[{"href":"https:\/\/tellimused.stiilne.ee\/lt\/wp-json\/wp\/v2\/product\/263112","targetHints":{"allow":["GET"]}}],"collection":[{"href":"https:\/\/tellimused.stiilne.ee\/lt\/wp-json\/wp\/v2\/product"}],"about":[{"href":"https:\/\/tellimused.stiilne.ee\/lt\/wp-json\/wp\/v2\/types\/product"}],"replies":[{"embeddable":true,"href":"https:\/\/tellimused.stiilne.ee\/lt\/wp-json\/wp\/v2\/comments?post=263112"}],"wp:featuredmedia":[{"embeddable":true,"href":"https:\/\/tellimused.stiilne.ee\/lt\/wp-json\/wp\/v2\/media\/263113"}],"wp:attachment":[{"href":"https:\/\/tellimused.stiilne.ee\/lt\/wp-json\/wp\/v2\/media?parent=263112"}],"wp:term":[{"taxonomy":"product_brand","embeddable":true,"href":"https:\/\/tellimused.stiilne.ee\/lt\/wp-json\/wp\/v2\/product_brand?post=263112"},{"taxonomy":"product_cat","embeddable":true,"href":"https:\/\/tellimused.stiilne.ee\/lt\/wp-json\/wp\/v2\/product_cat?post=263112"},{"taxonomy":"product_tag","embeddable":true,"href":"https:\/\/tellimused.stiilne.ee\/lt\/wp-json\/wp\/v2\/product_tag?post=263112"}],"curies":[{"name":"wp","href":"https:\/\/api.w.org\/{rel}","templated":true}]}}