{"id":263114,"date":"2026-03-12T17:01:57","date_gmt":"2026-03-12T15:01:57","guid":{"rendered":"https:\/\/tellimused.stiilne.ee\/toode\/magrada-pojengi-kehakoorija-koikidele-nahatuupidele-250-ml\/"},"modified":"2026-04-07T11:06:25","modified_gmt":"2026-04-07T08:06:25","slug":"magrada-pojengi-kehakoorija-visiems-odos-tipams-250-ml","status":"publish","type":"product","link":"https:\/\/tellimused.stiilne.ee\/lt\/produktas\/magrada-pojengi-kehakoorija-visiems-odos-tipams-250-ml\/","title":{"rendered":"MAGRADA POJENGI KULTURISTAS Visiems odos tipams 250 ml"},"content":{"rendered":"<p data-start=\"61\" data-end=\"139\"><strong data-start=\"61\" data-end=\"139\">Prabangus berniuki\u0161kas k\u016bno \u0161veitiklis &#8211; \u0161ilkinio \u0161velnumo ir nat\u016braliai \u0161vytinti oda<\/strong><\/p>\n<p data-start=\"141\" data-end=\"406\">M\u0117gaukit\u0117s raminan\u010dia jausminga k\u016bno proced\u016bra, kurioje dera berniuk\u0173 aliej\u0173 elegancija ir vaisi\u0173 aliej\u0173 maitinamoji galia. \u0160velnus k\u016bno \u0161veitiklis su lauro uog\u0173 aromato u\u017euomina stimuliuoja kraujotak\u0105, \u0161velniai pa\u0161alina negyvas odos l\u0105steles ir padeda odai atsinaujinti &#8211; ji tampa aksomin\u0117, \u0161vytinti ir giliai sudr\u0117kinta.<\/p>\n<p data-start=\"408\" data-end=\"733\">Turtingas spalvot\u0173 kakavos, abrikos\u0173 ir simondsij\u0173 aliej\u0173 derinys \u0161velniai susigeria \u012f od\u0105, giliai j\u0105 maitina ir mink\u0161tina. Mineral\u0173 turtinga j\u016bros druska ir juodojo \u0161eivamed\u017eio uog\u0173 ekstraktas subalansuoja ir nuramina net jautriausi\u0105 od\u0105. Kvapas kartu prabangus ir subtilus &#8211; nat\u016brali\u0173 pu\u0161\u0173 derinys su gaiviomis g\u0117li\u0173 natomis ir subtiliu saldumu.<\/p>\n<p data-start=\"735\" data-end=\"1076\"><strong data-start=\"735\" data-end=\"774\">Kod\u0117l Pojengi k\u016bno \u0161veitiklis yra geras pasirinkimas?<\/strong><br data-start=\"774\" data-end=\"777\" \/>&#8211; \u0160velnus, bet veiksmingas \u0161veitimas j\u016bros druskos pagrindu<br data-start=\"822\" data-end=\"825\" \/>&#8211; 100 % nat\u016bral\u016bs ingredientai<br data-start=\"855\" data-end=\"858\" \/>&#8211; Dr\u0117kina, maitina ir mink\u0161tina od\u0105<br data-start=\"895\" data-end=\"898\" \/>&#8211; Gerina odos strukt\u016br\u0105 ir elastingum\u0105<br data-start=\"936\" data-end=\"939\" \/>&#8211; Nat\u016bralus berniuk\u0173 aromatas &#8211; eleganti\u0161kas, \u0161velnus ir raminantis<br data-start=\"995\" data-end=\"998\" data-is-only-node=\"\" \/>&#8211; Vegani\u0161kas, be \u017eiauraus elgesio, rank\u0173 darbo, be paraben\u0173 ir silikono.<\/p>\n<p data-start=\"1078\" data-end=\"1262\"><strong data-start=\"1078\" data-end=\"1093\">Kaip naudoti:<\/strong><br data-start=\"1093\" data-end=\"1096\" \/>\u0160velniais sukamaisiais judesiais tepkite ant \u0161varios, dr\u0117gnos odos, tada nuplaukite vandeniu ir nusausinkite. Geriausi\u0173 rezultat\u0173 pasieksite naudodami 1-2 kartus per savait\u0119.<\/p>\n","protected":false},"excerpt":{"rendered":"<p>Prabangus berniuki\u0161kas k\u016bno \u0161veitiklis &#8211; \u0161ilkinio \u0161velnumo ir nat\u016braliai \u0161vytinti oda M\u0117gaukit\u0117s raminan\u010dia jausminga k\u016bno proced\u016bra, kurioje dera berniuk\u0173 aliej\u0173 elegancija ir vaisi\u0173 aliej\u0173 maitinamoji galia. \u0160velnus k\u016bno \u0161veitiklis su lauro uog\u0173 aromato u\u017euomina stimuliuoja kraujotak\u0105, \u0161velniai pa\u0161alina negyvas odos l\u0105steles ir padeda odai atsinaujinti &#8211; ji tampa aksomin\u0117, \u0161vytinti ir giliai sudr\u0117kinta. Turtingas spalvot\u0173 [&hellip;]<\/p>\n","protected":false},"featured_media":263107,"comment_status":"closed","ping_status":"closed","template":"","meta":{"_acf_changed":false},"product_brand":[],"product_cat":[331],"product_tag":[],"class_list":{"0":"post-263114","1":"product","2":"type-product","3":"status-publish","4":"has-post-thumbnail","6":"product_cat-kunui","7":"product_shipping_class-tarneaeg-1-4-paeva","9":"first","10":"instock","11":"taxable","12":"shipping-taxable","13":"purchasable","14":"product-type-simple","15":"add-to-wishlist-after_add_to_cart"},"acf":[],"_links":{"self":[{"href":"https:\/\/tellimused.stiilne.ee\/lt\/wp-json\/wp\/v2\/product\/263114","targetHints":{"allow":["GET"]}}],"collection":[{"href":"https:\/\/tellimused.stiilne.ee\/lt\/wp-json\/wp\/v2\/product"}],"about":[{"href":"https:\/\/tellimused.stiilne.ee\/lt\/wp-json\/wp\/v2\/types\/product"}],"replies":[{"embeddable":true,"href":"https:\/\/tellimused.stiilne.ee\/lt\/wp-json\/wp\/v2\/comments?post=263114"}],"wp:featuredmedia":[{"embeddable":true,"href":"https:\/\/tellimused.stiilne.ee\/lt\/wp-json\/wp\/v2\/media\/263107"}],"wp:attachment":[{"href":"https:\/\/tellimused.stiilne.ee\/lt\/wp-json\/wp\/v2\/media?parent=263114"}],"wp:term":[{"taxonomy":"product_brand","embeddable":true,"href":"https:\/\/tellimused.stiilne.ee\/lt\/wp-json\/wp\/v2\/product_brand?post=263114"},{"taxonomy":"product_cat","embeddable":true,"href":"https:\/\/tellimused.stiilne.ee\/lt\/wp-json\/wp\/v2\/product_cat?post=263114"},{"taxonomy":"product_tag","embeddable":true,"href":"https:\/\/tellimused.stiilne.ee\/lt\/wp-json\/wp\/v2\/product_tag?post=263114"}],"curies":[{"name":"wp","href":"https:\/\/api.w.org\/{rel}","templated":true}]}}