{"id":263117,"date":"2026-03-12T17:01:27","date_gmt":"2026-03-12T15:01:27","guid":{"rendered":"https:\/\/tellimused.stiilne.ee\/toode\/lauren-x-magrada-niisutav-dusigeel-koikidele-nahatuupidele-200ml\/"},"modified":"2026-04-07T11:06:38","modified_gmt":"2026-04-07T08:06:38","slug":"lauren-x-magrada-lifting-shower-gel-visiems-odos-tipams-200ml","status":"publish","type":"product","link":"https:\/\/tellimused.stiilne.ee\/lt\/produktas\/lauren-x-magrada-lifting-shower-gel-visiems-odos-tipams-200ml\/","title":{"rendered":"LAUREN x MAGRADA: LIFTING SHOWER GEL Visiems odos tipams 200ml"},"content":{"rendered":"<h3 data-start=\"92\" data-end=\"154\">&#8222;Lauren x Magrada&#8221; du\u0161o \u017eel\u0117 &#8211; \u0161ilkin\u0117, dr\u0117kinanti ir \u0161vytinti<\/h3>\n<p data-start=\"156\" data-end=\"436\">Kasdien\u0119 du\u0161o rutin\u0105 papildykite &#8221; <strong data-start=\"192\" data-end=\"227\">Lauren x Magrada Shine&#8221; du\u0161o geliu<\/strong>, kad oda b\u016bt\u0173 visapusi\u0161kai pri\u017ei\u016br\u0117ta ir tapt\u0173 \u0161ilkin\u0117, \u0161velni ir \u0161iek tiek lipni. D\u0117l lengvo blizgesio ir aksomin\u0117s kremin\u0117s tekst\u016bros su kiekvienu prausimu oda tampa maloniai \u0161velni, gaivi ir pri\u017ei\u016br\u0117ta. <\/p>\n<p data-start=\"438\" data-end=\"759\">Dr\u0117kinamoji formul\u0117 su agurk\u0173 ekstraktu giliai ramina ir dr\u0117kina, tod\u0117l intensyviai r\u016bpinasi net ir greitai besikei\u010dian\u010diomis dienomis. Du\u0161o \u017eel\u0117 veiksmingai valo, tod\u0117l kiekvienas prausimasis tampa maloniu ritualu. Lauren firminis aromatas &#8211; harmoningas pistacij\u0173, migdol\u0173 ir sandalmed\u017eio nat\u0173 mi\u0161inys &#8211; ramina poj\u016b\u010dius ir sukuria jausming\u0105 patirt\u012f.  <\/p>\n<p data-start=\"761\" data-end=\"1057\"><strong data-start=\"761\" data-end=\"795\">Kod\u0117l \u0161i du\u0161o \u017eel\u0117 yra tobula?<\/strong><br data-start=\"795\" data-end=\"798\">&#8211; giliai dr\u0117kina ir ramina od\u0105<br data-start=\"835\" data-end=\"838\">&#8211; oda tampa \u0161ilkin\u0117, \u0161velni ir \u0161iek tiek \u017evilganti<br data-start=\"891\" data-end=\"894\">&#8211; pieni\u0161ka ir aksomin\u0117 kremin\u0117 tekst\u016bra<br data-start=\"935\" data-end=\"938\">&#8211; prabangus Lauren firminis aromatas kasdien\u012f prausim\u0105si du\u0161e paver\u010dia malonumu<br data-start=\"1011\" data-end=\"1014\">&#8211; 97,5 % nat\u016brali\u0173 ingredient\u0173.<\/p>\n<hr data-start=\"1059\" data-end=\"1062\">\n<h3 data-start=\"1064\" data-end=\"1078\">Naudojimas<\/h3>\n<p data-start=\"1080\" data-end=\"1241\">Tepkite ant dr\u0117gnos odos, masa\u017euokite, kol susidarys lengvos putos, ir kruop\u0161\u010diai nuplaukite. Tinka naudoti kasdien, kad du\u0161as tapt\u0173 maloniu ritualu. <\/p>\n","protected":false},"excerpt":{"rendered":"<p>&#8222;Lauren x Magrada&#8221; du\u0161o \u017eel\u0117 &#8211; \u0161ilkin\u0117, dr\u0117kinanti ir \u0161vytinti Kasdien\u0119 du\u0161o rutin\u0105 papildykite &#8221; Lauren x Magrada Shine&#8221; du\u0161o geliu, kad oda b\u016bt\u0173 visapusi\u0161kai pri\u017ei\u016br\u0117ta ir tapt\u0173 \u0161ilkin\u0117, \u0161velni ir \u0161iek tiek lipni. D\u0117l lengvo blizgesio ir aksomin\u0117s kremin\u0117s tekst\u016bros su kiekvienu prausimu oda tampa maloniai \u0161velni, gaivi ir pri\u017ei\u016br\u0117ta. Dr\u0117kinamoji formul\u0117 su agurk\u0173 [&hellip;]<\/p>\n","protected":false},"featured_media":263118,"comment_status":"closed","ping_status":"closed","template":"","meta":{"_acf_changed":false},"product_brand":[],"product_cat":[331],"product_tag":[],"class_list":{"0":"post-263117","1":"product","2":"type-product","3":"status-publish","4":"has-post-thumbnail","6":"product_cat-kunui","8":"first","9":"instock","10":"taxable","11":"shipping-taxable","12":"purchasable","13":"product-type-simple","14":"add-to-wishlist-after_add_to_cart"},"acf":[],"_links":{"self":[{"href":"https:\/\/tellimused.stiilne.ee\/lt\/wp-json\/wp\/v2\/product\/263117","targetHints":{"allow":["GET"]}}],"collection":[{"href":"https:\/\/tellimused.stiilne.ee\/lt\/wp-json\/wp\/v2\/product"}],"about":[{"href":"https:\/\/tellimused.stiilne.ee\/lt\/wp-json\/wp\/v2\/types\/product"}],"replies":[{"embeddable":true,"href":"https:\/\/tellimused.stiilne.ee\/lt\/wp-json\/wp\/v2\/comments?post=263117"}],"wp:featuredmedia":[{"embeddable":true,"href":"https:\/\/tellimused.stiilne.ee\/lt\/wp-json\/wp\/v2\/media\/263118"}],"wp:attachment":[{"href":"https:\/\/tellimused.stiilne.ee\/lt\/wp-json\/wp\/v2\/media?parent=263117"}],"wp:term":[{"taxonomy":"product_brand","embeddable":true,"href":"https:\/\/tellimused.stiilne.ee\/lt\/wp-json\/wp\/v2\/product_brand?post=263117"},{"taxonomy":"product_cat","embeddable":true,"href":"https:\/\/tellimused.stiilne.ee\/lt\/wp-json\/wp\/v2\/product_cat?post=263117"},{"taxonomy":"product_tag","embeddable":true,"href":"https:\/\/tellimused.stiilne.ee\/lt\/wp-json\/wp\/v2\/product_tag?post=263117"}],"curies":[{"name":"wp","href":"https:\/\/api.w.org\/{rel}","templated":true}]}}