{"id":263119,"date":"2026-03-12T17:01:27","date_gmt":"2026-03-12T15:01:27","guid":{"rendered":"https:\/\/tellimused.stiilne.ee\/toode\/lauren-x-magrada-lauren-x-magrada-reisisuurus-100ml-trio\/"},"modified":"2026-04-07T11:06:38","modified_gmt":"2026-04-07T08:06:38","slug":"lauren-x-magrada-lauren-x-magrada-kelioninio-dydzio-100ml-trio","status":"publish","type":"product","link":"https:\/\/tellimused.stiilne.ee\/lt\/produktas\/lauren-x-magrada-lauren-x-magrada-kelioninio-dydzio-100ml-trio\/","title":{"rendered":"LAUREN x MAGRADA Lauren x Magrada kelioninio dyd\u017eio 100ml TRIO"},"content":{"rendered":"<h3 data-start=\"81\" data-end=\"148\">Lauren x &#8222;Magrada&#8221; k\u016bno kremas &#8211; kelioninis rinkinys 3 x 100 ml<\/h3>\n<p data-start=\"150\" data-end=\"416\">M\u0117gaukit\u0117s <strong data-start=\"156\" data-end=\"218\">prabangiu atkuriamojo k\u016bno kremo &#8222;Lauren x Magrada&#8221; dr\u0117kinimu<\/strong>, kad ir kur b\u016btum\u0117te &#8211; namuose, darbe ar kelion\u0117je. \u0160is 3 x 100 ml t\u016bbeli\u0173 rinkinys u\u017etikrina giliai maitinan\u010di\u0105 ir atkuriam\u0105j\u0105 prie\u017ei\u016br\u0105 su Lauren firminiu aromatu, tod\u0117l odos prie\u017ei\u016bra tampa i\u0161ties maloniu gro\u017eio ritualu. <\/p>\n<p data-start=\"418\" data-end=\"634\">Kompakti\u0161ka t\u016bbel\u0117 <strong data-start=\"439\" data-end=\"494\">telpa \u012f rankin\u012f baga\u017e\u0105, rankin\u0119 ar kelionin\u012f krep\u0161\u012f<\/strong> arba galite patogiai papildyti turim\u0105 stiklin\u012f indel\u012f. Idealiai tinka dalytis su draugais ir \u0161eima &#8211; kiekvienas gaus savo prabang\u0173 dr\u0117kinim\u0105! <\/p>\n","protected":false},"excerpt":{"rendered":"<p>Lauren x &#8222;Magrada&#8221; k\u016bno kremas &#8211; kelioninis rinkinys 3 x 100 ml M\u0117gaukit\u0117s prabangiu atkuriamojo k\u016bno kremo &#8222;Lauren x Magrada&#8221; dr\u0117kinimu, kad ir kur b\u016btum\u0117te &#8211; namuose, darbe ar kelion\u0117je. \u0160is 3 x 100 ml t\u016bbeli\u0173 rinkinys u\u017etikrina giliai maitinan\u010di\u0105 ir atkuriam\u0105j\u0105 prie\u017ei\u016br\u0105 su Lauren firminiu aromatu, tod\u0117l odos prie\u017ei\u016bra tampa i\u0161ties maloniu gro\u017eio ritualu. [&hellip;]<\/p>\n","protected":false},"featured_media":263120,"comment_status":"closed","ping_status":"closed","template":"","meta":{"_acf_changed":false},"product_brand":[],"product_cat":[331],"product_tag":[],"class_list":{"0":"post-263119","1":"product","2":"type-product","3":"status-publish","4":"has-post-thumbnail","6":"product_cat-kunui","8":"first","9":"instock","10":"taxable","11":"shipping-taxable","12":"purchasable","13":"product-type-simple","14":"add-to-wishlist-after_add_to_cart"},"acf":[],"_links":{"self":[{"href":"https:\/\/tellimused.stiilne.ee\/lt\/wp-json\/wp\/v2\/product\/263119","targetHints":{"allow":["GET"]}}],"collection":[{"href":"https:\/\/tellimused.stiilne.ee\/lt\/wp-json\/wp\/v2\/product"}],"about":[{"href":"https:\/\/tellimused.stiilne.ee\/lt\/wp-json\/wp\/v2\/types\/product"}],"replies":[{"embeddable":true,"href":"https:\/\/tellimused.stiilne.ee\/lt\/wp-json\/wp\/v2\/comments?post=263119"}],"wp:featuredmedia":[{"embeddable":true,"href":"https:\/\/tellimused.stiilne.ee\/lt\/wp-json\/wp\/v2\/media\/263120"}],"wp:attachment":[{"href":"https:\/\/tellimused.stiilne.ee\/lt\/wp-json\/wp\/v2\/media?parent=263119"}],"wp:term":[{"taxonomy":"product_brand","embeddable":true,"href":"https:\/\/tellimused.stiilne.ee\/lt\/wp-json\/wp\/v2\/product_brand?post=263119"},{"taxonomy":"product_cat","embeddable":true,"href":"https:\/\/tellimused.stiilne.ee\/lt\/wp-json\/wp\/v2\/product_cat?post=263119"},{"taxonomy":"product_tag","embeddable":true,"href":"https:\/\/tellimused.stiilne.ee\/lt\/wp-json\/wp\/v2\/product_tag?post=263119"}],"curies":[{"name":"wp","href":"https:\/\/api.w.org\/{rel}","templated":true}]}}