{"id":263121,"date":"2026-03-12T17:01:27","date_gmt":"2026-03-12T15:01:27","guid":{"rendered":"https:\/\/tellimused.stiilne.ee\/toode\/magrada-bubble-dusigeel-koikidele-nahatuupidele-400-ml\/"},"modified":"2026-04-07T11:06:25","modified_gmt":"2026-04-07T08:06:25","slug":"magrada-bubble-duso-zele-visu-tipu-odai-400-ml","status":"publish","type":"product","link":"https:\/\/tellimused.stiilne.ee\/lt\/produktas\/magrada-bubble-duso-zele-visu-tipu-odai-400-ml\/","title":{"rendered":"MAGRADA BUBBLE du\u0161o \u017eel\u0117 vis\u0173 tip\u0173 odai 400 ml"},"content":{"rendered":"<h3 data-start=\"72\" data-end=\"156\">&#8222;Mulligalerii x Magrada BUBBLE&#8221; du\u0161o \u017eel\u0117 &#8211; prabangi \u0161ampano patirtis j\u016bs\u0173 vonios kambaryje<\/h3>\n<p data-start=\"158\" data-end=\"416\">Kiekvieno plovimo metu padarykite pertrauk\u0117l\u0119! <strong data-start=\"196\" data-end=\"215\">BUBBLE du\u0161o \u017eel\u0117<\/strong>, sukurta bendradarbiaujant su &#8222;Mulligaler&#8221;, sujungia <strong data-start=\"257\" data-end=\"302\">turting\u0105 kokybi\u0161ko putojan\u010dio vyno aromat\u0105<\/strong> su <strong data-start=\"306\" data-end=\"345\">nat\u016braliais augaliniais ekstraktais<\/strong>, kad du\u0161o ritualas b\u016bt\u0173 i\u0161ties prabangus ir malonus.<\/p>\n<p data-start=\"418\" data-end=\"675\">Sodrios, jausmingos putos ir i\u0161skirtinis aromatas sukuria SPA atmosfer\u0105, o alavij\u0173 ir augalini\u0173 ekstrakt\u0173 mi\u0161inys <strong data-start=\"555\" data-end=\"580\">\u0161velniai valo od\u0105<\/strong> ir suteikia jai \u0161ilko \u0161velnumo bei dr\u0117gm\u0117s. Puiki dovana sau arba ypatingam \u017emogui. <\/p>\n<p data-start=\"677\" data-end=\"1005\"><strong data-start=\"677\" data-end=\"715\">Kod\u0117l jums patiks BUBBLE du\u0161o \u017eel\u0117:<\/strong><br data-start=\"715\" data-end=\"718\">&#8211; i\u0161skirtinis \u0161ampano \u012fkv\u0117ptas aromatas<br data-start=\"771\" data-end=\"774\">&#8211; sodrios, dr\u0117kinan\u010dios ir aksominio \u0161velnumo putos<br data-start=\"817\" data-end=\"820\">&#8211; tinka naudoti kasdien, net jautriai odai<br data-start=\"874\" data-end=\"877\">&#8211; vegani\u0161ka &#8211; be paraben\u0173 &#8211; be sulfat\u0173 &#8211; be silikono &#8211; be alkoholio &#8211; be ES alergen\u0173 &#8211; be \u017eiaurumo &#8211; minimali sud\u0117tis.<\/p>\n<hr data-start=\"1007\" data-end=\"1010\">\n<h3 data-start=\"1012\" data-end=\"1028\">Naudojimas<\/h3>\n<p data-start=\"1029\" data-end=\"1187\">Ant dr\u0117gnos odos \u0161velniais sukamaisiais judesiais u\u017etepkite du\u0161o \u017eel\u0117, \u012fmasa\u017euokite \u012f putas ir nuplaukite. Dovanokite sau eleganti\u0161k\u0105 akimirk\u0105 kaip taur\u0117 geriausio putojan\u010dio vyno. <\/p>\n","protected":false},"excerpt":{"rendered":"<p>&#8222;Mulligalerii x Magrada BUBBLE&#8221; du\u0161o \u017eel\u0117 &#8211; prabangi \u0161ampano patirtis j\u016bs\u0173 vonios kambaryje Kiekvieno plovimo metu padarykite pertrauk\u0117l\u0119! BUBBLE du\u0161o \u017eel\u0117, sukurta bendradarbiaujant su &#8222;Mulligaler&#8221;, sujungia turting\u0105 kokybi\u0161ko putojan\u010dio vyno aromat\u0105 su nat\u016braliais augaliniais ekstraktais, kad du\u0161o ritualas b\u016bt\u0173 i\u0161ties prabangus ir malonus. Sodrios, jausmingos putos ir i\u0161skirtinis aromatas sukuria SPA atmosfer\u0105, o alavij\u0173 ir [&hellip;]<\/p>\n","protected":false},"featured_media":263122,"comment_status":"closed","ping_status":"closed","template":"","meta":{"_acf_changed":false},"product_brand":[],"product_cat":[331],"product_tag":[],"class_list":{"0":"post-263121","1":"product","2":"type-product","3":"status-publish","4":"has-post-thumbnail","6":"product_cat-kunui","8":"first","9":"instock","10":"taxable","11":"shipping-taxable","12":"purchasable","13":"product-type-simple","14":"add-to-wishlist-after_add_to_cart"},"acf":[],"_links":{"self":[{"href":"https:\/\/tellimused.stiilne.ee\/lt\/wp-json\/wp\/v2\/product\/263121","targetHints":{"allow":["GET"]}}],"collection":[{"href":"https:\/\/tellimused.stiilne.ee\/lt\/wp-json\/wp\/v2\/product"}],"about":[{"href":"https:\/\/tellimused.stiilne.ee\/lt\/wp-json\/wp\/v2\/types\/product"}],"replies":[{"embeddable":true,"href":"https:\/\/tellimused.stiilne.ee\/lt\/wp-json\/wp\/v2\/comments?post=263121"}],"wp:featuredmedia":[{"embeddable":true,"href":"https:\/\/tellimused.stiilne.ee\/lt\/wp-json\/wp\/v2\/media\/263122"}],"wp:attachment":[{"href":"https:\/\/tellimused.stiilne.ee\/lt\/wp-json\/wp\/v2\/media?parent=263121"}],"wp:term":[{"taxonomy":"product_brand","embeddable":true,"href":"https:\/\/tellimused.stiilne.ee\/lt\/wp-json\/wp\/v2\/product_brand?post=263121"},{"taxonomy":"product_cat","embeddable":true,"href":"https:\/\/tellimused.stiilne.ee\/lt\/wp-json\/wp\/v2\/product_cat?post=263121"},{"taxonomy":"product_tag","embeddable":true,"href":"https:\/\/tellimused.stiilne.ee\/lt\/wp-json\/wp\/v2\/product_tag?post=263121"}],"curies":[{"name":"wp","href":"https:\/\/api.w.org\/{rel}","templated":true}]}}