{"id":263123,"date":"2026-03-12T17:01:01","date_gmt":"2026-03-12T15:01:01","guid":{"rendered":"https:\/\/tellimused.stiilne.ee\/toode\/magrada-taitepakend-parnaoie-juuksepalsamile-koikidele-juuksetuupidele-500ml\/"},"modified":"2026-04-07T11:06:38","modified_gmt":"2026-04-07T08:06:38","slug":"magrada-plauku-pildymo-paketas-plauku-sprajui-visu-tipu-plaukams-500ml","status":"publish","type":"product","link":"https:\/\/tellimused.stiilne.ee\/lt\/produktas\/magrada-plauku-pildymo-paketas-plauku-sprajui-visu-tipu-plaukams-500ml\/","title":{"rendered":"MAGRADA PLAUK\u0172 PILDYMO PAKETAS PLAUK\u0172 SPRAJUI Vis\u0173 tip\u0173 plaukams 500ml"},"content":{"rendered":"<h3 data-start=\"99\" data-end=\"172\">Dr\u0117kinamasis kondicionierius su o\u017erag\u0117mis &#8211; \u0161ilkin\u0117 tekst\u016bra ir sveikas blizgesys<\/h3>\n<p data-start=\"174\" data-end=\"471\">Suteikite savo plaukams <strong data-start=\"192\" data-end=\"215\">\u0161iaurieti\u0161k\u0105 gyd<\/strong> ym\u0105 su \u0161iuo \u0161ilkin\u0117s tekst\u016bros kondicionieriumi, kuris palaiko nat\u016bral\u0173 plauk\u0173 augim\u0105 ir suteikia garbanoms sveiko blizgesio. Balzamo sud\u0117tyje yra liep\u0173, kazeino ir alavijo ekstrakt\u0173, kurie dr\u0117kina ir mink\u0161tina plaukus, apsaugo juos nuo \u017ealingo terminio apdorojimo poveikio. <\/p>\n<p data-start=\"473\" data-end=\"666\">D\u0117l \u0161velnaus medaus \u017eied\u0173 kvapo kiekviena plauk\u0173 prie\u017ei\u016bros akimirka tampa malonia patirtimi. Tinka <strong data-start=\"558\" data-end=\"599\">kasdien naudoti visai \u0161eimai<\/strong>, plaukai tampa \u0161ilkiniai, lengvai \u0161ukuojami ir gyvybingi. <\/p>\n<p data-start=\"668\" data-end=\"945\"><strong data-start=\"668\" data-end=\"695\">Kod\u0117l verta rinktis \u0161\u012f kondicionieri\u0173?<\/strong><br data-start=\"695\" data-end=\"698\">&#8211; dr\u0117kinantis ir mink\u0161tinantis, tinkamas naudoti kasdien<br data-start=\"754\" data-end=\"757\">&#8211; palaiko nat\u016bral\u0173 plauk\u0173 gyvybingum\u0105 ir blizges\u012f<br data-start=\"800\" data-end=\"803\">&#8211; apsaugo plaukus nuo terminio apdorojimo<br data-start=\"839\" data-end=\"842\">&#8211; subtilus medaus pelyn\u0173 aromatas &#8211; prabangi plauk\u0173 prie\u017ei\u016bra<br data-start=\"895\" data-end=\"898\">&#8211; vegani\u0161kas, be \u017eiauraus elgesio ir minimalistin\u0117s sud\u0117ties.<\/p>\n<p data-start=\"947\" data-end=\"1094\"><strong data-start=\"947\" data-end=\"978\">Nat\u016bralus ir draugi\u0161kas odai:<\/strong><br data-start=\"978\" data-end=\"981\">be paraben\u0173 &#8211; be sulfat\u0173 &#8211; be silikono &#8211; vegani\u0161kas &#8211; be \u017eiaurumo &#8211; rank\u0173 darbo &#8211; minimalios sud\u0117ties.<\/p>\n<hr data-start=\"1096\" data-end=\"1099\">\n<h3 data-start=\"1101\" data-end=\"1115\">Naudojimas<\/h3>\n<p data-start=\"1117\" data-end=\"1354\">Kondicionieri\u0173 tepkite ant dr\u0117gn\u0173 plauk\u0173 po \u0161amp\u016bno, prad\u0117dami nuo \u0161akn\u0173. Palikite 2-3 minutes ir i\u0161skalaukite dideliu kiekiu vandens. Tinka naudoti kasdien.<br data-start=\"1266\" data-end=\"1269\">Laikyti 5-25 \u00b0C temperat\u016broje, atokiau nuo tiesiogini\u0173 saul\u0117s spinduli\u0173 ir \u0161ilumos \u0161altini\u0173.  <\/p>\n","protected":false},"excerpt":{"rendered":"<p>Dr\u0117kinamasis kondicionierius su o\u017erag\u0117mis &#8211; \u0161ilkin\u0117 tekst\u016bra ir sveikas blizgesys Suteikite savo plaukams \u0161iaurieti\u0161k\u0105 gyd ym\u0105 su \u0161iuo \u0161ilkin\u0117s tekst\u016bros kondicionieriumi, kuris palaiko nat\u016bral\u0173 plauk\u0173 augim\u0105 ir suteikia garbanoms sveiko blizgesio. Balzamo sud\u0117tyje yra liep\u0173, kazeino ir alavijo ekstrakt\u0173, kurie dr\u0117kina ir mink\u0161tina plaukus, apsaugo juos nuo \u017ealingo terminio apdorojimo poveikio. D\u0117l \u0161velnaus medaus \u017eied\u0173 [&hellip;]<\/p>\n","protected":false},"featured_media":263124,"comment_status":"closed","ping_status":"closed","template":"","meta":{"_acf_changed":false},"product_brand":[],"product_cat":[333,332],"product_tag":[],"class_list":{"0":"post-263123","1":"product","2":"type-product","3":"status-publish","4":"has-post-thumbnail","6":"product_cat-balzamai-kaukes","7":"product_cat-plaukams","8":"product_shipping_class-tarneaeg-1-4-paeva","10":"first","11":"instock","12":"taxable","13":"shipping-taxable","14":"purchasable","15":"product-type-simple","16":"add-to-wishlist-after_add_to_cart"},"acf":[],"_links":{"self":[{"href":"https:\/\/tellimused.stiilne.ee\/lt\/wp-json\/wp\/v2\/product\/263123","targetHints":{"allow":["GET"]}}],"collection":[{"href":"https:\/\/tellimused.stiilne.ee\/lt\/wp-json\/wp\/v2\/product"}],"about":[{"href":"https:\/\/tellimused.stiilne.ee\/lt\/wp-json\/wp\/v2\/types\/product"}],"replies":[{"embeddable":true,"href":"https:\/\/tellimused.stiilne.ee\/lt\/wp-json\/wp\/v2\/comments?post=263123"}],"wp:featuredmedia":[{"embeddable":true,"href":"https:\/\/tellimused.stiilne.ee\/lt\/wp-json\/wp\/v2\/media\/263124"}],"wp:attachment":[{"href":"https:\/\/tellimused.stiilne.ee\/lt\/wp-json\/wp\/v2\/media?parent=263123"}],"wp:term":[{"taxonomy":"product_brand","embeddable":true,"href":"https:\/\/tellimused.stiilne.ee\/lt\/wp-json\/wp\/v2\/product_brand?post=263123"},{"taxonomy":"product_cat","embeddable":true,"href":"https:\/\/tellimused.stiilne.ee\/lt\/wp-json\/wp\/v2\/product_cat?post=263123"},{"taxonomy":"product_tag","embeddable":true,"href":"https:\/\/tellimused.stiilne.ee\/lt\/wp-json\/wp\/v2\/product_tag?post=263123"}],"curies":[{"name":"wp","href":"https:\/\/api.w.org\/{rel}","templated":true}]}}