{"id":263127,"date":"2026-03-12T17:01:01","date_gmt":"2026-03-12T15:01:01","guid":{"rendered":"https:\/\/tellimused.stiilne.ee\/toode\/magrada-taitepakend-rabarberi-juuksemaskile-kuivadele-ja-kahjustunud-juustele-500ml\/"},"modified":"2026-04-07T11:06:38","modified_gmt":"2026-04-07T08:06:38","slug":"magrada-pildymo-paketas-rabbard-hair-mask-sausu-ir-pazeistu-plauku-kauke-500ml","status":"publish","type":"product","link":"https:\/\/tellimused.stiilne.ee\/lt\/produktas\/magrada-pildymo-paketas-rabbard-hair-mask-sausu-ir-pazeistu-plauku-kauke-500ml\/","title":{"rendered":"MAGRADA PILDYMO PAKETAS RABBARD HAIR MASK Saus\u0173 ir pa\u017eeist\u0173 plauk\u0173 kauk\u0117 500ml"},"content":{"rendered":"<h3 data-start=\"94\" data-end=\"185\">Rabarbar\u0173 dr\u0117kinamoji plauk\u0173 kauk\u0117 &#8211; intensyvi saus\u0173 ir pa\u017eeist\u0173 plauk\u0173 prie\u017ei\u016bra<\/h3>\n<p data-start=\"187\" data-end=\"534\">Pasveikinkite salono garbanas kiekvien\u0105 dien\u0105! <strong data-start=\"229\" data-end=\"264\">Apdovanojimus pelniusi rabarbar\u0173 plauk\u0173 kauk\u0117<\/strong> su ricinos ir makadamijos rie\u0161ut\u0173 aliejais giliai maitina, puosel\u0117ja ir atkuria sausus ir pa\u017eeistus plaukus. Kauk\u0117 i\u0161lygina plaukus, suma\u017eina j\u0173 garbanojim\u0105si ir suteikia sveiko, spindin\u010dio \u017evilgesio. D\u0117l \u0161velnaus rabarbar\u0173 aromato plauk\u0173 prie\u017ei\u016bra tampa maloni su kiekvienu naudojimu.  <\/p>\n<p data-start=\"536\" data-end=\"766\">Rabarbar\u0173 ekstraktas ramina galvos od\u0105, o makadamijos ir ricinos aliejai stiprina ir dr\u0117kina plaukus, tod\u0117l jie tampa \u0161ilkiniai ir lengvai \u0161ukuojami. Idealus pasirinkimas tiems, kurie namuose nori tur\u0117ti ve\u0161lias, sveikas ir \u017evilgan\u010dias garbanas. <\/p>\n<p data-start=\"768\" data-end=\"1172\"><strong data-start=\"768\" data-end=\"807\">Kod\u0117l \u0161i plauk\u0173 kauk\u0117 yra geriausias pasirinkimas?<\/strong><br data-start=\"807\" data-end=\"810\">&#8211; giliai dr\u0117kinanti ir atkurianti sausus ir pa\u017eeistus plaukus<br data-start=\"880\" data-end=\"883\">&#8211; glotnina, ma\u017eina garbanojim\u0105si ir suteikia blizgesio<br data-start=\"932\" data-end=\"935\">&#8211; praturtinta rabarbar\u0173 aromatu ir kremin\u0117s tekst\u016bros<br data-start=\"987\" data-end=\"990\">&#8211; vegani\u0161ka, be \u017eiauraus elgesio ir nat\u016brali\u0173 ingredient\u0173<br data-start=\"1039\" data-end=\"1042\">&#8211; be paraben\u0173 &#8211; be sulfat\u0173 &#8211; be silikono &#8211; be alkoholio &#8211; be ES alergen\u0173 &#8211; rank\u0173 darbo &#8211; minimalus ingredient\u0173 kiekis.<\/p>\n<hr data-start=\"1174\" data-end=\"1177\">\n<h3 data-start=\"1179\" data-end=\"1193\">Naudojimas<\/h3>\n<p data-start=\"1195\" data-end=\"1409\">I\u0161plov\u0119 plaukus \u0161amp\u016bnu, u\u017etepkite kauk\u0119 ant dr\u0117gn\u0173 plauk\u0173, prad\u0117dami nuo \u0161akn\u0173. Palikite 5-15 min. ir nuplaukite gausiai vandeniu.<br data-start=\"1321\" data-end=\"1324\">Laikykite 5-25 \u00b0C temperat\u016broje, atokiau nuo tiesiogini\u0173 saul\u0117s spinduli\u0173 ir \u0161ilumos \u0161altini\u0173. <\/p>\n","protected":false},"excerpt":{"rendered":"<p>Rabarbar\u0173 dr\u0117kinamoji plauk\u0173 kauk\u0117 &#8211; intensyvi saus\u0173 ir pa\u017eeist\u0173 plauk\u0173 prie\u017ei\u016bra Pasveikinkite salono garbanas kiekvien\u0105 dien\u0105! Apdovanojimus pelniusi rabarbar\u0173 plauk\u0173 kauk\u0117 su ricinos ir makadamijos rie\u0161ut\u0173 aliejais giliai maitina, puosel\u0117ja ir atkuria sausus ir pa\u017eeistus plaukus. Kauk\u0117 i\u0161lygina plaukus, suma\u017eina j\u0173 garbanojim\u0105si ir suteikia sveiko, spindin\u010dio \u017evilgesio. D\u0117l \u0161velnaus rabarbar\u0173 aromato plauk\u0173 prie\u017ei\u016bra tampa maloni [&hellip;]<\/p>\n","protected":false},"featured_media":263128,"comment_status":"closed","ping_status":"closed","template":"","meta":{"_acf_changed":false},"product_brand":[],"product_cat":[333,332],"product_tag":[],"class_list":{"0":"post-263127","1":"product","2":"type-product","3":"status-publish","4":"has-post-thumbnail","6":"product_cat-balzamai-kaukes","7":"product_cat-plaukams","8":"product_shipping_class-tarneaeg-1-4-paeva","10":"first","11":"instock","12":"taxable","13":"shipping-taxable","14":"purchasable","15":"product-type-simple","16":"add-to-wishlist-after_add_to_cart"},"acf":[],"_links":{"self":[{"href":"https:\/\/tellimused.stiilne.ee\/lt\/wp-json\/wp\/v2\/product\/263127","targetHints":{"allow":["GET"]}}],"collection":[{"href":"https:\/\/tellimused.stiilne.ee\/lt\/wp-json\/wp\/v2\/product"}],"about":[{"href":"https:\/\/tellimused.stiilne.ee\/lt\/wp-json\/wp\/v2\/types\/product"}],"replies":[{"embeddable":true,"href":"https:\/\/tellimused.stiilne.ee\/lt\/wp-json\/wp\/v2\/comments?post=263127"}],"wp:featuredmedia":[{"embeddable":true,"href":"https:\/\/tellimused.stiilne.ee\/lt\/wp-json\/wp\/v2\/media\/263128"}],"wp:attachment":[{"href":"https:\/\/tellimused.stiilne.ee\/lt\/wp-json\/wp\/v2\/media?parent=263127"}],"wp:term":[{"taxonomy":"product_brand","embeddable":true,"href":"https:\/\/tellimused.stiilne.ee\/lt\/wp-json\/wp\/v2\/product_brand?post=263127"},{"taxonomy":"product_cat","embeddable":true,"href":"https:\/\/tellimused.stiilne.ee\/lt\/wp-json\/wp\/v2\/product_cat?post=263127"},{"taxonomy":"product_tag","embeddable":true,"href":"https:\/\/tellimused.stiilne.ee\/lt\/wp-json\/wp\/v2\/product_tag?post=263127"}],"curies":[{"name":"wp","href":"https:\/\/api.w.org\/{rel}","templated":true}]}}