{"id":263131,"date":"2026-03-12T17:01:01","date_gmt":"2026-03-12T15:01:01","guid":{"rendered":"https:\/\/tellimused.stiilne.ee\/toode\/magrada-x-lauren-taastav-kehakreem-koikidele-nahatuupidele-200-ml\/"},"modified":"2026-04-07T11:06:38","modified_gmt":"2026-04-07T08:06:38","slug":"magrada-x-lauren-resurrensive-skin-cream-visu-tipu-odai-200-ml","status":"publish","type":"product","link":"https:\/\/tellimused.stiilne.ee\/lt\/produktas\/magrada-x-lauren-resurrensive-skin-cream-visu-tipu-odai-200-ml\/","title":{"rendered":"MAGRADA x LAUREN RESURRENSIVE SKIN CREAM Vis\u0173 tip\u0173 odai 200 ml"},"content":{"rendered":"<h3 data-start=\"79\" data-end=\"154\">&#8222;Magrada x Lauren&#8221; atkuriamasis k\u016bno kremas &#8211; giliai dr\u0117kinanti prabanga j\u016bs\u0173 odai.<\/h3>\n<p data-start=\"156\" data-end=\"539\">Palepinkite savo od\u0105 <strong data-start=\"174\" data-end=\"216\">atkuriamuoju k\u016bno kremu &#8222;Magrada x Lauren&#8221;<\/strong>&#8211; puikiu maisting\u0173j\u0173 med\u017eiag\u0173 kokteiliu sausai ir papilk\u0117jusiai odai. Prabangus septyni\u0173 augalini\u0173 aliej\u0173, g\u0117li\u0173 ekstrakt\u0173 ir vitamino E mi\u0161inys giliai dr\u0117kina, atkuria odos elastingum\u0105 ir apsaugo nat\u016bral\u0173 odos barjer\u0105. Balt\u0173j\u0173 bij\u016bn\u0173 ir paprast\u0173j\u0173 ro\u017ei\u0173 ekstraktai ramina od\u0105, ji tampa \u0161ilkin\u0117, \u0161velni ir nuostabiai kvepia.  <\/p>\n<p data-start=\"541\" data-end=\"880\">Abrikos\u0173 ekstraktas atkuria apsaugin\u012f odos barjer\u0105 ir giliai dr\u0117kina, kadagi\u0173 ekstraktas palaiko odos jaunyst\u0119, o ekologi\u0161kas svaraini\u0173 ir abrikos\u0173 kauliuk\u0173 aliejus i\u0161lygina ir maitina od\u0105 vitaminais bei mineralais. Hialurono r\u016bg\u0161tis maksimaliai dr\u0117kina od\u0105, o ekologi\u0161ki spalvotieji kakavos ir simondsij\u0173 aliejai atkuria ir palaiko odos dr\u0117gm\u0117s lyg\u012f. <\/p>\n<p data-start=\"882\" data-end=\"1264\"><strong data-start=\"882\" data-end=\"912\">Kod\u0117l verta rinktis \u0161\u012f k\u016bno krem\u0105?<\/strong><br data-start=\"912\" data-end=\"915\">&#8211; giliai dr\u0117kinantis ir atkuriamasis &#8211; idealiai tinka sausai odai<br data-start=\"967\" data-end=\"970\">&#8211; maitina, lygina ir stangrina od\u0105<br data-start=\"1004\" data-end=\"1007\">&#8211; prabangus balt\u0173j\u0173 persik\u0173 ir abrikos\u0173 aromatas<br data-start=\"1051\" data-end=\"1054\">&#8211; tinka jautriai odai<br data-start=\"1079\" data-end=\"1082\">&#8211; vegani\u0161kas, be \u017eiauraus elgesio ir su nat\u016braliais ingredientais<br data-start=\"1131\" data-end=\"1134\">&#8211; be paraben\u0173 &#8211; be sulfat\u0173 &#8211; be alkoholio &#8211; be silikono &#8211; be ES alergen\u0173 &#8211; rank\u0173 darbo &#8211; minimalios sud\u0117ties.<\/p>\n<hr data-start=\"1266\" data-end=\"1269\">\n<h3 data-start=\"1271\" data-end=\"1285\">Naudojimas<\/h3>\n<p data-start=\"1287\" data-end=\"1478\">Tepkite ant nuvalytos odos, \u0161velniai masa\u017euokite sukamaisiais judesiais, kol priemon\u0117 visi\u0161kai \u012fsigers. Tinka naudoti kasdien, kad u\u017etikrint\u0173 gil\u0173 dr\u0117kinim\u0105 ir sveik\u0105 \u0161vyt\u0117jim\u0105. <\/p>\n","protected":false},"excerpt":{"rendered":"<p>&#8222;Magrada x Lauren&#8221; atkuriamasis k\u016bno kremas &#8211; giliai dr\u0117kinanti prabanga j\u016bs\u0173 odai. Palepinkite savo od\u0105 atkuriamuoju k\u016bno kremu &#8222;Magrada x Lauren&#8221;&#8211; puikiu maisting\u0173j\u0173 med\u017eiag\u0173 kokteiliu sausai ir papilk\u0117jusiai odai. Prabangus septyni\u0173 augalini\u0173 aliej\u0173, g\u0117li\u0173 ekstrakt\u0173 ir vitamino E mi\u0161inys giliai dr\u0117kina, atkuria odos elastingum\u0105 ir apsaugo nat\u016bral\u0173 odos barjer\u0105. Balt\u0173j\u0173 bij\u016bn\u0173 ir paprast\u0173j\u0173 ro\u017ei\u0173 ekstraktai [&hellip;]<\/p>\n","protected":false},"featured_media":263132,"comment_status":"closed","ping_status":"closed","template":"","meta":{"_acf_changed":false},"product_brand":[],"product_cat":[331],"product_tag":[],"class_list":{"0":"post-263131","1":"product","2":"type-product","3":"status-publish","4":"has-post-thumbnail","6":"product_cat-kunui","8":"first","9":"instock","10":"taxable","11":"shipping-taxable","12":"purchasable","13":"product-type-simple","14":"add-to-wishlist-after_add_to_cart"},"acf":[],"_links":{"self":[{"href":"https:\/\/tellimused.stiilne.ee\/lt\/wp-json\/wp\/v2\/product\/263131","targetHints":{"allow":["GET"]}}],"collection":[{"href":"https:\/\/tellimused.stiilne.ee\/lt\/wp-json\/wp\/v2\/product"}],"about":[{"href":"https:\/\/tellimused.stiilne.ee\/lt\/wp-json\/wp\/v2\/types\/product"}],"replies":[{"embeddable":true,"href":"https:\/\/tellimused.stiilne.ee\/lt\/wp-json\/wp\/v2\/comments?post=263131"}],"wp:featuredmedia":[{"embeddable":true,"href":"https:\/\/tellimused.stiilne.ee\/lt\/wp-json\/wp\/v2\/media\/263132"}],"wp:attachment":[{"href":"https:\/\/tellimused.stiilne.ee\/lt\/wp-json\/wp\/v2\/media?parent=263131"}],"wp:term":[{"taxonomy":"product_brand","embeddable":true,"href":"https:\/\/tellimused.stiilne.ee\/lt\/wp-json\/wp\/v2\/product_brand?post=263131"},{"taxonomy":"product_cat","embeddable":true,"href":"https:\/\/tellimused.stiilne.ee\/lt\/wp-json\/wp\/v2\/product_cat?post=263131"},{"taxonomy":"product_tag","embeddable":true,"href":"https:\/\/tellimused.stiilne.ee\/lt\/wp-json\/wp\/v2\/product_tag?post=263131"}],"curies":[{"name":"wp","href":"https:\/\/api.w.org\/{rel}","templated":true}]}}