{"id":263133,"date":"2026-03-12T17:00:30","date_gmt":"2026-03-12T15:00:30","guid":{"rendered":"https:\/\/tellimused.stiilne.ee\/toode\/magrada-parnaoie-tahke-juuksepalsam-koikidele-juuksetuupidele-50gr\/"},"modified":"2026-04-07T11:06:37","modified_gmt":"2026-04-07T08:06:37","slug":"magrada-beauty-plauku-balzamas-visu-tipu-plaukams-50gr","status":"publish","type":"product","link":"https:\/\/tellimused.stiilne.ee\/lt\/produktas\/magrada-beauty-plauku-balzamas-visu-tipu-plaukams-50gr\/","title":{"rendered":"MAGRADA BEAUTY PLAUK\u0172 BALZAMAS Vis\u0173 tip\u0173 plaukams 50gr"},"content":{"rendered":"<h3 data-start=\"81\" data-end=\"152\">&#8222;Solid Lime Blossom&#8221; kondicionierius &#8211; dr\u0117kinantis, apimties suteikiantis ir didinantis plauk\u0173 apimt\u012f kondicionierius<\/h3>\n<p data-start=\"154\" data-end=\"453\">Palepinkite plaukus <strong data-start=\"175\" data-end=\"233\">nat\u016braliu ir ekologi\u0161ku kietuoju kondicionieriumi<\/strong>, kad kasdien\u0117 prie\u017ei\u016bra b\u016bt\u0173 paprasta ir maloni net keliaujant. Balzamo sud\u0117tyje esantis \u0160iaur\u0117s \u0161ali\u0173 augal\u0173 ir turting\u0173 augalini\u0173 aliej\u0173 mi\u0161inys suteikia plaukams apimties, purumo ir lengvumo. <\/p>\n<p data-start=\"455\" data-end=\"682\">Sud\u0117tyje gausu augalini\u0173 aliej\u0173, liep\u0173 \u017eied\u0173 ekstrakto ir provitamino B5 (pantenolio), kuris giliai dr\u0117kina plaukus, tod\u0117l jie tampa ne\u012ftik\u0117tinai \u0161veln\u016bs, \u0161ilkiniai ir blizgantys. D\u0117l \u0161velnaus, medaus kvapo, kur\u012f skleid\u017eia lelijos, plauk\u0173 prie\u017ei\u016bra tampa tikru malonumu. <\/p>\n<p data-start=\"684\" data-end=\"953\"><strong data-start=\"684\" data-end=\"716\">Kod\u0117l \u0161is kondicionierius idealiai tinka?<\/strong><br data-start=\"716\" data-end=\"719\">&#8211; suteikia apimties ir apimties<br data-start=\"755\" data-end=\"758\">&#8211; giliai dr\u0117kina ir mink\u0161tina plaukus<br data-start=\"803\" data-end=\"806\">&#8211; apsaugo plaukus nuo pa\u017eeidim\u0173 ir terminio apdorojimo<br data-start=\"857\" data-end=\"860\">&#8211; idealiai tinka kelion\u0117ms ir kasdieniam naudojimui<br data-start=\"910\" data-end=\"913\">&#8211; vegani\u0161kas, nekruop\u0161tus ir draugi\u0161kas aplinkai.<\/p>\n<p data-start=\"955\" data-end=\"1147\"><strong data-start=\"955\" data-end=\"980\">Sudedamosios dalys <\/strong><br data-start=\"980\" data-end=\"983\">be paraben\u0173 &#8211; be SLS &#8211; be alkoholio &#8211; be silikono &#8211; vegani\u0161kas &#8211; be \u017eiaurumo &#8211; rank\u0173 darbo &#8211; minimali sud\u0117tis &#8211; 99 % nat\u016brali\u0173 ingredient\u0173.<\/p>\n<hr data-start=\"1149\" data-end=\"1152\">\n<h3 data-start=\"1154\" data-end=\"1168\">Naudojimas<\/h3>\n<p data-start=\"1170\" data-end=\"1331\">Po plovimo \u0161amp\u016bnu \u0161velniai \u012fmasa\u017euokite kondicionieri\u0173 \u012f dr\u0117gnus plaukus ir kruop\u0161\u010diai i\u0161skalaukite.<\/p>\n<p data-start=\"1170\" data-end=\"1331\">Patarimas Kuo dr\u0117gnesni plaukai, tuo veiksmingiau veikia kondicionierius.<\/p>\n","protected":false},"excerpt":{"rendered":"<p>&#8222;Solid Lime Blossom&#8221; kondicionierius &#8211; dr\u0117kinantis, apimties suteikiantis ir didinantis plauk\u0173 apimt\u012f kondicionierius Palepinkite plaukus nat\u016braliu ir ekologi\u0161ku kietuoju kondicionieriumi, kad kasdien\u0117 prie\u017ei\u016bra b\u016bt\u0173 paprasta ir maloni net keliaujant. Balzamo sud\u0117tyje esantis \u0160iaur\u0117s \u0161ali\u0173 augal\u0173 ir turting\u0173 augalini\u0173 aliej\u0173 mi\u0161inys suteikia plaukams apimties, purumo ir lengvumo. Sud\u0117tyje gausu augalini\u0173 aliej\u0173, liep\u0173 \u017eied\u0173 ekstrakto ir provitamino [&hellip;]<\/p>\n","protected":false},"featured_media":263134,"comment_status":"closed","ping_status":"closed","template":"","meta":{"_acf_changed":false},"product_brand":[],"product_cat":[333,332],"product_tag":[],"class_list":{"0":"post-263133","1":"product","2":"type-product","3":"status-publish","4":"has-post-thumbnail","6":"product_cat-balzamai-kaukes","7":"product_cat-plaukams","8":"product_shipping_class-tarneaeg-1-4-paeva","10":"first","11":"instock","12":"taxable","13":"shipping-taxable","14":"purchasable","15":"product-type-simple","16":"add-to-wishlist-after_add_to_cart"},"acf":[],"_links":{"self":[{"href":"https:\/\/tellimused.stiilne.ee\/lt\/wp-json\/wp\/v2\/product\/263133","targetHints":{"allow":["GET"]}}],"collection":[{"href":"https:\/\/tellimused.stiilne.ee\/lt\/wp-json\/wp\/v2\/product"}],"about":[{"href":"https:\/\/tellimused.stiilne.ee\/lt\/wp-json\/wp\/v2\/types\/product"}],"replies":[{"embeddable":true,"href":"https:\/\/tellimused.stiilne.ee\/lt\/wp-json\/wp\/v2\/comments?post=263133"}],"wp:featuredmedia":[{"embeddable":true,"href":"https:\/\/tellimused.stiilne.ee\/lt\/wp-json\/wp\/v2\/media\/263134"}],"wp:attachment":[{"href":"https:\/\/tellimused.stiilne.ee\/lt\/wp-json\/wp\/v2\/media?parent=263133"}],"wp:term":[{"taxonomy":"product_brand","embeddable":true,"href":"https:\/\/tellimused.stiilne.ee\/lt\/wp-json\/wp\/v2\/product_brand?post=263133"},{"taxonomy":"product_cat","embeddable":true,"href":"https:\/\/tellimused.stiilne.ee\/lt\/wp-json\/wp\/v2\/product_cat?post=263133"},{"taxonomy":"product_tag","embeddable":true,"href":"https:\/\/tellimused.stiilne.ee\/lt\/wp-json\/wp\/v2\/product_tag?post=263133"}],"curies":[{"name":"wp","href":"https:\/\/api.w.org\/{rel}","templated":true}]}}