{"id":263137,"date":"2026-03-12T16:59:45","date_gmt":"2026-03-12T14:59:45","guid":{"rendered":"https:\/\/tellimused.stiilne.ee\/toode\/magrada-tamme-tahke-sampoon-koikidele-juuksetuupidele-58gr-hea-kingiidee-meestele\/"},"modified":"2026-04-07T11:06:37","modified_gmt":"2026-04-07T08:06:37","slug":"magrada-tamme-tahke-sampunas-visu-tipu-plaukams-58gr-puiki-dovanu-ideja-vyrams","status":"publish","type":"product","link":"https:\/\/tellimused.stiilne.ee\/lt\/produktas\/magrada-tamme-tahke-sampunas-visu-tipu-plaukams-58gr-puiki-dovanu-ideja-vyrams\/","title":{"rendered":"MAGRADA TAMME TAHKE \u0160AMP\u016aNAS vis\u0173 tip\u0173 plaukams 58gr &#8211; puiki dovan\u0173 id\u0117ja vyrams"},"content":{"rendered":"<h3 data-start=\"241\" data-end=\"309\">Nat\u016bralus kietasis \u0161amp\u016bnas vyrams su \u0105\u017euolo \u017eiev\u0117s ir kiaulpieni\u0173 ekstraktu<\/h3>\n<p data-start=\"311\" data-end=\"658\">Atraskite vyri\u0161k\u0105 \u0161amp\u016bn\u0105, kuris i\u0161laisvina pirmaprad\u0117s gamtos gali\u0105. \u0160iame <strong data-start=\"372\" data-end=\"412\">kietame giliai valan\u010diame \u0161amp\u016bne vyrams<\/strong> yra \u0105\u017euol\u0173 ir kiaulpieni\u0173 ekstrakt\u0173, kurie ramina jautri\u0105 galvos od\u0105, ma\u017eina sudirgim\u0105 ir skatina nat\u016bral\u0173 plauk\u0173 augim\u0105. Tinka vis\u0173 tip\u0173 plaukams &#8211; kasdieniam naudojimui arba pasiimti su savimi \u012f sporto sal\u0119 ar kelion\u0119.  <\/p>\n<p data-start=\"660\" data-end=\"857\">Nat\u016braliai antimikrobin\u0117 formul\u0117 padeda palaikyti galvos odos pusiausvyr\u0105 ir ma\u017eina paraudim\u0105. \u0160amp\u016bno kvap\u0105 \u012fkv\u0117p\u0117 am\u017einai \u017ealiuojan\u010dio kr\u016bmo \u017eiedai &#8211; jis yra medinis, gaivus, jausmingas ir tikrai vyri\u0161kas. <\/p>\n<p data-start=\"859\" data-end=\"1131\"><strong data-start=\"859\" data-end=\"887\">Kod\u0117l verta rinktis \u0161\u012f \u0161amp\u016bn\u0105?<\/strong><br data-start=\"887\" data-end=\"890\">&#8211; giliai valo ir ramina galvos od\u0105<br data-start=\"932\" data-end=\"935\">&#8211; idealiai tinka jautriai ar riebiai galvos odai<br data-start=\"979\" data-end=\"982\">&#8211; palaiko nat\u016bral\u0173 plauk\u0173 augim\u0105<br data-start=\"1013\" data-end=\"1016\">&#8211; kompakti\u0161kas ir nepralaidus vandeniui &#8211; skirtas aktyviam vyrui<br data-start=\"1069\" data-end=\"1072\">&#8211; unisex, bet i\u0161skirtinai vyri\u0161ko aromato.<\/p>\n<p data-start=\"1133\" data-end=\"1325\"><strong data-start=\"1133\" data-end=\"1158\">Sudedamosios dalys <\/strong><br data-start=\"1158\" data-end=\"1161\">be paraben\u0173 &#8211; be SLS &#8211; be silikono &#8211; be alkoholio &#8211; be ES alergen\u0173 &#8211; vegani\u0161ka &#8211; be \u017eiauraus elgesio &#8211; rank\u0173 darbo &#8211; minimalus ingredient\u0173 kiekis &#8211; ekologi\u0161ka<\/p>\n<hr data-start=\"1327\" data-end=\"1330\">\n<h3 data-start=\"1332\" data-end=\"1346\">Naudojimas<\/h3>\n<p data-start=\"1348\" data-end=\"1574\">\u012etrinkite \u0161amp\u016bn\u0105 \u012f dr\u0117gnas rankas arba tiesiai \u012f plaukus, kad susidaryt\u0173 gausios putos. \u012emasa\u017euokite \u012f galvos od\u0105 ir kruop\u0161\u010diai i\u0161skalaukite. Po naudojimo leiskite \u0161amp\u016bnui i\u0161d\u017ei\u016bti ant orui laidaus pagrindo, kad \u0161amp\u016bnas i\u0161likt\u0173 kuo ilgiau.  <\/p>\n","protected":false},"excerpt":{"rendered":"<p>Nat\u016bralus kietasis \u0161amp\u016bnas vyrams su \u0105\u017euolo \u017eiev\u0117s ir kiaulpieni\u0173 ekstraktu Atraskite vyri\u0161k\u0105 \u0161amp\u016bn\u0105, kuris i\u0161laisvina pirmaprad\u0117s gamtos gali\u0105. \u0160iame kietame giliai valan\u010diame \u0161amp\u016bne vyrams yra \u0105\u017euol\u0173 ir kiaulpieni\u0173 ekstrakt\u0173, kurie ramina jautri\u0105 galvos od\u0105, ma\u017eina sudirgim\u0105 ir skatina nat\u016bral\u0173 plauk\u0173 augim\u0105. Tinka vis\u0173 tip\u0173 plaukams &#8211; kasdieniam naudojimui arba pasiimti su savimi \u012f sporto sal\u0119 [&hellip;]<\/p>\n","protected":false},"featured_media":263138,"comment_status":"closed","ping_status":"closed","template":"","meta":{"_acf_changed":false},"product_brand":[],"product_cat":[316,332,335,302,334],"product_tag":[],"class_list":{"0":"post-263137","1":"product","2":"type-product","3":"status-publish","4":"has-post-thumbnail","6":"product_cat-dovanos-vyrams","7":"product_cat-plaukams","8":"product_cat-sampunai","9":"product_cat-uncategorized","10":"product_cat-vyrams","11":"product_shipping_class-tarneaeg-1-4-paeva","13":"first","14":"instock","15":"taxable","16":"shipping-taxable","17":"purchasable","18":"product-type-simple","19":"add-to-wishlist-after_add_to_cart"},"acf":[],"_links":{"self":[{"href":"https:\/\/tellimused.stiilne.ee\/lt\/wp-json\/wp\/v2\/product\/263137","targetHints":{"allow":["GET"]}}],"collection":[{"href":"https:\/\/tellimused.stiilne.ee\/lt\/wp-json\/wp\/v2\/product"}],"about":[{"href":"https:\/\/tellimused.stiilne.ee\/lt\/wp-json\/wp\/v2\/types\/product"}],"replies":[{"embeddable":true,"href":"https:\/\/tellimused.stiilne.ee\/lt\/wp-json\/wp\/v2\/comments?post=263137"}],"wp:featuredmedia":[{"embeddable":true,"href":"https:\/\/tellimused.stiilne.ee\/lt\/wp-json\/wp\/v2\/media\/263138"}],"wp:attachment":[{"href":"https:\/\/tellimused.stiilne.ee\/lt\/wp-json\/wp\/v2\/media?parent=263137"}],"wp:term":[{"taxonomy":"product_brand","embeddable":true,"href":"https:\/\/tellimused.stiilne.ee\/lt\/wp-json\/wp\/v2\/product_brand?post=263137"},{"taxonomy":"product_cat","embeddable":true,"href":"https:\/\/tellimused.stiilne.ee\/lt\/wp-json\/wp\/v2\/product_cat?post=263137"},{"taxonomy":"product_tag","embeddable":true,"href":"https:\/\/tellimused.stiilne.ee\/lt\/wp-json\/wp\/v2\/product_tag?post=263137"}],"curies":[{"name":"wp","href":"https:\/\/api.w.org\/{rel}","templated":true}]}}