{"id":263139,"date":"2026-03-12T16:59:45","date_gmt":"2026-03-12T14:59:45","guid":{"rendered":"https:\/\/tellimused.stiilne.ee\/toode\/magrada-tamme-sampoon-koikidele-juuksetuupidele-250ml-hea-kingiidee-meestele\/"},"modified":"2026-04-07T11:06:37","modified_gmt":"2026-04-07T08:06:37","slug":"magrada-tamme-sampunas-visiems-plauku-tipamsams-250ml-puiki-dovanu-ideja-vyrams","status":"publish","type":"product","link":"https:\/\/tellimused.stiilne.ee\/lt\/produktas\/magrada-tamme-sampunas-visiems-plauku-tipamsams-250ml-puiki-dovanu-ideja-vyrams\/","title":{"rendered":"MAGRADA TAMME \u0160AMP\u016aNAS VISIEMS PLAUK\u0172 TIPAMSAMS 250ml &#8211; puiki dovan\u0173 id\u0117ja vyrams"},"content":{"rendered":"<h3 data-start=\"123\" data-end=\"229\">Nat\u016bralus vyr\u0173 \u0161amp\u016bnas su \u0105\u017euolo \u017eiev\u0117s ir kiaulpieni\u0173 ekstraktu &#8211; raminantis ir gaivinantis kasdieniam naudojimui.<\/h3>\n<p data-start=\"231\" data-end=\"539\">Original\u016bs ir kaimi\u0161ki ingredientai sujungti \u012f modern\u0173 <strong data-start=\"289\" data-end=\"321\">nat\u016bral\u0173 vyr\u0173 \u0161amp\u016bn\u0105<\/strong>, skirt\u0105 kasdieniam naudojimui. Minimalios sud\u0117ties, gausiai putojantis \u0161amp\u016bnas ramina jautri\u0105 ar sudirgusi\u0105 galvos od\u0105, o d\u0117l \u0105\u017euol\u0173 ir kiaulpieni\u0173 ekstrakt\u0173 skatina nat\u016bral\u0173 plauk\u0173 augim\u0105. <\/p>\n<p data-start=\"541\" data-end=\"757\">\u012ekv\u0117ptas am\u017einai \u017ealiuojan\u010dio kr\u016bmo \u017eied\u0173, \u0161is kvapas yra gaivus, medinis, jausmingas ir gundan\u010diai vyri\u0161kas. Idealiai tinka aktyviam vyrui, ie\u0161kan\u010diam kokybi\u0161kos, odai draugi\u0161kos ir aplink\u0105 tausojan\u010dios plauk\u0173 prie\u017ei\u016bros priemon\u0117s. <\/p>\n<p data-start=\"759\" data-end=\"1063\"><strong data-start=\"759\" data-end=\"801\">Kod\u0117l \u0161is \u0161amp\u016bnas yra puikus pasirinkimas?<\/strong><br data-start=\"801\" data-end=\"804\">&#8211; ramina sudirgusi\u0105 ar nie\u017etin\u010di\u0105 galvos od\u0105<br data-start=\"845\" data-end=\"848\">&#8211; giliai valo, bet yra \u0161velnus kasdieniam naudojimui<br data-start=\"897\" data-end=\"900\">&#8211; palaiko nat\u016brali\u0105 plauk\u0173 augimo ir galvos odos pusiausvyr\u0105<br data-start=\"952\" data-end=\"955\">&#8211; prabangus ir vyri\u0161kas medienos aromatas<br data-start=\"991\" data-end=\"994\">&#8211; supakuotas \u012f perdirbto plastiko buteliuk\u0105 &#8211; ekologi\u0161kas pasirinkimas.<\/p>\n<p data-start=\"1065\" data-end=\"1201\"><strong data-start=\"1065\" data-end=\"1095\">Gryna ir eti\u0161ka sud\u0117tis:<\/strong><br data-start=\"1095\" data-end=\"1098\">be paraben\u0173 &#8211; be SLS\/SLES &#8211; be silikono &#8211; be alkoholio &#8211; vegani\u0161ka &#8211; be \u017eiaurumo &#8211; minimali sud\u0117tis.<\/p>\n<hr data-start=\"1203\" data-end=\"1206\">\n<h3 data-start=\"1208\" data-end=\"1222\">Naudojimas<\/h3>\n<p data-start=\"1224\" data-end=\"1389\">U\u017etepkite \u0161amp\u016bno ant dr\u0117gn\u0173 plauk\u0173, \u012fmasa\u017euokite \u012f putas ir kruop\u0161\u010diai i\u0161skalaukite. Jei reikia, pakartokite.<br data-start=\"1313\" data-end=\"1316\">Laikykite 5-25 \u00b0C temperat\u016broje, atokiau nuo tiesiogini\u0173 saul\u0117s spinduli\u0173 ir kar\u0161\u010dio. <\/p>\n","protected":false},"excerpt":{"rendered":"<p>Nat\u016bralus vyr\u0173 \u0161amp\u016bnas su \u0105\u017euolo \u017eiev\u0117s ir kiaulpieni\u0173 ekstraktu &#8211; raminantis ir gaivinantis kasdieniam naudojimui. Original\u016bs ir kaimi\u0161ki ingredientai sujungti \u012f modern\u0173 nat\u016bral\u0173 vyr\u0173 \u0161amp\u016bn\u0105, skirt\u0105 kasdieniam naudojimui. Minimalios sud\u0117ties, gausiai putojantis \u0161amp\u016bnas ramina jautri\u0105 ar sudirgusi\u0105 galvos od\u0105, o d\u0117l \u0105\u017euol\u0173 ir kiaulpieni\u0173 ekstrakt\u0173 skatina nat\u016bral\u0173 plauk\u0173 augim\u0105. \u012ekv\u0117ptas am\u017einai \u017ealiuojan\u010dio kr\u016bmo \u017eied\u0173, \u0161is [&hellip;]<\/p>\n","protected":false},"featured_media":263140,"comment_status":"closed","ping_status":"closed","template":"","meta":{"_acf_changed":false},"product_brand":[],"product_cat":[316,332,335,302,334],"product_tag":[],"class_list":{"0":"post-263139","1":"product","2":"type-product","3":"status-publish","4":"has-post-thumbnail","6":"product_cat-dovanos-vyrams","7":"product_cat-plaukams","8":"product_cat-sampunai","9":"product_cat-uncategorized","10":"product_cat-vyrams","11":"product_shipping_class-tarneaeg-1-4-paeva","13":"first","14":"instock","15":"taxable","16":"shipping-taxable","17":"purchasable","18":"product-type-simple","19":"add-to-wishlist-after_add_to_cart"},"acf":[],"_links":{"self":[{"href":"https:\/\/tellimused.stiilne.ee\/lt\/wp-json\/wp\/v2\/product\/263139","targetHints":{"allow":["GET"]}}],"collection":[{"href":"https:\/\/tellimused.stiilne.ee\/lt\/wp-json\/wp\/v2\/product"}],"about":[{"href":"https:\/\/tellimused.stiilne.ee\/lt\/wp-json\/wp\/v2\/types\/product"}],"replies":[{"embeddable":true,"href":"https:\/\/tellimused.stiilne.ee\/lt\/wp-json\/wp\/v2\/comments?post=263139"}],"wp:featuredmedia":[{"embeddable":true,"href":"https:\/\/tellimused.stiilne.ee\/lt\/wp-json\/wp\/v2\/media\/263140"}],"wp:attachment":[{"href":"https:\/\/tellimused.stiilne.ee\/lt\/wp-json\/wp\/v2\/media?parent=263139"}],"wp:term":[{"taxonomy":"product_brand","embeddable":true,"href":"https:\/\/tellimused.stiilne.ee\/lt\/wp-json\/wp\/v2\/product_brand?post=263139"},{"taxonomy":"product_cat","embeddable":true,"href":"https:\/\/tellimused.stiilne.ee\/lt\/wp-json\/wp\/v2\/product_cat?post=263139"},{"taxonomy":"product_tag","embeddable":true,"href":"https:\/\/tellimused.stiilne.ee\/lt\/wp-json\/wp\/v2\/product_tag?post=263139"}],"curies":[{"name":"wp","href":"https:\/\/api.w.org\/{rel}","templated":true}]}}