{"id":263143,"date":"2026-03-12T16:59:11","date_gmt":"2026-03-12T14:59:11","guid":{"rendered":"https:\/\/tellimused.stiilne.ee\/toode\/magrada-parnaoie-tahke-sampoon-koikidele-juuksetuupidele-58gr\/"},"modified":"2026-04-07T11:06:41","modified_gmt":"2026-04-07T08:06:41","slug":"magrada-beauty-sampunas-visiems-plauku-tipams-58gr","status":"publish","type":"product","link":"https:\/\/tellimused.stiilne.ee\/lt\/produktas\/magrada-beauty-sampunas-visiems-plauku-tipams-58gr\/","title":{"rendered":"MAGRADA BEAUTY \u0160AMP\u016aNAS VISIEMS PLAUK\u0172 TIPAMS 58gr"},"content":{"rendered":"<h3 data-start=\"236\" data-end=\"299\">Nat\u016bralus kietasis \u0161amp\u016bnas &#8222;Peppermint&#8221; &#8211; apimties ir blizgesio suteikiantis bestseleris<\/h3>\n<p data-start=\"301\" data-end=\"528\">Gausiai putojantis <em data-start=\"321\" data-end=\"336\">kietasis \u0161amp\u016bnas<\/em> su sald\u017eiu medaus ir liep\u0173 \u017eied\u0173 aromatu. Suteikia plaukams akivaizd\u017eiai daugiau apimties, purumo ir gyvybingumo. D\u0117l koncentruotos formul\u0117s \u0161amp\u016bnas i\u0161silaiko iki <strong data-start=\"483\" data-end=\"500\">3 kart\u0173 ilgiau<\/strong> nei \u012fprastas skystas \u0161amp\u016bnas.  <\/p>\n<p data-start=\"530\" data-end=\"600\">Tinka vis\u0173 tip\u0173 plaukams, ypa\u010d ploniems ir negyvybingiems plaukams.<\/p>\n<p data-start=\"602\" data-end=\"870\"><strong data-start=\"602\" data-end=\"637\">Kod\u0117l klientams patinka \u0161is \u0161amp\u016bnas<\/strong><br data-start=\"637\" data-end=\"640\">&#8211; giliai valo, bet \u0161velniai veikia galvos od\u0105<br data-start=\"675\" data-end=\"678\">&#8211; suteikia apimties ir purumo nuo pirmojo plovimo<br data-start=\"725\" data-end=\"728\">&#8211; raminantis ir saldus medaus liep\u0173 \u017eied\u0173 aromatas<br data-start=\"765\" data-end=\"768\">&#8211; kompakti\u0161kas &#8211; idealiai tinka kelion\u0117ms ir kasdieniam naudojimui<br data-start=\"825\" data-end=\"828\">&#8211; ma\u017eina plastiko atliek\u0173 kiek\u012f ir saugo aplink\u0105.<\/p>\n<p data-start=\"872\" data-end=\"1050\"><strong data-start=\"872\" data-end=\"888\">Pagrindiniai ingredientai<\/strong><br data-start=\"888\" data-end=\"891\">\u0160iaur\u0117s \u0161ali\u0173 kazeino ekstraktas, kakavos sviestas ir liep\u0173 \u017eiedai &#8211; nat\u016bralus derinys, kuris stiprina plauk\u0173 \u0161aknis, spartina plauk\u0173 augim\u0105 ir maitina galvos od\u0105 antioksidantais.<\/p>\n<p data-start=\"1052\" data-end=\"1187\"><strong data-start=\"1052\" data-end=\"1077\">100 % r\u016bpestingas gro\u017eio produktas<\/strong><br data-start=\"1077\" data-end=\"1080\">be paraben\u0173 &#8211; be SLS &#8211; be silikono &#8211; vegani\u0161kas &#8211; be \u017eiaurumo &#8211; rank\u0173 darbo &#8211; minimalus ingredient\u0173 kiekis.<\/p>\n<hr data-start=\"1189\" data-end=\"1192\">\n<h3 data-start=\"1194\" data-end=\"1208\">Naudojimas<\/h3>\n<p data-start=\"1210\" data-end=\"1453\">Trinkite kiet\u0105j\u012f \u0161amp\u016bn\u0105 rankomis, kol susidarys putos, arba tepkite tiesiai ant dr\u0117gn\u0173 plauk\u0173. \u012emasa\u017euokite \u012f galvos od\u0105 ir kruop\u0161\u010diai i\u0161skalaukite.<br data-start=\"1335\" data-end=\"1338\">Po plovimo palikite \u0161amp\u016bn\u0105 nusistov\u0117ti ant sauso pavir\u0161iaus, kur yra galimyb\u0117 patekti orui &#8211; taip jis ilgiau i\u0161silaikys ir netaps trapus. <\/p>\n","protected":false},"excerpt":{"rendered":"<p>Nat\u016bralus kietasis \u0161amp\u016bnas &#8222;Peppermint&#8221; &#8211; apimties ir blizgesio suteikiantis bestseleris Gausiai putojantis kietasis \u0161amp\u016bnas su sald\u017eiu medaus ir liep\u0173 \u017eied\u0173 aromatu. Suteikia plaukams akivaizd\u017eiai daugiau apimties, purumo ir gyvybingumo. D\u0117l koncentruotos formul\u0117s \u0161amp\u016bnas i\u0161silaiko iki 3 kart\u0173 ilgiau nei \u012fprastas skystas \u0161amp\u016bnas. Tinka vis\u0173 tip\u0173 plaukams, ypa\u010d ploniems ir negyvybingiems plaukams. Kod\u0117l klientams patinka \u0161is [&hellip;]<\/p>\n","protected":false},"featured_media":263144,"comment_status":"closed","ping_status":"closed","template":"","meta":{"_acf_changed":false},"product_brand":[],"product_cat":[332,335,302],"product_tag":[],"class_list":{"0":"post-263143","1":"product","2":"type-product","3":"status-publish","4":"has-post-thumbnail","6":"product_cat-plaukams","7":"product_cat-sampunai","8":"product_cat-uncategorized","9":"product_shipping_class-tarneaeg-1-4-paeva","11":"first","12":"instock","13":"taxable","14":"shipping-taxable","15":"purchasable","16":"product-type-simple","17":"add-to-wishlist-after_add_to_cart"},"acf":[],"_links":{"self":[{"href":"https:\/\/tellimused.stiilne.ee\/lt\/wp-json\/wp\/v2\/product\/263143","targetHints":{"allow":["GET"]}}],"collection":[{"href":"https:\/\/tellimused.stiilne.ee\/lt\/wp-json\/wp\/v2\/product"}],"about":[{"href":"https:\/\/tellimused.stiilne.ee\/lt\/wp-json\/wp\/v2\/types\/product"}],"replies":[{"embeddable":true,"href":"https:\/\/tellimused.stiilne.ee\/lt\/wp-json\/wp\/v2\/comments?post=263143"}],"wp:featuredmedia":[{"embeddable":true,"href":"https:\/\/tellimused.stiilne.ee\/lt\/wp-json\/wp\/v2\/media\/263144"}],"wp:attachment":[{"href":"https:\/\/tellimused.stiilne.ee\/lt\/wp-json\/wp\/v2\/media?parent=263143"}],"wp:term":[{"taxonomy":"product_brand","embeddable":true,"href":"https:\/\/tellimused.stiilne.ee\/lt\/wp-json\/wp\/v2\/product_brand?post=263143"},{"taxonomy":"product_cat","embeddable":true,"href":"https:\/\/tellimused.stiilne.ee\/lt\/wp-json\/wp\/v2\/product_cat?post=263143"},{"taxonomy":"product_tag","embeddable":true,"href":"https:\/\/tellimused.stiilne.ee\/lt\/wp-json\/wp\/v2\/product_tag?post=263143"}],"curies":[{"name":"wp","href":"https:\/\/api.w.org\/{rel}","templated":true}]}}