{"id":263147,"date":"2026-03-12T16:59:11","date_gmt":"2026-03-12T14:59:11","guid":{"rendered":"https:\/\/tellimused.stiilne.ee\/toode\/magrada-taitepakend-parnaoie-sampoonile-ohematele-juustele-500ml\/"},"modified":"2026-04-07T11:06:37","modified_gmt":"2026-04-07T08:06:37","slug":"magrada-sampunas-ploniems-ploniems-ploniems-ploniems-plaukams-500ml","status":"publish","type":"product","link":"https:\/\/tellimused.stiilne.ee\/lt\/produktas\/magrada-sampunas-ploniems-ploniems-ploniems-ploniems-plaukams-500ml\/","title":{"rendered":"MAGRADA \u0160AMP\u016aNAS PLONIEMS PLONIEMS PLONIEMS PLONIEMS PLAUKAMS 500ml"},"content":{"rendered":"<h3 data-start=\"102\" data-end=\"174\">Nat\u016bralus liep\u0173 \u017eied\u0173 \u0161amp\u016bnas &#8211; medaus ir sald\u017ei\u0173 liep\u0173 \u017eied\u0173 aromato \u0161amp\u016bnas, skatinantis plauk\u0173 augim\u0105.<\/h3>\n<p data-start=\"176\" data-end=\"553\">Ne\u0161kit\u0117s vasar\u0105 su savimi! \u0160is <strong data-start=\"206\" data-end=\"249\">nat\u016bralus \u0161amp\u016bnas<\/strong> yra \u0161iaurieti\u0161ko gro\u017eio eliksyras, kuris atgaivins j\u016bs\u0173 plaukus. Kazeino, alijo\u0161iaus ir liep\u0173 \u017eied\u0173 ekstrakt\u0173 derinys dr\u0117kina, ramina galvos od\u0105 ir skatina nat\u016bral\u0173 plauk\u0173 augim\u0105. Idealiai tinka ploniems ir negyvybingiems plaukams, po pirmojo plovimo suteikia blizgesio, \u0161velnumo ir \u0161iek tiek purumo.   <\/p>\n<p data-start=\"555\" data-end=\"624\">Tinka kasdien naudoti visai \u0161eimai, taip pat jautriai galvos odai.<\/p>\n<p data-start=\"626\" data-end=\"901\"><strong data-start=\"626\" data-end=\"654\">Kod\u0117l verta rinktis \u0161\u012f \u0161amp\u016bn\u0105?<\/strong><br data-start=\"654\" data-end=\"657\">&#8211; skatina plauk\u0173 augim\u0105 ir atgaivina galvos od\u0105<br data-start=\"699\" data-end=\"702\">&#8211; ma\u017eina garbanojim\u0105si ir suteikia nat\u016bralaus blizgesio<br data-start=\"746\" data-end=\"749\">&#8211; dr\u0117kinanti, lengva ir neriebi formul\u0117<br data-start=\"790\" data-end=\"793\">&#8211; gaivus, saldus medaus ir liep\u0173 \u017eied\u0173 aromatas &#8211; tikras vasaros poj\u016btis buteliuke<br data-start=\"856\" data-end=\"859\">&#8211; tinka ir jautriai galvos odai bei vaikams.<\/p>\n<p data-start=\"903\" data-end=\"1007\"><strong data-start=\"903\" data-end=\"923\">Pagrindin\u0117s sudedamosios dalys<\/strong><br data-start=\"923\" data-end=\"926\">kazeino ekstraktas &#8211; alavijas &#8211; liep\u0173 \u017eied\u0173 ekstraktas &#8211; argano aliejus &#8211; pantenolis (vitaminas B5).<\/p>\n<p data-start=\"1009\" data-end=\"1154\"><strong data-start=\"1009\" data-end=\"1040\">Nat\u016bralus ir draugi\u0161kas odai<\/strong><br data-start=\"1040\" data-end=\"1043\">be paraben\u0173 &#8211; be sulfat\u0173 &#8211; be silikono &#8211; vegani\u0161kas &#8211; be \u017eiaurumo &#8211; rank\u0173 darbo &#8211; minimalus ingredient\u0173 kiekis<\/p>\n<hr data-start=\"1156\" data-end=\"1159\">\n<h3 data-start=\"1161\" data-end=\"1175\">Naudojimas<\/h3>\n<p data-start=\"1177\" data-end=\"1291\">U\u017etepkite \u0161amp\u016bno ant dr\u0117gn\u0173 plauk\u0173, \u0161velniai \u012fmasa\u017euokite \u012f galvos od\u0105 ir kruop\u0161\u010diai i\u0161skalaukite. Tinka naudoti kasdien. <\/p>\n","protected":false},"excerpt":{"rendered":"<p>Nat\u016bralus liep\u0173 \u017eied\u0173 \u0161amp\u016bnas &#8211; medaus ir sald\u017ei\u0173 liep\u0173 \u017eied\u0173 aromato \u0161amp\u016bnas, skatinantis plauk\u0173 augim\u0105. Ne\u0161kit\u0117s vasar\u0105 su savimi! \u0160is nat\u016bralus \u0161amp\u016bnas yra \u0161iaurieti\u0161ko gro\u017eio eliksyras, kuris atgaivins j\u016bs\u0173 plaukus. Kazeino, alijo\u0161iaus ir liep\u0173 \u017eied\u0173 ekstrakt\u0173 derinys dr\u0117kina, ramina galvos od\u0105 ir skatina nat\u016bral\u0173 plauk\u0173 augim\u0105. Idealiai tinka ploniems ir negyvybingiems plaukams, po pirmojo plovimo [&hellip;]<\/p>\n","protected":false},"featured_media":263148,"comment_status":"closed","ping_status":"closed","template":"","meta":{"_acf_changed":false},"product_brand":[],"product_cat":[332,335,302],"product_tag":[],"class_list":{"0":"post-263147","1":"product","2":"type-product","3":"status-publish","4":"has-post-thumbnail","6":"product_cat-plaukams","7":"product_cat-sampunai","8":"product_cat-uncategorized","9":"product_shipping_class-tarneaeg-1-4-paeva","11":"first","12":"instock","13":"taxable","14":"shipping-taxable","15":"purchasable","16":"product-type-simple","17":"add-to-wishlist-after_add_to_cart"},"acf":[],"_links":{"self":[{"href":"https:\/\/tellimused.stiilne.ee\/lt\/wp-json\/wp\/v2\/product\/263147","targetHints":{"allow":["GET"]}}],"collection":[{"href":"https:\/\/tellimused.stiilne.ee\/lt\/wp-json\/wp\/v2\/product"}],"about":[{"href":"https:\/\/tellimused.stiilne.ee\/lt\/wp-json\/wp\/v2\/types\/product"}],"replies":[{"embeddable":true,"href":"https:\/\/tellimused.stiilne.ee\/lt\/wp-json\/wp\/v2\/comments?post=263147"}],"wp:featuredmedia":[{"embeddable":true,"href":"https:\/\/tellimused.stiilne.ee\/lt\/wp-json\/wp\/v2\/media\/263148"}],"wp:attachment":[{"href":"https:\/\/tellimused.stiilne.ee\/lt\/wp-json\/wp\/v2\/media?parent=263147"}],"wp:term":[{"taxonomy":"product_brand","embeddable":true,"href":"https:\/\/tellimused.stiilne.ee\/lt\/wp-json\/wp\/v2\/product_brand?post=263147"},{"taxonomy":"product_cat","embeddable":true,"href":"https:\/\/tellimused.stiilne.ee\/lt\/wp-json\/wp\/v2\/product_cat?post=263147"},{"taxonomy":"product_tag","embeddable":true,"href":"https:\/\/tellimused.stiilne.ee\/lt\/wp-json\/wp\/v2\/product_tag?post=263147"}],"curies":[{"name":"wp","href":"https:\/\/api.w.org\/{rel}","templated":true}]}}