{"id":263151,"date":"2026-03-12T16:59:11","date_gmt":"2026-03-12T14:59:11","guid":{"rendered":"https:\/\/tellimused.stiilne.ee\/toode\/magrada-rabarberi-tahke-sampoon-koikidele-juuksetuupidele-58gr\/"},"modified":"2026-04-07T11:06:37","modified_gmt":"2026-04-07T08:06:37","slug":"magrada-rabarberi-sampunas-visiems-plauku-tipams-58gr","status":"publish","type":"product","link":"https:\/\/tellimused.stiilne.ee\/lt\/produktas\/magrada-rabarberi-sampunas-visiems-plauku-tipams-58gr\/","title":{"rendered":"MAGRADA RABARBERI \u0160AMP\u016aNAS VISIEMS PLAUK\u0172 TIPAMS 58gr"},"content":{"rendered":"<h3 data-start=\"68\" data-end=\"150\">Nat\u016bralus kietasis \u0161amp\u016bnas su sultingu rabarbar\u0173 aromatu &#8211; giliai valantis ir raminantis<\/h3>\n<p data-start=\"152\" data-end=\"525\">Atraskite ekologi\u0161k\u0105 ir labai veiksming\u0105 <strong data-start=\"194\" data-end=\"211\">kiet\u0105j\u012f \u0161amp\u016bn\u0105<\/strong>, puikiai tinkant\u012f tiems, kurie nori nat\u016bralios ir tvarios plauk\u0173 prie\u017ei\u016bros. Rabarbar\u0173 ekstrakto, kakavos sviesto ir provitamino B5 derinys stiprina plaukus, dr\u0117kina galvos od\u0105 ir apsaugo nuo i\u0161saus\u0117jimo bei sudirginimo. Gausiai putojanti formul\u0117 giliai i\u0161valo, plaukai tampa \u0161ilkiniai \u0161veln\u016bs ir blizgantys.  <\/p>\n<p data-start=\"527\" data-end=\"627\">\u0160amp\u016bno sultingas rabarbar\u0173 aromatas suteikia gaiv\u0173 vasaros kvap\u0105 &#8211; tai tikras malonumas kiekvienai dienai.<\/p>\n<p data-start=\"629\" data-end=\"906\"><strong data-start=\"629\" data-end=\"665\">Kod\u0117l \u0161is \u0161amp\u016bnas yra geriausias pasirinkimas?<\/strong><br data-start=\"665\" data-end=\"668\">&#8211; ekologi\u0161kas ir be plastiko<br data-start=\"707\" data-end=\"710\">&#8211; raminantis ir giliai valantis poveikis galvos odai<br data-start=\"753\" data-end=\"756\">&#8211; suteikia plaukams nat\u016bralaus blizgesio ir gyvybingumo<br data-start=\"797\" data-end=\"800\">&#8211; i\u0161silaiko iki <strong data-start=\"814\" data-end=\"831\">3 kart\u0173 ilgiau<\/strong> nei skystas \u0161amp\u016bnas<br data-start=\"849\" data-end=\"852\">&#8211; idealiai tinka kelion\u0117ms, treniruot\u0117ms ar kasdieniam naudojimui.<\/p>\n<p data-start=\"908\" data-end=\"989\"><strong data-start=\"908\" data-end=\"928\">Pagrindin\u0117s sudedamosios dalys:<\/strong><br data-start=\"928\" data-end=\"931\">rabarbar\u0173 ekstraktas &#8211; kakavos sviestas &#8211; provitaminas B5 (pantenolis).<\/p>\n<p data-start=\"991\" data-end=\"1141\"><strong data-start=\"991\" data-end=\"1016\">100 % r\u016bpestingas gro\u017eio produktas:<\/strong><br data-start=\"1016\" data-end=\"1019\">be paraben\u0173 &#8211; be SLS &#8211; be alkoholio &#8211; be silikono &#8211; vegani\u0161kas &#8211; be \u017eiauraus elgesio &#8211; rank\u0173 darbo &#8211; minimalus ingredient\u0173 kiekis.<\/p>\n<hr data-start=\"1143\" data-end=\"1146\">\n<h3 data-start=\"1148\" data-end=\"1162\">Naudojimas<\/h3>\n<p data-start=\"1164\" data-end=\"1385\">\u012etrinkite kiet\u0105j\u012f \u0161amp\u016bn\u0105 \u012f dr\u0117gnas rankas arba tiesiai \u012f plaukus, kad susidaryt\u0173 gausios putos. \u012emasa\u017euokite \u012f galvos od\u0105 ir kruop\u0161\u010diai i\u0161skalaukite. Po naudojimo leiskite \u0161amp\u016bnui i\u0161d\u017ei\u016bti ant orui laidaus pavir\u0161iaus, kad \u0161amp\u016bnas i\u0161likt\u0173 kuo ilgiau.  <\/p>\n","protected":false},"excerpt":{"rendered":"<p>Nat\u016bralus kietasis \u0161amp\u016bnas su sultingu rabarbar\u0173 aromatu &#8211; giliai valantis ir raminantis Atraskite ekologi\u0161k\u0105 ir labai veiksming\u0105 kiet\u0105j\u012f \u0161amp\u016bn\u0105, puikiai tinkant\u012f tiems, kurie nori nat\u016bralios ir tvarios plauk\u0173 prie\u017ei\u016bros. Rabarbar\u0173 ekstrakto, kakavos sviesto ir provitamino B5 derinys stiprina plaukus, dr\u0117kina galvos od\u0105 ir apsaugo nuo i\u0161saus\u0117jimo bei sudirginimo. Gausiai putojanti formul\u0117 giliai i\u0161valo, plaukai tampa [&hellip;]<\/p>\n","protected":false},"featured_media":263152,"comment_status":"closed","ping_status":"closed","template":"","meta":{"_acf_changed":false},"product_brand":[],"product_cat":[332,335,302],"product_tag":[],"class_list":{"0":"post-263151","1":"product","2":"type-product","3":"status-publish","4":"has-post-thumbnail","6":"product_cat-plaukams","7":"product_cat-sampunai","8":"product_cat-uncategorized","9":"product_shipping_class-tarneaeg-1-4-paeva","11":"first","12":"instock","13":"taxable","14":"shipping-taxable","15":"purchasable","16":"product-type-simple","17":"add-to-wishlist-after_add_to_cart"},"acf":[],"_links":{"self":[{"href":"https:\/\/tellimused.stiilne.ee\/lt\/wp-json\/wp\/v2\/product\/263151","targetHints":{"allow":["GET"]}}],"collection":[{"href":"https:\/\/tellimused.stiilne.ee\/lt\/wp-json\/wp\/v2\/product"}],"about":[{"href":"https:\/\/tellimused.stiilne.ee\/lt\/wp-json\/wp\/v2\/types\/product"}],"replies":[{"embeddable":true,"href":"https:\/\/tellimused.stiilne.ee\/lt\/wp-json\/wp\/v2\/comments?post=263151"}],"wp:featuredmedia":[{"embeddable":true,"href":"https:\/\/tellimused.stiilne.ee\/lt\/wp-json\/wp\/v2\/media\/263152"}],"wp:attachment":[{"href":"https:\/\/tellimused.stiilne.ee\/lt\/wp-json\/wp\/v2\/media?parent=263151"}],"wp:term":[{"taxonomy":"product_brand","embeddable":true,"href":"https:\/\/tellimused.stiilne.ee\/lt\/wp-json\/wp\/v2\/product_brand?post=263151"},{"taxonomy":"product_cat","embeddable":true,"href":"https:\/\/tellimused.stiilne.ee\/lt\/wp-json\/wp\/v2\/product_cat?post=263151"},{"taxonomy":"product_tag","embeddable":true,"href":"https:\/\/tellimused.stiilne.ee\/lt\/wp-json\/wp\/v2\/product_tag?post=263151"}],"curies":[{"name":"wp","href":"https:\/\/api.w.org\/{rel}","templated":true}]}}