{"id":263157,"date":"2026-03-12T16:59:11","date_gmt":"2026-03-12T14:59:11","guid":{"rendered":"https:\/\/tellimused.stiilne.ee\/toode\/magrada-rabarberi-sampoon-reisisuuruses-kuivadele-juustele-100-ml\/"},"modified":"2026-04-07T11:06:37","modified_gmt":"2026-04-07T08:06:37","slug":"magrada-rabarberi-champoo-travel-sampunas-susiems-plaukams-100-ml","status":"publish","type":"product","link":"https:\/\/tellimused.stiilne.ee\/lt\/produktas\/magrada-rabarberi-champoo-travel-sampunas-susiems-plaukams-100-ml\/","title":{"rendered":"MAGRADA RABARBERI CHAMPOO TRAVEL \u0160AMP\u016aNAS SU\u0160IEMS PLAUKAMS 100 ml"},"content":{"rendered":"<h3 data-start=\"193\" data-end=\"286\">Dr\u0117kinamasis nat\u016bralus \u0161amp\u016bnas sausiems ir pa\u017eeistiems plaukams su sultingu rabarbar\u0173 aromatu<\/h3>\n<p data-start=\"288\" data-end=\"653\">Giliai sudr\u0117kinkite ir atgaivinkite plaukus \u0161iuo <strong data-start=\"343\" data-end=\"378\">nat\u016braliu dr\u0117kinamuoju \u0161amp\u016bnu<\/strong>, specialiai sukurtu sausiems, negyvybingiems ir chemi\u0161kai apdorotiems plaukams. Rabarbar\u0173 \u0161akn\u0173 ekstraktas ramina jautri\u0105 ir sudirgusi\u0105 galvos od\u0105, veikia prie\u0161u\u017edegimi\u0161kai, o ekologi\u0161kas alavijas intensyviai dr\u0117kina ir atkuria nat\u016brali\u0105 galvos odos pusiausvyr\u0105. <\/p>\n<p data-start=\"655\" data-end=\"850\">Provitaminas B5 (pantenolis) stiprina plauko skaidulas i\u0161 vidaus, tod\u0117l plaukai tampa glotn\u016bs, \u0161veln\u016bs ir blizgantys. Idealus pasirinkimas tiems, kuriems akivaizd\u017eiai reikia daugiau dr\u0117gm\u0117s ir prie\u017ei\u016bros. <\/p>\n<p data-start=\"852\" data-end=\"1165\"><strong data-start=\"852\" data-end=\"891\">Kod\u0117l \u0161is \u0161amp\u016bnas yra puikus pasirinkimas?<\/strong><br data-start=\"891\" data-end=\"894\">&#8211; intensyviai dr\u0117kinanti ir atkuriamoji saus\u0173 plauk\u0173 prie\u017ei\u016bra<br data-start=\"956\" data-end=\"959\">&#8211; taip pat tinka jautriai ir sudirgintai galvos odai<br data-start=\"1003\" data-end=\"1006\">&#8211; atkuria pa\u017eeist\u0105 ir pa\u017eeist\u0105 plauk\u0173 strukt\u016br\u0105<br data-start=\"1059\" data-end=\"1062\">&#8211; suteikia plaukams \u0161ilkinio \u0161velnumo ir \u017evilgesio<br data-start=\"1107\" data-end=\"1110\">&#8211; gaivus sultingas rabarbar\u0173 aromatas &#8211; tikra sveikatingumo patirtis.<\/p>\n<p data-start=\"1167\" data-end=\"1357\"><strong data-start=\"1167\" data-end=\"1206\">Nat\u016brali ir odai draugi\u0161ka sud\u0117tis<\/strong><br data-start=\"1206\" data-end=\"1209\">be paraben\u0173 &#8211; be sulfat\u0173 &#8211; be silikono &#8211; be alkoholio &#8211; be ES alergen\u0173 &#8211; vegani\u0161kas &#8211; be \u017eiaurumo &#8211; rank\u0173 darbo &#8211; minimali sud\u0117tis.<\/p>\n<hr data-start=\"1359\" data-end=\"1362\">\n<h3 data-start=\"1364\" data-end=\"1378\">Naudojimas<\/h3>\n<p data-start=\"1380\" data-end=\"1506\">U\u017etepkite \u0161amp\u016bno ant dr\u0117gnos galvos odos, \u0161velniai \u012fmasa\u017euokite, kad susidaryt\u0173 putos, ir kruop\u0161\u010diai nuplaukite. Pagal poreik\u012f pakartokite. Tinka naudoti kasdien.  <\/p>\n","protected":false},"excerpt":{"rendered":"<p>Dr\u0117kinamasis nat\u016bralus \u0161amp\u016bnas sausiems ir pa\u017eeistiems plaukams su sultingu rabarbar\u0173 aromatu Giliai sudr\u0117kinkite ir atgaivinkite plaukus \u0161iuo nat\u016braliu dr\u0117kinamuoju \u0161amp\u016bnu, specialiai sukurtu sausiems, negyvybingiems ir chemi\u0161kai apdorotiems plaukams. Rabarbar\u0173 \u0161akn\u0173 ekstraktas ramina jautri\u0105 ir sudirgusi\u0105 galvos od\u0105, veikia prie\u0161u\u017edegimi\u0161kai, o ekologi\u0161kas alavijas intensyviai dr\u0117kina ir atkuria nat\u016brali\u0105 galvos odos pusiausvyr\u0105. Provitaminas B5 (pantenolis) stiprina plauko [&hellip;]<\/p>\n","protected":false},"featured_media":263158,"comment_status":"closed","ping_status":"closed","template":"","meta":{"_acf_changed":false},"product_brand":[],"product_cat":[332,335,302],"product_tag":[],"class_list":{"0":"post-263157","1":"product","2":"type-product","3":"status-publish","4":"has-post-thumbnail","6":"product_cat-plaukams","7":"product_cat-sampunai","8":"product_cat-uncategorized","9":"product_shipping_class-tarneaeg-1-4-paeva","11":"first","12":"instock","13":"taxable","14":"shipping-taxable","15":"purchasable","16":"product-type-simple","17":"add-to-wishlist-after_add_to_cart"},"acf":[],"_links":{"self":[{"href":"https:\/\/tellimused.stiilne.ee\/lt\/wp-json\/wp\/v2\/product\/263157","targetHints":{"allow":["GET"]}}],"collection":[{"href":"https:\/\/tellimused.stiilne.ee\/lt\/wp-json\/wp\/v2\/product"}],"about":[{"href":"https:\/\/tellimused.stiilne.ee\/lt\/wp-json\/wp\/v2\/types\/product"}],"replies":[{"embeddable":true,"href":"https:\/\/tellimused.stiilne.ee\/lt\/wp-json\/wp\/v2\/comments?post=263157"}],"wp:featuredmedia":[{"embeddable":true,"href":"https:\/\/tellimused.stiilne.ee\/lt\/wp-json\/wp\/v2\/media\/263158"}],"wp:attachment":[{"href":"https:\/\/tellimused.stiilne.ee\/lt\/wp-json\/wp\/v2\/media?parent=263157"}],"wp:term":[{"taxonomy":"product_brand","embeddable":true,"href":"https:\/\/tellimused.stiilne.ee\/lt\/wp-json\/wp\/v2\/product_brand?post=263157"},{"taxonomy":"product_cat","embeddable":true,"href":"https:\/\/tellimused.stiilne.ee\/lt\/wp-json\/wp\/v2\/product_cat?post=263157"},{"taxonomy":"product_tag","embeddable":true,"href":"https:\/\/tellimused.stiilne.ee\/lt\/wp-json\/wp\/v2\/product_tag?post=263157"}],"curies":[{"name":"wp","href":"https:\/\/api.w.org\/{rel}","templated":true}]}}