{"id":263189,"date":"2026-03-12T16:58:40","date_gmt":"2026-03-12T14:58:40","guid":{"rendered":"https:\/\/tellimused.stiilne.ee\/toode\/huppa-soe-kuid-samas-kerge-naiste-sulemantel-naima-roheline-vali-tavaparasest-number-vaiksem-suurus-super-hind\/"},"modified":"2026-04-07T11:06:40","modified_gmt":"2026-04-07T08:06:40","slug":"huppa-silti-bet-lengvi-moteriski-batai-naima-green-pasirinkite-mazesni-dydi-nei-iprastai-yra-sandelyje-megstama-klientu","status":"publish","type":"product","link":"https:\/\/tellimused.stiilne.ee\/lt\/produktas\/huppa-silti-bet-lengvi-moteriski-batai-naima-green-pasirinkite-mazesni-dydi-nei-iprastai-yra-sandelyje-megstama-klientu\/","title":{"rendered":"HUPPA \u0161ilti, bet lengvi moteri\u0161ki batai Naima Green &#8211; Pasirinkite ma\u017eesn\u012f dyd\u012f nei \u012fprastai &#8211; yra sand\u0117lyje &#8211; m\u0117gstama klient\u0173."},"content":{"rendered":"<h1 data-start=\"167\" data-end=\"243\"><strong data-start=\"169\" data-end=\"243\">&#8222;Huppa Naima&#8221; moteri\u0161kas slidin\u0117jimo paltas &#8211; lengvas, ilgas ir tikrai \u0161iltas  <\/strong><\/h1>\n<p data-start=\"245\" data-end=\"625\">&#8222;Huppa Naima&#8221; yra <strong data-start=\"260\" data-end=\"299\">ilgas, \u0161iltas, ta\u010diau steb\u0117tinai lengvas<\/strong> moteri\u0161kas slidin\u0117jimo paltas, puikiai tinkantis kasdieniam ne\u0161iojimui \u0161altuoju rudens ir \u017eiemos sezonu. Paltas pagamintas <strong data-start=\"410\" data-end=\"447\">i\u0161 v\u0117jo ir vandens nepraleid\u017eian\u010dios med\u017eiagos,<\/strong> kuri nepraleid\u017eia \u0161al\u010dio ar sniego ir i\u0161laiko jus sausus net ir v\u0117siausiomis s\u0105lygomis.<\/p>\n<p data-start=\"245\" data-end=\"625\"><strong data-start=\"568\" data-end=\"731\">\u2728 Taip pat puikiai tinka m\u0117gstan\u010dioms d\u0117v\u0117ti sijon\u0105 ar suknel\u0119 v\u0117sesniu oru ir puikiai tinka teatrui, koncertams ar vakar\u0117liams.<\/strong><\/p>\n<h2 data-start=\"632\" data-end=\"677\"><strong data-start=\"635\" data-end=\"677\">  Kod\u0117l verta rinktis &#8222;Huppa Naima&#8221; palt\u0105?<\/strong><\/h2>\n<ul data-start=\"679\" data-end=\"1175\">\n<li data-start=\"679\" data-end=\"755\">\n<p data-start=\"681\" data-end=\"755\"> \ufe0f <strong data-start=\"685\" data-end=\"717\">V\u0117jui ir vandeniui atspari med\u017eiaga<\/strong> &#8211; i\u0161likite \u0161ilti ir sausi bet kokiu oru.<\/p>\n<\/li>\n<li data-start=\"756\" data-end=\"821\">\n<p data-start=\"758\" data-end=\"821\">  <strong data-start=\"761\" data-end=\"798\">100% plunksnoms atsparus audinys<\/strong> &#8211; plunksnos nei\u0161siskleid\u017eia<\/p>\n<\/li>\n<li data-start=\"822\" data-end=\"896\">\n<p data-start=\"824\" data-end=\"896\">  <strong data-start=\"827\" data-end=\"856\">Nuimamas gobtuvas su u\u017etrauktuku<\/strong> &#8211; patogu naudoti pagal poreik\u012f<\/p>\n<\/li>\n<li data-start=\"897\" data-end=\"967\">\n<p data-start=\"899\" data-end=\"967\">  <strong data-start=\"902\" data-end=\"927\">Dviej\u0173 kryp\u010di\u0173 priekinis u\u017eraktas<\/strong> &#8211; papildomas komfortas s\u0117dint ir va\u017eiuojant<\/p>\n<\/li>\n<li data-start=\"968\" data-end=\"1052\">\n<p data-start=\"970\" data-end=\"1052\">  <strong data-start=\"973\" data-end=\"1007\">U\u017erakinamos \u0161onin\u0117s ki\u0161en\u0117s + vidin\u0117 ki\u0161en\u0117<\/strong> &#8211; saugi vieta telefonui ir raktams<\/p>\n<\/li>\n<li data-start=\"1053\" data-end=\"1120\">\n<p data-start=\"1055\" data-end=\"1120\"><strong data-start=\"1058\" data-end=\"1091\">  Vidiniai rankovi\u0173 rankogaliai<\/strong> &#8211; apsaugo nuo \u0161alto oro.<\/p>\n<\/li>\n<\/ul>\n<hr data-start=\"1177\" data-end=\"1180\">\n<h2 data-start=\"1182\" data-end=\"1225\"><strong data-start=\"1185\" data-end=\"1223\">  &#8222;Huppa Naima&#8221; dyd\u017ei\u0173 lentel\u0117 (XS-XXL)<\/strong><\/h2>\n<h2 data-start=\"1182\" data-end=\"1225\"><strong data-start=\"1185\" data-end=\"1223\">NB!Rinkit\u0117s ma\u017eesn\u012f dyd\u012f nei \u012fprastai.<\/strong><\/h2>\n<p data-start=\"1226\" data-end=\"1257\"><em data-start=\"1226\" data-end=\"1257\">(matmenys nurodyti centimetrais)<\/em><\/p>\n<div class=\"_tableContainer_1rjym_1\">\n<div class=\"group _tableWrapper_1rjym_13 flex w-fit flex-col-reverse\" tabindex=\"-1\">\n<table class=\"w-fit min-w-(--thread-content-width)\" data-start=\"1259\" data-end=\"2050\">\n<thead data-start=\"1259\" data-end=\"1357\">\n<tr data-start=\"1259\" data-end=\"1357\">\n<th data-start=\"1259\" data-end=\"1268\" data-col-size=\"sm\">Dydis<\/th>\n<th data-start=\"1268\" data-end=\"1285\" data-col-size=\"sm\">Kr\u016btin\u0117s<\/p>\n<p>apimtis<\/th>\n<th data-start=\"1285\" data-end=\"1302\" data-col-size=\"sm\">Klubo<\/p>\n<p>apimtis<\/th>\n<th data-start=\"1302\" data-end=\"1324\" data-col-size=\"sm\">Palto ilgis (priekyje)<\/th>\n<th data-start=\"1324\" data-end=\"1339\" data-col-size=\"sm\">Pe\u010di\u0173 plotis<\/th>\n<th data-start=\"1339\" data-end=\"1357\" data-col-size=\"sm\">Rankovi\u0173 ilgis<\/th>\n<\/tr>\n<\/thead>\n<tbody data-start=\"1457\" data-end=\"2050\">\n<tr data-start=\"1457\" data-end=\"1555\">\n<td data-start=\"1457\" data-end=\"1465\" data-col-size=\"sm\">XS<\/td>\n<td data-col-size=\"sm\" data-start=\"1465\" data-end=\"1482\">98<\/td>\n<td data-col-size=\"sm\" data-start=\"1482\" data-end=\"1499\">&#8211;<\/td>\n<td data-col-size=\"sm\" data-start=\"1499\" data-end=\"1522\">116<\/td>\n<td data-col-size=\"sm\" data-start=\"1522\" data-end=\"1537\">41<\/td>\n<td data-col-size=\"sm\" data-start=\"1537\" data-end=\"1555\">62<\/td>\n<\/tr>\n<tr data-start=\"1556\" data-end=\"1654\">\n<td data-start=\"1556\" data-end=\"1564\" data-col-size=\"sm\">S<\/td>\n<td data-col-size=\"sm\" data-start=\"1564\" data-end=\"1581\">104<\/td>\n<td data-col-size=\"sm\" data-start=\"1581\" data-end=\"1598\">115<\/td>\n<td data-col-size=\"sm\" data-start=\"1598\" data-end=\"1621\">118<\/td>\n<td data-col-size=\"sm\" data-start=\"1621\" data-end=\"1636\">42<\/td>\n<td data-col-size=\"sm\" data-start=\"1636\" data-end=\"1654\">63<\/td>\n<\/tr>\n<tr data-start=\"1655\" data-end=\"1753\">\n<td data-start=\"1655\" data-end=\"1663\" data-col-size=\"sm\">M<\/td>\n<td data-start=\"1663\" data-end=\"1680\" data-col-size=\"sm\">110<\/td>\n<td data-col-size=\"sm\" data-start=\"1680\" data-end=\"1697\">117<\/td>\n<td data-col-size=\"sm\" data-start=\"1697\" data-end=\"1720\">120<\/td>\n<td data-col-size=\"sm\" data-start=\"1720\" data-end=\"1735\">43<\/td>\n<td data-col-size=\"sm\" data-start=\"1735\" data-end=\"1753\">64<\/td>\n<\/tr>\n<tr data-start=\"1754\" data-end=\"1852\">\n<td data-start=\"1754\" data-end=\"1762\" data-col-size=\"sm\">L<\/td>\n<td data-col-size=\"sm\" data-start=\"1762\" data-end=\"1779\">116<\/td>\n<td data-col-size=\"sm\" data-start=\"1779\" data-end=\"1796\">120<\/td>\n<td data-col-size=\"sm\" data-start=\"1796\" data-end=\"1819\">122<\/td>\n<td data-col-size=\"sm\" data-start=\"1819\" data-end=\"1834\">44<\/td>\n<td data-col-size=\"sm\" data-start=\"1834\" data-end=\"1852\">65<\/td>\n<\/tr>\n<tr data-start=\"1853\" data-end=\"1951\">\n<td data-start=\"1853\" data-end=\"1861\" data-col-size=\"sm\">XL<\/td>\n<td data-start=\"1861\" data-end=\"1878\" data-col-size=\"sm\">124<\/td>\n<td data-col-size=\"sm\" data-start=\"1878\" data-end=\"1895\">130<\/td>\n<td data-col-size=\"sm\" data-start=\"1895\" data-end=\"1918\">124<\/td>\n<td data-col-size=\"sm\" data-start=\"1918\" data-end=\"1933\">45<\/td>\n<td data-col-size=\"sm\" data-start=\"1933\" data-end=\"1951\">66<\/td>\n<\/tr>\n<tr data-start=\"1952\" data-end=\"2050\">\n<td data-start=\"1952\" data-end=\"1960\" data-col-size=\"sm\">XXL<\/td>\n<td data-start=\"1960\" data-end=\"1977\" data-col-size=\"sm\">132<\/td>\n<td data-col-size=\"sm\" data-start=\"1977\" data-end=\"1994\">135<\/td>\n<td data-col-size=\"sm\" data-start=\"1994\" data-end=\"2017\">126<\/td>\n<td data-col-size=\"sm\" data-start=\"2017\" data-end=\"2032\">46<\/td>\n<td data-col-size=\"sm\" data-start=\"2032\" data-end=\"2050\">67<\/td>\n<\/tr>\n<\/tbody>\n<\/table>\n<\/div>\n<\/div>\n<p data-start=\"2052\" data-end=\"2104\"><em data-start=\"2055\" data-end=\"2104\">Vis\u0173 dyd\u017ei\u0173 drabu\u017eiai yra 2 cm ilgesni.<\/em><\/p>\n<hr data-start=\"2106\" data-end=\"2109\">\n<h2 data-start=\"2111\" data-end=\"2153\"><strong data-start=\"2114\" data-end=\"2153\">  Nemokamas keitimas &#8211; visada be r\u016bpes\u010di\u0173<\/strong><\/h2>\n<p data-start=\"2155\" data-end=\"2341\">Netinkamas dydis arba spalva? Nesvarbu! <br data-start=\"2191\" data-end=\"2194\"><strong data-start=\"2194\" data-end=\"2263\">Naudojant DPD gr\u0105\u017einimo kod\u0105, dyd\u017eio ar spalvos keitimas visada NEMOKAMAS<\/strong><br data-start=\"2263\" data-end=\"2266\">Galite keisti palto numer\u012f, spalv\u0105 ir model\u012f.<\/p>\n<h2 data-start=\"2348\" data-end=\"2389\"><strong data-start=\"2351\" data-end=\"2389\">  Greitas pristatymas &#8211; kailis sand\u0117lyje!<\/strong><\/h2>\n<ul data-start=\"2391\" data-end=\"2559\">\n<li data-start=\"2391\" data-end=\"2421\">\n<p data-start=\"2393\" data-end=\"2421\">Pristatymo laikas: <strong data-start=\"2403\" data-end=\"2419\">1-4 darbo dienos<\/strong><\/p>\n<\/li>\n<li data-start=\"2422\" data-end=\"2497\">\n<p data-start=\"2424\" data-end=\"2497\">U\u017esakymai, pateikti darbo dien\u0105 iki 17:00, bus i\u0161si\u0173sti <strong data-start=\"2473\" data-end=\"2495\">t\u0105 pa\u010di\u0105 dien\u0105<\/strong>.<\/p>\n<\/li>\n<li data-start=\"2498\" data-end=\"2559\">\n<p data-start=\"2500\" data-end=\"2559\">Paprastai siuntinys <strong data-start=\"2519\" data-end=\"2550\">\u012f siunt\u0173 automat\u0105<\/strong> pristatomas <strong data-start=\"2519\" data-end=\"2550\">kit\u0105 dien\u0105.<\/strong> <\/p>\n<\/li>\n<\/ul>\n<h2 data-start=\"2566\" data-end=\"2599\"><strong data-start=\"2569\" data-end=\"2599\">  Kod\u0117l verta rinktis palt\u0105?<\/strong><\/h2>\n<p data-start=\"2601\" data-end=\"2637\">Vir\u0161utiniai drabu\u017eiai su si\u016bl\u0117mis<\/p>\n<ul data-start=\"2638\" data-end=\"2719\">\n<li data-start=\"2638\" data-end=\"2649\">\n<p data-start=\"2640\" data-end=\"2649\">\u0161viesa<\/p>\n<\/li>\n<li data-start=\"2638\" data-end=\"2649\">kv\u0117puoti<\/li>\n<li data-start=\"2650\" data-end=\"2661\">\n<p data-start=\"2652\" data-end=\"2661\">patogus<\/p>\n<\/li>\n<li data-start=\"2662\" data-end=\"2719\">\n<p data-start=\"2664\" data-end=\"2719\">o svarbiausia &#8211; <strong data-start=\"2676\" data-end=\"2716\">\u0161ilta ir jauku net per \u0161al\u010dius<\/strong>.<\/p>\n<\/li>\n<\/ul>\n<p data-start=\"2721\" data-end=\"2811\">&#8222;Huppa Naima&#8221; vasarinis paltas &#8211; tai paltas, kuriuo visada galite pasikliauti \u017eiem\u0105.<\/p>\n<p data-start=\"2721\" data-end=\"2811\">Vir\u0161utiniai drabu\u017eiai su u\u017edaru pynimu yra lengvi, patog\u016bs ir, svarbiausia, \u0161ilti d\u0117v\u0117ti \u2744\ufe0f\u2764\ufe0f\u2744\ufe0f.<\/p>\n<div class=\"flex max-w-full flex-col grow\">\n<div class=\"min-h-8 text-message relative flex w-full flex-col items-end gap-2 text-start break-words whitespace-normal [.text-message+&amp;]:mt-5\" dir=\"auto\" data-message-author-role=\"assistant\" data-message-id=\"c74c7a52-3d01-4c65-aa07-1cf0206e8a0e\" data-message-model-slug=\"gpt-5\">\n<div class=\"flex w-full flex-col gap-1 empty:hidden first:pt-[3px]\">\n<div class=\"markdown prose dark:prose-invert w-full break-words light markdown-new-styling\">\n<div class=\"_tableContainer_sk2ct_1\">\n<h3 data-start=\"58\" data-end=\"92\"><strong data-start=\"62\" data-end=\"90\">&#8222;Esto3&#8221; &#8211; paprastas ir patogus mok\u0117jimas<\/strong><\/h3>\n<p data-start=\"93\" data-end=\"343\">U\u017e &#8222;Naima&#8221; kombinezon\u0105 taip pat galite sumok\u0117ti <strong data-start=\"119\" data-end=\"160\">trimis lygiomis dalimis be joki\u0173 papildom\u0173 mokes\u010di\u0173.<\/strong> Tiesiog pirkini\u0173 krep\u0161elyje pasirinkite <strong data-start=\"187\" data-end=\"206\">&#8222;Esto3&#8221; mok\u0117jimo b\u016bd\u0105<\/strong> ir suma bus automati\u0161kai i\u0161d\u0117styta per tris m\u0117nesius. Tai patogus b\u016bdas paskirstyti savo i\u0161laidas mokant lygiai toki\u0105 pa\u010di\u0105 kain\u0105, kaip ir internetu. pirm\u0105j\u0105 \u012fmok\u0105 reikia sumok\u0117ti kito m\u0117nesio 15 d. &#8211; gamin\u012f gausite i\u0161 karto.  <\/p>\n<\/div>\n<hr data-start=\"812\" data-end=\"815\">\n<\/div>\n<\/div>\n<\/div>\n<\/div>\n<div class=\"mt-3 w-full empty:hidden\">\n<div class=\"text-center\">\n<div>\n<div class=\"inline-flex border border-gray-100 dark:border-gray-700 rounded-xl\">\n<div class=\"text-token-text-secondary flex items-center justify-center gap-4 px-4 py-2.5 text-sm whitespace-nowrap\">\n<p>U\u017esakymus telefonu galite pateikti telefonu 51 45 245 &#8211; tokiu atveju u\u017e prekes galite sumok\u0117ti, kai jas gausite siunt\u0173 automate.<\/p>\n<\/div>\n<\/div>\n<\/div>\n<\/div>\n<\/div>\n<p>&nbsp;<\/p>\n<p>&nbsp;<\/p>\n","protected":false},"excerpt":{"rendered":"<p>&#8222;Huppa Naima&#8221; moteri\u0161kas slidin\u0117jimo paltas &#8211; lengvas, ilgas ir tikrai \u0161iltas &#8222;Huppa Naima&#8221; yra ilgas, \u0161iltas, ta\u010diau steb\u0117tinai lengvas moteri\u0161kas slidin\u0117jimo paltas, puikiai tinkantis kasdieniam ne\u0161iojimui \u0161altuoju rudens ir \u017eiemos sezonu. Paltas pagamintas i\u0161 v\u0117jo ir vandens nepraleid\u017eian\u010dios med\u017eiagos, kuri nepraleid\u017eia \u0161al\u010dio ar sniego ir i\u0161laiko jus sausus net ir v\u0117siausiomis s\u0105lygomis. \u2728 Taip pat [&hellip;]<\/p>\n","protected":false},"featured_media":263190,"comment_status":"open","ping_status":"closed","template":"","meta":{"_acf_changed":false},"product_brand":[],"product_cat":[300,301],"product_tag":[],"class_list":{"0":"post-263189","1":"product","2":"type-product","3":"status-publish","4":"has-post-thumbnail","6":"product_cat-zieminiai-paltiniai","7":"product_cat-zieminiai-paltukai-iki-60","8":"product_shipping_class-tarneaeg-1-4-paeva","10":"first","11":"instock","12":"sale","13":"taxable","14":"shipping-taxable","15":"purchasable","16":"product-type-variable","17":"has-default-attributes","18":"add-to-wishlist-after_add_to_cart"},"acf":[],"_links":{"self":[{"href":"https:\/\/tellimused.stiilne.ee\/lt\/wp-json\/wp\/v2\/product\/263189","targetHints":{"allow":["GET"]}}],"collection":[{"href":"https:\/\/tellimused.stiilne.ee\/lt\/wp-json\/wp\/v2\/product"}],"about":[{"href":"https:\/\/tellimused.stiilne.ee\/lt\/wp-json\/wp\/v2\/types\/product"}],"replies":[{"embeddable":true,"href":"https:\/\/tellimused.stiilne.ee\/lt\/wp-json\/wp\/v2\/comments?post=263189"}],"wp:featuredmedia":[{"embeddable":true,"href":"https:\/\/tellimused.stiilne.ee\/lt\/wp-json\/wp\/v2\/media\/263190"}],"wp:attachment":[{"href":"https:\/\/tellimused.stiilne.ee\/lt\/wp-json\/wp\/v2\/media?parent=263189"}],"wp:term":[{"taxonomy":"product_brand","embeddable":true,"href":"https:\/\/tellimused.stiilne.ee\/lt\/wp-json\/wp\/v2\/product_brand?post=263189"},{"taxonomy":"product_cat","embeddable":true,"href":"https:\/\/tellimused.stiilne.ee\/lt\/wp-json\/wp\/v2\/product_cat?post=263189"},{"taxonomy":"product_tag","embeddable":true,"href":"https:\/\/tellimused.stiilne.ee\/lt\/wp-json\/wp\/v2\/product_tag?post=263189"}],"curies":[{"name":"wp","href":"https:\/\/api.w.org\/{rel}","templated":true}]}}