{"id":263228,"date":"2026-03-12T16:50:36","date_gmt":"2026-03-12T14:50:36","guid":{"rendered":"https:\/\/tellimused.stiilne.ee\/toode\/huppa-soe-pikk-talvemantel-gudrun-bordoo-kohe-laos-super-hind\/"},"modified":"2026-04-07T11:06:42","modified_gmt":"2026-04-07T08:06:42","slug":"huppa-siltas-ilgas-zieminis-paltas-gudrun-bordoo-beveik-sandelyje-super-kaina","status":"publish","type":"product","link":"https:\/\/tellimused.stiilne.ee\/lt\/produktas\/huppa-siltas-ilgas-zieminis-paltas-gudrun-bordoo-beveik-sandelyje-super-kaina\/","title":{"rendered":"Huppa \u0161iltas ilgas \u017eieminis paltas Gudrun bordoo &#8211; beveik sand\u0117lyje &#8211; super kaina"},"content":{"rendered":"<h1 data-start=\"205\" data-end=\"240\">&#8222;Huppa Gudrun&#8221; moteri\u0161kas \u017eieminis paltas<\/h1>\n<p data-start=\"242\" data-end=\"507\"><strong data-start=\"242\" data-end=\"340\">Gra\u017eus ilgas ir \u0161iltas moteri\u0161kas \u017eieminis paltas, kuris su\u0161ildys net \u0161al\u010diausiomis \u017eiemos dienomis.<\/strong><br data-start=\"340\" data-end=\"343\">&#8222;Huppa Gudrun&#8221; yra puikus pasirinkimas, jei \u017eiem\u0105 m\u0117gstate d\u0117v\u0117ti eleganti\u0161kus ilgesnio kirpimo paltus ir norite, kad paltas apsaugot\u0173 jus nuo v\u0117jo, lietaus ir \u0161al\u010dio.<\/p>\n<h3 data-start=\"509\" data-end=\"533\">Pagrindin\u0117s savyb\u0117s:<\/h3>\n<ul data-start=\"534\" data-end=\"1160\">\n<li data-start=\"534\" data-end=\"632\">\n<p data-start=\"536\" data-end=\"632\"><strong data-start=\"536\" data-end=\"557\">\u0160ilta ir patvari<\/strong> &#8211; 400 g sintetinio u\u017epildo apsaugo nuo \u0161al\u010dio iki -20 \u00b0C.<\/p>\n<\/li>\n<li data-start=\"633\" data-end=\"735\">\n<p data-start=\"635\" data-end=\"735\"><strong data-start=\"635\" data-end=\"654\">Atsparus atmosferos poveikiui<\/strong> &#8211; atsparus vandeniui iki 5000 mm ir kv\u0117puojantis iki 5000 g\/m\u00b2\/<\/p>\n<\/li>\n<li data-start=\"736\" data-end=\"785\">\n<p data-start=\"738\" data-end=\"785\"><strong data-start=\"738\" data-end=\"753\">Nepraleid\u017eia v\u0117jo<\/strong> &#8211; neleid\u017eia \u0161altam v\u0117jui prasiskverbti pro audin\u012f<\/p>\n<\/li>\n<li data-start=\"786\" data-end=\"873\">\n<p data-start=\"788\" data-end=\"873\"><strong data-start=\"788\" data-end=\"804\">Patogus dizainas<\/strong> &#8211; dvipusis u\u017esegimas priekyje, kad paltas netrukdyt\u0173 s\u0117dint.<\/p>\n<\/li>\n<li data-start=\"874\" data-end=\"986\">\n<p data-start=\"876\" data-end=\"986\"><strong data-start=\"876\" data-end=\"900\">Prakti\u0161kos detal\u0117s<\/strong> &#8211; u\u017etrauktuku u\u017esegamos priekin\u0117s ki\u0161en\u0117s, \u0161vies\u0105 atspindin\u010dios detal\u0117s, nuimamas gobtuvas ir dirbtinio kailio gobtuvo apa\u010dia.<\/p>\n<\/li>\n<li data-start=\"987\" data-end=\"1072\">\n<p data-start=\"989\" data-end=\"1072\"><strong data-start=\"989\" data-end=\"1020\">\u0160ilum\u0105 sulaikantys briaunuoti rankogaliai<\/strong> &#8211; rankovi\u0173 galuose, kad \u0161altas oras nepatekt\u0173 \u012f vid\u0173.<\/p>\n<\/li>\n<li data-start=\"1073\" data-end=\"1160\">\n<p data-start=\"1075\" data-end=\"1160\"><strong data-start=\"1075\" data-end=\"1099\">Reguliuojamas liemuo<\/strong> palto viduje &#8211; su elastinga <strong data-start=\"1075\" data-end=\"1099\">juosmens juosta<\/strong> nugaroje, kad paltas gerai priglust\u0173 prie nugaros.<\/p>\n<\/li>\n<\/ul>\n<p data-start=\"1162\" data-end=\"1308\"><strong data-start=\"1162\" data-end=\"1175\">Audinys <\/strong> 100 % poliesteris<br data-start=\"1190\" data-end=\"1193\"><strong data-start=\"1193\" data-end=\"1207\">Izoliacija <\/strong>400 g sintetinio flizelino (perdirbta med\u017eiaga)<br data-start=\"1252\" data-end=\"1255\"> Gamintojo rekomenduojama<strong data-start=\"1255\" data-end=\"1271\">palto d\u0117v\u0117jimo temperat\u016bra <\/strong>nuo 0 \u00b0C iki -20 \u00b0C.<\/p>\n<hr data-start=\"1310\" data-end=\"1313\">\n<h3 data-start=\"1315\" data-end=\"1368\">&#8222;Huppa Gudrun&#8221; moteri\u0161k\u0173 \u017eiemini\u0173 palt\u0173 matmen\u0173 lentel\u0117 (cm)<\/h3>\n<p>Rekomenduojame rinktis \u012fprast\u0105 &#8222;Gudrun&#8221; \u017eieminio palto dyd\u012f, t. y. dyd\u012f, kur\u012f da\u017eniausiai d\u0117vite vilk\u0117dami striukes \/ paltus.<\/p>\n<p>Jei abejojate d\u0117l dviej\u0173 dyd\u017ei\u0173, rinkit\u0117s didesn\u012f nei ant palto nurodytas dydis.<\/p>\n<table style=\"height: 239px;\" width=\"741\">\n<thead>\n<tr>\n<th>Matavimai<\/th>\n<th>S<\/th>\n<th>M<\/th>\n<th>L<\/th>\n<th>XL<\/th>\n<th>XXL<\/th>\n<th>3XL<\/th>\n<\/tr>\n<\/thead>\n<tbody>\n<tr>\n<td><strong>Kr\u016btin\u0117s l\u0105stos apimtis<\/strong><\/td>\n<td>110<\/td>\n<td>116<\/td>\n<td>118<\/td>\n<td>120\/130 med\u017eio<\/td>\n<td>128\/135 mediena<\/td>\n<td>140\/148 medienos<\/td>\n<\/tr>\n<tr>\n<td><strong>Pe\u010di\u0173 plotis<\/strong><\/td>\n<td>42<\/td>\n<td>43<\/td>\n<td>44<\/td>\n<td>45<\/td>\n<td>46<\/td>\n<td>47<\/td>\n<\/tr>\n<tr>\n<td><strong>Rankovi\u0173 ilgis<\/strong><\/td>\n<td>64<\/td>\n<td>65<\/td>\n<td>66<\/td>\n<td>67<\/td>\n<td>68<\/td>\n<td>69<\/td>\n<\/tr>\n<tr>\n<td><strong>Bendras mak\u0161ties ilgis<\/strong><\/td>\n<td>118<\/td>\n<td>120<\/td>\n<td>122<\/td>\n<td>124<\/td>\n<td>126<\/td>\n<td>128<\/td>\n<\/tr>\n<\/tbody>\n<\/table>\n<div class=\"product__description\"><\/div>\n<h3 data-start=\"1823\" data-end=\"1849\">Pristatymo ir keitimosi informacija<\/h3>\n<ul data-start=\"1850\" data-end=\"2030\">\n<li data-start=\"1850\" data-end=\"1899\">\n<p data-start=\"1852\" data-end=\"1899\"><strong data-start=\"1852\" data-end=\"1872\">Yra sand\u0117lyje<\/strong> &#8211; pristatymas 1-2 darbo dienos.<\/p>\n<\/li>\n<li data-start=\"1900\" data-end=\"2030\">\n<p data-start=\"1902\" data-end=\"2030\"><strong data-start=\"2294\" data-end=\"2377\">Netinkamas dydis arba spalva? Nesvarbu! Prek\u0117s keitimas visada NEMOKAMAS su DPD keitimo kodu.  <\/strong><\/p>\n<\/li>\n<\/ul>\n<hr data-start=\"2032\" data-end=\"2035\">\n<p data-start=\"2037\" data-end=\"2240\">&#8222;Huppa Gudrun&#8221; moteri\u0161kas \u017eieminis paltas &#8211; puikus pasirinkimas, jei ie\u0161kote ilgo kirpimo, \u0161ilto ir oro s\u0105lygoms atsparaus palto, kur\u012f gal\u0117tum\u0117te d\u0117v\u0117ti kasdien ir i\u0161kilmingesn\u0117mis progomis &#8211; teatre, koncerte ar gimtadienio vakar\u0117lyje.<\/p>\n","protected":false},"excerpt":{"rendered":"<p>&#8222;Huppa Gudrun&#8221; moteri\u0161kas \u017eieminis paltas Gra\u017eus ilgas ir \u0161iltas moteri\u0161kas \u017eieminis paltas, kuris su\u0161ildys net \u0161al\u010diausiomis \u017eiemos dienomis.&#8222;Huppa Gudrun&#8221; yra puikus pasirinkimas, jei \u017eiem\u0105 m\u0117gstate d\u0117v\u0117ti eleganti\u0161kus ilgesnio kirpimo paltus ir norite, kad paltas apsaugot\u0173 jus nuo v\u0117jo, lietaus ir \u0161al\u010dio. Pagrindin\u0117s savyb\u0117s: \u0160ilta ir patvari &#8211; 400 g sintetinio u\u017epildo apsaugo nuo \u0161al\u010dio iki [&hellip;]<\/p>\n","protected":false},"featured_media":263229,"comment_status":"open","ping_status":"closed","template":"","meta":{"_acf_changed":false},"product_brand":[],"product_cat":[300,301],"product_tag":[],"class_list":{"0":"post-263228","1":"product","2":"type-product","3":"status-publish","4":"has-post-thumbnail","6":"product_cat-zieminiai-paltiniai","7":"product_cat-zieminiai-paltukai-iki-60","8":"product_shipping_class-tarneaeg-1-4-paeva","10":"first","11":"instock","12":"sale","13":"taxable","14":"shipping-taxable","15":"purchasable","16":"product-type-variable","17":"has-default-attributes","18":"add-to-wishlist-after_add_to_cart"},"acf":[],"_links":{"self":[{"href":"https:\/\/tellimused.stiilne.ee\/lt\/wp-json\/wp\/v2\/product\/263228","targetHints":{"allow":["GET"]}}],"collection":[{"href":"https:\/\/tellimused.stiilne.ee\/lt\/wp-json\/wp\/v2\/product"}],"about":[{"href":"https:\/\/tellimused.stiilne.ee\/lt\/wp-json\/wp\/v2\/types\/product"}],"replies":[{"embeddable":true,"href":"https:\/\/tellimused.stiilne.ee\/lt\/wp-json\/wp\/v2\/comments?post=263228"}],"wp:featuredmedia":[{"embeddable":true,"href":"https:\/\/tellimused.stiilne.ee\/lt\/wp-json\/wp\/v2\/media\/263229"}],"wp:attachment":[{"href":"https:\/\/tellimused.stiilne.ee\/lt\/wp-json\/wp\/v2\/media?parent=263228"}],"wp:term":[{"taxonomy":"product_brand","embeddable":true,"href":"https:\/\/tellimused.stiilne.ee\/lt\/wp-json\/wp\/v2\/product_brand?post=263228"},{"taxonomy":"product_cat","embeddable":true,"href":"https:\/\/tellimused.stiilne.ee\/lt\/wp-json\/wp\/v2\/product_cat?post=263228"},{"taxonomy":"product_tag","embeddable":true,"href":"https:\/\/tellimused.stiilne.ee\/lt\/wp-json\/wp\/v2\/product_tag?post=263228"}],"curies":[{"name":"wp","href":"https:\/\/api.w.org\/{rel}","templated":true}]}}