{"id":263244,"date":"2026-03-12T16:49:02","date_gmt":"2026-03-12T14:49:02","guid":{"rendered":"https:\/\/tellimused.stiilne.ee\/toode\/huppa-soe-pikk-talvemantel-yesse-must-kohe-laos-super-hind\/"},"modified":"2026-04-07T11:07:32","modified_gmt":"2026-04-07T08:07:32","slug":"huppa-siltas-ilgas-zieminis-paltas-yesse-juodas-beveik-sandelyje-super-kaina","status":"publish","type":"product","link":"https:\/\/tellimused.stiilne.ee\/lt\/produktas\/huppa-siltas-ilgas-zieminis-paltas-yesse-juodas-beveik-sandelyje-super-kaina\/","title":{"rendered":"HUPPA \u0161iltas ilgas \u017eieminis paltas Yesse juodas &#8211; beveik sand\u0117lyje &#8211; super kaina"},"content":{"rendered":"<h1 data-start=\"205\" data-end=\"240\">&#8222;Huppa Yesse&#8221; moteri\u0161kas \u017eieminis paltas<\/h1>\n<p data-start=\"242\" data-end=\"507\"><strong data-start=\"242\" data-end=\"340\">Gra\u017eus ilgas ir \u0161iltas moteri\u0161kas \u017eieminis paltas, kuris su\u0161ildys net \u0161al\u010diausiomis \u017eiemos dienomis.<\/strong><br data-start=\"340\" data-end=\"343\">&#8222;Huppa Yesse&#8221; yra puikus pasirinkimas, jei \u017eiem\u0105 m\u0117gstate d\u0117v\u0117ti eleganti\u0161kus ilgesnio kirpimo paltus ir norite, kad paltas apsaugot\u0173 jus nuo v\u0117jo, lietaus ir \u0161al\u010dio.<\/p>\n<h3 data-start=\"509\" data-end=\"533\">Pagrindin\u0117s savyb\u0117s:<\/h3>\n<ul data-start=\"534\" data-end=\"1160\">\n<li data-start=\"534\" data-end=\"632\">\n<p data-start=\"536\" data-end=\"632\"><strong data-start=\"536\" data-end=\"557\">\u0160ilta ir tvirta<\/strong> &#8211; 300 g satino izoliacijos<\/p>\n<\/li>\n<li data-start=\"633\" data-end=\"735\">\n<p data-start=\"635\" data-end=\"735\"><strong data-start=\"635\" data-end=\"654\">Atsparus oro s\u0105lygoms<\/strong> &#8211; neper\u0161lampamas iki 5000 mm ir pralaidus orui iki 5000 g\/m\u00b2\/24h, kad b\u016bt\u0173 patogu net ir sningant.<\/p>\n<\/li>\n<li data-start=\"736\" data-end=\"785\">\n<p data-start=\"738\" data-end=\"785\"><strong data-start=\"738\" data-end=\"753\">Nepraleid\u017eia v\u0117jo<\/strong> &#8211; neleis \u0161altam v\u0117jui prasiskverbti<\/p>\n<\/li>\n<li data-start=\"786\" data-end=\"873\">\n<p data-start=\"788\" data-end=\"873\"><strong data-start=\"788\" data-end=\"804\">Patogus dizainas<\/strong> &#8211; dvipusis u\u017esegimas priekyje, kad paltas netrukdyt\u0173 s\u0117dint<\/p>\n<\/li>\n<li data-start=\"874\" data-end=\"986\">\n<p data-start=\"876\" data-end=\"986\"><strong data-start=\"876\" data-end=\"900\">Prakti\u0161kos detal\u0117s<\/strong> &#8211; \u0161vies\u0105 atspindin\u010dios detal\u0117s ir dirbtinio kailio gobtuvo apa\u010dia<\/p>\n<\/li>\n<li data-start=\"987\" data-end=\"1072\">\n<p data-start=\"989\" data-end=\"1072\"><strong data-start=\"989\" data-end=\"1020\">\u0160ilum\u0105 sulaikantys briaunuoti rankogaliai<\/strong> &#8211; rankovi\u0173 galuose, kad \u0161altas oras nepatekt\u0173 \u012f vid\u0173<\/p>\n<\/li>\n<li data-start=\"1073\" data-end=\"1160\">\n<p data-start=\"1075\" data-end=\"1160\"><strong data-start=\"1162\" data-end=\"1175\">Med\u017eiaga<\/strong> &#8211; 100 % poliesteris<\/p>\n<\/li>\n<li data-start=\"1073\" data-end=\"1160\">\n<p data-start=\"1075\" data-end=\"1160\"><strong data-start=\"1193\" data-end=\"1207\">Reguliavimas &#8211; 300 gr ant vatos<\/strong><\/p>\n<\/li>\n<li data-start=\"1073\" data-end=\"1160\">\n<p data-start=\"1075\" data-end=\"1160\"><strong data-start=\"1255\" data-end=\"1271\">Temperat\u016bra<\/strong> &#8211; nuo 0 \u00b0C iki -20 \u00b0C, kaip rekomenduoja gamintojas<\/p>\n<\/li>\n<\/ul>\n<hr data-start=\"1310\" data-end=\"1313\">\n<h3 data-start=\"1315\" data-end=\"1368\">&#8222;Huppa Yesse&#8221; moteri\u0161k\u0173 \u017eiemini\u0173 palt\u0173 matmen\u0173 lentel\u0117 (cm)<\/h3>\n<table style=\"height: 240px;\" width=\"791\">\n<thead>\n<tr>\n<th>Matavimai<\/th>\n<th>XS<\/th>\n<th>S<\/th>\n<th>M<\/th>\n<th>L<\/th>\n<th>XL<\/th>\n<th>XXL<\/th>\n<th>3XL<\/th>\n<\/tr>\n<\/thead>\n<tbody>\n<tr>\n<td><strong>Kr\u016btin\u0117s l\u0105stos apimtis<\/strong><\/td>\n<td>97<\/td>\n<td>103<\/td>\n<td>109<\/td>\n<td>115<\/td>\n<td>123<\/td>\n<td>131<\/td>\n<td>140<\/td>\n<\/tr>\n<tr>\n<td><strong>Visi Aeys<\/strong><\/td>\n<td>114<\/td>\n<td>120<\/td>\n<td>126<\/td>\n<td>132<\/td>\n<td>140<\/td>\n<td>148<\/td>\n<td>157<\/td>\n<\/tr>\n<tr>\n<td><strong>Pe\u010di\u0173 plotis<\/strong><\/td>\n<td>39<\/td>\n<td>40.5<\/td>\n<td>42<\/td>\n<td>43.5<\/td>\n<td>45.5<\/td>\n<td>47.5<\/td>\n<td>49.5<\/td>\n<\/tr>\n<tr>\n<td><strong>Rankovi\u0173 ilgis<\/strong><\/td>\n<td>63.5<\/td>\n<td>64.5<\/td>\n<td>65.5<\/td>\n<td>66.5<\/td>\n<td>67.5<\/td>\n<td>68.5<\/td>\n<td>69.5<\/td>\n<\/tr>\n<tr>\n<td><strong>Bendras mak\u0161ties ilgis<\/strong><\/td>\n<td>123<\/td>\n<td>124<\/td>\n<td>125<\/td>\n<td>126<\/td>\n<td>127<\/td>\n<td>128<\/td>\n<td>129<\/td>\n<\/tr>\n<\/tbody>\n<\/table>\n<div class=\"product__description\"><\/div>\n<h3 data-start=\"1823\" data-end=\"1849\">Pristatymo ir keitimosi informacija<\/h3>\n<ul data-start=\"1850\" data-end=\"2030\">\n<li data-start=\"1850\" data-end=\"1899\">\n<p data-start=\"1852\" data-end=\"1899\"><strong data-start=\"1852\" data-end=\"1872\">Yra sand\u0117lyje<\/strong> &#8211; pristatymas 1-2 darbo dienos.<\/p>\n<\/li>\n<li data-start=\"1900\" data-end=\"2030\">\n<p data-start=\"1902\" data-end=\"2030\"><strong data-start=\"2294\" data-end=\"2377\">Netinkamas dydis arba spalva? Nesvarbu! Prek\u0117s keitimas visada NEMOKAMAS su DPD keitimo kodu.  <\/strong><\/p>\n<\/li>\n<\/ul>\n<hr data-start=\"2032\" data-end=\"2035\">\n<p data-start=\"2037\" data-end=\"2240\">&#8222;Huppa Yesse&#8221; moteri\u0161kas \u017eieminis paltas &#8211; puikus pasirinkimas, jei ie\u0161kote ilgo kirpimo, \u0161ilto ir oro s\u0105lygoms atsparaus palto, kur\u012f gal\u0117tum\u0117te d\u0117v\u0117ti kasdien arba i\u0161kilmingesn\u0117mis progomis &#8211; teatre, koncerte ar gimtadienio vakar\u0117lyje.<\/p>\n","protected":false},"excerpt":{"rendered":"<p>&#8222;Huppa Yesse&#8221; moteri\u0161kas \u017eieminis paltas Gra\u017eus ilgas ir \u0161iltas moteri\u0161kas \u017eieminis paltas, kuris su\u0161ildys net \u0161al\u010diausiomis \u017eiemos dienomis.&#8222;Huppa Yesse&#8221; yra puikus pasirinkimas, jei \u017eiem\u0105 m\u0117gstate d\u0117v\u0117ti eleganti\u0161kus ilgesnio kirpimo paltus ir norite, kad paltas apsaugot\u0173 jus nuo v\u0117jo, lietaus ir \u0161al\u010dio. Pagrindin\u0117s savyb\u0117s: \u0160ilta ir tvirta &#8211; 300 g satino izoliacijos Atsparus oro s\u0105lygoms &#8211; [&hellip;]<\/p>\n","protected":false},"featured_media":263245,"comment_status":"open","ping_status":"closed","template":"","meta":{"_acf_changed":false},"product_brand":[],"product_cat":[300,301],"product_tag":[],"class_list":{"0":"post-263244","1":"product","2":"type-product","3":"status-publish","4":"has-post-thumbnail","6":"product_cat-zieminiai-paltiniai","7":"product_cat-zieminiai-paltukai-iki-60","8":"product_shipping_class-tarneaeg-1-4-paeva","10":"first","11":"instock","12":"sale","13":"taxable","14":"shipping-taxable","15":"purchasable","16":"product-type-variable","17":"has-default-attributes","18":"add-to-wishlist-after_add_to_cart"},"acf":[],"_links":{"self":[{"href":"https:\/\/tellimused.stiilne.ee\/lt\/wp-json\/wp\/v2\/product\/263244","targetHints":{"allow":["GET"]}}],"collection":[{"href":"https:\/\/tellimused.stiilne.ee\/lt\/wp-json\/wp\/v2\/product"}],"about":[{"href":"https:\/\/tellimused.stiilne.ee\/lt\/wp-json\/wp\/v2\/types\/product"}],"replies":[{"embeddable":true,"href":"https:\/\/tellimused.stiilne.ee\/lt\/wp-json\/wp\/v2\/comments?post=263244"}],"wp:featuredmedia":[{"embeddable":true,"href":"https:\/\/tellimused.stiilne.ee\/lt\/wp-json\/wp\/v2\/media\/263245"}],"wp:attachment":[{"href":"https:\/\/tellimused.stiilne.ee\/lt\/wp-json\/wp\/v2\/media?parent=263244"}],"wp:term":[{"taxonomy":"product_brand","embeddable":true,"href":"https:\/\/tellimused.stiilne.ee\/lt\/wp-json\/wp\/v2\/product_brand?post=263244"},{"taxonomy":"product_cat","embeddable":true,"href":"https:\/\/tellimused.stiilne.ee\/lt\/wp-json\/wp\/v2\/product_cat?post=263244"},{"taxonomy":"product_tag","embeddable":true,"href":"https:\/\/tellimused.stiilne.ee\/lt\/wp-json\/wp\/v2\/product_tag?post=263244"}],"curies":[{"name":"wp","href":"https:\/\/api.w.org\/{rel}","templated":true}]}}