{"id":263288,"date":"2026-03-12T16:47:21","date_gmt":"2026-03-12T14:47:21","guid":{"rendered":"https:\/\/tellimused.stiilne.ee\/toode\/huppa-naiste-talvemantel-eira-bordoo-klientide-lemmik\/"},"modified":"2026-04-07T11:06:42","modified_gmt":"2026-04-07T08:06:42","slug":"huppa-moteriskas-zieminis-paltas-eira-bordoo300-gr-apsiltintas-super-kaina","status":"publish","type":"product","link":"https:\/\/tellimused.stiilne.ee\/lt\/produktas\/huppa-moteriskas-zieminis-paltas-eira-bordoo300-gr-apsiltintas-super-kaina\/","title":{"rendered":"Huppa moteri\u0161kas \u017eieminis paltas Eira bordoo(300 gr ap\u0161iltintas) &#8211; super kaina"},"content":{"rendered":"<h3 data-start=\"257\" data-end=\"297\">&#8222;Huppa Eira&#8221; moteri\u0161kas ilgas \u017eieminis paltas<\/h3>\n<p data-start=\"299\" data-end=\"629\"><strong data-start=\"299\" data-end=\"355\">Ilgas, \u0161iltas ir funkcionalus &#8222;Huppa Eira&#8221; moteri\u0161kas paltas<\/strong> skirtas patogumui ir apsaugai \u0161altuoju met\u0173 laiku. \u0160is stilingas <strong data-start=\"436\" data-end=\"456\">ilgas \u017eieminis paltas<\/strong> su\u0161ildo ir k\u016bn\u0105, ir kojas ir yra puikus pasirinkimas kasdieniam ne\u0161iojimui &#8211; nesvarbu, ar einate \u012f darb\u0105, ar vaik\u0161tote po miest\u0105, ar ved\u017eiojate \u0161un\u012f vakariniam pasivaik\u0161\u010diojimui. <\/p>\n<p data-start=\"631\" data-end=\"916\">Paltas pasi\u016btas i\u0161 <strong data-start=\"653\" data-end=\"690\">patvaraus techninio audinio<\/strong> su vanden\u012f ir purv\u0105 atstumian\u010dia <strong data-start=\"755\" data-end=\"776\">BIONIC-FINISH\u00aeECO apdaila<\/strong>. D\u0117l to <strong data-start=\"794\" data-end=\"845\">paltas yra neper\u0161lampamas, nepraleid\u017eia v\u0117jo ir tuo pa\u010diu metu kv\u0117puoja<\/strong>, tod\u0117l u\u017etikrina komfort\u0105 net v\u0117siu ir dr\u0117gnu rudens ar \u017eiemos oru. <\/p>\n<p data-start=\"918\" data-end=\"942\"><strong data-start=\"918\" data-end=\"940\">Svarbios savyb\u0117s:<\/strong><\/p>\n<ul data-start=\"943\" data-end=\"1435\">\n<li data-start=\"943\" data-end=\"997\">\n<p data-start=\"945\" data-end=\"997\">Ilgas ir moteri\u0161kas kirpimas, kuris taip pat palaiko \u0161ilum\u0105 kojoms<\/p>\n<\/li>\n<li data-start=\"998\" data-end=\"1061\">\n<p data-start=\"1000\" data-end=\"1061\">Fiksuotas reguliuojamas gobtuvas apsaugo nuo v\u0117jo ir sniego<\/p>\n<\/li>\n<li data-start=\"1062\" data-end=\"1107\">\n<p data-start=\"1064\" data-end=\"1107\">Dviej\u0173 kryp\u010di\u0173 u\u017eraktas, kad b\u016bt\u0173 lengviau jud\u0117ti<\/p>\n<\/li>\n<li data-start=\"1108\" data-end=\"1161\">\n<p data-start=\"1110\" data-end=\"1161\">Mink\u0161tas trikota\u017eo pamu\u0161alas viduje ir \u0161ilkinis \u0161velnus pamu\u0161alas<\/p>\n<\/li>\n<li data-start=\"1162\" data-end=\"1233\">\n<p data-start=\"1164\" data-end=\"1233\">Reguliuojamas rai\u0161telis ties juosmeniu, kad gerai priglust\u0173 prie nugaros<\/p>\n<\/li>\n<li data-start=\"1234\" data-end=\"1262\">\n<p data-start=\"1236\" data-end=\"1262\">Ki\u0161en\u0117se pasl\u0117pti lagaminai<\/p>\n<\/li>\n<li data-start=\"1263\" data-end=\"1320\">\n<p data-start=\"1265\" data-end=\"1320\">\u0160vies\u0105 atspindin\u010dios detal\u0117s &#8211; saugesn\u0117 kelion\u0117 tamsoje<\/p>\n<\/li>\n<li data-start=\"1321\" data-end=\"1377\">\n<p data-start=\"1323\" data-end=\"1377\">Vidin\u0117 u\u017etrauktuku u\u017esegama ki\u0161en\u0117 vertingiems daiktams laikyti<\/p>\n<\/li>\n<li data-start=\"1378\" data-end=\"1435\">\n<p data-start=\"1380\" data-end=\"1435\">Pailgintos rankovi\u0173 briaunos apsaugo nuo \u0161al\u010dio<\/p>\n<\/li>\n<\/ul>\n<p data-start=\"1437\" data-end=\"1454\"><strong data-start=\"1437\" data-end=\"1452\">Med\u017eiagos:<\/strong><\/p>\n<ul data-start=\"1455\" data-end=\"1666\">\n<li data-start=\"1455\" data-end=\"1497\">\n<p data-start=\"1457\" data-end=\"1497\">Audinys: 100 % perdirbtas poliesteris<\/p>\n<\/li>\n<li data-start=\"1555\" data-end=\"1614\">\n<p data-start=\"1557\" data-end=\"1614\">Pamu\u0161alas: 100 % poliamidas, trikota\u017einis vilnonis audinys &#8211; 100 % poliesteris.<\/p>\n<\/li>\n<li data-start=\"1615\" data-end=\"1666\">\n<p data-start=\"1617\" data-end=\"1666\">Izoliacija 100 % perdirbtas poliesteris, 300 g medvilnin\u0117s vatos<\/p>\n<\/li>\n<\/ul>\n<p data-start=\"1668\" data-end=\"1694\"><strong data-start=\"1668\" data-end=\"1692\">Technin\u0117s specifikacijos:<\/strong><\/p>\n<ul data-start=\"1695\" data-end=\"1800\">\n<li data-start=\"1695\" data-end=\"1719\">\n<p data-start=\"1697\" data-end=\"1719\">Atsparumas vandeniui: 5 000 mm<\/p>\n<\/li>\n<li data-start=\"1720\" data-end=\"1748\">\n<p data-start=\"1722\" data-end=\"1748\">Prakaitas: 5 000 g\/m\u00b2\/24 val.<\/p>\n<\/li>\n<li data-start=\"1749\" data-end=\"1800\">\n<p data-start=\"1751\" data-end=\"1800\">Patvarumas: &gt;30 000 (Martindale testas)<\/p>\n<\/li>\n<\/ul>\n<p data-start=\"1802\" data-end=\"2046\">&#8222;Huppa Eira&#8221; yra \u0161iltas moteri\u0161kas<strong data-start=\"1816\" data-end=\"1846\"> \u017eieminis paltas<\/strong>, pagamintas i\u0161 perdirbt\u0173 med\u017eiag\u0173. Tai puikus pasirinkimas moteriai, ie\u0161kan\u010diai <strong data-start=\"1937\" data-end=\"1979\">stilingo ir patvaraus ilgo palto<\/strong>, kuris atlaikys \u0161al\u010diausias ir v\u0117juo\u010diausias s\u0105lygas. <\/p>\n<p data-start=\"1802\" data-end=\"2046\"><strong>\u017dieminiam paltui &#8222;Huppa Eira&#8221; rekomenduojame rinktis savo \u012fprast\u0105 dyd\u012f, t. y. tok\u012f, kok\u012f da\u017eniausiai ne\u0161iojate striuk\u0117se ir paltuose<\/strong>.Pavyzd\u017eiui, jei dauguma j\u016bs\u0173 striuki\u0173 yra M dyd\u017eio, rinkit\u0117s ir M dyd\u017eio \u017eiemin\u012f palt\u0105 &#8222;Eira&#8221;. &#8222;Huppa&#8221; dyd\u017eiai atitinka standartin\u0119 Europos dyd\u017ei\u0173 lentel\u0119.<\/p>\n<table style=\"height: 244px;\" width=\"786\">\n<thead>\n<tr>\n<th align=\"left\">Matavimai<\/th>\n<th align=\"center\">XS<\/th>\n<th align=\"center\">S<\/th>\n<th align=\"center\">M<\/th>\n<th align=\"center\">L<\/th>\n<th align=\"center\">XL<\/th>\n<th align=\"center\">XXL<\/th>\n<th align=\"center\">3XL<\/th>\n<\/tr>\n<\/thead>\n<tbody>\n<tr>\n<td align=\"left\"><strong>Kr\u016btin\u0117s apimtis (cm)<\/strong><\/td>\n<td align=\"center\">104<\/td>\n<td align=\"center\">110<\/td>\n<td align=\"center\">116<\/td>\n<td align=\"center\">122<\/td>\n<td align=\"center\">130<\/td>\n<td align=\"center\">138<\/td>\n<td align=\"center\">146<\/td>\n<\/tr>\n<tr>\n<td align=\"left\"><strong>Klub\u0173 apimtis (cm)<\/strong><\/td>\n<td align=\"center\">108<\/td>\n<td align=\"center\">114<\/td>\n<td align=\"center\">120<\/td>\n<td align=\"center\">126<\/td>\n<td align=\"center\">134<\/td>\n<td align=\"center\">142<\/td>\n<td align=\"center\">150<\/td>\n<\/tr>\n<tr>\n<td align=\"left\"><strong>Dir\u017eo apimtis (cm)<\/strong><\/td>\n<td align=\"center\">104<\/td>\n<td align=\"center\">110<\/td>\n<td align=\"center\">116<\/td>\n<td align=\"center\">122<\/td>\n<td align=\"center\">130<\/td>\n<td align=\"center\">138<\/td>\n<td align=\"center\">146<\/td>\n<\/tr>\n<tr>\n<td align=\"left\"><strong>Blauzdos (cm)<\/strong><\/td>\n<td align=\"center\">120<\/td>\n<td align=\"center\">126<\/td>\n<td align=\"center\">132<\/td>\n<td align=\"center\">138<\/td>\n<td align=\"center\">146<\/td>\n<td align=\"center\">154<\/td>\n<td align=\"center\">162<\/td>\n<\/tr>\n<tr>\n<td align=\"left\"><strong>Pe\u010di\u0173 plotis (cm)<\/strong><\/td>\n<td align=\"center\">40.5<\/td>\n<td align=\"center\">42<\/td>\n<td align=\"center\">43.5<\/td>\n<td align=\"center\">45<\/td>\n<td align=\"center\">47<\/td>\n<td align=\"center\">49<\/td>\n<td align=\"center\">51<\/td>\n<\/tr>\n<tr>\n<td align=\"left\"><strong>Rankovi\u0173 ilgis (cm)<\/strong><\/td>\n<td align=\"center\">69<\/td>\n<td align=\"center\">70<\/td>\n<td align=\"center\">71<\/td>\n<td align=\"center\">72<\/td>\n<td align=\"center\">73<\/td>\n<td align=\"center\">74<\/td>\n<td align=\"center\">75<\/td>\n<\/tr>\n<tr>\n<td align=\"left\"><strong>Bendras apvalkalo ilgis (cm)<\/strong><\/td>\n<td align=\"center\">111<\/td>\n<td align=\"center\">112<\/td>\n<td align=\"center\">113<\/td>\n<td align=\"center\">114<\/td>\n<td align=\"center\">115<\/td>\n<td align=\"center\">116<\/td>\n<td align=\"center\">117<\/td>\n<\/tr>\n<\/tbody>\n<\/table>\n<p>Jei gavus palt\u0105 jis pasirodys per didelis arba per ma\u017eas, nieko baisaus.<\/p>\n<p><strong>D\u0116MESIO!Palto dyd\u017eio ir spalvos keitimas visada NEMOKAMAS su DPD gr\u0105\u017einimo kodu.<\/strong><\/p>\n<p>&#8222;Huppa&#8221; moteri\u0161kas \u017eieminis paltas &#8222;Eira&#8221; puikiai tinka Estijos \u017eiemai, kai orai v\u0117juoti, dr\u0117gni ir permainingi. Jis su\u0161ildo esant minusinei temperat\u016brai ir apsaugo nuo lietaus ir \u0161lapdribos, tod\u0117l visada b\u016bsite \u0161ilti ir sausi, kad ir koks b\u016bt\u0173 oras.<\/p>\n","protected":false},"excerpt":{"rendered":"<p>&#8222;Huppa Eira&#8221; moteri\u0161kas ilgas \u017eieminis paltas Ilgas, \u0161iltas ir funkcionalus &#8222;Huppa Eira&#8221; moteri\u0161kas paltas skirtas patogumui ir apsaugai \u0161altuoju met\u0173 laiku. \u0160is stilingas ilgas \u017eieminis paltas su\u0161ildo ir k\u016bn\u0105, ir kojas ir yra puikus pasirinkimas kasdieniam ne\u0161iojimui &#8211; nesvarbu, ar einate \u012f darb\u0105, ar vaik\u0161tote po miest\u0105, ar ved\u017eiojate \u0161un\u012f vakariniam pasivaik\u0161\u010diojimui. Paltas pasi\u016btas i\u0161 [&hellip;]<\/p>\n","protected":false},"featured_media":263289,"comment_status":"closed","ping_status":"closed","template":"","meta":{"_acf_changed":false},"product_brand":[],"product_cat":[300,302,301],"product_tag":[],"class_list":{"0":"post-263288","1":"product","2":"type-product","3":"status-publish","4":"has-post-thumbnail","6":"product_cat-zieminiai-paltiniai","7":"product_cat-uncategorized","8":"product_cat-zieminiai-paltukai-iki-60","9":"product_shipping_class-tarneaeg-1-4-paeva","11":"first","12":"instock","13":"sale","14":"taxable","15":"shipping-taxable","16":"purchasable","17":"product-type-variable","18":"has-default-attributes","19":"add-to-wishlist-after_add_to_cart"},"acf":[],"_links":{"self":[{"href":"https:\/\/tellimused.stiilne.ee\/lt\/wp-json\/wp\/v2\/product\/263288","targetHints":{"allow":["GET"]}}],"collection":[{"href":"https:\/\/tellimused.stiilne.ee\/lt\/wp-json\/wp\/v2\/product"}],"about":[{"href":"https:\/\/tellimused.stiilne.ee\/lt\/wp-json\/wp\/v2\/types\/product"}],"replies":[{"embeddable":true,"href":"https:\/\/tellimused.stiilne.ee\/lt\/wp-json\/wp\/v2\/comments?post=263288"}],"wp:featuredmedia":[{"embeddable":true,"href":"https:\/\/tellimused.stiilne.ee\/lt\/wp-json\/wp\/v2\/media\/263289"}],"wp:attachment":[{"href":"https:\/\/tellimused.stiilne.ee\/lt\/wp-json\/wp\/v2\/media?parent=263288"}],"wp:term":[{"taxonomy":"product_brand","embeddable":true,"href":"https:\/\/tellimused.stiilne.ee\/lt\/wp-json\/wp\/v2\/product_brand?post=263288"},{"taxonomy":"product_cat","embeddable":true,"href":"https:\/\/tellimused.stiilne.ee\/lt\/wp-json\/wp\/v2\/product_cat?post=263288"},{"taxonomy":"product_tag","embeddable":true,"href":"https:\/\/tellimused.stiilne.ee\/lt\/wp-json\/wp\/v2\/product_tag?post=263288"}],"curies":[{"name":"wp","href":"https:\/\/api.w.org\/{rel}","templated":true}]}}