{"id":263485,"date":"2026-03-12T16:34:18","date_gmt":"2026-03-12T14:34:18","guid":{"rendered":"https:\/\/tellimused.stiilne.ee\/toode\/naturaalnahast-naiste-kaekott-marco-mazzini-202\/"},"modified":"2026-03-31T17:49:51","modified_gmt":"2026-03-31T14:49:51","slug":"moteriska-naturalios-odos-rankine-marco-mazzini-77-2","status":"publish","type":"product","link":"https:\/\/tellimused.stiilne.ee\/lt\/produktas\/moteriska-naturalios-odos-rankine-marco-mazzini-77-2\/","title":{"rendered":"Moteri\u0161ka nat\u016bralios odos rankin\u0117 Marco Mazzini"},"content":{"rendered":"<p><strong>Med\u017eiaga:<\/strong> nat\u016brali oda<br \/><strong>I\u0161matavimai:<\/strong><br \/>Plotis: 28 cm<br \/>Gylis: 5 cm<br \/>Auk\u0161tis: 33,5 cm<br \/><strong>Rankin\u0117 pagaminta rankomis Italijoje<\/strong><br \/><strong>Pristatymo laikas:<\/strong> 10-15 darbo dien\u0173.<\/p>\n","protected":false},"excerpt":{"rendered":"<p>Med\u017eiaga: nat\u016brali odaI\u0161matavimai:Plotis: 28 cmGylis: 5 cmAuk\u0161tis: 33,5 cmRankin\u0117 pagaminta rankomis ItalijojePristatymo laikas: 10-15 darbo dien\u0173.<\/p>\n","protected":false},"featured_media":263486,"comment_status":"open","ping_status":"closed","template":"","meta":{"_acf_changed":false},"product_brand":[],"product_cat":[322,321,320],"product_tag":[],"class_list":{"0":"post-263485","1":"product","2":"type-product","3":"status-publish","4":"has-post-thumbnail","6":"product_cat-didesnes-rankines","7":"product_cat-moterims","8":"product_cat-moteriskos-rankines","10":"first","11":"instock","12":"sale","13":"taxable","14":"shipping-taxable","15":"purchasable","16":"product-type-simple","17":"add-to-wishlist-after_add_to_cart"},"acf":[],"_links":{"self":[{"href":"https:\/\/tellimused.stiilne.ee\/lt\/wp-json\/wp\/v2\/product\/263485","targetHints":{"allow":["GET"]}}],"collection":[{"href":"https:\/\/tellimused.stiilne.ee\/lt\/wp-json\/wp\/v2\/product"}],"about":[{"href":"https:\/\/tellimused.stiilne.ee\/lt\/wp-json\/wp\/v2\/types\/product"}],"replies":[{"embeddable":true,"href":"https:\/\/tellimused.stiilne.ee\/lt\/wp-json\/wp\/v2\/comments?post=263485"}],"wp:featuredmedia":[{"embeddable":true,"href":"https:\/\/tellimused.stiilne.ee\/lt\/wp-json\/wp\/v2\/media\/263486"}],"wp:attachment":[{"href":"https:\/\/tellimused.stiilne.ee\/lt\/wp-json\/wp\/v2\/media?parent=263485"}],"wp:term":[{"taxonomy":"product_brand","embeddable":true,"href":"https:\/\/tellimused.stiilne.ee\/lt\/wp-json\/wp\/v2\/product_brand?post=263485"},{"taxonomy":"product_cat","embeddable":true,"href":"https:\/\/tellimused.stiilne.ee\/lt\/wp-json\/wp\/v2\/product_cat?post=263485"},{"taxonomy":"product_tag","embeddable":true,"href":"https:\/\/tellimused.stiilne.ee\/lt\/wp-json\/wp\/v2\/product_tag?post=263485"}],"curies":[{"name":"wp","href":"https:\/\/api.w.org\/{rel}","templated":true}]}}