{"id":263695,"date":"2026-03-12T16:21:59","date_gmt":"2026-03-12T14:21:59","guid":{"rendered":"https:\/\/tellimused.stiilne.ee\/toode\/naturaalnahast-seljakott-marco-mazzini-18\/"},"modified":"2026-03-31T17:50:44","modified_gmt":"2026-03-31T14:50:44","slug":"naturalios-odos-kuprine-marco-mazzini-34-2","status":"publish","type":"product","link":"https:\/\/tellimused.stiilne.ee\/lt\/produktas\/naturalios-odos-kuprine-marco-mazzini-34-2\/","title":{"rendered":"Nat\u016bralios odos kuprin\u0117 Marco Mazzini"},"content":{"rendered":"<p><strong>Med\u017eiaga:<\/strong> nat\u016brali oda<br \/><strong>I\u0161matavimai:<\/strong><br \/>Plotis: 30 cm<br \/>Gylis: 10 cm<br \/>Auk\u0161tis: 35 cm<br \/><strong>Rankin\u0117 pagaminta rankomis Italijoje<\/strong><br \/><strong>Pristatymo laikas:<\/strong> 10-15 darbo dien\u0173.<\/p>\n","protected":false},"excerpt":{"rendered":"<p>Med\u017eiaga: nat\u016brali odaI\u0161matavimai:Plotis: 30 cmGylis: 10 cmAuk\u0161tis: 35 cmRankin\u0117 pagaminta rankomis ItalijojePristatymo laikas: 10-15 darbo dien\u0173.<\/p>\n","protected":false},"featured_media":263696,"comment_status":"open","ping_status":"closed","template":"","meta":{"_acf_changed":false},"product_brand":[],"product_cat":[341,321,320],"product_tag":[],"class_list":{"0":"post-263695","1":"product","2":"type-product","3":"status-publish","4":"has-post-thumbnail","6":"product_cat-kuprines","7":"product_cat-moterims","8":"product_cat-moteriskos-rankines","10":"first","11":"instock","12":"sale","13":"taxable","14":"shipping-taxable","15":"purchasable","16":"product-type-simple","17":"add-to-wishlist-after_add_to_cart"},"acf":[],"_links":{"self":[{"href":"https:\/\/tellimused.stiilne.ee\/lt\/wp-json\/wp\/v2\/product\/263695","targetHints":{"allow":["GET"]}}],"collection":[{"href":"https:\/\/tellimused.stiilne.ee\/lt\/wp-json\/wp\/v2\/product"}],"about":[{"href":"https:\/\/tellimused.stiilne.ee\/lt\/wp-json\/wp\/v2\/types\/product"}],"replies":[{"embeddable":true,"href":"https:\/\/tellimused.stiilne.ee\/lt\/wp-json\/wp\/v2\/comments?post=263695"}],"wp:featuredmedia":[{"embeddable":true,"href":"https:\/\/tellimused.stiilne.ee\/lt\/wp-json\/wp\/v2\/media\/263696"}],"wp:attachment":[{"href":"https:\/\/tellimused.stiilne.ee\/lt\/wp-json\/wp\/v2\/media?parent=263695"}],"wp:term":[{"taxonomy":"product_brand","embeddable":true,"href":"https:\/\/tellimused.stiilne.ee\/lt\/wp-json\/wp\/v2\/product_brand?post=263695"},{"taxonomy":"product_cat","embeddable":true,"href":"https:\/\/tellimused.stiilne.ee\/lt\/wp-json\/wp\/v2\/product_cat?post=263695"},{"taxonomy":"product_tag","embeddable":true,"href":"https:\/\/tellimused.stiilne.ee\/lt\/wp-json\/wp\/v2\/product_tag?post=263695"}],"curies":[{"name":"wp","href":"https:\/\/api.w.org\/{rel}","templated":true}]}}