{"id":263885,"date":"2026-03-12T16:11:02","date_gmt":"2026-03-12T14:11:02","guid":{"rendered":"https:\/\/tellimused.stiilne.ee\/toode\/naturaalnahast-naiste-kaekott-marco-mazzini-41\/"},"modified":"2026-04-06T19:50:05","modified_gmt":"2026-04-06T16:50:05","slug":"naturaalnahast-naiste-kaekott-marco-mazzini-53","status":"publish","type":"product","link":"https:\/\/tellimused.stiilne.ee\/lt\/produktas\/naturaalnahast-naiste-kaekott-marco-mazzini-53\/","title":{"rendered":"Naturaalnahast naiste k\u00e4ekott Marco Mazzini"},"content":{"rendered":"<p><strong>Materjal<\/strong>: Naturaalne nahk<br \/>\n<strong>M\u00f5\u00f5dud:<\/strong><br \/>\nLaius: 25 cm<br \/>\nK\u00f5rgus: 22 cm<br \/>\nS\u00fcgavus: 13 cm<br \/>\n<strong>K\u00e4ekott on toodetud k\u00e4sit\u00f6\u00f6na Itaalias<\/strong><br \/>\n<strong>Tarneaeg:<\/strong> 10-15 t\u00f6\u00f6p\u00e4eva<\/p>\n","protected":false},"excerpt":{"rendered":"<p>Materjal: Naturaalne nahk M\u00f5\u00f5dud: Laius: 25 cm K\u00f5rgus: 22 cm S\u00fcgavus: 13 cm K\u00e4ekott on toodetud k\u00e4sit\u00f6\u00f6na Itaalias Tarneaeg: 10-15 t\u00f6\u00f6p\u00e4eva<\/p>\n","protected":false},"featured_media":263886,"comment_status":"open","ping_status":"closed","template":"","meta":{"_acf_changed":false},"product_brand":[],"product_cat":[325,321,320],"product_tag":[],"class_list":{"0":"post-263885","1":"product","2":"type-product","3":"status-publish","4":"has-post-thumbnail","6":"product_cat-mazesnes-rankines","7":"product_cat-moterims","8":"product_cat-moteriskos-rankines","10":"first","11":"instock","12":"sale","13":"taxable","14":"shipping-taxable","15":"purchasable","16":"product-type-simple","17":"add-to-wishlist-after_add_to_cart"},"acf":[],"_links":{"self":[{"href":"https:\/\/tellimused.stiilne.ee\/lt\/wp-json\/wp\/v2\/product\/263885","targetHints":{"allow":["GET"]}}],"collection":[{"href":"https:\/\/tellimused.stiilne.ee\/lt\/wp-json\/wp\/v2\/product"}],"about":[{"href":"https:\/\/tellimused.stiilne.ee\/lt\/wp-json\/wp\/v2\/types\/product"}],"replies":[{"embeddable":true,"href":"https:\/\/tellimused.stiilne.ee\/lt\/wp-json\/wp\/v2\/comments?post=263885"}],"wp:featuredmedia":[{"embeddable":true,"href":"https:\/\/tellimused.stiilne.ee\/lt\/wp-json\/wp\/v2\/media\/263886"}],"wp:attachment":[{"href":"https:\/\/tellimused.stiilne.ee\/lt\/wp-json\/wp\/v2\/media?parent=263885"}],"wp:term":[{"taxonomy":"product_brand","embeddable":true,"href":"https:\/\/tellimused.stiilne.ee\/lt\/wp-json\/wp\/v2\/product_brand?post=263885"},{"taxonomy":"product_cat","embeddable":true,"href":"https:\/\/tellimused.stiilne.ee\/lt\/wp-json\/wp\/v2\/product_cat?post=263885"},{"taxonomy":"product_tag","embeddable":true,"href":"https:\/\/tellimused.stiilne.ee\/lt\/wp-json\/wp\/v2\/product_tag?post=263885"}],"curies":[{"name":"wp","href":"https:\/\/api.w.org\/{rel}","templated":true}]}}