{"id":264036,"date":"2026-03-12T16:02:04","date_gmt":"2026-03-12T14:02:04","guid":{"rendered":"https:\/\/tellimused.stiilne.ee\/toode\/vero-moda-orgaanilisest-puuvillast-sark-kerry-beezi-musta-triibuline-uudis-kohe-laos\/"},"modified":"2026-04-07T11:07:34","modified_gmt":"2026-04-07T08:07:34","slug":"vero-moda-ekologiskos-medvilnes-marskineliai-kerry-beez-juodi-dryzuoti-udis-kohe-laos","status":"publish","type":"product","link":"https:\/\/tellimused.stiilne.ee\/lt\/produktas\/vero-moda-ekologiskos-medvilnes-marskineliai-kerry-beez-juodi-dryzuoti-udis-kohe-laos\/","title":{"rendered":"VERO MODA Ekologi\u0161kos medviln\u0117s mar\u0161kin\u0117liai Kerry beez juodi dry\u017euoti-NAUJIENOS-DABAR TURIME"},"content":{"rendered":"<h3 data-start=\"281\" data-end=\"356\"><strong data-start=\"285\" data-end=\"356\">&#8222;Vero Moda&#8221; ekologi\u0161kos medviln\u0117s mar\u0161kiniai &#8211; m\u0117gstamiausi kasdieniam d\u0117v\u0117jimui<\/strong><\/h3>\n<p data-start=\"358\" data-end=\"538\">Ie\u0161kote <strong data-start=\"393\" data-end=\"432\">stiling\u0173, patogi\u0173 ir kartu ekologi\u0161k\u0173<\/strong> mar\u0161kin\u0117li\u0173? &#8222;Vero Moda&#8221; 100 % organin\u0117s medviln\u0117s moteri\u0161ki mar\u0161kiniai sujungia visas \u0161ias savybes &#8211; ir tai daro nepriekai\u0161tingai!<\/p>\n<p data-start=\"540\" data-end=\"814\">Mar\u0161kin\u0117liai pagaminti i\u0161 mink\u0161tos ir odai nekenksmingos <strong data-start=\"587\" data-end=\"615\">organin\u0117s medviln\u0117s<\/strong>, kuri yra \u0161velni j\u016bs\u0173 odai ir daug geriau tausoja gamt\u0105 nei \u012fprasta medviln\u0117. Lengva, pralaidi orui ir patvari med\u017eiaga tinka d\u0117v\u0117ti i\u0161tisus metus &#8211; tiek vienus, tiek po kitais drabu\u017ei\u0173 sluoksniais.<\/p>\n<h3 data-start=\"821\" data-end=\"857\"><strong data-start=\"825\" data-end=\"857\">Kod\u0117l jums patinka \u0161ie mar\u0161kin\u0117liai:<\/strong><\/h3>\n<ul data-start=\"858\" data-end=\"1276\">\n<li data-start=\"858\" data-end=\"932\">\n<p data-start=\"860\" data-end=\"932\">  <strong data-start=\"863\" data-end=\"891\">100 % ekologi\u0161ka medviln\u0117<\/strong> &#8211; nat\u016brali, pralaidi orui ir maloniai mink\u0161ta<\/p>\n<\/li>\n<li data-start=\"933\" data-end=\"1010\">\n<p data-start=\"935\" data-end=\"1010\">\u2728 <strong data-start=\"937\" data-end=\"952\">Nesenstantis kirpimas<\/strong> &#8211; lengva derinti su d\u017einsais, keln\u0117mis ar sijonais.<\/p>\n<\/li>\n<li data-start=\"1011\" data-end=\"1103\">\n<p data-start=\"1013\" data-end=\"1103\">  <strong data-start=\"1016\" data-end=\"1031\">Universali<\/strong> &#8211; tinka d\u0117v\u0117ti \u012f darb\u0105, mokykl\u0105, namus ar savaitgal\u012f mieste<\/p>\n<\/li>\n<li data-start=\"1104\" data-end=\"1201\">\n<p data-start=\"1106\" data-end=\"1201\">  <strong data-start=\"1109\" data-end=\"1145\">Idealiai tinka sluoksniuoti<\/strong> &#8211; puikiai tinka po \u0161varku, megztiniu ar striuke.<\/p>\n<\/li>\n<li data-start=\"1202\" data-end=\"1276\">\n<p data-start=\"1204\" data-end=\"1276\">  <strong data-start=\"1207\" data-end=\"1236\">Patogus pasirinkimas i\u0161tisus metus<\/strong> &#8211; kv\u0117puojantis vasar\u0105, itin \u0161iltas \u017eiem\u0105.<\/p>\n<\/li>\n<\/ul>\n<hr data-start=\"1278\" data-end=\"1281\" \/>\n<h3 data-start=\"1283\" data-end=\"1311\"><strong data-start=\"1287\" data-end=\"1311\">Kur ir kaip d\u0117v\u0117ti?<\/strong><\/h3>\n<ul data-start=\"1312\" data-end=\"1617\">\n<li data-start=\"1312\" data-end=\"1396\">\n<p data-start=\"1314\" data-end=\"1396\">Klasikinio kirpimo drabu\u017eiai puikiai tinka <strong data-start=\"1314\" data-end=\"1333\">darbui ar mokyklai<\/strong>, taip pat ir oficialesniam stiliui.<\/p>\n<\/li>\n<li data-start=\"1397\" data-end=\"1473\">\n<p data-start=\"1399\" data-end=\"1473\"><strong data-start=\"1399\" data-end=\"1430\">Savaitgalio i\u0161vyka \u012f miest\u0105<\/strong> &#8211; pasipuo\u0161kite m\u0117gstamais d\u017einsais ir sportba\u010diais<\/p>\n<\/li>\n<li data-start=\"1474\" data-end=\"1549\">\n<p data-start=\"1476\" data-end=\"1549\"><strong data-start=\"1476\" data-end=\"1494\">Namuose <\/strong> &#8211; d\u0117l mink\u0161tos, odai malonios med\u017eiagos \u0161ie mar\u0161kin\u0117liai m\u0117gstami namuose.<\/p>\n<\/li>\n<li data-start=\"1550\" data-end=\"1617\">\n<p data-start=\"1552\" data-end=\"1617\"><strong data-start=\"1552\" data-end=\"1581\">V\u0117sesniu oru<\/strong> d\u0117v\u0117kite po megztiniu arba \u0161varkeliu.<\/p>\n<\/li>\n<\/ul>\n<hr data-start=\"1619\" data-end=\"1622\" \/>\n<p data-start=\"1624\" data-end=\"1816\"> \ufe0f <strong data-start=\"1628\" data-end=\"1684\">Mar\u0161kin\u0117liai jau yra sand\u0117lyje &#8211; pristatymas vos per kelias dienas!<\/strong><br data-start=\"1684\" data-end=\"1687\" \/>U\u017esakymai, pateikti darbo dienomis iki 17:00, bus i\u0161si\u0173sti t\u0105 pa\u010di\u0105 dien\u0105 &#8211; taigi mar\u0161kin\u0117liai bus pristatyti kit\u0105\/paskutin\u0119 darbo dien\u0105.<\/p>\n<hr data-start=\"1818\" data-end=\"1821\" \/>\n<p data-start=\"1823\" data-end=\"1930\"><strong data-start=\"1823\" data-end=\"1866\">&#8222;Vero Moda&#8221; ekologi\u0161kos medviln\u0117s mar\u0161kiniai<\/strong> &#8211; paprastas, \u0161varus ir u\u017etikrintas pasirinkimas, kur\u012f vilk\u0117site v\u0117l ir v\u0117l. \u267b\ufe0f <\/p>\n<p>&nbsp;<\/p>\n<p>&nbsp;<\/p>\n","protected":false},"excerpt":{"rendered":"<p>&#8222;Vero Moda&#8221; ekologi\u0161kos medviln\u0117s mar\u0161kiniai &#8211; m\u0117gstamiausi kasdieniam d\u0117v\u0117jimui Ie\u0161kote stiling\u0173, patogi\u0173 ir kartu ekologi\u0161k\u0173 mar\u0161kin\u0117li\u0173? &#8222;Vero Moda&#8221; 100 % organin\u0117s medviln\u0117s moteri\u0161ki mar\u0161kiniai sujungia visas \u0161ias savybes &#8211; ir tai daro nepriekai\u0161tingai! Mar\u0161kin\u0117liai pagaminti i\u0161 mink\u0161tos ir odai nekenksmingos organin\u0117s medviln\u0117s, kuri yra \u0161velni j\u016bs\u0173 odai ir daug geriau tausoja gamt\u0105 nei \u012fprasta medviln\u0117. [&hellip;]<\/p>\n","protected":false},"featured_media":264037,"comment_status":"open","ping_status":"closed","template":"","meta":{"_acf_changed":false},"product_brand":[],"product_cat":[295],"product_tag":[],"class_list":{"0":"post-264036","1":"product","2":"type-product","3":"status-publish","4":"has-post-thumbnail","6":"product_cat-moteriski-megztiniai-marskineliai","7":"product_shipping_class-tarneaeg-1-4-paeva","9":"first","10":"instock","11":"sale","12":"taxable","13":"shipping-taxable","14":"purchasable","15":"product-type-variable","16":"has-default-attributes","17":"add-to-wishlist-after_add_to_cart"},"acf":[],"_links":{"self":[{"href":"https:\/\/tellimused.stiilne.ee\/lt\/wp-json\/wp\/v2\/product\/264036","targetHints":{"allow":["GET"]}}],"collection":[{"href":"https:\/\/tellimused.stiilne.ee\/lt\/wp-json\/wp\/v2\/product"}],"about":[{"href":"https:\/\/tellimused.stiilne.ee\/lt\/wp-json\/wp\/v2\/types\/product"}],"replies":[{"embeddable":true,"href":"https:\/\/tellimused.stiilne.ee\/lt\/wp-json\/wp\/v2\/comments?post=264036"}],"wp:featuredmedia":[{"embeddable":true,"href":"https:\/\/tellimused.stiilne.ee\/lt\/wp-json\/wp\/v2\/media\/264037"}],"wp:attachment":[{"href":"https:\/\/tellimused.stiilne.ee\/lt\/wp-json\/wp\/v2\/media?parent=264036"}],"wp:term":[{"taxonomy":"product_brand","embeddable":true,"href":"https:\/\/tellimused.stiilne.ee\/lt\/wp-json\/wp\/v2\/product_brand?post=264036"},{"taxonomy":"product_cat","embeddable":true,"href":"https:\/\/tellimused.stiilne.ee\/lt\/wp-json\/wp\/v2\/product_cat?post=264036"},{"taxonomy":"product_tag","embeddable":true,"href":"https:\/\/tellimused.stiilne.ee\/lt\/wp-json\/wp\/v2\/product_tag?post=264036"}],"curies":[{"name":"wp","href":"https:\/\/api.w.org\/{rel}","templated":true}]}}